{"id":1176,"date":"2020-02-18T19:59:45","date_gmt":"2020-02-19T00:59:45","guid":{"rendered":"https:\/\/pembrokediocese.com\/?page_id=1176"},"modified":"2024-08-18T16:56:28","modified_gmt":"2024-08-18T20:56:28","slug":"eveque","status":"publish","type":"page","link":"https:\/\/pembrokediocese.com\/fr\/eveque\/","title":{"rendered":"\u00c9v\u00eaque de Pembroke"},"content":{"rendered":"<h1 style=\"text-align: center;\">Monseigneur Michael Brehl, C.Ss.R.<\/h1>\n<h2 style=\"text-align: center;\">Biographie<\/h2>\n<p><a href=\"https:\/\/pembrokediocese.com\/wp-content\/uploads\/Bishop30-scaled.jpg\"><img loading=\"lazy\" decoding=\"async\" class=\"wp-image-15106 alignleft\" src=\"https:\/\/pembrokediocese.com\/wp-content\/uploads\/Bishop30-scaled.jpg\" alt=\"\" width=\"250\" height=\"375\" srcset=\"https:\/\/pembrokediocese.com\/wp-content\/uploads\/Bishop30-scaled.jpg 1707w, https:\/\/pembrokediocese.com\/wp-content\/uploads\/Bishop30-183x275.jpg 183w, https:\/\/pembrokediocese.com\/wp-content\/uploads\/Bishop30-683x1024.jpg 683w, https:\/\/pembrokediocese.com\/wp-content\/uploads\/Bishop30-768x1152.jpg 768w, https:\/\/pembrokediocese.com\/wp-content\/uploads\/Bishop30-1024x1536.jpg 1024w, https:\/\/pembrokediocese.com\/wp-content\/uploads\/Bishop30-1365x2048.jpg 1365w, https:\/\/pembrokediocese.com\/wp-content\/uploads\/Bishop30-958x1437.jpg 958w\" sizes=\"(max-width: 250px) 100vw, 250px\" \/><\/a><\/p>\n<p>Monseigneur Michael Brehl, C.Ss.R., est n\u00e9 le 7 janvier 1955 \u00e0 Toronto et a grandi dans la paroisse Holy Cross. Apr\u00e8s avoir fr\u00e9quent\u00e9 l&rsquo;\u00c9cole secondaire Neil McNeil, il est entr\u00e9 en 1975 dans la Congr\u00e9gation du Tr\u00e8s Saint R\u00e9dempteur (R\u00e9demptoristes), o\u00f9 il a prononc\u00e9 ses v\u0153ux le 15 ao\u00fbt 1976. Il a fr\u00e9quent\u00e9 l&rsquo;Universit\u00e9 Saint Michael&rsquo;s College \u00e0 Toronto, o\u00f9 il a obtenu une licence et une ma\u00eetrise en th\u00e9ologie.<\/p>\n<p>Il a \u00e9t\u00e9 ordonn\u00e9 pr\u00eatre chez les R\u00e9demptoristes le 15 mars 1980.<\/p>\n<p>Il a exerc\u00e9 les minist\u00e8res suivants : vicaire paroissial de Saint Teresa \u00e0 Saint John&rsquo;s, Terre-Neuve et Labrador (1979-1983), pr\u00e9dicateur missionnaire itin\u00e9rant (1983-1987 et 1999-2000), cur\u00e9 de Holy Redeemer \u00e0 Sudbury, Ontario (1987-1990 et 2000-2002), directeur du noviciat (1990-1993), directeur de la formation (1993-1999), sup\u00e9rieur provincial de la province d&rsquo;Edmonton-Toronto (2002-2009), sup\u00e9rieur g\u00e9n\u00e9ral des R\u00e9demptoristes (2009-2022), vicaire paroissial de Saint Patrick \u00e0 Toronto (2022-2024) et sup\u00e9rieur provincial de la province canadienne des R\u00e9demptoristes (depuis 2024).<\/p>\n<p>Le 11 juin 2024, Sa Saintet\u00e9 le pape Fran\u00e7ois a nomm\u00e9 Michael Brehl dixi\u00e8me \u00e9v\u00eaque de Pembroke.<\/p>\n<p>Mgr Brehl a re\u00e7u l&rsquo;ordination \u00e9piscopale le 15 ao\u00fbt 2024, en la solennit\u00e9 de l&rsquo;Assomption de la Bienheureuse Vierge Marie, en la cath\u00e9drale Saint-Columbkille de Pembroke.<\/p>\n<p>&nbsp;<\/p>\n<h2 style=\"text-align: center;\">Armoiries<\/h2>\n<p><a href=\"https:\/\/pembrokediocese.com\/wp-content\/uploads\/Bishop-Brehl-FINALMASTER-CMYK-scaled.jpg\"><img loading=\"lazy\" decoding=\"async\" class=\"wp-image-15074 alignleft\" src=\"https:\/\/pembrokediocese.com\/wp-content\/uploads\/Bishop-Brehl-FINALMASTER-CMYK-scaled.jpg\" alt=\"\" width=\"250\" height=\"323\" srcset=\"https:\/\/pembrokediocese.com\/wp-content\/uploads\/Bishop-Brehl-FINALMASTER-CMYK-scaled.jpg 1978w, https:\/\/pembrokediocese.com\/wp-content\/uploads\/Bishop-Brehl-FINALMASTER-CMYK-200x259.jpg 200w, https:\/\/pembrokediocese.com\/wp-content\/uploads\/Bishop-Brehl-FINALMASTER-CMYK-791x1024.jpg 791w, https:\/\/pembrokediocese.com\/wp-content\/uploads\/Bishop-Brehl-FINALMASTER-CMYK-768x994.jpg 768w, https:\/\/pembrokediocese.com\/wp-content\/uploads\/Bishop-Brehl-FINALMASTER-CMYK-1187x1536.jpg 1187w, https:\/\/pembrokediocese.com\/wp-content\/uploads\/Bishop-Brehl-FINALMASTER-CMYK-1583x2048.jpg 1583w, https:\/\/pembrokediocese.com\/wp-content\/uploads\/Bishop-Brehl-FINALMASTER-CMYK-958x1240.jpg 958w\" sizes=\"(max-width: 250px) 100vw, 250px\" \/><\/a><\/p>\n<p>BLASON : D\u2019or \u00e0 la croix de sinople surmont\u00e9e d\u2019un roseau surmont\u00e9 d\u2019une \u00e9ponge et d\u2019une lance pass\u00e9s en sautoir au naturel, \u00e0 un livre ouvert au naturel reli\u00e9 de gueules et charg\u00e9 d\u2019une \u00e9toile \u00e0 huit rais irradi\u00e9e d\u2019or.<\/p>\n<p>La r\u00e9alisation h\u00e9raldique de Mgr Brehl comprend des \u00e9l\u00e9ments\u00a0 des armoiries des R\u00e9demptoristes (la croix, le roseau surmont\u00e9\u00a0 d\u2019une \u00e9ponge et la lance) afin de le reconna\u00eetre comme un fils spirituel de saint Alphonse de Liguori et en reconnaissance de son service en tant que Sup\u00e9rieur g\u00e9n\u00e9ral des R\u00e9demptoristes\u00a0 de 2009 \u00e0 2022. La couleur verte, qui repr\u00e9sente souvent la croissance et la vie nouvelle, a \u00e9t\u00e9 choisie pour contraster avec les \u00e9l\u00e9ments de la crucifixion, afin de rappeler au spectateur que ces instruments, qui semblent \u00eatre des instruments de mort, sont en fait le chemin vers une vie nouvelle et \u00e9ternelle : \u00abPrends ta croix et suis-moi\u00bb, dit J\u00e9sus dans le seizi\u00e8me chapitre de Matthieu. Cette id\u00e9e de vie nouvelle et \u00e9ternelle est soulign\u00e9e dans la r\u00e9alisation par l\u2019utilisation de l\u2019or (un m\u00e9tal incorruptible), symbole de l\u2019\u00e9ternit\u00e9 et de J\u00e9sus Christ lui-m\u00eame. Le livre ouvert rappelle les \u00c9vangiles et la reliure rouge symbolise le sang\u00a0 du Christ. Le livre est \u00e9galement utilis\u00e9 sur les armoiries pour \u00e9voquer l\u2019amour de l\u2019\u00e9v\u00eaque pour l\u2019histoire et la lecture. Le dernier \u00e9l\u00e9ment, la \u00abStella Maris\u00bb \u00e0 huit pointes, provient du voile de Notre-Dame du Perp\u00e9tuel Secours, tandis que les lignes rayonnantes \u00e9voquent subtilement le Saint-Esprit.<\/p>\n<p>La devise de Mgr Brehl, tir\u00e9e du deuxi\u00e8me chapitre de Jean, souligne encore davantage l\u2019amour de Mgr Brehl pour Marie, la M\u00e8re de Dieu, car ce sont ses derni\u00e8res paroles qui sont rapport\u00e9es dans les Saintes \u00c9critures : \u00abFaites tout ce qu\u2019Il vous dira\u00bb. Ces paroles de la Vierge ne s\u2019appliquent\u00a0 \u00e9videmment pas seulement aux serveurs des noces de Cana, mais \u00e0 tous les chr\u00e9tiens de l\u2019histoire. Le chapeau vert et les ornements ext\u00e9rieurs sont ceux d\u2019un \u00e9v\u00eaque.<\/p>\n<p>&nbsp;<\/p>\n<p>&nbsp;<\/p>\n<p><strong>Vid\u00e9o de l&rsquo;Ordination \u00e9piscopale<\/strong> : Pour visionner la messe d&rsquo;ordination \u00e9piscopale de Mgr Brehl, veuillez consultez la cha\u00eene YouTube du dioc\u00e8se \u00e0 : <a href=\"https:\/\/www.youtube.com\/@pembrokediocese\">https:\/\/www.youtube.com\/@pembrokediocese<\/a><\/p>\n<p>&nbsp;<\/p>\n<p>Pour voir une copie PDF du livret d&rsquo;ordination, veuillez consulter : https:\/\/pembrokediocese.com\/fr\/article\/ordination-episcopale\/<\/p>\n<p>&nbsp;<\/p>\n<p><a href=\"https:\/\/pembrokediocese.com\/article\/episcopal-ordination\/\">https:\/\/pembrokediocese.com\/article\/episcopal-ordination\/<\/a><\/p>\n<p>&nbsp;<\/p>\n<p><strong>Plus de la part de l&rsquo;\u00c9v\u00eaque:<\/strong><\/p>\n<div class=\"col-md-4 \" >\n<p><a href=\"#Ancienseveques\">Anciens \u00e9v\u00eaques<\/a><\/p>\n<p><a href=\"https:\/\/pembrokediocese.com\/fr\/category\/lettres-pastorale\/\">Lettres Pastorale<\/a><\/p>\n<\/div>\n<div class=\"col-md-4 \" >\n<p><a href=\"https:\/\/pembrokediocese.com\/fr\/category\/message-de-leveque\/\">Messages de l&rsquo;\u00e9v\u00eaque<\/a><\/p>\n<p><a href=\"https:\/\/pembrokediocese.com\/fr\/category\/nominations\/\">Nominations pastorales<\/a><\/p>\n<p><a href=\"https:\/\/www.youtube.com\/playlist?list=PL18rq0bjCAXCc1hIMm2NCPxCA7lAnm-iD\" target=\"_blank\" rel=\"noopener\">Vid\u00e9os de l&rsquo;\u00e9v\u00eaque<\/a><\/p>\n<\/div>\n<div class=\"col-md-4 \" >\n<p>Calendrier de l&rsquo;\u00e9v\u00eaque<\/p>\n<\/div>\n<hr \/>\n<h3><\/h3>\n<p>&nbsp;<\/p>\n<p>&nbsp;<\/p>\n<p>&nbsp;<\/p>\n<p>&nbsp;<\/p>\n<p>&nbsp;<\/p>\n<p>&nbsp;<\/p>\n<p>&nbsp;<\/p>\n<hr \/>\n<h1 id=\"Ancienseveques\">Anciens \u00e9v\u00eaques de Pembroke<\/h1>\n<h3><img loading=\"lazy\" decoding=\"async\" class=\"alignleft wp-image-3779\" src=\"https:\/\/pembrokediocese.com\/wp-content\/uploads\/Bishop-Desrochers-Blue-Background-with-Choir-Dress-e1588782523962.jpg\" alt=\"\" width=\"183\" height=\"200\" data-wp-editing=\"1\" srcset=\"https:\/\/pembrokediocese.com\/wp-content\/uploads\/Bishop-Desrochers-Blue-Background-with-Choir-Dress-e1588782523962.jpg 320w, https:\/\/pembrokediocese.com\/wp-content\/uploads\/Bishop-Desrochers-Blue-Background-with-Choir-Dress-e1588782523962-274x300.jpg 274w\" sizes=\"(max-width: 183px) 100vw, 183px\" \/>Monseigneur\u00a0Guy Desrochers, C.SS.R.<\/h3>\n<p><strong><a class=\"btn btn-info  \" href=\"\/fr\/eveque\/guy-desrochers\/\" target=\"_self\" >Biographie<\/a>\n<\/strong><\/p>\n<p><strong>Nomm\u00e9 \u00c9v\u00eaque auxiliaire d\u2019Alexandria-Cornwall et nomm\u00e9\u00a0\u00c9v\u00eaque titulaire de Melzi<\/strong> <strong>:<\/strong> 12 d\u00e9c 2018<br \/>\n<strong>Ordonn\u00e9 \u00e9v\u00eaque<\/strong> <strong>:<\/strong> 22 f\u00e9v 2019<br \/>\n<strong>Nomm\u00e9 \u00c9v\u00eaque de Pembroke :<\/strong>\u00a06 mai 2020<br \/>\n<strong>Install\u00e9e \u00c9v\u00eaque de Pembroke<\/strong> <strong>:<\/strong>\u00a03 jul 2020<br \/>\n<strong>Nomm\u00e9 Archev\u00eaque de Moncton<\/strong> <strong>:<\/strong> 8 jul 2023<\/p>\n<hr \/>\n<h3><img loading=\"lazy\" decoding=\"async\" class=\"alignleft wp-image-1469\" src=\"https:\/\/pembrokediocese.com\/wp-content\/uploads\/Bishop-08-Michael-Mulhall-D.D.-240x300.jpg\" alt=\"\" width=\"160\" height=\"200\" srcset=\"https:\/\/pembrokediocese.com\/wp-content\/uploads\/Bishop-08-Michael-Mulhall-D.D.-240x300.jpg 240w, https:\/\/pembrokediocese.com\/wp-content\/uploads\/Bishop-08-Michael-Mulhall-D.D.-820x1024.jpg 820w, https:\/\/pembrokediocese.com\/wp-content\/uploads\/Bishop-08-Michael-Mulhall-D.D.-768x959.jpg 768w, https:\/\/pembrokediocese.com\/wp-content\/uploads\/Bishop-08-Michael-Mulhall-D.D.-958x1197.jpg 958w, https:\/\/pembrokediocese.com\/wp-content\/uploads\/Bishop-08-Michael-Mulhall-D.D..jpg 1000w\" sizes=\"(max-width: 160px) 100vw, 160px\" \/>Monseigneur Michael Mulhall D.D.<\/h3>\n<p><strong><a class=\"btn btn-info  \" href=\"\/fr\/eveque\/michael-mulhall\/\" target=\"_self\" >Biographie<\/a>\n<\/strong><\/p>\n<p><strong>Nomm\u00e9 \u00e9v\u00eaque de Pembroke :<\/strong>\u00a0June 30, 2007<br \/>\n<strong>Ordonn\u00e9 \u00e9v\u00eaque\u00a0:<\/strong>\u00a0September 21, 2007<br \/>\n<strong>Nomm\u00e9 archev\u00eaque de Kingston :<\/strong>\u00a030 March 2019<br \/>\n<strong>Install\u00e9 archev\u00eaque de Kingston :<\/strong>\u00a03 May 2019<\/p>\n<hr \/>\n<h3><img loading=\"lazy\" decoding=\"async\" class=\"alignleft wp-image-1467\" src=\"https:\/\/pembrokediocese.com\/wp-content\/uploads\/Bishop-07-Richard-William-Smith-240x300.jpg\" alt=\"\" width=\"160\" height=\"200\" srcset=\"https:\/\/pembrokediocese.com\/wp-content\/uploads\/Bishop-07-Richard-William-Smith-240x300.jpg 240w, https:\/\/pembrokediocese.com\/wp-content\/uploads\/Bishop-07-Richard-William-Smith-820x1024.jpg 820w, https:\/\/pembrokediocese.com\/wp-content\/uploads\/Bishop-07-Richard-William-Smith-768x959.jpg 768w, https:\/\/pembrokediocese.com\/wp-content\/uploads\/Bishop-07-Richard-William-Smith-958x1197.jpg 958w, https:\/\/pembrokediocese.com\/wp-content\/uploads\/Bishop-07-Richard-William-Smith.jpg 1000w\" sizes=\"(max-width: 160px) 100vw, 160px\" \/>Monseigneur Richard William Smith<\/h3>\n<p><strong><a class=\"btn btn-info  \" href=\"\/fr\/eveque\/richard-smith\/\" target=\"_self\" >Biographie<\/a><\/strong><\/p>\n<p><strong>Nomm\u00e9 \u00e9v\u00eaque de Pembroke :<\/strong>\u00a0le 27 avril 2002<br \/>\n<strong>Ordonn\u00e9 \u00e9v\u00eaque\u00a0:<\/strong>\u00a0le 18 juin 2002<br \/>\n<strong>Install\u00e9 \u00e9v\u00eaque de Pembroke\u00a0:<\/strong>\u00a0le 18 juin 2002<br \/>\n<strong>Nomm\u00e9 archev\u00eaque d\u2019Edmonton, Alberta\u00a0:<\/strong>\u00a0le 22 mars 2007<br \/>\n<strong>Install\u00e9 archev\u00eaque d\u2019Edmonton\u00a0:<\/strong>\u00a0le 1er mai 2007<\/p>\n<hr \/>\n<h3><img loading=\"lazy\" decoding=\"async\" class=\"alignleft wp-image-1465\" src=\"https:\/\/pembrokediocese.com\/wp-content\/uploads\/Bishop-06-Brendan-Michael-O\u2019Brien-STD-240x300.jpg\" alt=\"\" width=\"160\" height=\"200\" srcset=\"https:\/\/pembrokediocese.com\/wp-content\/uploads\/Bishop-06-Brendan-Michael-O\u2019Brien-STD-240x300.jpg 240w, https:\/\/pembrokediocese.com\/wp-content\/uploads\/Bishop-06-Brendan-Michael-O\u2019Brien-STD-820x1024.jpg 820w, https:\/\/pembrokediocese.com\/wp-content\/uploads\/Bishop-06-Brendan-Michael-O\u2019Brien-STD-768x959.jpg 768w, https:\/\/pembrokediocese.com\/wp-content\/uploads\/Bishop-06-Brendan-Michael-O\u2019Brien-STD-958x1197.jpg 958w, https:\/\/pembrokediocese.com\/wp-content\/uploads\/Bishop-06-Brendan-Michael-O\u2019Brien-STD.jpg 1000w\" sizes=\"(max-width: 160px) 100vw, 160px\" \/>Monseigneur Brendan Michael O\u2019Brien, S.T.D.<\/h3>\n<p><strong><a class=\"btn btn-info  \" href=\"\/fr\/eveque\/brendan-obrien\/\" target=\"_self\" >Biographie<\/a><\/strong><\/p>\n<p><strong>Named Bishop of Numana:<\/strong> May 9, 1987<br \/>\n<strong>Nomm\u00e9 \u00e9v\u00eaque auxiliaire d\u2019Ottawa\u00a0:<\/strong>\u00a0le 9 mai 1987<br \/>\n<strong>Nomm\u00e9 \u00e9v\u00eaque de Pembroke :<\/strong>\u00a0le 5 mai 1993<br \/>\n<strong>Nomm\u00e9 archev\u00eaque de St. John\u2019s :<\/strong>\u00a0le 4 d\u00e9cembre 2000<br \/>\n<strong>Nomm\u00e9 archev\u00eaque de Kingston\u00a0:<\/strong>\u00a0le 1 juin 2007<br \/>\n<strong>Retraite\u00a0:<\/strong>\u00a0le 3 mai 2019<\/p>\n<hr \/>\n<h3><img loading=\"lazy\" decoding=\"async\" class=\"wp-image-1463 alignleft\" src=\"https:\/\/pembrokediocese.com\/wp-content\/uploads\/Bishop-05-Joseph-Raymond-Windle-5-240x300.jpg\" alt=\"\" width=\"160\" height=\"200\" srcset=\"https:\/\/pembrokediocese.com\/wp-content\/uploads\/Bishop-05-Joseph-Raymond-Windle-5-240x300.jpg 240w, https:\/\/pembrokediocese.com\/wp-content\/uploads\/Bishop-05-Joseph-Raymond-Windle-5-819x1024.jpg 819w, https:\/\/pembrokediocese.com\/wp-content\/uploads\/Bishop-05-Joseph-Raymond-Windle-5-768x960.jpg 768w, https:\/\/pembrokediocese.com\/wp-content\/uploads\/Bishop-05-Joseph-Raymond-Windle-5-958x1198.jpg 958w, https:\/\/pembrokediocese.com\/wp-content\/uploads\/Bishop-05-Joseph-Raymond-Windle-5.jpg 1000w\" sizes=\"(max-width: 160px) 100vw, 160px\" \/>Monseigneur Joseph Raymond Windle, D.D.<\/h3>\n<p><strong><a class=\"btn btn-info  \" href=\"\/fr\/eveque\/joseph-windle\/\" target=\"_self\" >Biographie<\/a><\/strong><\/p>\n<p><strong>Nomm\u00e9 \u00e9v\u00eaque auxiliaire d\u2019Ottawa :<\/strong>\u00a0le 15 novembre 1960<br \/>\n<strong>Ordonn\u00e9 \u00e9v\u00eaque\u00a0:<\/strong>\u00a0le 18 janvier 1961<br \/>\n<strong>Nomm\u00e9 \u00e9v\u00eaque coadjuteur de Pembroke :<\/strong>\u00a0le 25 janvier 1969<br \/>\n<strong>Nomm\u00e9 \u00e9v\u00eaque de Pembroke\u00a0:<\/strong>\u00a0le 15 f\u00e9vrier 1971<br \/>\n<strong>Retraite\u00a0:<\/strong>\u00a0le 5 mai 1993<br \/>\n<strong>D\u00e9c\u00e9d\u00e9\u00a0:<\/strong>\u00a0le 24 septembre 1997<\/p>\n<hr \/>\n<h3><img loading=\"lazy\" decoding=\"async\" class=\"wp-image-1461 alignleft\" src=\"https:\/\/pembrokediocese.com\/wp-content\/uploads\/Bishop-04-Williams-J-Smith-4-240x300.jpg\" alt=\"\" width=\"160\" height=\"200\" srcset=\"https:\/\/pembrokediocese.com\/wp-content\/uploads\/Bishop-04-Williams-J-Smith-4-240x300.jpg 240w, https:\/\/pembrokediocese.com\/wp-content\/uploads\/Bishop-04-Williams-J-Smith-4-819x1024.jpg 819w, https:\/\/pembrokediocese.com\/wp-content\/uploads\/Bishop-04-Williams-J-Smith-4-768x960.jpg 768w, https:\/\/pembrokediocese.com\/wp-content\/uploads\/Bishop-04-Williams-J-Smith-4-958x1198.jpg 958w, https:\/\/pembrokediocese.com\/wp-content\/uploads\/Bishop-04-Williams-J-Smith-4.jpg 1000w\" sizes=\"(max-width: 160px) 100vw, 160px\" \/>Monseigneur William Joseph Smith, D.D., J.D.C.<\/h3>\n<p><strong><a class=\"btn btn-info  \" href=\"\/fr\/eveque\/william-smith\/\" target=\"_self\" >Biographie<\/a><\/strong><\/p>\n<p><strong>Nomm\u00e9 \u00e9v\u00eaque de Pembroke :<\/strong>\u00a0le 19 mai 1945<br \/>\n<strong>Ordonn\u00e9 \u00e9v\u00eaque :<\/strong>\u00a0le 25 juillet 1945<br \/>\n<strong>Install\u00e9 \u00e9v\u00eaque de Pembroke\u00a0:<\/strong>\u00a0le 8 ao\u00fbt 1945<br \/>\n<strong>Retraite\u00a0:<\/strong>\u00a0le 15 f\u00e9vrier 1971<br \/>\n<strong>D\u00e9c\u00e9d\u00e9\u00a0:<\/strong> le 28 octobre 1986<\/p>\n<hr \/>\n<h3><img loading=\"lazy\" decoding=\"async\" class=\"alignleft wp-image-1459\" src=\"https:\/\/pembrokediocese.com\/wp-content\/uploads\/Bishop-03-Charles-Leo-Nelligan-3-240x300.jpg\" alt=\"Bishop Charles Leo Nelligan\" width=\"160\" height=\"200\" srcset=\"https:\/\/pembrokediocese.com\/wp-content\/uploads\/Bishop-03-Charles-Leo-Nelligan-3-240x300.jpg 240w, https:\/\/pembrokediocese.com\/wp-content\/uploads\/Bishop-03-Charles-Leo-Nelligan-3-819x1024.jpg 819w, https:\/\/pembrokediocese.com\/wp-content\/uploads\/Bishop-03-Charles-Leo-Nelligan-3-768x960.jpg 768w, https:\/\/pembrokediocese.com\/wp-content\/uploads\/Bishop-03-Charles-Leo-Nelligan-3-958x1198.jpg 958w, https:\/\/pembrokediocese.com\/wp-content\/uploads\/Bishop-03-Charles-Leo-Nelligan-3.jpg 1000w\" sizes=\"(max-width: 160px) 100vw, 160px\" \/>Monseigneur Charles Leo Nelligan, D.D.<\/h3>\n<p><strong><a class=\"btn btn-info  \" href=\"\/fr\/eveque\/charles-nelligan\/\" target=\"_self\" >Biographie<\/a><\/strong><\/p>\n<p><strong>Nomm\u00e9 \u00e9v\u00eaque de Pembroke :<\/strong>\u00a0le 16 ao\u00fbt 1937<br \/>\n<strong>Ordonn\u00e9 \u00e9v\u00eaque\u00a0:<\/strong>\u00a0le 28 octobre 1937<br \/>\n<strong>Nomm\u00e9 Ordinaire militaire des Forces arm\u00e9es canadiennes\u00a0:<\/strong>\u00a0le 20 septembre 1939<br \/>\n<strong>Retraite\u00a0:<\/strong>\u00a0le 18 mai 1945<br \/>\n<strong>D\u00e9c\u00e9d\u00e9\u00a0:<\/strong> le 31 mars 1974<\/p>\n<hr \/>\n<h3><img loading=\"lazy\" decoding=\"async\" class=\"alignleft wp-image-1457\" src=\"https:\/\/pembrokediocese.com\/wp-content\/uploads\/Bishop-02-Patrick-Thomas-Ryan-DD-2-240x300.jpg\" alt=\"Bishop Patrick Thomas Ryan, DD\" width=\"160\" height=\"200\" srcset=\"https:\/\/pembrokediocese.com\/wp-content\/uploads\/Bishop-02-Patrick-Thomas-Ryan-DD-2-240x300.jpg 240w, https:\/\/pembrokediocese.com\/wp-content\/uploads\/Bishop-02-Patrick-Thomas-Ryan-DD-2-819x1024.jpg 819w, https:\/\/pembrokediocese.com\/wp-content\/uploads\/Bishop-02-Patrick-Thomas-Ryan-DD-2-768x960.jpg 768w, https:\/\/pembrokediocese.com\/wp-content\/uploads\/Bishop-02-Patrick-Thomas-Ryan-DD-2-958x1198.jpg 958w, https:\/\/pembrokediocese.com\/wp-content\/uploads\/Bishop-02-Patrick-Thomas-Ryan-DD-2.jpg 1000w\" sizes=\"(max-width: 160px) 100vw, 160px\" \/>Monseigneur Patrick Thomas Ryan, D.D.<\/h3>\n<p><strong><a class=\"btn btn-info  \" href=\"\/fr\/eveque\/patrick-ryan\/\" target=\"_self\" >Biographie<\/a><\/strong><\/p>\n<p><strong>Nomm\u00e9 \u00e9v\u00eaque auxiliaire de Pembroke : l<\/strong>e 6 mai 1912<br \/>\n<strong>Ordonn\u00e9 \u00e9v\u00eaque\u00a0:<\/strong>\u00a0le 25 juillet 1912<br \/>\n<strong>Nomm\u00e9 \u00e9v\u00eaque de Pembroke\u00a0:<\/strong>\u00a0le 7 ao\u00fbt 1916<br \/>\n<strong>D\u00e9c\u00e9d\u00e9\u00a0:<\/strong>\u00a0le 15 avril 1937<\/p>\n<hr \/>\n<h3><img loading=\"lazy\" decoding=\"async\" class=\"alignleft wp-image-1455\" src=\"https:\/\/pembrokediocese.com\/wp-content\/uploads\/Bishop-01-Narcisse-Zephirin-Lorrain-1-240x300.jpg\" alt=\"Bishop Narcisse Zephirin Lorrain\" width=\"160\" height=\"200\" srcset=\"https:\/\/pembrokediocese.com\/wp-content\/uploads\/Bishop-01-Narcisse-Zephirin-Lorrain-1-240x300.jpg 240w, https:\/\/pembrokediocese.com\/wp-content\/uploads\/Bishop-01-Narcisse-Zephirin-Lorrain-1-820x1024.jpg 820w, https:\/\/pembrokediocese.com\/wp-content\/uploads\/Bishop-01-Narcisse-Zephirin-Lorrain-1-768x959.jpg 768w, https:\/\/pembrokediocese.com\/wp-content\/uploads\/Bishop-01-Narcisse-Zephirin-Lorrain-1-958x1197.jpg 958w, https:\/\/pembrokediocese.com\/wp-content\/uploads\/Bishop-01-Narcisse-Zephirin-Lorrain-1.jpg 1000w\" sizes=\"(max-width: 160px) 100vw, 160px\" \/>Monseigneur Narcisse Z\u00e9phirin Lorrain, D.D.<\/h3>\n<p><strong><a class=\"btn btn-info  \" href=\"\/fr\/eveque\/narcisse-lorrain\/\" target=\"_self\" >Biographie<\/a><\/strong><\/p>\n<p><strong>Nomm\u00e9 vicaire apostolique du Pontiac et \u00e9v\u00eaque titulaire de Chytri :<\/strong>\u00a0le 14 juillet 1882<br \/>\n<strong>Ordonn\u00e9 \u00e9v\u00eaque :<\/strong>\u00a0le 21 septembre 1882<br \/>\n<strong>Nomm\u00e9 \u00e9v\u00eaque de Pembroke\u00a0:<\/strong>\u00a0le 6 mai 1898<br \/>\n<strong>D\u00e9c\u00e9d\u00e9\u00a0:<\/strong>\u00a0le 16 d\u00e9cembre 1915<\/p>\n<hr \/>\n<p>&nbsp;<\/p>\n","protected":false},"excerpt":{"rendered":"<p>Monseigneur Michael Brehl, C.Ss.R. Biographie Monseigneur Michael Brehl, C.Ss.R., est n\u00e9 le 7 janvier 1955 \u00e0 Toronto et a grandi dans la paroisse Holy Cross. Apr\u00e8s avoir fr\u00e9quent\u00e9 l&rsquo;\u00c9cole secondaire Neil McNeil, il est entr\u00e9 en 1975 dans la Congr\u00e9gation du Tr\u00e8s Saint R\u00e9dempteur (R\u00e9demptoristes), o\u00f9 il a prononc\u00e9 ses v\u0153ux le 15 ao\u00fbt 1976. Il a fr\u00e9quent\u00e9 l&rsquo;Universit\u00e9 Saint Michael&rsquo;s College \u00e0 Toronto, o\u00f9 il a obtenu une licence et une ma\u00eetrise en th\u00e9ologie. Il a \u00e9t\u00e9 ordonn\u00e9 pr\u00eatre chez les R\u00e9demptoristes le 15 mars 1980. Il a exerc\u00e9 les minist\u00e8res suivants : vicaire paroissial de Saint Teresa \u00e0 Saint John&rsquo;s, Terre-Neuve et Labrador (1979-1983), pr\u00e9dicateur missionnaire itin\u00e9rant (1983-1987 et 1999-2000), cur\u00e9 de Holy Redeemer \u00e0 Sudbury, Ontario (1987-1990 et 2000-2002), directeur du noviciat (1990-1993), directeur de la formation (1993-1999), sup\u00e9rieur provincial de la province d&rsquo;Edmonton-Toronto (2002-2009), sup\u00e9rieur g\u00e9n\u00e9ral des R\u00e9demptoristes (2009-2022), vicaire paroissial de Saint Patrick \u00e0 Toronto (2022-2024) et sup\u00e9rieur provincial de la province canadienne des R\u00e9demptoristes (depuis 2024). Le 11 juin 2024, Sa Saintet\u00e9 le pape Fran\u00e7ois a nomm\u00e9 Michael Brehl dixi\u00e8me \u00e9v\u00eaque de Pembroke. Mgr Brehl a re\u00e7u l&rsquo;ordination \u00e9piscopale le 15 ao\u00fbt 2024, en la solennit\u00e9 de l&rsquo;Assomption de la Bienheureuse Vierge Marie, en la cath\u00e9drale Saint-Columbkille de Pembroke. &nbsp; Armoiries BLASON : D\u2019or \u00e0 la croix de sinople surmont\u00e9e d\u2019un roseau surmont\u00e9 d\u2019une \u00e9ponge et d\u2019une lance pass\u00e9s en sautoir au naturel, \u00e0 un livre ouvert au naturel reli\u00e9 de gueules et charg\u00e9 d\u2019une \u00e9toile \u00e0 huit rais irradi\u00e9e d\u2019or. La r\u00e9alisation h\u00e9raldique de Mgr Brehl comprend des \u00e9l\u00e9ments\u00a0 des armoiries des R\u00e9demptoristes (la croix, le roseau surmont\u00e9\u00a0 d\u2019une \u00e9ponge et la lance) afin de le reconna\u00eetre comme un fils spirituel de saint Alphonse de Liguori et en reconnaissance de son service en tant que Sup\u00e9rieur g\u00e9n\u00e9ral des R\u00e9demptoristes\u00a0 de 2009 \u00e0 2022. La couleur verte, qui repr\u00e9sente souvent la croissance et la vie nouvelle, a \u00e9t\u00e9 choisie pour contraster avec les \u00e9l\u00e9ments de la crucifixion, afin de rappeler au spectateur que ces instruments, qui semblent \u00eatre des instruments de mort, sont en fait le chemin vers une vie nouvelle et \u00e9ternelle : \u00abPrends ta croix et suis-moi\u00bb, dit J\u00e9sus dans le seizi\u00e8me chapitre de Matthieu. Cette id\u00e9e de vie nouvelle et \u00e9ternelle est soulign\u00e9e dans la r\u00e9alisation par l\u2019utilisation de l\u2019or (un m\u00e9tal incorruptible), symbole de l\u2019\u00e9ternit\u00e9 et de J\u00e9sus Christ lui-m\u00eame. Le livre ouvert rappelle les \u00c9vangiles et la reliure rouge symbolise le sang\u00a0 du Christ. Le livre est \u00e9galement utilis\u00e9 sur les armoiries pour \u00e9voquer l\u2019amour de l\u2019\u00e9v\u00eaque pour l\u2019histoire et la lecture. Le dernier \u00e9l\u00e9ment, la \u00abStella Maris\u00bb \u00e0 huit pointes, provient du voile de Notre-Dame du Perp\u00e9tuel Secours, tandis que les lignes rayonnantes \u00e9voquent subtilement le Saint-Esprit. La devise de Mgr Brehl, tir\u00e9e du deuxi\u00e8me chapitre de Jean, souligne encore davantage l\u2019amour de Mgr Brehl pour Marie, la M\u00e8re de Dieu, car ce sont ses derni\u00e8res paroles qui sont rapport\u00e9es dans les Saintes \u00c9critures : \u00abFaites tout ce qu\u2019Il vous dira\u00bb. Ces paroles de la Vierge ne s\u2019appliquent\u00a0 \u00e9videmment pas seulement aux serveurs des noces de Cana, mais \u00e0 tous les chr\u00e9tiens de l\u2019histoire. Le chapeau vert et [&hellip;]<\/p>\n","protected":false},"author":1,"featured_media":0,"parent":0,"menu_order":0,"comment_status":"closed","ping_status":"closed","template":"","meta":{"_monsterinsights_skip_tracking":false,"_monsterinsights_sitenote_active":false,"_monsterinsights_sitenote_note":"","_monsterinsights_sitenote_category":0,"footnotes":"","_links_to":"","_links_to_target":""},"class_list":["post-1176","page","type-page","status-publish","hentry"],"post_mailing_queue_ids":[],"_links":{"self":[{"href":"https:\/\/pembrokediocese.com\/fr\/wp-json\/wp\/v2\/pages\/1176","targetHints":{"allow":["GET"]}}],"collection":[{"href":"https:\/\/pembrokediocese.com\/fr\/wp-json\/wp\/v2\/pages"}],"about":[{"href":"https:\/\/pembrokediocese.com\/fr\/wp-json\/wp\/v2\/types\/page"}],"author":[{"embeddable":true,"href":"https:\/\/pembrokediocese.com\/fr\/wp-json\/wp\/v2\/users\/1"}],"replies":[{"embeddable":true,"href":"https:\/\/pembrokediocese.com\/fr\/wp-json\/wp\/v2\/comments?post=1176"}],"version-history":[{"count":7,"href":"https:\/\/pembrokediocese.com\/fr\/wp-json\/wp\/v2\/pages\/1176\/revisions"}],"predecessor-version":[{"id":15112,"href":"https:\/\/pembrokediocese.com\/fr\/wp-json\/wp\/v2\/pages\/1176\/revisions\/15112"}],"wp:attachment":[{"href":"https:\/\/pembrokediocese.com\/fr\/wp-json\/wp\/v2\/media?parent=1176"}],"curies":[{"name":"wp","href":"https:\/\/api.w.org\/{rel}","templated":true}]}}