{"id":1180,"date":"2020-02-18T20:21:12","date_gmt":"2020-02-19T01:21:12","guid":{"rendered":"https:\/\/pembrokediocese.com\/?page_id=1180"},"modified":"2020-06-13T09:12:27","modified_gmt":"2020-06-13T13:12:27","slug":"cathedrale","status":"publish","type":"page","link":"https:\/\/pembrokediocese.com\/fr\/cathedrale\/","title":{"rendered":"Cath\u00e9drale Saint Columbkille"},"content":{"rendered":"<blockquote><p>Pour en savoir plus sur la paroisse de la cath\u00e9drale St. Columbkille, <a href=\"https:\/\/cathedralparish.ca\/\" target=\"_blank\" rel=\"noopener noreferrer\"><strong>veuillez visiter leur site web<\/strong><\/a>.<\/p><\/blockquote>\n<p><img loading=\"lazy\" decoding=\"async\" class=\"wp-image-1431 size-full aligncenter\" src=\"https:\/\/pembrokediocese.com\/wp-content\/uploads\/Cathedral_old_wide.jpg\" alt=\"\" width=\"2045\" height=\"806\" srcset=\"https:\/\/pembrokediocese.com\/wp-content\/uploads\/Cathedral_old_wide.jpg 2045w, https:\/\/pembrokediocese.com\/wp-content\/uploads\/Cathedral_old_wide-300x118.jpg 300w, https:\/\/pembrokediocese.com\/wp-content\/uploads\/Cathedral_old_wide-1024x404.jpg 1024w, https:\/\/pembrokediocese.com\/wp-content\/uploads\/Cathedral_old_wide-768x303.jpg 768w, https:\/\/pembrokediocese.com\/wp-content\/uploads\/Cathedral_old_wide-1536x605.jpg 1536w, https:\/\/pembrokediocese.com\/wp-content\/uploads\/Cathedral_old_wide-958x378.jpg 958w\" sizes=\"(max-width: 2045px) 100vw, 2045px\" \/><\/p>\n<p>Les travaux sur une nouvelle \u00e9glise commence en 1872. Le P\u00e8re Jouvent, de la paroisse St. Columbkille, avait fait \u00e9riger un \u00e9difice dont l\u2019int\u00e9rieur n\u2019\u00e9tait pas compl\u00e9t\u00e9 en 1874. Son successeur a \u00e9t\u00e9 le P\u00e8re R\u00e9mi Faur\u00e9 en 1875. \u00c0 cette \u00e9poque il n\u2019y a pas de presbyt\u00e8re, le cur\u00e9 demeure dans des chambres lou\u00e9es. En 1878, la paroisse comprend 250 familles, et le premier H\u00f4pital g\u00e9n\u00e9ral est am\u00e9nag\u00e9 dans le vieux couvent dans la Basse Ville.<\/p>\n<p>Le 11 juillet 1882, le Vicariat apostolique du Pontiac voit le jour. C\u2019est un immense territoire s\u2019\u00e9tirant au nord jusqu\u2019\u00e0 la Baie James, longeant les fronti\u00e8res des dioc\u00e8ses de Kingston et de Peterborough. En raison de sa situation g\u00e9ographique, Pembroke \u00e9tant situ\u00e9 sur la route missionnaire principale, et puisque la paroisse St. Columbkille est la plus grande, Monseigneur Narcisse Z\u00e9phirin Lorrain, nouvel \u00e9v\u00eaque, choisit cette paroisse comme sa paroisse temporaire et y base ces travaux apostoliques.<\/p>\n<p>En 1885 commence les travaux de construction de l\u2019\u00e9v\u00each\u00e9 \u00e0 c\u00f4t\u00e9 de l\u2019\u00e9glise, qui sera termin\u00e9 en 1887. Suite \u00e0 cela, le sanctuaire de la cath\u00e9drale est agrandi et refait, deux nouveaux autels lat\u00e9raux sont ajout\u00e9s (\u00e0 la Vierge Marie et \u00e0 Saint Joseph), une grande sacristie est b\u00e2tie, Le\u00a0 sous-sol de l\u2019\u00e9glise est refait pour \u00eatre utilis\u00e9 comme salle paroissiale et un sous-sol \u00e0 la sacristie pour les servants de messe. Le 31 d\u00e9cembre 1890, la d\u00e9coration int\u00e9rieure est compl\u00e9t\u00e9e.<\/p>\n<p>Avec la cath\u00e9drale devenue le centre de la communaut\u00e9 en 1914, le recteur, le P\u00e8re Patrick S. Dowdall, a comme premier projet de moderniser le sous-sol de la cath\u00e9drale en centre paroissial. Le projet comprend l\u2019installation d\u2019un nouvel \u00e9clairage, syst\u00e8me de chauffage, salles de r\u00e9unions et bureaux pour les diff\u00e9rents groupes paroissiaux. L\u2019ann\u00e9e 1914 marque le d\u00e9c\u00e8s du bien-aim\u00e9 Monseigneur Lorrain dont la d\u00e9pouille est inhum\u00e9e dans la crypte de la cath\u00e9drale.<\/p>\n\n\t\t<style type=\"text\/css\">\n\t\t\t#gallery-1 {\n\t\t\t\tmargin: auto;\n\t\t\t}\n\t\t\t#gallery-1 .gallery-item {\n\t\t\t\tfloat: left;\n\t\t\t\tmargin-top: 10px;\n\t\t\t\ttext-align: center;\n\t\t\t\twidth: 20%;\n\t\t\t}\n\t\t\t#gallery-1 img {\n\t\t\t\tborder: 2px solid #cfcfcf;\n\t\t\t}\n\t\t\t#gallery-1 .gallery-caption {\n\t\t\t\tmargin-left: 0;\n\t\t\t}\n\t\t\t\/* see gallery_shortcode() in wp-includes\/media.php *\/\n\t\t<\/style>\n\t\t<div id='gallery-1' class='gallery galleryid-1180 gallery-columns-5 gallery-size-thumbnail'><dl class='gallery-item'>\n\t\t\t<dt class='gallery-icon landscape'>\n\t\t\t\t<a href='https:\/\/pembrokediocese.com\/wp-content\/uploads\/2019_Cathedral.jpg'><img loading=\"lazy\" decoding=\"async\" width=\"150\" height=\"150\" src=\"https:\/\/pembrokediocese.com\/wp-content\/uploads\/2019_Cathedral-150x150.jpg\" class=\"attachment-thumbnail size-thumbnail\" alt=\"\" aria-describedby=\"gallery-1-1862\" srcset=\"https:\/\/pembrokediocese.com\/wp-content\/uploads\/2019_Cathedral-150x150.jpg 150w, https:\/\/pembrokediocese.com\/wp-content\/uploads\/2019_Cathedral-100x100.jpg 100w, https:\/\/pembrokediocese.com\/wp-content\/uploads\/2019_Cathedral-400x400.jpg 400w, https:\/\/pembrokediocese.com\/wp-content\/uploads\/2019_Cathedral-210x210.jpg 210w\" sizes=\"(max-width: 150px) 100vw, 150px\" \/><\/a>\n\t\t\t<\/dt>\n\t\t\t\t<dd class='wp-caption-text gallery-caption' id='gallery-1-1862'>\n\t\t\t\tCathedral Exterior, 2019\n\t\t\t\t<\/dd><\/dl><dl class='gallery-item'>\n\t\t\t<dt class='gallery-icon landscape'>\n\t\t\t\t<a href='https:\/\/pembrokediocese.com\/wp-content\/uploads\/Cathedral_Nave4-wide-1024x454-1.jpg'><img loading=\"lazy\" decoding=\"async\" width=\"150\" height=\"150\" src=\"https:\/\/pembrokediocese.com\/wp-content\/uploads\/Cathedral_Nave4-wide-1024x454-1-150x150.jpg\" class=\"attachment-thumbnail size-thumbnail\" alt=\"\" aria-describedby=\"gallery-1-1842\" srcset=\"https:\/\/pembrokediocese.com\/wp-content\/uploads\/Cathedral_Nave4-wide-1024x454-1-150x150.jpg 150w, https:\/\/pembrokediocese.com\/wp-content\/uploads\/Cathedral_Nave4-wide-1024x454-1-100x100.jpg 100w, https:\/\/pembrokediocese.com\/wp-content\/uploads\/Cathedral_Nave4-wide-1024x454-1-400x400.jpg 400w, https:\/\/pembrokediocese.com\/wp-content\/uploads\/Cathedral_Nave4-wide-1024x454-1-210x210.jpg 210w\" sizes=\"(max-width: 150px) 100vw, 150px\" \/><\/a>\n\t\t\t<\/dt>\n\t\t\t\t<dd class='wp-caption-text gallery-caption' id='gallery-1-1842'>\n\t\t\t\tCathedral Nave, 2019\n\t\t\t\t<\/dd><\/dl><dl class='gallery-item'>\n\t\t\t<dt class='gallery-icon landscape'>\n\t\t\t\t<a href='https:\/\/pembrokediocese.com\/wp-content\/uploads\/Cathedral_Nave2-1024x682-1.jpg'><img loading=\"lazy\" decoding=\"async\" width=\"150\" height=\"150\" src=\"https:\/\/pembrokediocese.com\/wp-content\/uploads\/Cathedral_Nave2-1024x682-1-150x150.jpg\" class=\"attachment-thumbnail size-thumbnail\" alt=\"\" aria-describedby=\"gallery-1-1838\" srcset=\"https:\/\/pembrokediocese.com\/wp-content\/uploads\/Cathedral_Nave2-1024x682-1-150x150.jpg 150w, https:\/\/pembrokediocese.com\/wp-content\/uploads\/Cathedral_Nave2-1024x682-1-100x100.jpg 100w, https:\/\/pembrokediocese.com\/wp-content\/uploads\/Cathedral_Nave2-1024x682-1-400x400.jpg 400w, https:\/\/pembrokediocese.com\/wp-content\/uploads\/Cathedral_Nave2-1024x682-1-210x210.jpg 210w\" sizes=\"(max-width: 150px) 100vw, 150px\" \/><\/a>\n\t\t\t<\/dt>\n\t\t\t\t<dd class='wp-caption-text gallery-caption' id='gallery-1-1838'>\n\t\t\t\tCathedral Nave, 2019\n\t\t\t\t<\/dd><\/dl><dl class='gallery-item'>\n\t\t\t<dt class='gallery-icon landscape'>\n\t\t\t\t<a href='https:\/\/pembrokediocese.com\/wp-content\/uploads\/2020\/03\/St-Columbkille-Cathedral-Pembroke-sanctuary-1.jpg'><img loading=\"lazy\" decoding=\"async\" width=\"150\" height=\"150\" src=\"https:\/\/pembrokediocese.com\/wp-content\/uploads\/2020\/03\/St-Columbkille-Cathedral-Pembroke-sanctuary-1-150x150.jpg\" class=\"attachment-thumbnail size-thumbnail\" alt=\"\" aria-describedby=\"gallery-1-914\" srcset=\"https:\/\/pembrokediocese.com\/wp-content\/uploads\/2020\/03\/St-Columbkille-Cathedral-Pembroke-sanctuary-1-150x150.jpg 150w, https:\/\/pembrokediocese.com\/wp-content\/uploads\/2020\/03\/St-Columbkille-Cathedral-Pembroke-sanctuary-1-100x100.jpg 100w, https:\/\/pembrokediocese.com\/wp-content\/uploads\/2020\/03\/St-Columbkille-Cathedral-Pembroke-sanctuary-1-400x400.jpg 400w, https:\/\/pembrokediocese.com\/wp-content\/uploads\/2020\/03\/St-Columbkille-Cathedral-Pembroke-sanctuary-1-210x210.jpg 210w\" sizes=\"(max-width: 150px) 100vw, 150px\" \/><\/a>\n\t\t\t<\/dt>\n\t\t\t\t<dd class='wp-caption-text gallery-caption' id='gallery-1-914'>\n\t\t\t\tSacristy, 2019 \n\t\t\t\t<\/dd><\/dl><dl class='gallery-item'>\n\t\t\t<dt class='gallery-icon landscape'>\n\t\t\t\t<a href='https:\/\/pembrokediocese.com\/wp-content\/uploads\/Cathedral-Crypts-1024x892-1.jpg'><img loading=\"lazy\" decoding=\"async\" width=\"150\" height=\"150\" src=\"https:\/\/pembrokediocese.com\/wp-content\/uploads\/Cathedral-Crypts-1024x892-1-150x150.jpg\" class=\"attachment-thumbnail size-thumbnail\" alt=\"\" aria-describedby=\"gallery-1-1864\" srcset=\"https:\/\/pembrokediocese.com\/wp-content\/uploads\/Cathedral-Crypts-1024x892-1-150x150.jpg 150w, https:\/\/pembrokediocese.com\/wp-content\/uploads\/Cathedral-Crypts-1024x892-1-100x100.jpg 100w, https:\/\/pembrokediocese.com\/wp-content\/uploads\/Cathedral-Crypts-1024x892-1-400x400.jpg 400w, https:\/\/pembrokediocese.com\/wp-content\/uploads\/Cathedral-Crypts-1024x892-1-210x210.jpg 210w\" sizes=\"(max-width: 150px) 100vw, 150px\" \/><\/a>\n\t\t\t<\/dt>\n\t\t\t\t<dd class='wp-caption-text gallery-caption' id='gallery-1-1864'>\n\t\t\t\tFormer Crypts of Bishops Lorain and Ryan, 2019.\n\t\t\t\t<\/dd><\/dl><br style=\"clear: both\" \/>\n\t\t<\/div>\n\n<p>En 1940, durant la Deuxi\u00e8me guerre mondiale, le recteur, le P\u00e8re Clarke, pr\u00e9pare des plans pour la r\u00e9novation de l\u2019\u00e9v\u00each\u00e9. Une fois les r\u00e9novations sur l\u2019\u00e9v\u00each\u00e9 termin\u00e9es, le P\u00e8re Clarke entreprend l\u2019\u00e9laboration des plans de r\u00e9novations pour la cath\u00e9drale avec M. Alphonse Martineau. Les travaux commencent en mai 1952. Une partie des murs lat\u00e9raux est ouverte pour faire l\u2019ajout de transepts, ceux-ci donnent acc\u00e8s aux sacristies sup\u00e9rieure et inf\u00e9rieure pour faciliter les processions \u00e0 l\u2019\u00e9glise, ainsi qu\u2019un acc\u00e8s \u00e0 la salle paroissiale. Les autels, la sainte table, le tr\u00f4ne \u00e9piscopal et le sanctuaire \u00e0 Notre Dame du Perp\u00e9tuel Secours sont r\u00e9nov\u00e9s de ch\u00eane sculpt\u00e9 qui se m\u00eale \u00e0 l\u2019architecture.\u00a0 L\u2019entr\u00e9e principale est modifi\u00e9e quelque peu pour donner plus d\u2019espace dans le vestibule. Les murs de soutien du clocher et des entr\u00e9es lat\u00e9rales sont ouverts pour faciliter les d\u00e9placements. Un baptist\u00e8re est am\u00e9nag\u00e9 adjacent au vestibule. La chaire et son escalier sont construits par Messmer et un syst\u00e8me de son efficace est install\u00e9 dans les ann\u00e9es 50. L\u2019orgue est aussi r\u00e9nov\u00e9.<\/p>\n<p>En 1965, un nouveau centre dioc\u00e9sain est ajout\u00e9 au presbyt\u00e8re de la cath\u00e9drale et aux bureaux de la chancellerie. Le nouvel \u00e9difice communique avec deux \u00e9tages de l\u2019\u00e9difice existant. Ce nouvel \u00e9difice est b\u00e2ti pour accueillir les nouveaux bureaux n\u00e9cessaires \u00e0 la mise en \u0153uvre des d\u00e9crets du Concile Vatican II. Le rez-de-chauss\u00e9e abrite les bureaux de l\u2019\u00e9v\u00eaque, de la chancellerie, de l\u2019apostolat des la\u00efcs, de l\u2019\u00e9ducation religieuse ainsi qu\u2019une salle de r\u00e9union pour les Consulteurs dioc\u00e9sains, le Conseil des pr\u00eatres et les besoins sp\u00e9ciaux. L\u2019\u00e9tage abrite une chapelle priv\u00e9e, les appartements de Monseigneur Smith, ceux de Monseigneur Windle, ainsi qu\u2019une chambre pour visiteur. L\u2019\u00e9difice est construit par M. Sullivan Construction Company, d\u2019Arnprior.<\/p>\n<p>Apr\u00e8s Vatican II, la cath\u00e9drale est aussi r\u00e9nov\u00e9e par Gerry Barink Construction pour agrandir le sanctuaire. Le tr\u00f4ne \u00e9piscopal qui \u00e9tait \u00e0 la gauche est d\u00e9plac\u00e9 vers le centre du sanctuaire o\u00f9 \u00e9tait le ma\u00eetre-autel. Un nouvel autel est plac\u00e9 dans le sanctuaire pour que le c\u00e9l\u00e9brant puisse faire face \u00e0 l\u2019assembl\u00e9e lors des c\u00e9l\u00e9brations liturgiques. L\u2019ancienne chaire et son escalier sont enlev\u00e9s, de m\u00eame que la sainte table. Un autel avec tabernacle est install\u00e9 \u00e0 la gauche avec un baldaquin. L\u2019espace devant l\u2019autre autel lat\u00e9ral est transform\u00e9 en baptist\u00e8re. Un nouvel \u00e9clairage est install\u00e9 dans la nef et dans le sanctuaire, et l\u2019\u00e9glise toute enti\u00e8re est finie de tapis. Les bancs sont refais. Les murs sont repeints blanc cass\u00e9 par M. Guy Perrier et associ\u00e9s de Vanier, Ontario. \u00c0 la c\u00e9l\u00e9bration de ces jubil\u00e9s, l\u2019\u00e9glise cath\u00e9drale est re-d\u00e9di\u00e9e par Monseigneur Smith lors d\u2019une liturgie sp\u00e9ciale.<\/p>\n<p>En 1981, la cath\u00e9drale a \u00e9t\u00e9 repeintur\u00e9e et re-d\u00e9cor\u00e9e. Par contre, aucune r\u00e9novation n\u2019a \u00e9t\u00e9 n\u00e9cessaire.<\/p>\n<p>En pr\u00e9paration au Grand Jubil\u00e9 de l\u2019an 2000, Mgr Brendan O\u2019Brien et le recteur de la cath\u00e9drale, le P\u00e8re Patrick Tait, commandent une nouvelle d\u00e9coration de la cath\u00e9drale. Un nouveau tapis est install\u00e9, et le plancher des places d\u2019honneur, telles qu\u2019\u00e0 l\u2019autel de c\u00e9l\u00e9bration, est fini de tuiles de marbre. La peinture est refaite, et avec les nouvelles technologies \u00e9mergentes, une tapisserie sp\u00e9ciale est imprim\u00e9e et install\u00e9 pour redonner \u00e0 la d\u00e9coration son h\u00e9ritage irlandais.<\/p>\n<p>Quelques ann\u00e9es plus tard, sous l\u2019inspiration et la direction de Mgr Richard Smith, de nouveaux et plus dignes fonds baptismaux sont install\u00e9s \u00e0 l\u2019entr\u00e9e de la nef. \u00c0 la m\u00eame \u00e9poque, une statue de cinq pieds de Saint Columbkille, le saint patron, est faite sur commande et install\u00e9e \u00e0 un endroit d\u2019honneur \u00e0 l\u2019avant de l\u2019\u00e9glise.<\/p>\n<p>En 2019, le dernier des principaux vitraux a \u00e9t\u00e9 r\u00e9install\u00e9 apr\u00e8s un travail exhaustif de plusieurs ann\u00e9es pour leur restauration. La m\u00eame ann\u00e9e, l\u2019orgue de la cath\u00e9drale a \u00e9t\u00e9 r\u00e9nov\u00e9e et mise \u00e0 jour avec un syst\u00e8me \u00e9lectronique moderne. Finalement, l\u2019asphalte du stationnement a \u00e9t\u00e9 refaite.<\/p>\n\n\t\t<style type=\"text\/css\">\n\t\t\t#gallery-2 {\n\t\t\t\tmargin: auto;\n\t\t\t}\n\t\t\t#gallery-2 .gallery-item {\n\t\t\t\tfloat: left;\n\t\t\t\tmargin-top: 10px;\n\t\t\t\ttext-align: center;\n\t\t\t\twidth: 25%;\n\t\t\t}\n\t\t\t#gallery-2 img {\n\t\t\t\tborder: 2px solid #cfcfcf;\n\t\t\t}\n\t\t\t#gallery-2 .gallery-caption {\n\t\t\t\tmargin-left: 0;\n\t\t\t}\n\t\t\t\/* see gallery_shortcode() in wp-includes\/media.php *\/\n\t\t<\/style>\n\t\t<div id='gallery-2' class='gallery galleryid-1180 gallery-columns-4 gallery-size-medium'><dl class='gallery-item'>\n\t\t\t<dt class='gallery-icon portrait'>\n\t\t\t\t<a href='https:\/\/pembrokediocese.com\/wp-content\/uploads\/MG_8025-683x1024-1.jpg'><img loading=\"lazy\" decoding=\"async\" width=\"133\" height=\"200\" src=\"https:\/\/pembrokediocese.com\/wp-content\/uploads\/MG_8025-683x1024-1-200x300.jpg\" class=\"attachment-medium size-medium\" alt=\"\" srcset=\"https:\/\/pembrokediocese.com\/wp-content\/uploads\/MG_8025-683x1024-1-200x300.jpg 200w, https:\/\/pembrokediocese.com\/wp-content\/uploads\/MG_8025-683x1024-1.jpg 683w\" sizes=\"(max-width: 133px) 100vw, 133px\" \/><\/a>\n\t\t\t<\/dt><\/dl><dl class='gallery-item'>\n\t\t\t<dt class='gallery-icon portrait'>\n\t\t\t\t<a href='https:\/\/pembrokediocese.com\/wp-content\/uploads\/MG_8034-683x1024-1.jpg'><img loading=\"lazy\" decoding=\"async\" width=\"133\" height=\"200\" src=\"https:\/\/pembrokediocese.com\/wp-content\/uploads\/MG_8034-683x1024-1-200x300.jpg\" class=\"attachment-medium size-medium\" alt=\"\" srcset=\"https:\/\/pembrokediocese.com\/wp-content\/uploads\/MG_8034-683x1024-1-200x300.jpg 200w, https:\/\/pembrokediocese.com\/wp-content\/uploads\/MG_8034-683x1024-1.jpg 683w\" sizes=\"(max-width: 133px) 100vw, 133px\" \/><\/a>\n\t\t\t<\/dt><\/dl><dl class='gallery-item'>\n\t\t\t<dt class='gallery-icon portrait'>\n\t\t\t\t<a href='https:\/\/pembrokediocese.com\/wp-content\/uploads\/MG_8031-683x1024-1.jpg'><img loading=\"lazy\" decoding=\"async\" width=\"133\" height=\"200\" src=\"https:\/\/pembrokediocese.com\/wp-content\/uploads\/MG_8031-683x1024-1-200x300.jpg\" class=\"attachment-medium size-medium\" alt=\"\" srcset=\"https:\/\/pembrokediocese.com\/wp-content\/uploads\/MG_8031-683x1024-1-200x300.jpg 200w, https:\/\/pembrokediocese.com\/wp-content\/uploads\/MG_8031-683x1024-1.jpg 683w\" sizes=\"(max-width: 133px) 100vw, 133px\" \/><\/a>\n\t\t\t<\/dt><\/dl><dl class='gallery-item'>\n\t\t\t<dt class='gallery-icon portrait'>\n\t\t\t\t<a href='https:\/\/pembrokediocese.com\/wp-content\/uploads\/MG_8023-683x1024-1.jpg'><img loading=\"lazy\" decoding=\"async\" width=\"133\" height=\"200\" src=\"https:\/\/pembrokediocese.com\/wp-content\/uploads\/MG_8023-683x1024-1-200x300.jpg\" class=\"attachment-medium size-medium\" alt=\"\" srcset=\"https:\/\/pembrokediocese.com\/wp-content\/uploads\/MG_8023-683x1024-1-200x300.jpg 200w, https:\/\/pembrokediocese.com\/wp-content\/uploads\/MG_8023-683x1024-1.jpg 683w\" sizes=\"(max-width: 133px) 100vw, 133px\" \/><\/a>\n\t\t\t<\/dt><\/dl><br style=\"clear: both\" \/><dl class='gallery-item'>\n\t\t\t<dt class='gallery-icon portrait'>\n\t\t\t\t<a href='https:\/\/pembrokediocese.com\/wp-content\/uploads\/MG_8029-683x1024-1.jpg'><img loading=\"lazy\" decoding=\"async\" width=\"133\" height=\"200\" src=\"https:\/\/pembrokediocese.com\/wp-content\/uploads\/MG_8029-683x1024-1-200x300.jpg\" class=\"attachment-medium size-medium\" alt=\"\" srcset=\"https:\/\/pembrokediocese.com\/wp-content\/uploads\/MG_8029-683x1024-1-200x300.jpg 200w, https:\/\/pembrokediocese.com\/wp-content\/uploads\/MG_8029-683x1024-1.jpg 683w\" sizes=\"(max-width: 133px) 100vw, 133px\" \/><\/a>\n\t\t\t<\/dt><\/dl><dl class='gallery-item'>\n\t\t\t<dt class='gallery-icon portrait'>\n\t\t\t\t<a href='https:\/\/pembrokediocese.com\/wp-content\/uploads\/MG_8032-683x1024-1.jpg'><img loading=\"lazy\" decoding=\"async\" width=\"133\" height=\"200\" src=\"https:\/\/pembrokediocese.com\/wp-content\/uploads\/MG_8032-683x1024-1-200x300.jpg\" class=\"attachment-medium size-medium\" alt=\"\" srcset=\"https:\/\/pembrokediocese.com\/wp-content\/uploads\/MG_8032-683x1024-1-200x300.jpg 200w, https:\/\/pembrokediocese.com\/wp-content\/uploads\/MG_8032-683x1024-1.jpg 683w\" sizes=\"(max-width: 133px) 100vw, 133px\" \/><\/a>\n\t\t\t<\/dt><\/dl><dl class='gallery-item'>\n\t\t\t<dt class='gallery-icon portrait'>\n\t\t\t\t<a href='https:\/\/pembrokediocese.com\/wp-content\/uploads\/MG_8027-683x1024-1.jpg'><img loading=\"lazy\" decoding=\"async\" width=\"133\" height=\"200\" src=\"https:\/\/pembrokediocese.com\/wp-content\/uploads\/MG_8027-683x1024-1-200x300.jpg\" class=\"attachment-medium size-medium\" alt=\"\" srcset=\"https:\/\/pembrokediocese.com\/wp-content\/uploads\/MG_8027-683x1024-1-200x300.jpg 200w, https:\/\/pembrokediocese.com\/wp-content\/uploads\/MG_8027-683x1024-1.jpg 683w\" sizes=\"(max-width: 133px) 100vw, 133px\" \/><\/a>\n\t\t\t<\/dt><\/dl><dl class='gallery-item'>\n\t\t\t<dt class='gallery-icon portrait'>\n\t\t\t\t<a href='https:\/\/pembrokediocese.com\/wp-content\/uploads\/MG_08026-683x1024-1.jpg'><img loading=\"lazy\" decoding=\"async\" width=\"133\" height=\"200\" src=\"https:\/\/pembrokediocese.com\/wp-content\/uploads\/MG_08026-683x1024-1-200x300.jpg\" class=\"attachment-medium size-medium\" alt=\"\" srcset=\"https:\/\/pembrokediocese.com\/wp-content\/uploads\/MG_08026-683x1024-1-200x300.jpg 200w, https:\/\/pembrokediocese.com\/wp-content\/uploads\/MG_08026-683x1024-1.jpg 683w\" sizes=\"(max-width: 133px) 100vw, 133px\" \/><\/a>\n\t\t\t<\/dt><\/dl><br style=\"clear: both\" \/>\n\t\t<\/div>\n\n","protected":false},"excerpt":{"rendered":"<p>Pour en savoir plus sur la paroisse de la cath\u00e9drale St. Columbkille, veuillez visiter leur site web. Les travaux sur une nouvelle \u00e9glise commence en 1872. Le P\u00e8re Jouvent, de la paroisse St. Columbkille, avait fait \u00e9riger un \u00e9difice dont l\u2019int\u00e9rieur n\u2019\u00e9tait pas compl\u00e9t\u00e9 en 1874. Son successeur a \u00e9t\u00e9 le P\u00e8re R\u00e9mi Faur\u00e9 en 1875. \u00c0 cette \u00e9poque il n\u2019y a pas de presbyt\u00e8re, le cur\u00e9 demeure dans des chambres lou\u00e9es. En 1878, la paroisse comprend 250 familles, et le premier H\u00f4pital g\u00e9n\u00e9ral est am\u00e9nag\u00e9 dans le vieux couvent dans la Basse Ville. Le 11 juillet 1882, le Vicariat apostolique du Pontiac voit le jour. C\u2019est un immense territoire s\u2019\u00e9tirant au nord jusqu\u2019\u00e0 la Baie James, longeant les fronti\u00e8res des dioc\u00e8ses de Kingston et de Peterborough. En raison de sa situation g\u00e9ographique, Pembroke \u00e9tant situ\u00e9 sur la route missionnaire principale, et puisque la paroisse St. Columbkille est la plus grande, Monseigneur Narcisse Z\u00e9phirin Lorrain, nouvel \u00e9v\u00eaque, choisit cette paroisse comme sa paroisse temporaire et y base ces travaux apostoliques. En 1885 commence les travaux de construction de l\u2019\u00e9v\u00each\u00e9 \u00e0 c\u00f4t\u00e9 de l\u2019\u00e9glise, qui sera termin\u00e9 en 1887. Suite \u00e0 cela, le sanctuaire de la cath\u00e9drale est agrandi et refait, deux nouveaux autels lat\u00e9raux sont ajout\u00e9s (\u00e0 la Vierge Marie et \u00e0 Saint Joseph), une grande sacristie est b\u00e2tie, Le\u00a0 sous-sol de l\u2019\u00e9glise est refait pour \u00eatre utilis\u00e9 comme salle paroissiale et un sous-sol \u00e0 la sacristie pour les servants de messe. Le 31 d\u00e9cembre 1890, la d\u00e9coration int\u00e9rieure est compl\u00e9t\u00e9e. Avec la cath\u00e9drale devenue le centre de la communaut\u00e9 en 1914, le recteur, le P\u00e8re Patrick S. Dowdall, a comme premier projet de moderniser le sous-sol de la cath\u00e9drale en centre paroissial. Le projet comprend l\u2019installation d\u2019un nouvel \u00e9clairage, syst\u00e8me de chauffage, salles de r\u00e9unions et bureaux pour les diff\u00e9rents groupes paroissiaux. L\u2019ann\u00e9e 1914 marque le d\u00e9c\u00e8s du bien-aim\u00e9 Monseigneur Lorrain dont la d\u00e9pouille est inhum\u00e9e dans la crypte de la cath\u00e9drale. En 1940, durant la Deuxi\u00e8me guerre mondiale, le recteur, le P\u00e8re Clarke, pr\u00e9pare des plans pour la r\u00e9novation de l\u2019\u00e9v\u00each\u00e9. Une fois les r\u00e9novations sur l\u2019\u00e9v\u00each\u00e9 termin\u00e9es, le P\u00e8re Clarke entreprend l\u2019\u00e9laboration des plans de r\u00e9novations pour la cath\u00e9drale avec M. Alphonse Martineau. Les travaux commencent en mai 1952. Une partie des murs lat\u00e9raux est ouverte pour faire l\u2019ajout de transepts, ceux-ci donnent acc\u00e8s aux sacristies sup\u00e9rieure et inf\u00e9rieure pour faciliter les processions \u00e0 l\u2019\u00e9glise, ainsi qu\u2019un acc\u00e8s \u00e0 la salle paroissiale. Les autels, la sainte table, le tr\u00f4ne \u00e9piscopal et le sanctuaire \u00e0 Notre Dame du Perp\u00e9tuel Secours sont r\u00e9nov\u00e9s de ch\u00eane sculpt\u00e9 qui se m\u00eale \u00e0 l\u2019architecture.\u00a0 L\u2019entr\u00e9e principale est modifi\u00e9e quelque peu pour donner plus d\u2019espace dans le vestibule. Les murs de soutien du clocher et des entr\u00e9es lat\u00e9rales sont ouverts pour faciliter les d\u00e9placements. Un baptist\u00e8re est am\u00e9nag\u00e9 adjacent au vestibule. La chaire et son escalier sont construits par Messmer et un syst\u00e8me de son efficace est install\u00e9 dans les ann\u00e9es 50. L\u2019orgue est aussi r\u00e9nov\u00e9. En 1965, un nouveau centre dioc\u00e9sain est ajout\u00e9 au presbyt\u00e8re de la cath\u00e9drale et aux bureaux de la chancellerie. Le nouvel \u00e9difice communique avec deux \u00e9tages de [&hellip;]<\/p>\n","protected":false},"author":1,"featured_media":0,"parent":0,"menu_order":0,"comment_status":"closed","ping_status":"closed","template":"","meta":{"_monsterinsights_skip_tracking":false,"_monsterinsights_sitenote_active":false,"_monsterinsights_sitenote_note":"","_monsterinsights_sitenote_category":0,"footnotes":"","_links_to":"","_links_to_target":""},"class_list":["post-1180","page","type-page","status-publish","hentry"],"post_mailing_queue_ids":[],"_links":{"self":[{"href":"https:\/\/pembrokediocese.com\/fr\/wp-json\/wp\/v2\/pages\/1180","targetHints":{"allow":["GET"]}}],"collection":[{"href":"https:\/\/pembrokediocese.com\/fr\/wp-json\/wp\/v2\/pages"}],"about":[{"href":"https:\/\/pembrokediocese.com\/fr\/wp-json\/wp\/v2\/types\/page"}],"author":[{"embeddable":true,"href":"https:\/\/pembrokediocese.com\/fr\/wp-json\/wp\/v2\/users\/1"}],"replies":[{"embeddable":true,"href":"https:\/\/pembrokediocese.com\/fr\/wp-json\/wp\/v2\/comments?post=1180"}],"version-history":[{"count":0,"href":"https:\/\/pembrokediocese.com\/fr\/wp-json\/wp\/v2\/pages\/1180\/revisions"}],"wp:attachment":[{"href":"https:\/\/pembrokediocese.com\/fr\/wp-json\/wp\/v2\/media?parent=1180"}],"curies":[{"name":"wp","href":"https:\/\/api.w.org\/{rel}","templated":true}]}}