{"id":1183,"date":"2020-03-08T17:23:59","date_gmt":"2020-03-08T22:23:59","guid":{"rendered":"https:\/\/pembrokediocese.com\/?page_id=1183"},"modified":"2021-02-16T11:27:01","modified_gmt":"2021-02-16T16:27:01","slug":"histoire-du-diocese","status":"publish","type":"page","link":"https:\/\/pembrokediocese.com\/fr\/histoire-du-diocese\/","title":{"rendered":"Histoire du dioc\u00e8se"},"content":{"rendered":"<h2>Vicariat apostolique de Pontiac (1882\u20131898)<\/h2>\n<p><a href=\"https:\/\/pembrokediocese.com\/wp-content\/uploads\/Vicariate-Apostolic-of-Pontiac.png\"><img loading=\"lazy\" decoding=\"async\" class=\"wp-image-1488 size-medium alignright\" src=\"https:\/\/pembrokediocese.com\/wp-content\/uploads\/Vicariate-Apostolic-of-Pontiac-238x300.png\" alt=\"\" width=\"238\" height=\"300\" srcset=\"https:\/\/pembrokediocese.com\/wp-content\/uploads\/Vicariate-Apostolic-of-Pontiac-238x300.png 238w, https:\/\/pembrokediocese.com\/wp-content\/uploads\/Vicariate-Apostolic-of-Pontiac.png 560w\" sizes=\"(max-width: 238px) 100vw, 238px\" \/><\/a><\/p>\n<p>Le Vicariat apostolique de Pontiac a \u00e9t\u00e9 cr\u00e9\u00e9 le 11 juillet 1882 par un d\u00e9cret du pape L\u00e9on XIII.<\/p>\n<p>Le vicariat comprenait les comt\u00e9s de Pontiac, de Renfrew, les cantons au nord du comt\u00e9 de Frontenac, Addington et Hastings, seize cantons du comt\u00e9 d&rsquo;Haliburton, une partie d&rsquo;Haliburton, ainsi que tout le territoire au sud de la baie d&rsquo;Hudson, de la baie James, et de la rivi\u00e8re Grande Baleine, jusqu&rsquo;au lac Apiokacumish (nord). De l&rsquo;est \u00e0 l&rsquo;ouest, le territoire s&rsquo;\u00e9tendait du 72e degr\u00e9 jusqu&rsquo;au 91e.<\/p>\n<p>Le 14 juillet 1882, Narcisse Z\u00e9phirim Lorrain f\u00fbt nomm\u00e9 \u00e9v\u00eaque du Vicariat apostolique de Pontiac. Il fut ordonn\u00e9 \u00e9v\u00eaque le 21 septembre 1882.<\/p>\n<hr \/>\n<h2>Dioc\u00e8se de Pembroke (depuis 1898)<\/h2>\n<p><a href=\"https:\/\/pembrokediocese.com\/wp-content\/uploads\/Diocese-of-Pembroke.png\"><img loading=\"lazy\" decoding=\"async\" class=\"wp-image-1486 size-medium alignright\" src=\"https:\/\/pembrokediocese.com\/wp-content\/uploads\/Diocese-of-Pembroke-237x300.png\" alt=\"\" width=\"237\" height=\"300\" srcset=\"https:\/\/pembrokediocese.com\/wp-content\/uploads\/Diocese-of-Pembroke-237x300.png 237w, https:\/\/pembrokediocese.com\/wp-content\/uploads\/Diocese-of-Pembroke.png 553w\" sizes=\"(max-width: 237px) 100vw, 237px\" \/><\/a>Seize ans plus tard, le 4 mai 1898, le Vicariat apostolique de Pontiac \u00e9tait \u00e9lev\u00e9 au titre de dioc\u00e8se. Le 6 mai 1898, le pape L\u00e9on XIII nommait Monsigneur Narcisse Z\u00e9phirim Lorrain premier \u00e9v\u00eaque de ce nouveau dioc\u00e8se.<\/p>\n<p>Ce changement de statut reconnaissait que le Vicariat de Pontiac n&rsquo;\u00e9tait plus une terre missionnaire, \u00e0 proprement parler, mais qu&rsquo;il \u00e9tait suffisamment organis\u00e9 pour \u00eatre d\u00e9clar\u00e9 \u00ab\u00a0dioc\u00e8se\u00a0\u00bb. Les fronti\u00e8res du territoire demeuraient sensiblement les m\u00eames. Les seuls changements \u00e9taient les suivants : la mission de Long Lac, au nord du Lac Sup\u00e9rieur, devenait sous la juridiction du dioc\u00e8se de Peterborough, alors que la mission du Lac Temagami, \u00e0 l&rsquo;ouest du lac Temiskamingue, devait \u00eatre incorpor\u00e9e au dioc\u00e8se de Pembroke.<\/p>\n<p>Le dioc\u00e8se comprenait alors 33 \u00e9glises, 37 chapelles, 4 couvents, 3 h\u00f4pitaux, 24 paroisses, 33 missions, 36 pr\u00eatres, et la population catholique \u00e9tait d&rsquo;environ 44\u00a0000.<\/p>\n<p>Le 21 septembre 1908, d&rsquo;autres modifications furent apport\u00e9es aux fronti\u00e8res du dioc\u00e8se pour permettre l&rsquo;\u00e9tablissement du Vicariat apostolique de T\u00e9miscamingue. Enfin, quelques modifications mineures furent n\u00e9goci\u00e9es entre les \u00e9v\u00eaques de Pembroke, de Peterborough et de Sault-Ste-Marie. Ces changements furent ratifi\u00e9s par le Saint-Si\u00e8ge le 14 octobre 1937.<\/p>\n<hr \/>\n<h2>Anciens \u00e9v\u00eaques de Pembroke<\/h2>\n<p>D\u00e9couvrez les anciens \u00e9v\u00eaques de notre dioc\u00e8se <strong><a href=\"https:\/\/pembrokediocese.com\/fr\/eveque\/#Ancienseveques\" rel=\"noopener noreferrer\">en visitant la page de l&rsquo;\u00e9v\u00eaque<\/a><\/strong>.<\/p>\n<hr \/>\n<h2>Armoiries<\/h2>\n<div id=\"attachment_2139\" style=\"width: 213px\" class=\"wp-caption alignleft\"><a href=\"https:\/\/pembrokediocese.com\/wp-content\/uploads\/v125_20060079_FullB_di.jpg\"><img loading=\"lazy\" decoding=\"async\" aria-describedby=\"caption-attachment-2139\" class=\"wp-image-2139 size-medium\" src=\"https:\/\/pembrokediocese.com\/wp-content\/uploads\/v125_20060079_FullB_di-203x300.jpg\" alt=\"\" width=\"203\" height=\"300\" srcset=\"https:\/\/pembrokediocese.com\/wp-content\/uploads\/v125_20060079_FullB_di-203x300.jpg 203w, https:\/\/pembrokediocese.com\/wp-content\/uploads\/v125_20060079_FullB_di.jpg 490w\" sizes=\"(max-width: 203px) 100vw, 203px\" \/><\/a><p id=\"caption-attachment-2139\" class=\"wp-caption-text\">Lettres patentes conc\u00e9dant des embl\u00e8mes h\u00e9raldiques \u00e0 la Corporation \u00e9piscopale catholique romaine de Pembroke.<\/p><\/div>\n<p>La concession d&rsquo;armes a \u00e9t\u00e9 faite le 15 mars 2007. L\u2019\u00e9l\u00e9ment d\u00e9coratif celtique refl\u00e8te le motif qui orne l\u2019int\u00e9rieur de la cath\u00e9drale du dioc\u00e8se et qui honore saint Columbkille, patron du dioc\u00e8se.<\/p>\n<p>Le fond bleu repr\u00e9sente la rivi\u00e8re des Outaouais qui rejoint les deux parties principales du dioc\u00e8se et qui \u00e9tait un moyen de communication pour les premiers missionnaires au Canada. La couleur bleue est \u00e9galement associ\u00e9e \u00e0 la Sainte Vierge.<\/p>\n<p>Le blanc symbolise l\u2019eau en mouvement, c\u2019est-\u00e0-dire la blancheur de l\u2019\u00e9cume de l\u2019eau des rapides et des vagues cr\u00e9\u00e9es par les pagayeurs.<\/p>\n<p>La croix est dans le style de celle qui figure sur le sceau de la chancellerie du dioc\u00e8se et sur les vases et articles liturgiques du premier \u00e9v\u00eaque de Pembroke, monseigneur Narcisse Zephirin Lorrain.<\/p>\n<p>Le concept original \u00e9tait celui du p\u00e8re Ryan Holly, assist\u00e9 par Darrel Kennedy, h\u00e9raut Assiniboine, et par les h\u00e9rauts de l\u2019Autorit\u00e9 h\u00e9raldique du Canada.<br \/>\n<a name=\"jumelage\"><\/a><\/p>\n<hr \/>\n<h2>Jumelage avec l\u2019archidioc\u00e8se de Keewatin-Le Pas<\/h2>\n<p>Le \u00ab jumelage \u00bb entre dioc\u00e8ses ou paroisses catholiques est une initiative de partenariat qui a pour but de nouer des relations et de susciter une coop\u00e9ration et une entraide mutuelles.<\/p>\n<p>Mgr Richard Smith, archev\u00eaque d\u2019Edmonton, l\u2019expliquait au Catholic Register en 2012 : \u00ab cette forme d\u2019entente de jumelage remonte aux ann\u00e9es 1990 quand le bienheureux Jean-Paul II, dans sa lettre apostolique Ecclesia in America, invita les dioc\u00e8ses de l\u2019h\u00e9misph\u00e8re occidental \u00e0 envisager diff\u00e9rentes fa\u00e7ons de former entre eux des partenariats de soutien mutuel \u00bb. Au Canada, on a form\u00e9 une commission \u00e9piscopale (dont faisait partie l\u2019archev\u00eaque de Keewatin-Le Pas, Mgr Murray Chatlain) pour examiner les besoins des populations du nord du pays et subdiviser le pays de mani\u00e8re \u00e0 stimuler l\u2019entraide entre le sud et le nord. Comme l\u2019explique Mgr Chatlain, cette entraide peut prendre diff\u00e9rentes formes : 1) l\u2019envoi de pr\u00eatres; 2) l\u2019envoi d\u2019autres ressources humaines, comme des la\u00efcs, des sp\u00e9cialistes des communications ou de jeunes leaders; et 3) une aide financi\u00e8re.<\/p>\n<p>Il y a quelques ann\u00e9es, le dioc\u00e8se de Pembroke a \u00e9t\u00e9 jumel\u00e9 avec l\u2019archidioc\u00e8se de Keewatin-Le Pas. Quand Mgr Michael Mulhall, alors \u00e9v\u00eaque de Pembroke, et Mgr Chatlain ont discut\u00e9 de jumelage, ils ont parl\u00e9 de relations \u00e0 b\u00e2tir, de pri\u00e8res \u00e0 partager et d\u2019apprendre \u00e0 se conna\u00eetre et \u00e0 se comprendre. \u00ab C\u2019est d\u00e9licat parce que souvent les gens arrivent, pleins de bonne volont\u00e9, mais ne connaissent ni la culture ni l\u2019histoire ni la langue \u00bb, explique l\u2019archev\u00eaque de Keewatin-Le Pas. Une fois qu\u2019on a choisi de soutenir un groupe particulier, sugg\u00e8re-t-il, une paroisse, une \u00e9cole ou une collectivit\u00e9, par exemple, il faut que le groupe qui veut aider prenne le temps de parler \u00e0 ceux et celles qu\u2019il cherche \u00e0 soutenir, et qu\u2019il prenne la peine de leur demander \u00ab ce qui pourrait leur \u00eatre le plus utile \u00bb pour r\u00e9pondre \u00e0 un vrai besoin.<\/p>\n<p>Le processus de jumelage commence d\u2019\u00e9v\u00eaque \u00e0 \u00e9v\u00eaque (leur bureau, l\u2019administrateur du dioc\u00e8se) afin que l\u2019aide apport\u00e9e r\u00e9ponde aux besoins et pour \u00e9viter les doubles jumelages dans une r\u00e9gion ou un \u00e9tablissement donn\u00e9. \u00ab Quand les gens nous disent prendre une cause \u00e0 coeur, nous cherchons toujours des champions que nous mettons en contact avec des champions ici, en esp\u00e9rant que leur rencontre porte fruit, fait remarquer Mgr Chatlain. Cela peut d\u00e9buter simplement par une pri\u00e8re, des intentions de pri\u00e8re et des conversations t\u00e9l\u00e9phoniques qui aboutissent \u00e0 une visite. \u00ab J\u2019encourage les visites : c\u2019est un peu compliqu\u00e9 vu les distances, mais c\u2019est possible. Deux ou trois personnes peuvent venir visiter un endroit ouvert et int\u00e9ress\u00e9, participer \u00e0 une activit\u00e9 communautaire ou \u00e0 un rassemblement spirituel, et alors, elles peuvent poser la question : quelles sont vos attentes? \u00bb, explique l\u2019archev\u00eaque.<\/p>\n<p>L\u2019archidioc\u00e8se de Keewatin-Le Pas, avec ses vastes territoires recul\u00e9s et ses besoins tr\u00e8s particuliers, participe \u00e0 plusieurs programmes de jumelage. \u00ab Par exemple, dit Mgr Chatlain, nous avons pour partenaire un groupe d\u2019\u00e9tudiants universitaires de Saskatoon, appel\u00e9 Face-to-Face. Ils ont fait une exp\u00e9dition de 14 heures pendant leur semaine de rel\u00e2che pour faire de la pastorale (pr\u00e9parer la confirmation, entre autres), participer \u00e0 des carnavals et organiser des assembl\u00e9es jeunesse. Le groupe a l\u2019intention de revenir cette ann\u00e9e pour cultiver les relations ainsi amorc\u00e9es. \u00bb Dans le cadre d\u2019un autre jumelage, un groupe jeunesse de Winnipeg a fait six heures de voiture puis six heures de train pour se rendre dans une communaut\u00e9 crie isol\u00e9e, y travailler avec des jeunes et organiser une sorte d\u2019\u00e9cole biblique. Des paroisses de Regina recueillent des fonds pour aider \u00e0 payer les factures de chauffage de nos \u00e9glises et de nos presbyt\u00e8res et soutenir un programme de d\u00eener \u00e0 l\u2019\u00e9cole pour les \u00e9l\u00e8ves. \u00ab Il faut travailler et s\u2019engager: le travail missionnaire n\u2019est pas facile \u00bb, souligne Mgr Chatlain. On peut aussi aider par l\u2019entremise d\u2019un organisme appel\u00e9 LAMP (LAMP est un apostolat interculturel qui partage J\u00e9sus Christ avec le peuple de Dieu dans les r\u00e9gions \u00e9loign\u00e9es du Canada. https:\/\/www.lampministry.org\/#\/about-our-ministry\/) qui est toujours en qu\u00eate de b\u00e9n\u00e9voles pour ses camps d\u2019\u00e9t\u00e9 bibliques. On demande aux volontaires de s\u2019engager \u00e0 donner du temps et de recueillir des fonds pour leurs frais de voyage. \u00c0 l\u2019heure qu\u2019il est, plusieurs b\u00e9n\u00e9voles qui sont membres d\u2019autres \u00e9glises ou qui viennent des \u00c9tats-Unis se pr\u00e9sentent pour vivre une aventure dans le nord du Canada. Ce serait bien d\u2019avoir plus de b\u00e9n\u00e9voles canadiens et catholiques, confie Mgr Chatlain. Nous veillerons \u00e0 ce qu\u2019ils se retrouvent dans des communaut\u00e9s catholiques. \u00bb<\/p>\n","protected":false},"excerpt":{"rendered":"<p>Vicariat apostolique de Pontiac (1882\u20131898) Le Vicariat apostolique de Pontiac a \u00e9t\u00e9 cr\u00e9\u00e9 le 11 juillet 1882 par un d\u00e9cret du pape L\u00e9on XIII. Le vicariat comprenait les comt\u00e9s de Pontiac, de Renfrew, les cantons au nord du comt\u00e9 de Frontenac, Addington et Hastings, seize cantons du comt\u00e9 d&rsquo;Haliburton, une partie d&rsquo;Haliburton, ainsi que tout le territoire au sud de la baie d&rsquo;Hudson, de la baie James, et de la rivi\u00e8re Grande Baleine, jusqu&rsquo;au lac Apiokacumish (nord). De l&rsquo;est \u00e0 l&rsquo;ouest, le territoire s&rsquo;\u00e9tendait du 72e degr\u00e9 jusqu&rsquo;au 91e. Le 14 juillet 1882, Narcisse Z\u00e9phirim Lorrain f\u00fbt nomm\u00e9 \u00e9v\u00eaque du Vicariat apostolique de Pontiac. Il fut ordonn\u00e9 \u00e9v\u00eaque le 21 septembre 1882. Dioc\u00e8se de Pembroke (depuis 1898) Seize ans plus tard, le 4 mai 1898, le Vicariat apostolique de Pontiac \u00e9tait \u00e9lev\u00e9 au titre de dioc\u00e8se. Le 6 mai 1898, le pape L\u00e9on XIII nommait Monsigneur Narcisse Z\u00e9phirim Lorrain premier \u00e9v\u00eaque de ce nouveau dioc\u00e8se. Ce changement de statut reconnaissait que le Vicariat de Pontiac n&rsquo;\u00e9tait plus une terre missionnaire, \u00e0 proprement parler, mais qu&rsquo;il \u00e9tait suffisamment organis\u00e9 pour \u00eatre d\u00e9clar\u00e9 \u00ab\u00a0dioc\u00e8se\u00a0\u00bb. Les fronti\u00e8res du territoire demeuraient sensiblement les m\u00eames. Les seuls changements \u00e9taient les suivants : la mission de Long Lac, au nord du Lac Sup\u00e9rieur, devenait sous la juridiction du dioc\u00e8se de Peterborough, alors que la mission du Lac Temagami, \u00e0 l&rsquo;ouest du lac Temiskamingue, devait \u00eatre incorpor\u00e9e au dioc\u00e8se de Pembroke. Le dioc\u00e8se comprenait alors 33 \u00e9glises, 37 chapelles, 4 couvents, 3 h\u00f4pitaux, 24 paroisses, 33 missions, 36 pr\u00eatres, et la population catholique \u00e9tait d&rsquo;environ 44\u00a0000. Le 21 septembre 1908, d&rsquo;autres modifications furent apport\u00e9es aux fronti\u00e8res du dioc\u00e8se pour permettre l&rsquo;\u00e9tablissement du Vicariat apostolique de T\u00e9miscamingue. Enfin, quelques modifications mineures furent n\u00e9goci\u00e9es entre les \u00e9v\u00eaques de Pembroke, de Peterborough et de Sault-Ste-Marie. Ces changements furent ratifi\u00e9s par le Saint-Si\u00e8ge le 14 octobre 1937. Anciens \u00e9v\u00eaques de Pembroke D\u00e9couvrez les anciens \u00e9v\u00eaques de notre dioc\u00e8se en visitant la page de l&rsquo;\u00e9v\u00eaque. Armoiries La concession d&rsquo;armes a \u00e9t\u00e9 faite le 15 mars 2007. L\u2019\u00e9l\u00e9ment d\u00e9coratif celtique refl\u00e8te le motif qui orne l\u2019int\u00e9rieur de la cath\u00e9drale du dioc\u00e8se et qui honore saint Columbkille, patron du dioc\u00e8se. Le fond bleu repr\u00e9sente la rivi\u00e8re des Outaouais qui rejoint les deux parties principales du dioc\u00e8se et qui \u00e9tait un moyen de communication pour les premiers missionnaires au Canada. La couleur bleue est \u00e9galement associ\u00e9e \u00e0 la Sainte Vierge. Le blanc symbolise l\u2019eau en mouvement, c\u2019est-\u00e0-dire la blancheur de l\u2019\u00e9cume de l\u2019eau des rapides et des vagues cr\u00e9\u00e9es par les pagayeurs. La croix est dans le style de celle qui figure sur le sceau de la chancellerie du dioc\u00e8se et sur les vases et articles liturgiques du premier \u00e9v\u00eaque de Pembroke, monseigneur Narcisse Zephirin Lorrain. Le concept original \u00e9tait celui du p\u00e8re Ryan Holly, assist\u00e9 par Darrel Kennedy, h\u00e9raut Assiniboine, et par les h\u00e9rauts de l\u2019Autorit\u00e9 h\u00e9raldique du Canada. Jumelage avec l\u2019archidioc\u00e8se de Keewatin-Le Pas Le \u00ab jumelage \u00bb entre dioc\u00e8ses ou paroisses catholiques est une initiative de partenariat qui a pour but de nouer des relations et de susciter une coop\u00e9ration et une entraide mutuelles. Mgr Richard Smith, archev\u00eaque d\u2019Edmonton, l\u2019expliquait au Catholic [&hellip;]<\/p>\n","protected":false},"author":1,"featured_media":0,"parent":0,"menu_order":0,"comment_status":"closed","ping_status":"closed","template":"","meta":{"_monsterinsights_skip_tracking":false,"_monsterinsights_sitenote_active":false,"_monsterinsights_sitenote_note":"","_monsterinsights_sitenote_category":0,"footnotes":"","_links_to":"","_links_to_target":""},"class_list":["post-1183","page","type-page","status-publish","hentry"],"post_mailing_queue_ids":[],"_links":{"self":[{"href":"https:\/\/pembrokediocese.com\/fr\/wp-json\/wp\/v2\/pages\/1183","targetHints":{"allow":["GET"]}}],"collection":[{"href":"https:\/\/pembrokediocese.com\/fr\/wp-json\/wp\/v2\/pages"}],"about":[{"href":"https:\/\/pembrokediocese.com\/fr\/wp-json\/wp\/v2\/types\/page"}],"author":[{"embeddable":true,"href":"https:\/\/pembrokediocese.com\/fr\/wp-json\/wp\/v2\/users\/1"}],"replies":[{"embeddable":true,"href":"https:\/\/pembrokediocese.com\/fr\/wp-json\/wp\/v2\/comments?post=1183"}],"version-history":[{"count":0,"href":"https:\/\/pembrokediocese.com\/fr\/wp-json\/wp\/v2\/pages\/1183\/revisions"}],"wp:attachment":[{"href":"https:\/\/pembrokediocese.com\/fr\/wp-json\/wp\/v2\/media?parent=1183"}],"curies":[{"name":"wp","href":"https:\/\/api.w.org\/{rel}","templated":true}]}}