{"id":1188,"date":"2020-03-08T17:18:44","date_gmt":"2020-03-08T22:18:44","guid":{"rendered":"https:\/\/pembrokediocese.com\/?page_id=1188"},"modified":"2020-07-25T11:35:59","modified_gmt":"2020-07-25T15:35:59","slug":"communaute-catholique","status":"publish","type":"page","link":"https:\/\/pembrokediocese.com\/fr\/communaute-catholique\/","title":{"rendered":"Communaut\u00e9 catholique"},"content":{"rendered":"<div id=\"rso\" data-async-context=\"query:barrys%20bay%20college\">\n<div class=\"g\" data-hveid=\"CB8QAA\">\n<p>Voici une liste de liens vers d&rsquo;autres communaut\u00e9s catholiques. Ces organisations ne sont pas contr\u00f4l\u00e9es par le dioc\u00e8se de Pembroke.<\/p>\n<\/div>\n<\/div>\n<div class=\"accordion\" id=\"accordionCommunity\">\n<div class=\"accordion-group panel\">\n<div class=\"accordion-heading accordionize\"> <a class=\"accordion-toggle \" data-toggle=\"collapse\" data-parent=\"#accordionCommunity\" href=\"#Community0\"> <strong>Organisations fran\u00e7aises<\/strong> <i class=\"fa fa-angle-down\"><\/i> <\/a> <\/div>\n<div id=\"Community0\" class=\"accordion-body  collapse\">\n\t\t\t\t\t  <div class=\"accordion-inner\"> \n<div class=\"g\" data-hveid=\"CB8QAA\">\n<p><a href=\"https:\/\/www.ecolecatholique.ca\/\" target=\"_blank\" rel=\"noopener noreferrer\"><img loading=\"lazy\" decoding=\"async\" class=\"alignnone wp-image-2525 size-full\" src=\"https:\/\/pembrokediocese.com\/wp-content\/uploads\/ECCE-scaled.jpg\" alt=\"\" width=\"2560\" height=\"947\" srcset=\"https:\/\/pembrokediocese.com\/wp-content\/uploads\/ECCE-scaled.jpg 2560w, https:\/\/pembrokediocese.com\/wp-content\/uploads\/ECCE-300x111.jpg 300w, https:\/\/pembrokediocese.com\/wp-content\/uploads\/ECCE-1024x379.jpg 1024w, https:\/\/pembrokediocese.com\/wp-content\/uploads\/ECCE-768x284.jpg 768w, https:\/\/pembrokediocese.com\/wp-content\/uploads\/ECCE-1536x568.jpg 1536w, https:\/\/pembrokediocese.com\/wp-content\/uploads\/ECCE-2048x758.jpg 2048w, https:\/\/pembrokediocese.com\/wp-content\/uploads\/ECCE-958x354.jpg 958w\" sizes=\"(max-width: 2560px) 100vw, 2560px\" \/><\/a><\/p>\n<a class=\"btn btn-info  \" href=\"https:\/\/www.ecolecatholique.ca\/\" target=\"_blank\" >Visiter le site web<\/a>\n<hr \/>\n<p><a href=\"https:\/\/jeanne-lajoie-secondaire.ecolecatholique.ca\/\"><img loading=\"lazy\" decoding=\"async\" width=\"2048\" height=\"758\" class=\"alignnone size-full wp-image-3078\" src=\"https:\/\/pembrokediocese.com\/wp-content\/uploads\/Jeanne-Lajoie.jpg\" alt=\"\" srcset=\"https:\/\/pembrokediocese.com\/wp-content\/uploads\/Jeanne-Lajoie.jpg 2048w, https:\/\/pembrokediocese.com\/wp-content\/uploads\/Jeanne-Lajoie-300x111.jpg 300w, https:\/\/pembrokediocese.com\/wp-content\/uploads\/Jeanne-Lajoie-1024x379.jpg 1024w, https:\/\/pembrokediocese.com\/wp-content\/uploads\/Jeanne-Lajoie-768x284.jpg 768w, https:\/\/pembrokediocese.com\/wp-content\/uploads\/Jeanne-Lajoie-1536x569.jpg 1536w, https:\/\/pembrokediocese.com\/wp-content\/uploads\/Jeanne-Lajoie-958x355.jpg 958w\" sizes=\"(max-width: 2048px) 100vw, 2048px\" \/><\/a><\/p>\n<a class=\"btn btn-info  \" href=\"https:\/\/jeanne-lajoie-secondaire.ecolecatholique.ca\/\" target=\"_blank\" >Visiter le site web<\/a>\n<hr \/>\n<p><a href=\"https:\/\/www.franco-nord.ca\/\" target=\"_blank\" rel=\"noopener noreferrer\"><img loading=\"lazy\" decoding=\"async\" class=\"alignnone wp-image-2521 size-full\" src=\"https:\/\/pembrokediocese.com\/wp-content\/uploads\/cscfn-scaled.jpg\" alt=\"\" width=\"2560\" height=\"947\" srcset=\"https:\/\/pembrokediocese.com\/wp-content\/uploads\/cscfn-scaled.jpg 2560w, https:\/\/pembrokediocese.com\/wp-content\/uploads\/cscfn-300x111.jpg 300w, https:\/\/pembrokediocese.com\/wp-content\/uploads\/cscfn-1024x379.jpg 1024w, https:\/\/pembrokediocese.com\/wp-content\/uploads\/cscfn-768x284.jpg 768w, https:\/\/pembrokediocese.com\/wp-content\/uploads\/cscfn-1536x568.jpg 1536w, https:\/\/pembrokediocese.com\/wp-content\/uploads\/cscfn-2048x758.jpg 2048w, https:\/\/pembrokediocese.com\/wp-content\/uploads\/cscfn-958x354.jpg 958w\" sizes=\"(max-width: 2560px) 100vw, 2560px\" \/><\/a><\/p>\n<a class=\"btn btn-info  \" href=\"https:\/\/www.franco-nord.ca\/\" target=\"_blank\" >Visiter le site web<\/a>\n<\/div>\n<hr \/>\n<div class=\"g\" data-hveid=\"CB8QAA\">\n<p><a href=\"https:\/\/esceb.franco-nord.ca\"><img loading=\"lazy\" decoding=\"async\" width=\"2048\" height=\"758\" class=\"alignnone size-full wp-image-3076\" src=\"https:\/\/pembrokediocese.com\/wp-content\/uploads\/E\u0301cole-secondaire-catholiqueE\u0301lisabeth-Bruye\u0300re.jpg\" alt=\"\" srcset=\"https:\/\/pembrokediocese.com\/wp-content\/uploads\/E\u0301cole-secondaire-catholiqueE\u0301lisabeth-Bruye\u0300re.jpg 2048w, https:\/\/pembrokediocese.com\/wp-content\/uploads\/E\u0301cole-secondaire-catholiqueE\u0301lisabeth-Bruye\u0300re-300x111.jpg 300w, https:\/\/pembrokediocese.com\/wp-content\/uploads\/E\u0301cole-secondaire-catholiqueE\u0301lisabeth-Bruye\u0300re-1024x379.jpg 1024w, https:\/\/pembrokediocese.com\/wp-content\/uploads\/E\u0301cole-secondaire-catholiqueE\u0301lisabeth-Bruye\u0300re-768x284.jpg 768w, https:\/\/pembrokediocese.com\/wp-content\/uploads\/E\u0301cole-secondaire-catholiqueE\u0301lisabeth-Bruye\u0300re-1536x569.jpg 1536w, https:\/\/pembrokediocese.com\/wp-content\/uploads\/E\u0301cole-secondaire-catholiqueE\u0301lisabeth-Bruye\u0300re-958x355.jpg 958w\" sizes=\"(max-width: 2048px) 100vw, 2048px\" \/><\/a><\/p>\n<a class=\"btn btn-info  \" href=\"https:\/\/esceb.franco-nord.ca\" target=\"_blank\" >Visiter le site web<\/a>\n<\/div>\n<div class=\"g\" data-hveid=\"CB8QAA\">\n<hr \/>\n<p><img loading=\"lazy\" decoding=\"async\" class=\"alignnone wp-image-3368 size-full\" src=\"https:\/\/pembrokediocese.com\/wp-content\/uploads\/la-vie-copy.jpg\" alt=\"\" width=\"1200\" height=\"446\" srcset=\"https:\/\/pembrokediocese.com\/wp-content\/uploads\/la-vie-copy.jpg 1200w, https:\/\/pembrokediocese.com\/wp-content\/uploads\/la-vie-copy-300x112.jpg 300w, https:\/\/pembrokediocese.com\/wp-content\/uploads\/la-vie-copy-1024x381.jpg 1024w, https:\/\/pembrokediocese.com\/wp-content\/uploads\/la-vie-copy-768x285.jpg 768w, https:\/\/pembrokediocese.com\/wp-content\/uploads\/la-vie-copy-958x356.jpg 958w\" sizes=\"(max-width: 1200px) 100vw, 1200px\" \/><\/p>\n<p><b>La Vie Montante<\/b>, groupe catholique pour les 55 ans et plus. Le groupe se rencontre le troisi\u00e8me jeudi de chaque mois \u00e0 13h30 au Centre culturel francophone de Pembroke, au 303, rue James. Personne contact: Fran\u00e7oise Dagenais, 613-732-2235.<\/p>\n<\/div>\n <\/div>\n\t\t\t\t\t<\/div>\n<\/div>\n<div class=\"accordion-group panel\">\n<div class=\"accordion-heading accordionize\"> <a class=\"accordion-toggle \" data-toggle=\"collapse\" data-parent=\"#accordionCommunity\" href=\"#Community1\"> <strong>Organisations anglaises<\/strong> <i class=\"fa fa-angle-down\"><\/i> <\/a> <\/div>\n<div id=\"Community1\" class=\"accordion-body  collapse\">\n\t\t\t\t\t  <div class=\"accordion-inner\"> \n<div class=\"g\" data-hveid=\"CB8QAA\"><\/div>\n<div class=\"g\" data-hveid=\"CB8QAA\">\n<div id=\"rso\" data-async-context=\"query:barrys%20bay%20college\">\n<div class=\"g\" data-hveid=\"CB8QAA\">\n<p><a href=\"http:\/\/www.alcdsb.on.ca\/\" target=\"_blank\" rel=\"noopener noreferrer\"><img loading=\"lazy\" decoding=\"async\" class=\"alignnone wp-image-2519 size-full\" src=\"https:\/\/pembrokediocese.com\/wp-content\/uploads\/alcdsb-scaled.jpg\" alt=\"\" width=\"2560\" height=\"947\" srcset=\"https:\/\/pembrokediocese.com\/wp-content\/uploads\/alcdsb-scaled.jpg 2560w, https:\/\/pembrokediocese.com\/wp-content\/uploads\/alcdsb-300x111.jpg 300w, https:\/\/pembrokediocese.com\/wp-content\/uploads\/alcdsb-1024x379.jpg 1024w, https:\/\/pembrokediocese.com\/wp-content\/uploads\/alcdsb-768x284.jpg 768w, https:\/\/pembrokediocese.com\/wp-content\/uploads\/alcdsb-1536x568.jpg 1536w, https:\/\/pembrokediocese.com\/wp-content\/uploads\/alcdsb-2048x758.jpg 2048w, https:\/\/pembrokediocese.com\/wp-content\/uploads\/alcdsb-958x354.jpg 958w\" sizes=\"(max-width: 2560px) 100vw, 2560px\" \/><\/a><\/p>\n<a class=\"btn btn-info  \" href=\"http:\/\/www.alcdsb.on.ca\/\" target=\"_blank\" >Visiter le site web<\/a>\n<hr \/>\n<\/div>\n<\/div>\n<p><a href=\"https:\/\/www.csjcanada.org\/\" target=\"_blank\" rel=\"noopener noreferrer\"><img loading=\"lazy\" decoding=\"async\" class=\"alignnone wp-image-3088 size-full\" src=\"https:\/\/pembrokediocese.com\/wp-content\/uploads\/Sr-St-Js.jpg\" alt=\"\" width=\"2048\" height=\"758\" srcset=\"https:\/\/pembrokediocese.com\/wp-content\/uploads\/Sr-St-Js.jpg 2048w, https:\/\/pembrokediocese.com\/wp-content\/uploads\/Sr-St-Js-300x111.jpg 300w, https:\/\/pembrokediocese.com\/wp-content\/uploads\/Sr-St-Js-1024x379.jpg 1024w, https:\/\/pembrokediocese.com\/wp-content\/uploads\/Sr-St-Js-768x284.jpg 768w, https:\/\/pembrokediocese.com\/wp-content\/uploads\/Sr-St-Js-1536x569.jpg 1536w, https:\/\/pembrokediocese.com\/wp-content\/uploads\/Sr-St-Js-958x355.jpg 958w\" sizes=\"(max-width: 2048px) 100vw, 2048px\" \/><\/a><\/p>\n<a class=\"btn btn-info  \" href=\"https:\/\/www.csjcanada.org\/\" target=\"_blank\" >Visiter le site web<\/a>\n<hr \/>\n<p><a href=\"http:\/\/www.pembroke.cwl.on.ca\/\"><img loading=\"lazy\" decoding=\"async\" width=\"2048\" height=\"758\" class=\"alignnone size-full wp-image-3086\" src=\"https:\/\/pembrokediocese.com\/wp-content\/uploads\/CWL.jpg\" alt=\"\" srcset=\"https:\/\/pembrokediocese.com\/wp-content\/uploads\/CWL.jpg 2048w, https:\/\/pembrokediocese.com\/wp-content\/uploads\/CWL-300x111.jpg 300w, https:\/\/pembrokediocese.com\/wp-content\/uploads\/CWL-1024x379.jpg 1024w, https:\/\/pembrokediocese.com\/wp-content\/uploads\/CWL-768x284.jpg 768w, https:\/\/pembrokediocese.com\/wp-content\/uploads\/CWL-1536x569.jpg 1536w, https:\/\/pembrokediocese.com\/wp-content\/uploads\/CWL-958x355.jpg 958w\" sizes=\"(max-width: 2048px) 100vw, 2048px\" \/><\/a><\/p>\n<a class=\"btn btn-info  \" href=\"http:\/\/www.pembroke.cwl.on.ca\" target=\"_blank\" >Visiter le site web<\/a>\n<hr \/>\n<p><img loading=\"lazy\" decoding=\"async\" width=\"2048\" height=\"758\" class=\"alignnone size-full wp-image-3100\" src=\"https:\/\/pembrokediocese.com\/wp-content\/uploads\/GSIC.jpg\" alt=\"\" srcset=\"https:\/\/pembrokediocese.com\/wp-content\/uploads\/GSIC.jpg 2048w, https:\/\/pembrokediocese.com\/wp-content\/uploads\/GSIC-300x111.jpg 300w, https:\/\/pembrokediocese.com\/wp-content\/uploads\/GSIC-1024x379.jpg 1024w, https:\/\/pembrokediocese.com\/wp-content\/uploads\/GSIC-768x284.jpg 768w, https:\/\/pembrokediocese.com\/wp-content\/uploads\/GSIC-1536x569.jpg 1536w, https:\/\/pembrokediocese.com\/wp-content\/uploads\/GSIC-958x355.jpg 958w\" sizes=\"(max-width: 2048px) 100vw, 2048px\" \/><\/p>\n<p>T\u00e9l\u00e9phone: 613 735-4111<\/p>\n<hr \/>\n<p><a href=\"https:\/\/ontariokofc.ca\/about-us\/ontario-councils\/\"><img loading=\"lazy\" decoding=\"async\" width=\"2048\" height=\"758\" class=\"alignnone size-full wp-image-3094\" src=\"https:\/\/pembrokediocese.com\/wp-content\/uploads\/KofC.jpg\" alt=\"Knights of Columbus Logo\" srcset=\"https:\/\/pembrokediocese.com\/wp-content\/uploads\/KofC.jpg 2048w, https:\/\/pembrokediocese.com\/wp-content\/uploads\/KofC-300x111.jpg 300w, https:\/\/pembrokediocese.com\/wp-content\/uploads\/KofC-1024x379.jpg 1024w, https:\/\/pembrokediocese.com\/wp-content\/uploads\/KofC-768x284.jpg 768w, https:\/\/pembrokediocese.com\/wp-content\/uploads\/KofC-1536x569.jpg 1536w, https:\/\/pembrokediocese.com\/wp-content\/uploads\/KofC-958x355.jpg 958w\" sizes=\"(max-width: 2048px) 100vw, 2048px\" \/><\/a><\/p>\n<a class=\"btn btn-info  \" href=\"https:\/\/ontariokofc.ca\/about-us\/ontario-councils\/\" target=\"_blank\" >Visiter le site web<\/a>\n<hr \/>\n<p><a href=\"www.madonnahouse.org\"><img loading=\"lazy\" decoding=\"async\" width=\"2048\" height=\"758\" class=\"alignnone size-full wp-image-3084\" src=\"https:\/\/pembrokediocese.com\/wp-content\/uploads\/madonna.jpg\" alt=\"\" srcset=\"https:\/\/pembrokediocese.com\/wp-content\/uploads\/madonna.jpg 2048w, https:\/\/pembrokediocese.com\/wp-content\/uploads\/madonna-300x111.jpg 300w, https:\/\/pembrokediocese.com\/wp-content\/uploads\/madonna-1024x379.jpg 1024w, https:\/\/pembrokediocese.com\/wp-content\/uploads\/madonna-768x284.jpg 768w, https:\/\/pembrokediocese.com\/wp-content\/uploads\/madonna-1536x569.jpg 1536w, https:\/\/pembrokediocese.com\/wp-content\/uploads\/madonna-958x355.jpg 958w\" sizes=\"(max-width: 2048px) 100vw, 2048px\" \/><\/a><\/p>\n<a class=\"btn btn-info  \" href=\"http:\/\/www.madonnahouse.org\/\" target=\"_blank\" >Visiter le site web<\/a>\n<hr \/>\n<p><a href=\"https:\/\/marianhill.ca\/\"><img loading=\"lazy\" decoding=\"async\" width=\"2048\" height=\"758\" class=\"alignnone size-full wp-image-3092\" src=\"https:\/\/pembrokediocese.com\/wp-content\/uploads\/marianhill.jpg\" alt=\"\" srcset=\"https:\/\/pembrokediocese.com\/wp-content\/uploads\/marianhill.jpg 2048w, https:\/\/pembrokediocese.com\/wp-content\/uploads\/marianhill-300x111.jpg 300w, https:\/\/pembrokediocese.com\/wp-content\/uploads\/marianhill-1024x379.jpg 1024w, https:\/\/pembrokediocese.com\/wp-content\/uploads\/marianhill-768x284.jpg 768w, https:\/\/pembrokediocese.com\/wp-content\/uploads\/marianhill-1536x569.jpg 1536w, https:\/\/pembrokediocese.com\/wp-content\/uploads\/marianhill-958x355.jpg 958w\" sizes=\"(max-width: 2048px) 100vw, 2048px\" \/><\/a><\/p>\n<a class=\"btn btn-info  \" href=\"https:\/\/marianhill.ca\/\" target=\"_blank\" >Visiter le site web<\/a>\n<\/div>\n<hr \/>\n<p><img loading=\"lazy\" decoding=\"async\" class=\"alignnone wp-image-4198 size-full\" src=\"https:\/\/pembrokediocese.com\/wp-content\/uploads\/mattawa.jpg\" alt=\"\" width=\"1536\" height=\"569\" srcset=\"https:\/\/pembrokediocese.com\/wp-content\/uploads\/mattawa.jpg 1536w, https:\/\/pembrokediocese.com\/wp-content\/uploads\/mattawa-200x74.jpg 200w, https:\/\/pembrokediocese.com\/wp-content\/uploads\/mattawa-1024x379.jpg 1024w, https:\/\/pembrokediocese.com\/wp-content\/uploads\/mattawa-768x285.jpg 768w, https:\/\/pembrokediocese.com\/wp-content\/uploads\/mattawa-958x355.jpg 958w\" sizes=\"(max-width: 1536px) 100vw, 1536px\" \/><\/p>\n<a class=\"btn btn-info  \" href=\"https:\/\/www.mattawahealth.ca\/\" target=\"_blank\" >Visit website<\/a>\n<div class=\"g\" data-hveid=\"CB8QAA\">\n<hr \/>\n<p><a href=\"https:\/\/www.npsc.ca\/\" target=\"_blank\" rel=\"noopener noreferrer\"><img loading=\"lazy\" decoding=\"async\" class=\"alignnone wp-image-2523 size-full\" src=\"https:\/\/pembrokediocese.com\/wp-content\/uploads\/npscdsb-scaled.jpg\" alt=\"\" width=\"2560\" height=\"947\" srcset=\"https:\/\/pembrokediocese.com\/wp-content\/uploads\/npscdsb-scaled.jpg 2560w, https:\/\/pembrokediocese.com\/wp-content\/uploads\/npscdsb-300x111.jpg 300w, https:\/\/pembrokediocese.com\/wp-content\/uploads\/npscdsb-1024x379.jpg 1024w, https:\/\/pembrokediocese.com\/wp-content\/uploads\/npscdsb-768x284.jpg 768w, https:\/\/pembrokediocese.com\/wp-content\/uploads\/npscdsb-1536x568.jpg 1536w, https:\/\/pembrokediocese.com\/wp-content\/uploads\/npscdsb-2048x758.jpg 2048w, https:\/\/pembrokediocese.com\/wp-content\/uploads\/npscdsb-958x354.jpg 958w\" sizes=\"(max-width: 2560px) 100vw, 2560px\" \/><\/a><\/p>\n<a class=\"btn btn-info  \" href=\"https:\/\/www.npsc.ca\/\" target=\"_blank\" >Visiter le site web<\/a>\n<\/div>\n<hr \/>\n<p><img loading=\"lazy\" decoding=\"async\" class=\"wp-image-4196 size-full alignnone\" src=\"https:\/\/pembrokediocese.com\/wp-content\/uploads\/prh.jpg\" alt=\"\" width=\"1536\" height=\"569\" srcset=\"https:\/\/pembrokediocese.com\/wp-content\/uploads\/prh.jpg 1536w, https:\/\/pembrokediocese.com\/wp-content\/uploads\/prh-200x74.jpg 200w, https:\/\/pembrokediocese.com\/wp-content\/uploads\/prh-1024x379.jpg 1024w, https:\/\/pembrokediocese.com\/wp-content\/uploads\/prh-768x285.jpg 768w, https:\/\/pembrokediocese.com\/wp-content\/uploads\/prh-958x355.jpg 958w\" sizes=\"(max-width: 1536px) 100vw, 1536px\" \/><\/p>\n<a class=\"btn btn-info  \" href=\"https:\/\/www.pembrokeregionalhospital.ca\/\" target=\"_blank\" >Visit website<\/a>\n<div class=\"g\" data-hveid=\"CB8QAA\">\n<hr \/>\n<p><a href=\"https:\/\/www.seatofwisdom.ca\/\" target=\"_blank\" rel=\"noopener noreferrer\"><img loading=\"lazy\" decoding=\"async\" class=\"alignnone wp-image-2529 size-full\" src=\"https:\/\/pembrokediocese.com\/wp-content\/uploads\/olsowc-scaled.jpg\" alt=\"\" width=\"2560\" height=\"947\" srcset=\"https:\/\/pembrokediocese.com\/wp-content\/uploads\/olsowc-scaled.jpg 2560w, https:\/\/pembrokediocese.com\/wp-content\/uploads\/olsowc-300x111.jpg 300w, https:\/\/pembrokediocese.com\/wp-content\/uploads\/olsowc-1024x379.jpg 1024w, https:\/\/pembrokediocese.com\/wp-content\/uploads\/olsowc-768x284.jpg 768w, https:\/\/pembrokediocese.com\/wp-content\/uploads\/olsowc-1536x568.jpg 1536w, https:\/\/pembrokediocese.com\/wp-content\/uploads\/olsowc-2048x758.jpg 2048w, https:\/\/pembrokediocese.com\/wp-content\/uploads\/olsowc-958x354.jpg 958w\" sizes=\"(max-width: 2560px) 100vw, 2560px\" \/><\/a><\/p>\n<a class=\"btn btn-info  \" href=\"https:\/\/www.seatofwisdom.ca\/\" target=\"_blank\" >Visiter le site web<\/a>\n<hr \/>\n<p><a href=\"http:\/\/rccdsb.edu.on.ca\/our-schools\/\" target=\"_blank\" rel=\"noopener noreferrer\"><img loading=\"lazy\" decoding=\"async\" class=\"alignnone wp-image-2527 size-full\" src=\"https:\/\/pembrokediocese.com\/wp-content\/uploads\/rccdsb-scaled.jpg\" alt=\"\" width=\"2560\" height=\"947\" srcset=\"https:\/\/pembrokediocese.com\/wp-content\/uploads\/rccdsb-scaled.jpg 2560w, https:\/\/pembrokediocese.com\/wp-content\/uploads\/rccdsb-300x111.jpg 300w, https:\/\/pembrokediocese.com\/wp-content\/uploads\/rccdsb-1024x379.jpg 1024w, https:\/\/pembrokediocese.com\/wp-content\/uploads\/rccdsb-768x284.jpg 768w, https:\/\/pembrokediocese.com\/wp-content\/uploads\/rccdsb-1536x568.jpg 1536w, https:\/\/pembrokediocese.com\/wp-content\/uploads\/rccdsb-2048x758.jpg 2048w, https:\/\/pembrokediocese.com\/wp-content\/uploads\/rccdsb-958x354.jpg 958w\" sizes=\"(max-width: 2560px) 100vw, 2560px\" \/><\/a><\/p>\n<div id=\"rso\" data-async-context=\"query:barrys%20bay%20college\">\n<div class=\"g\" data-hveid=\"CB8QAA\">\n<a class=\"btn btn-info  \" href=\"http:\/\/rccdsb.edu.on.ca\/our-schools\/\" target=\"_blank\" >Visiter le site web<\/a>\n<hr \/>\n<p><a href=\"https:\/\/www.stillpoint.ca\/\"><img loading=\"lazy\" decoding=\"async\" width=\"2048\" height=\"758\" class=\"alignnone size-full wp-image-3090\" src=\"https:\/\/pembrokediocese.com\/wp-content\/uploads\/stillpoint.jpg\" alt=\"\" srcset=\"https:\/\/pembrokediocese.com\/wp-content\/uploads\/stillpoint.jpg 2048w, https:\/\/pembrokediocese.com\/wp-content\/uploads\/stillpoint-300x111.jpg 300w, https:\/\/pembrokediocese.com\/wp-content\/uploads\/stillpoint-1024x379.jpg 1024w, https:\/\/pembrokediocese.com\/wp-content\/uploads\/stillpoint-768x284.jpg 768w, https:\/\/pembrokediocese.com\/wp-content\/uploads\/stillpoint-1536x569.jpg 1536w, https:\/\/pembrokediocese.com\/wp-content\/uploads\/stillpoint-958x355.jpg 958w\" sizes=\"(max-width: 2048px) 100vw, 2048px\" \/><\/a><\/p>\n<a class=\"btn btn-info  \" href=\"https:\/\/www.stillpoint.ca\/\" target=\"_blank\" >Visiter le site web<\/a>\n<hr \/>\n<p><img loading=\"lazy\" decoding=\"async\" width=\"2048\" height=\"758\" class=\"alignnone size-full wp-image-3098\" src=\"https:\/\/pembrokediocese.com\/wp-content\/uploads\/SSVP.jpg\" alt=\"\" srcset=\"https:\/\/pembrokediocese.com\/wp-content\/uploads\/SSVP.jpg 2048w, https:\/\/pembrokediocese.com\/wp-content\/uploads\/SSVP-300x111.jpg 300w, https:\/\/pembrokediocese.com\/wp-content\/uploads\/SSVP-1024x379.jpg 1024w, https:\/\/pembrokediocese.com\/wp-content\/uploads\/SSVP-768x284.jpg 768w, https:\/\/pembrokediocese.com\/wp-content\/uploads\/SSVP-1536x569.jpg 1536w, https:\/\/pembrokediocese.com\/wp-content\/uploads\/SSVP-958x355.jpg 958w\" sizes=\"(max-width: 2048px) 100vw, 2048px\" \/><\/p>\n<a class=\"btn btn-info  \" href=\"https:\/\/www.ssvp.ca\/location\/st-columbkille-pembroke\" target=\"_blank\" >Visiter le site web<\/a>\n<a class=\"btn btn-info  \" href=\"https:\/\/www.ssvp.ca\/location\/saint-dominique-de-luksville\" target=\"_blank\" >Visiter le site web<\/a>\n<\/div>\n<\/div>\n<hr \/>\n<p><a href=\"https:\/\/stjosephsfoodbank.wixsite.com\/home\"><img loading=\"lazy\" decoding=\"async\" width=\"2048\" height=\"758\" class=\"alignnone size-full wp-image-3082\" src=\"https:\/\/pembrokediocese.com\/wp-content\/uploads\/St-Josephs-Food-Bank.jpg\" alt=\"\" srcset=\"https:\/\/pembrokediocese.com\/wp-content\/uploads\/St-Josephs-Food-Bank.jpg 2048w, https:\/\/pembrokediocese.com\/wp-content\/uploads\/St-Josephs-Food-Bank-300x111.jpg 300w, https:\/\/pembrokediocese.com\/wp-content\/uploads\/St-Josephs-Food-Bank-1024x379.jpg 1024w, https:\/\/pembrokediocese.com\/wp-content\/uploads\/St-Josephs-Food-Bank-768x284.jpg 768w, https:\/\/pembrokediocese.com\/wp-content\/uploads\/St-Josephs-Food-Bank-1536x569.jpg 1536w, https:\/\/pembrokediocese.com\/wp-content\/uploads\/St-Josephs-Food-Bank-958x355.jpg 958w\" sizes=\"(max-width: 2048px) 100vw, 2048px\" \/><\/a><\/p>\n<a class=\"btn btn-info  \" href=\"https:\/\/stjosephsfoodbank.wixsite.com\/home\" target=\"_blank\" >Visiter le site web<\/a>\n<p>&nbsp;<\/p>\n<\/div>\n <\/div>\n\t\t\t\t\t<\/div>\n<\/div>\n<\/div>\n","protected":false},"excerpt":{"rendered":"<p>Voici une liste de liens vers d&rsquo;autres communaut\u00e9s catholiques. Ces organisations ne sont pas contr\u00f4l\u00e9es par le dioc\u00e8se de Pembroke.<\/p>\n","protected":false},"author":1,"featured_media":0,"parent":0,"menu_order":0,"comment_status":"closed","ping_status":"closed","template":"","meta":{"_monsterinsights_skip_tracking":false,"_monsterinsights_sitenote_active":false,"_monsterinsights_sitenote_note":"","_monsterinsights_sitenote_category":0,"footnotes":"","_links_to":"","_links_to_target":""},"class_list":["post-1188","page","type-page","status-publish","hentry"],"post_mailing_queue_ids":[],"_links":{"self":[{"href":"https:\/\/pembrokediocese.com\/fr\/wp-json\/wp\/v2\/pages\/1188","targetHints":{"allow":["GET"]}}],"collection":[{"href":"https:\/\/pembrokediocese.com\/fr\/wp-json\/wp\/v2\/pages"}],"about":[{"href":"https:\/\/pembrokediocese.com\/fr\/wp-json\/wp\/v2\/types\/page"}],"author":[{"embeddable":true,"href":"https:\/\/pembrokediocese.com\/fr\/wp-json\/wp\/v2\/users\/1"}],"replies":[{"embeddable":true,"href":"https:\/\/pembrokediocese.com\/fr\/wp-json\/wp\/v2\/comments?post=1188"}],"version-history":[{"count":0,"href":"https:\/\/pembrokediocese.com\/fr\/wp-json\/wp\/v2\/pages\/1188\/revisions"}],"wp:attachment":[{"href":"https:\/\/pembrokediocese.com\/fr\/wp-json\/wp\/v2\/media?parent=1188"}],"curies":[{"name":"wp","href":"https:\/\/api.w.org\/{rel}","templated":true}]}}