{"id":1190,"date":"2020-02-18T20:14:02","date_gmt":"2020-02-19T01:14:02","guid":{"rendered":"https:\/\/pembrokediocese.com\/?page_id=1190"},"modified":"2024-11-29T11:25:31","modified_gmt":"2024-11-29T16:25:31","slug":"bureau-de-leveque","status":"publish","type":"page","link":"https:\/\/pembrokediocese.com\/fr\/bureau-de-leveque\/","title":{"rendered":"Bureau de l\u2019\u00e9v\u00eaque"},"content":{"rendered":"<div class=\"info\">\n<div class=\"col-md-8 \" >\n<h1>Bureau de l\u2019\u00e9v\u00eaque<\/h1>\n<h3>Premier enseignant, sanctificateur et berger du peuple de Dieu<\/h3>\n<p><img loading=\"lazy\" decoding=\"async\" class=\"wp-image-3167 alignleft\" src=\"https:\/\/pembrokediocese.com\/wp-content\/uploads\/Recognizing-a-Bishop-FR-1024x838.jpg\" alt=\"\" width=\"370\" height=\"303\" srcset=\"https:\/\/pembrokediocese.com\/wp-content\/uploads\/Recognizing-a-Bishop-FR-1024x838.jpg 1024w, https:\/\/pembrokediocese.com\/wp-content\/uploads\/Recognizing-a-Bishop-FR-300x246.jpg 300w, https:\/\/pembrokediocese.com\/wp-content\/uploads\/Recognizing-a-Bishop-FR-768x628.jpg 768w, https:\/\/pembrokediocese.com\/wp-content\/uploads\/Recognizing-a-Bishop-FR-958x784.jpg 958w, https:\/\/pembrokediocese.com\/wp-content\/uploads\/Recognizing-a-Bishop-FR.jpg 1200w\" sizes=\"(max-width: 370px) 100vw, 370px\" \/><\/p>\n<p>L\u2019\u00e9v\u00eaque dioc\u00e9sain est le premier enseignant, sanctificateur et berger du peuple de Dieu. La plupart des \u00e9v\u00eaques re\u00e7oivent un dioc\u00e8se \u00e0 guider spirituellement, en s\u2019assurant que les pr\u00eatres, les diacres, les agents de pastorale et les cat\u00e9chistes de leur dioc\u00e8se pr\u00eachent l\u2019\u00c9vangile et enseignent une saine doctrine. L\u2019\u00e9v\u00eaque est le premier enseignant. Il est le premier dispensateur de tous les sacrements. Il exerce la supervision sur la liturgie.<\/p>\n<p>Il poss\u00e8de la pl\u00e9nitude des Ordres, de sorte que la pl\u00e9nitude de la gr\u00e2ce du Christ puisse s\u2019\u00e9couler sous forme sacramentelle pour la sanctification des fid\u00e8les. Par ses relations avec les pr\u00eatres de son dioc\u00e8se, l\u2019\u00e9v\u00eaque est en mesure de guider le peuple de son dioc\u00e8se. Les \u00e9v\u00eaques ont re\u00e7u une effusion sp\u00e9ciale de la gr\u00e2ce afin de poursuivre l\u2019\u0153uvre que les Ap\u00f4tres ont commenc\u00e9e.<\/p>\n<p>Lorsque le si\u00e8ge \u00e9piscopal est vacant (<em>sede vacante<\/em>), le pape nomme un administrateur apostolique qui prend le r\u00f4le d\u2019ordinaire (officier de l\u2019\u00c9glise) d\u2019un dioc\u00e8se jusqu\u2019\u00e0 la nomination d\u2019un nouvel \u00e9v\u00eaque. En g\u00e9n\u00e9ral, l\u2019administrateur apostolique d\u00e9tient la m\u00eame autorit\u00e9 qu\u2019un \u00e9v\u00eaque dioc\u00e9sain, par contre il a quelques restrictions en vertu du droit canonique quant \u00e0 certains aspects de l\u2019administration temporelle.<\/p>\n<h3>Armoiries<\/h3>\n<p>L\u2019h\u00e9raldique trouve son origine il y a environ mille ans en Europe, o\u00f9 elle \u00e9tait utilis\u00e9 par les diff\u00e9rentes classes de combattants pour les diff\u00e9rencier sur le champ de bataille. Au fil du temps, avec l\u2019Europe qui se transforme, la classe guerri\u00e8re f\u00e9odale disparaissant, la coutume se d\u00e9veloppe d\u2019identifier ce que l\u2019on poss\u00e8de avec des embl\u00e8mes personnels. C\u2019est de l\u00e0 que nait l\u2019h\u00e9raldique eccl\u00e9siastique, \u00e0 l\u2019origine pour diff\u00e9rencier les divers domaines cl\u00e9ricaux. Le pape et la majorit\u00e9 des \u00e9v\u00eaques adoptent des armoiries personnelles, qui sont utilis\u00e9es de nos jours principalement comme moyen d\u2019identification de la correspondance de leurs offices particuliers.<\/p>\n<p><a href=\"https:\/\/pembrokediocese.com\/fr\/eveque\/\"><strong>Apprenez-en davantage sur notre \u00e9v\u00eaque.<\/strong><\/a><\/p>\n<\/div>\n<div class=\"col-md-4 \" >\n<div><img loading=\"lazy\" decoding=\"async\" class=\"wp-image-3869 alignnone\" src=\"https:\/\/pembrokediocese.com\/wp-content\/uploads\/DesrochersGuy_Arms-small-262x300.png\" alt=\"\" width=\"175\" height=\"200\" srcset=\"https:\/\/pembrokediocese.com\/wp-content\/uploads\/DesrochersGuy_Arms-small-262x300.png 262w, https:\/\/pembrokediocese.com\/wp-content\/uploads\/DesrochersGuy_Arms-small.png 500w\" sizes=\"(max-width: 175px) 100vw, 175px\" \/><\/div>\n<div class=\"pic\"><span style=\"font-size: 22px; font-weight: bold;\">\u00c9v\u00eaque<\/span><\/div>\n<div class=\"info\">\n<p class=\"name\">+Michael Brehl<\/p>\n<p class=\"name\"><a href=\"tel:1-613-732-7933\"> (613) 732-7933<\/a><\/p>\n<p><a class=\"login_pop\" href=\"mailto:bishop@pembrokediocese.com\"><i class=\"fa fa-envelope\"><\/i> Envoyer courriel<\/a><\/p>\n<\/div>\n<hr \/>\n<div class=\"pic\"><span style=\"font-size: 22px; font-weight: bold;\">Secr\u00e9taire de l&rsquo;\u00e9v\u00eaque<\/span><\/div>\n<p>Vacant<\/p>\n<p class=\"name\"><a href=\"tel:1-613-732-7933\"><i class=\"fa fa-phone\"><\/i> (613) 732-7933,<\/a><\/p>\n<p><i class=\"fa fa-envelope\"><\/i> Envoyer courriel<\/p>\n<\/div>\n<\/div>\n","protected":false},"excerpt":{"rendered":"","protected":false},"author":1,"featured_media":0,"parent":0,"menu_order":0,"comment_status":"closed","ping_status":"closed","template":"","meta":{"_monsterinsights_skip_tracking":false,"_monsterinsights_sitenote_active":false,"_monsterinsights_sitenote_note":"","_monsterinsights_sitenote_category":0,"footnotes":"","_links_to":"","_links_to_target":""},"class_list":["post-1190","page","type-page","status-publish","hentry"],"post_mailing_queue_ids":[],"_links":{"self":[{"href":"https:\/\/pembrokediocese.com\/fr\/wp-json\/wp\/v2\/pages\/1190","targetHints":{"allow":["GET"]}}],"collection":[{"href":"https:\/\/pembrokediocese.com\/fr\/wp-json\/wp\/v2\/pages"}],"about":[{"href":"https:\/\/pembrokediocese.com\/fr\/wp-json\/wp\/v2\/types\/page"}],"author":[{"embeddable":true,"href":"https:\/\/pembrokediocese.com\/fr\/wp-json\/wp\/v2\/users\/1"}],"replies":[{"embeddable":true,"href":"https:\/\/pembrokediocese.com\/fr\/wp-json\/wp\/v2\/comments?post=1190"}],"version-history":[{"count":5,"href":"https:\/\/pembrokediocese.com\/fr\/wp-json\/wp\/v2\/pages\/1190\/revisions"}],"predecessor-version":[{"id":15762,"href":"https:\/\/pembrokediocese.com\/fr\/wp-json\/wp\/v2\/pages\/1190\/revisions\/15762"}],"wp:attachment":[{"href":"https:\/\/pembrokediocese.com\/fr\/wp-json\/wp\/v2\/media?parent=1190"}],"curies":[{"name":"wp","href":"https:\/\/api.w.org\/{rel}","templated":true}]}}