{"id":1194,"date":"2020-03-08T17:32:44","date_gmt":"2020-03-08T22:32:44","guid":{"rendered":"https:\/\/pembrokediocese.com\/?page_id=1194"},"modified":"2024-11-29T11:26:31","modified_gmt":"2024-11-29T16:26:31","slug":"bureau-de-ladministration-et-des-finances","status":"publish","type":"page","link":"https:\/\/pembrokediocese.com\/fr\/bureau-de-ladministration-et-des-finances\/","title":{"rendered":"Bureau de l\u2019administration et des finances"},"content":{"rendered":"<div class=\"info\">\n<div class=\"col-md-8 \" >\n<h1>Bureau de l\u2019administration et des finances<\/h1>\n<p>Ce bureau travaille de pr\u00e8s avec l\u2019\u00e9v\u00eaque dans les domaines de l\u2019administration et des finances, des paroisses, des assurances des biens immobiliers et des ressources humaines. Ce bureau appuie et aide directement le clerg\u00e9, les paroisses, les employ\u00e9s dioc\u00e9sains et paroissiaux, ainsi que la communaut\u00e9 catholique du dioc\u00e8se de Pembroke.<\/p>\n<\/div>\n<div class=\"col-md-4 \" >\n<p><img loading=\"lazy\" decoding=\"async\" class=\"alignnone wp-image-1559\" src=\"https:\/\/pembrokediocese.com\/wp-content\/uploads\/Diocese-Crest-1000-tight-238x300.png\" alt=\"\" width=\"159\" height=\"200\" srcset=\"https:\/\/pembrokediocese.com\/wp-content\/uploads\/Diocese-Crest-1000-tight-238x300.png 238w, https:\/\/pembrokediocese.com\/wp-content\/uploads\/Diocese-Crest-1000-tight-814x1024.png 814w, https:\/\/pembrokediocese.com\/wp-content\/uploads\/Diocese-Crest-1000-tight-768x966.png 768w, https:\/\/pembrokediocese.com\/wp-content\/uploads\/Diocese-Crest-1000-tight-958x1205.png 958w, https:\/\/pembrokediocese.com\/wp-content\/uploads\/Diocese-Crest-1000-tight.png 1000w\" sizes=\"(max-width: 159px) 100vw, 159px\" \/><\/p>\n<div class=\"pic\"><span style=\"font-size: 22px; font-weight: bold;\">Administrateur des finances<\/span><\/div>\n<div class=\"info\">\n<p class=\"name\">M. Matt Schooley<\/p>\n<p class=\"name\"><a href=\"tel:1-613-732-7933\"><i class=\"fa fa-phone\"><\/i> (613) 732-7933, poste 207<\/a><\/p>\n<p><a class=\"login_pop\" href=\"mailto:mattschooley@pembrokediocese.com\"><i class=\"fa fa-envelope\"><\/i>\u00a0Envoyer courriel<\/a><\/p>\n<hr \/>\n<\/div>\n<div class=\"pic\"><span style=\"font-size: 22px; font-weight: bold;\">Assistant de l&rsquo;administrateur financier<\/span><\/div>\n<p>vacant<\/p>\n<p class=\"name\"><a href=\"tel:1-613-732-7933\"><i class=\"fa fa-phone\"><\/i> (613) 732-7933,<\/a><\/p>\n<p><i class=\"fa fa-envelope\"><\/i>\u00a0Envoyer courriel<\/p>\n<\/div>\n<\/div>\n","protected":false},"excerpt":{"rendered":"","protected":false},"author":1,"featured_media":0,"parent":0,"menu_order":0,"comment_status":"closed","ping_status":"closed","template":"","meta":{"_monsterinsights_skip_tracking":false,"_monsterinsights_sitenote_active":false,"_monsterinsights_sitenote_note":"","_monsterinsights_sitenote_category":0,"footnotes":"","_links_to":"","_links_to_target":""},"class_list":["post-1194","page","type-page","status-publish","hentry"],"post_mailing_queue_ids":[],"_links":{"self":[{"href":"https:\/\/pembrokediocese.com\/fr\/wp-json\/wp\/v2\/pages\/1194","targetHints":{"allow":["GET"]}}],"collection":[{"href":"https:\/\/pembrokediocese.com\/fr\/wp-json\/wp\/v2\/pages"}],"about":[{"href":"https:\/\/pembrokediocese.com\/fr\/wp-json\/wp\/v2\/types\/page"}],"author":[{"embeddable":true,"href":"https:\/\/pembrokediocese.com\/fr\/wp-json\/wp\/v2\/users\/1"}],"replies":[{"embeddable":true,"href":"https:\/\/pembrokediocese.com\/fr\/wp-json\/wp\/v2\/comments?post=1194"}],"version-history":[{"count":1,"href":"https:\/\/pembrokediocese.com\/fr\/wp-json\/wp\/v2\/pages\/1194\/revisions"}],"predecessor-version":[{"id":15763,"href":"https:\/\/pembrokediocese.com\/fr\/wp-json\/wp\/v2\/pages\/1194\/revisions\/15763"}],"wp:attachment":[{"href":"https:\/\/pembrokediocese.com\/fr\/wp-json\/wp\/v2\/media?parent=1194"}],"curies":[{"name":"wp","href":"https:\/\/api.w.org\/{rel}","templated":true}]}}