{"id":1196,"date":"2020-03-08T17:35:42","date_gmt":"2020-03-08T22:35:42","guid":{"rendered":"https:\/\/pembrokediocese.com\/?page_id=1196"},"modified":"2024-03-29T12:18:55","modified_gmt":"2024-03-29T16:18:55","slug":"bureau-du-tribunal-ecclesiastique","status":"publish","type":"page","link":"https:\/\/pembrokediocese.com\/fr\/bureau-du-tribunal-ecclesiastique\/","title":{"rendered":"Bureau du Tribunal matrimonial dioc\u00e9sain"},"content":{"rendered":"<div class=\"info\">\n<div class=\"col-md-8 \" >\n<h1>Bureau du Tribunal matrimonial dioc\u00e9sain<\/h1>\n<p>Bienvenue sur la page web du Tribunal matrimonial du dioc\u00e8se de Pembroke.<\/p>\n<p><strong>Chaque situation a son unicit\u00e9; certains cas sont tr\u00e8s complexes. On vous encourage fortement \u00e0 discuter de votre cas avec un membre de votre \u00e9quipe paroissiale (ex. pr\u00eatre, diacre, agent(e) de pastorale) ou encore avec un membre du personnel du Tribunal.<\/strong><\/p>\n<p>Le r\u00f4le du Tribunal matrimonial est d\u2019aider ceux qui d\u00e9sirent pr\u00e9senter une demande en vue d\u2019une d\u00e9claration de nullit\u00e9 d\u2019un mariage ant\u00e9rieur (en langage populaire : annulation de mariage).<\/p>\n<h4>Qu\u2019est-ce que d\u00e9cret de nullit\u00e9?<\/h4>\n<p>Un d\u00e9cret de nullit\u00e9, (appel\u00e9 en langage populaire annulation de mariage), est une d\u00e9claration \u00e9mise par l\u2019\u00c9glise catholique, par l\u2019entremise de son Tribunal matrimonial, \u00e0 l\u2019effet qu\u2019un certain mariage est invalide (absence d\u2019engagement) parce qu\u2019un \u00e9l\u00e9ment essentiel au mariage est manquant au moment de l\u2019\u00e9change des consentements.<\/p>\n<p>L\u2019annulation de mariage \u00bb n\u2019est pas un divorce catholique. Le d\u00e9cret catholique de nullit\u00e9 stipule qu\u2019aux yeux de l\u2019\u00c9glise, il n\u2019y a jamais eu de lien \u00e9tabli. Comme l\u2019\u00c9glise catholique reconna\u00eet tous les mariages (des catholiques et des autres) \u00e0 quelques exceptions pr\u00e8s, le processus de nullit\u00e9 de l\u2019\u00c9glise est une d\u00e9marche pour aider les gens \u00e0 retrouver la paix int\u00e9rieure et avec la communaut\u00e9 de l\u2019\u00c9glise apr\u00e8s l\u2019\u00e9chec d\u2019un mariage.<\/p>\n<\/div>\n<div class=\"col-md-4 \" >\n<div><img loading=\"lazy\" decoding=\"async\" class=\"alignnone wp-image-1559\" src=\"https:\/\/pembrokediocese.com\/wp-content\/uploads\/Diocese-Crest-1000-tight-238x300.png\" alt=\"\" width=\"159\" height=\"200\" srcset=\"https:\/\/pembrokediocese.com\/wp-content\/uploads\/Diocese-Crest-1000-tight-238x300.png 238w, https:\/\/pembrokediocese.com\/wp-content\/uploads\/Diocese-Crest-1000-tight-814x1024.png 814w, https:\/\/pembrokediocese.com\/wp-content\/uploads\/Diocese-Crest-1000-tight-768x966.png 768w, https:\/\/pembrokediocese.com\/wp-content\/uploads\/Diocese-Crest-1000-tight-958x1205.png 958w, https:\/\/pembrokediocese.com\/wp-content\/uploads\/Diocese-Crest-1000-tight.png 1000w\" sizes=\"(max-width: 159px) 100vw, 159px\" \/><\/div>\n<div class=\"pic\"><span style=\"font-size: 22px; font-weight: bold;\">Vicaire judiciaire<\/span><\/div>\n<div class=\"info\">\n<p class=\"name\">P. Ryan Holly<\/p>\n<p class=\"name\"><a href=\"tel:1-613-732-7933\"><i class=\"fa fa-phone\"><\/i> (613) 732-7933, ext. 217<\/a><\/p>\n<p><a class=\"login_pop\" href=\"mailto:chancellor@pembrokediocese.com\"><i class=\"fa fa-envelope\"><\/i>\u00a0Envoyer courriel<\/a><\/p>\n<hr \/>\n<\/div>\n<div class=\"pic\"><span style=\"font-size: 22px; font-weight: bold;\">Notaire\/Secr\u00e9taire<\/span><\/div>\n<p>Mme Cathy Grahl<\/p>\n<p class=\"name\"><a href=\"tel:1-613-732-7933\"><i class=\"fa fa-phone\"><\/i> (613) 732-7933, poste 205<\/a><\/p>\n<p><a class=\"login_pop\" href=\"mailto:cathy.grahl@pembrokediocese.com\"><i class=\"fa fa-envelope\"><\/i>\u00a0Envoyer courriel<\/a><\/p>\n<\/div>\n<\/div>\n","protected":false},"excerpt":{"rendered":"","protected":false},"author":1,"featured_media":0,"parent":0,"menu_order":0,"comment_status":"closed","ping_status":"closed","template":"","meta":{"_monsterinsights_skip_tracking":false,"_monsterinsights_sitenote_active":false,"_monsterinsights_sitenote_note":"","_monsterinsights_sitenote_category":0,"footnotes":"","_links_to":"","_links_to_target":""},"class_list":["post-1196","page","type-page","status-publish","hentry"],"post_mailing_queue_ids":[],"_links":{"self":[{"href":"https:\/\/pembrokediocese.com\/fr\/wp-json\/wp\/v2\/pages\/1196","targetHints":{"allow":["GET"]}}],"collection":[{"href":"https:\/\/pembrokediocese.com\/fr\/wp-json\/wp\/v2\/pages"}],"about":[{"href":"https:\/\/pembrokediocese.com\/fr\/wp-json\/wp\/v2\/types\/page"}],"author":[{"embeddable":true,"href":"https:\/\/pembrokediocese.com\/fr\/wp-json\/wp\/v2\/users\/1"}],"replies":[{"embeddable":true,"href":"https:\/\/pembrokediocese.com\/fr\/wp-json\/wp\/v2\/comments?post=1196"}],"version-history":[{"count":1,"href":"https:\/\/pembrokediocese.com\/fr\/wp-json\/wp\/v2\/pages\/1196\/revisions"}],"predecessor-version":[{"id":14437,"href":"https:\/\/pembrokediocese.com\/fr\/wp-json\/wp\/v2\/pages\/1196\/revisions\/14437"}],"wp:attachment":[{"href":"https:\/\/pembrokediocese.com\/fr\/wp-json\/wp\/v2\/media?parent=1196"}],"curies":[{"name":"wp","href":"https:\/\/api.w.org\/{rel}","templated":true}]}}