{"id":1200,"date":"2020-03-08T17:48:35","date_gmt":"2020-03-08T22:48:35","guid":{"rendered":"https:\/\/pembrokediocese.com\/?page_id=1200"},"modified":"2025-07-15T17:08:31","modified_gmt":"2025-07-15T21:08:31","slug":"flymo","status":"publish","type":"page","link":"https:\/\/pembrokediocese.com\/fr\/flymo\/","title":{"rendered":"Bureau du mariage, de la famille, de la jeunesse, et des jeunes adultes"},"content":{"rendered":"<div class=\"info\">\n<div class=\"col-md-8 \" >\n<h1>Bureau du mariage, de la famille, de la jeunesse, et des jeunes adultes<\/h1>\n<div class=\"alert alert-info fade in\">  <a class=\"close\" data-dismiss=\"alert\" href=\"#\">&times;<\/a><strong>\u00c0 ce moment-ci, ce minist\u00e8re est offert en anglais seulement. Selon la demande, des mesures pourraient \u00eatre prises pour offrir un \u00e9quivalent en fran\u00e7ais.<\/strong> <\/div>\n<h4><strong>Bienvenue! Nous sommes heureux que vous soyez ici!<\/strong><\/h4>\n<p>Le r\u00f4le premier de ce bureau est <strong>de fournir des ressources, de la formation, et un appui aux paroisses du dioc\u00e8se de Pembroke qui<\/strong>, elles, s\u2019efforcent de fournir des occasions aux couples, aux familles, \u00e0 la jeunesse et aux jeunes adultes de grandir dans leur foi et de cheminer ensemble vers une belle vie v\u00e9cue avec le Christ et dans l\u2019\u00c9glise.<\/p>\n<p>Le cheminement de la foi qui nous conduit vers le Royaume promis par le Seigneur ne doit pas \u00eatre v\u00e9cu seul. La vie de foi de chacun doit \u00eatre nourrie et doit fructifier au niveau de la paroisse \u00e0 travers la communaut\u00e9 paroissiale. Les familles et les individus travaillent ensemble \u00e0 faire de ce cheminement de foi une r\u00e9alit\u00e9 fructueuse. Les paroisses sont grandement enrichies par les b\u00e9n\u00e9voles d\u00e9vou\u00e9s qui aident \u00e0 faire de ce cheminement une r\u00e9alit\u00e9, puisque nous avons tous des dons vari\u00e9s provenant de Dieu. Ce bureau offre aussi des occasions d\u2019initiatives dioc\u00e9saines \u00e0 plus grande \u00e9chelle pour aider et nourrir les efforts des paroisses.<\/p>\n<p>Que vous soyez une personne ou une paroisse \u00e9prouvant un besoin dans notre domaine, appelez-nous, nous voulons vous aider.<\/p>\n<p>Que Dieu b\u00e9nisse tous ceux et celles qui travaillent \u00e0 sa vigne!<\/p>\n<p>&nbsp;<\/p>\n<\/div>\n<div class=\"col-md-4 \" >\n<div><img loading=\"lazy\" decoding=\"async\" class=\"alignnone wp-image-1559\" src=\"https:\/\/pembrokediocese.com\/wp-content\/uploads\/Diocese-Crest-1000-tight-238x300.png\" alt=\"\" width=\"159\" height=\"200\" srcset=\"https:\/\/pembrokediocese.com\/wp-content\/uploads\/Diocese-Crest-1000-tight-238x300.png 238w, https:\/\/pembrokediocese.com\/wp-content\/uploads\/Diocese-Crest-1000-tight-814x1024.png 814w, https:\/\/pembrokediocese.com\/wp-content\/uploads\/Diocese-Crest-1000-tight-768x966.png 768w, https:\/\/pembrokediocese.com\/wp-content\/uploads\/Diocese-Crest-1000-tight-958x1205.png 958w, https:\/\/pembrokediocese.com\/wp-content\/uploads\/Diocese-Crest-1000-tight.png 1000w\" sizes=\"(max-width: 159px) 100vw, 159px\" \/><\/div>\n<div class=\"pic\"><span style=\"font-size: 22px; font-weight: bold;\">Directeur<\/span><\/div>\n<div class=\"info\">\n<p class=\"name\">M. Patrick Sullivan<\/p>\n<p class=\"name\"><a href=\"tel:1-613-732-7933\"><i class=\"fa fa-phone\"><\/i> (613) 732-7933<\/a><\/p>\n<p><a class=\"login_pop\" href=\"mailto:family@pembrokediocese.com\"><i class=\"fa fa-envelope\"><\/i> Envoyer courriel<\/a><\/p>\n<\/div>\n<\/div>\n<\/div>\n<div class=\"info\">\n<hr \/>\n<\/div>\n<div class=\"col-md-4 \" >\n<p><a href=\"\/fr\/flymo\/mariage-et-famille\/\"><img loading=\"lazy\" decoding=\"async\" class=\"aligncenter wp-image-3285\" src=\"https:\/\/pembrokediocese.com\/wp-content\/uploads\/Family-1-300x300.png\" alt=\"\" width=\"200\" height=\"200\" srcset=\"https:\/\/pembrokediocese.com\/wp-content\/uploads\/Family-1-300x300.png 300w, https:\/\/pembrokediocese.com\/wp-content\/uploads\/Family-1-150x150.png 150w, https:\/\/pembrokediocese.com\/wp-content\/uploads\/Family-1-100x100.png 100w, https:\/\/pembrokediocese.com\/wp-content\/uploads\/Family-1-400x400.png 400w, https:\/\/pembrokediocese.com\/wp-content\/uploads\/Family-1-210x210.png 210w, https:\/\/pembrokediocese.com\/wp-content\/uploads\/Family-1.png 500w\" sizes=\"(max-width: 200px) 100vw, 200px\" \/><\/a><\/p>\n<h4 style=\"text-align: center;\">Mariage et famille<\/h4>\n<p style=\"text-align: center;\">Le mariage et la famille sont au coeur de l\u2019\u00c9glise. Le noyau de la famille est la pierre de construction de la soci\u00e9t\u00e9.\u00a0 <a href=\"http:\/\/www.vatican.va\/content\/john-paul-ii\/en\/homilies\/1986\/documents\/hf_jp-ii_hom_19861130_perth-australia.html\" target=\"_blank\" rel=\"noopener noreferrer\"><strong>\u00ab Comme va la famille, va la nation et va le monde entier dans lequel nous vivons. \u00bb<\/strong><\/a><\/p>\n<p>Saint Jean-Paul II<\/p>\n<p style=\"text-align: center;\"><a class=\"btn btn-info  \" href=\"\/fr\/flymo\/mariage-et-famille\/\" target=\"_self\" >Pour en savoir plus<\/a>\n<\/div>\n<div class=\"col-md-4 \" >\n<p><a href=\"\/fr\/flymo\/jeunesse\/\"><img loading=\"lazy\" decoding=\"async\" class=\"aligncenter wp-image-6206 size-medium\" src=\"https:\/\/pembrokediocese.com\/wp-content\/uploads\/teens-200x201.png\" alt=\"\" width=\"200\" height=\"201\" srcset=\"https:\/\/pembrokediocese.com\/wp-content\/uploads\/teens-200x201.png 200w, https:\/\/pembrokediocese.com\/wp-content\/uploads\/teens-150x150.png 150w, https:\/\/pembrokediocese.com\/wp-content\/uploads\/teens-100x100.png 100w, https:\/\/pembrokediocese.com\/wp-content\/uploads\/teens-400x400.png 400w, https:\/\/pembrokediocese.com\/wp-content\/uploads\/teens-210x210.png 210w, https:\/\/pembrokediocese.com\/wp-content\/uploads\/teens.png 500w\" sizes=\"(max-width: 200px) 100vw, 200px\" \/><\/a><\/p>\n<h4 style=\"text-align: center;\">Jeunesse<\/h4>\n<p style=\"text-align: center;\">Nous fournissons de la formation, des ressources, et un appui aux paroisses et aux familles qui s\u2019efforcent de donner des occasions aux jeunes de grandir dans leur foi et leur amour de l\u2019\u00c9glise catholique. Les jeunes sont le futur de l\u2019\u00c9glise.<\/p>\n<p style=\"text-align: center;\"><a class=\"btn btn-info  \" href=\"\/fr\/flymo\/jeunesse\/\" target=\"_self\" >Pour en savoir plus<\/a>\n<\/div>\n<div class=\"col-md-4 \" >\n<p><a href=\"\/fr\/flymo\/jeunes-adultes\/\"><img loading=\"lazy\" decoding=\"async\" class=\"aligncenter wp-image-2008 size-full\" src=\"https:\/\/pembrokediocese.com\/wp-content\/uploads\/Young-Adults.png\" alt=\"\" width=\"200\" height=\"200\" srcset=\"https:\/\/pembrokediocese.com\/wp-content\/uploads\/Young-Adults.png 200w, https:\/\/pembrokediocese.com\/wp-content\/uploads\/Young-Adults-150x150.png 150w, https:\/\/pembrokediocese.com\/wp-content\/uploads\/Young-Adults-100x100.png 100w\" sizes=\"(max-width: 200px) 100vw, 200px\" \/><\/a><\/p>\n<h4 style=\"text-align: center;\">Jeunes adultes<\/h4>\n<p style=\"text-align: center;\">Joignez-vous \u00e0 notre rencontre mensuelle (en anglais) \u00e0 l\u2019\u00e9difice dioc\u00e9sain, pour grandir dans votre foi avec des catholiques partageant les m\u00eames id\u00e9es. Nous explorons plusieurs sujets int\u00e9ressants pour les 18 \u00e0 35 ans.<\/p>\n<p style=\"text-align: center;\"><a class=\"btn btn-info  \" href=\"\/fr\/flymo\/jeunes-adultes\/\" target=\"_self\" >Pour en savoir plus<\/a>\n<\/div>\n<div class=\"col-md-3 \" ><\/div>\n","protected":false},"excerpt":{"rendered":"","protected":false},"author":1,"featured_media":0,"parent":0,"menu_order":0,"comment_status":"closed","ping_status":"closed","template":"","meta":{"_monsterinsights_skip_tracking":false,"_monsterinsights_sitenote_active":false,"_monsterinsights_sitenote_note":"","_monsterinsights_sitenote_category":0,"footnotes":"","_links_to":"","_links_to_target":""},"class_list":["post-1200","page","type-page","status-publish","hentry"],"post_mailing_queue_ids":[],"_links":{"self":[{"href":"https:\/\/pembrokediocese.com\/fr\/wp-json\/wp\/v2\/pages\/1200","targetHints":{"allow":["GET"]}}],"collection":[{"href":"https:\/\/pembrokediocese.com\/fr\/wp-json\/wp\/v2\/pages"}],"about":[{"href":"https:\/\/pembrokediocese.com\/fr\/wp-json\/wp\/v2\/types\/page"}],"author":[{"embeddable":true,"href":"https:\/\/pembrokediocese.com\/fr\/wp-json\/wp\/v2\/users\/1"}],"replies":[{"embeddable":true,"href":"https:\/\/pembrokediocese.com\/fr\/wp-json\/wp\/v2\/comments?post=1200"}],"version-history":[{"count":2,"href":"https:\/\/pembrokediocese.com\/fr\/wp-json\/wp\/v2\/pages\/1200\/revisions"}],"predecessor-version":[{"id":17366,"href":"https:\/\/pembrokediocese.com\/fr\/wp-json\/wp\/v2\/pages\/1200\/revisions\/17366"}],"wp:attachment":[{"href":"https:\/\/pembrokediocese.com\/fr\/wp-json\/wp\/v2\/media?parent=1200"}],"curies":[{"name":"wp","href":"https:\/\/api.w.org\/{rel}","templated":true}]}}