{"id":1202,"date":"2020-02-18T20:17:03","date_gmt":"2020-02-19T01:17:03","guid":{"rendered":"https:\/\/pembrokediocese.com\/?page_id=1202"},"modified":"2021-08-25T12:40:56","modified_gmt":"2021-08-25T16:40:56","slug":"bureau-de-la-formation-de-la-foi","status":"publish","type":"page","link":"https:\/\/pembrokediocese.com\/fr\/bureau-de-la-formation-de-la-foi\/","title":{"rendered":"Bureau de la formation de la foi"},"content":{"rendered":"<div class=\"info\">\n<div class=\"info\">\n<div class=\"col-md-8 \" >\n<h1>Bureau de la formation de la foi<\/h1>\n<h4>Bienvenue! Nous sommes heureux que vous soyez ici!<\/h4>\n<p>Le bureau de la formation de la foi et du d\u00e9veloppement en leadership est engag\u00e9 \u00e0 nourrir le peuple de Dieu et l\u2019aider dans son cheminement de foi \u00e0 rencontrer le Christ de fa\u00e7on active dans Sa Parole, dans Ses Sacrements, et \u00e0 partager ses dons joyeusement dans le service, le t\u00e9moignage et l\u2019\u00e9vang\u00e9lisation en apportant le Christ au monde d\u2019aujourd\u2019hui.<\/p>\n<h4>Nous sommes toujours l\u00e0 pour vous aider\u00a0:<\/h4>\n<p>Nous portons assistance aux pr\u00eates et aux diacres, aux agent(e)s de pastorale, aux religieux et religieuses et aux la\u00efques engag\u00e9s en partageant des ressources et en offrant une formation continue par des journ\u00e9es de formation de la foi et par des retraites dioc\u00e9saines.<\/p>\n<p>Nous collaborons aussi avec d\u2019autres dioc\u00e8ses, des communaut\u00e9s religieuses, des organismes d\u2019\u00e9ducation religieuse, des mouvements la\u00efques et des agences en partageant de l\u2019information, des \u00e9v\u00e9nements et des initiatives.<\/p>\n<p>Si vous avez des questions ou d\u00e9sirez en savoir plus sur notre bureau, veuillez communiquer avec nous.<\/p>\n<\/div>\n<div class=\"col-md-4 \" >\n<div><img loading=\"lazy\" decoding=\"async\" class=\"alignnone wp-image-1559\" src=\"https:\/\/pembrokediocese.com\/wp-content\/uploads\/Diocese-Crest-1000-tight-238x300.png\" alt=\"\" width=\"159\" height=\"200\" srcset=\"https:\/\/pembrokediocese.com\/wp-content\/uploads\/Diocese-Crest-1000-tight-238x300.png 238w, https:\/\/pembrokediocese.com\/wp-content\/uploads\/Diocese-Crest-1000-tight-814x1024.png 814w, https:\/\/pembrokediocese.com\/wp-content\/uploads\/Diocese-Crest-1000-tight-768x966.png 768w, https:\/\/pembrokediocese.com\/wp-content\/uploads\/Diocese-Crest-1000-tight-958x1205.png 958w, https:\/\/pembrokediocese.com\/wp-content\/uploads\/Diocese-Crest-1000-tight.png 1000w\" sizes=\"(max-width: 159px) 100vw, 159px\" \/><\/div>\n<div class=\"pic\"><span style=\"font-size: 22px; font-weight: bold;\">Directeur<\/span><\/div>\n<div class=\"info\">\n<p class=\"name\">M. le diacre Adrien Chaput<\/p>\n<p class=\"name\"><a href=\"tel:1-613-732-7933\"><i class=\"fa fa-phone\"><\/i> (613) 732-7933, poste 206<\/a><\/p>\n<p><a class=\"login_pop\" href=\"mailto:dcadrienchaput@pembrokediocese.com\"><i class=\"fa fa-envelope\"><\/i>\u00a0Envoyer courriel<\/a><\/p>\n<\/div>\n<\/div>\n<\/div>\n<div class=\"info\">\n<hr \/>\n<\/div>\n<div class=\"col-md-4 \" >\n<p><a href=\"\/faith-formation\/sacramental-preparation\/\"><img loading=\"lazy\" decoding=\"async\" class=\"aligncenter wp-image-1991 size-full\" src=\"https:\/\/pembrokediocese.com\/wp-content\/uploads\/Baptism.png\" alt=\"\" width=\"200\" height=\"200\" srcset=\"https:\/\/pembrokediocese.com\/wp-content\/uploads\/Baptism.png 200w, https:\/\/pembrokediocese.com\/wp-content\/uploads\/Baptism-150x150.png 150w, https:\/\/pembrokediocese.com\/wp-content\/uploads\/Baptism-100x100.png 100w\" sizes=\"(max-width: 200px) 100vw, 200px\" \/><\/a><\/p>\n<h4 style=\"text-align: center;\">Pr\u00e9paration sacramentelle<\/h4>\n<p style=\"text-align: center;\">Apprenez-en plus sur les sacrements\u00a0: signes visibles institu\u00e9s par le Christ pour conf\u00e9rer la gr\u00e2ce. Les sept sacrements sont\u00a0: le Bapt\u00eame, la Confirmation, l\u2019Eucharistie, la P\u00e9nitence, l\u2019Onction des malades, l\u2019Ordre et le Mariage.<\/p>\n<p style=\"text-align: center;\"><a class=\"btn btn-primary  \" href=\"\/fr\/faith-formation\/sacramental-preparation\/\" target=\"_self\" >Pour en savoir plus<\/a>\n<\/div>\n<div class=\"col-md-4 \" >\n<p><a href=\"\/faith-formation\/rcia\/\"><img loading=\"lazy\" decoding=\"async\" class=\"aligncenter wp-image-3620\" src=\"https:\/\/pembrokediocese.com\/wp-content\/uploads\/girl-praying-circle-300x300.png\" alt=\"\" width=\"200\" height=\"200\" srcset=\"https:\/\/pembrokediocese.com\/wp-content\/uploads\/girl-praying-circle-300x300.png 300w, https:\/\/pembrokediocese.com\/wp-content\/uploads\/girl-praying-circle-150x150.png 150w, https:\/\/pembrokediocese.com\/wp-content\/uploads\/girl-praying-circle-100x100.png 100w, https:\/\/pembrokediocese.com\/wp-content\/uploads\/girl-praying-circle-400x400.png 400w, https:\/\/pembrokediocese.com\/wp-content\/uploads\/girl-praying-circle-210x210.png 210w, https:\/\/pembrokediocese.com\/wp-content\/uploads\/girl-praying-circle.png 684w\" sizes=\"(max-width: 200px) 100vw, 200px\" \/><\/a><\/p>\n<h4 style=\"text-align: center;\">Devenir catholique \u2013 Rite d\u2019initiation chr\u00e9tienne<\/h4>\n<p style=\"text-align: center;\">Le Rite d\u2019initiation chr\u00e9tienne pour adultes est un cheminement par lequel les adultes apprennent et font l\u2019exp\u00e9rience de la vie chr\u00e9tienne, plus particuli\u00e8rement nos croyances et traditions catholiques et o\u00f9 ils sont initi\u00e9s dans la vie de l\u2019\u00c9glise.<\/p>\n<p style=\"text-align: center;\"><a class=\"btn btn-primary  \" href=\"\/fr\/faith-formation\/rcia\/\" target=\"_self\" >Pour en savoir plus<\/a>\n<\/div>\n<div class=\"col-md-4 \" >\n<p><a href=\"\/faith-formation\/adult-faith-formation\/\"><img loading=\"lazy\" decoding=\"async\" class=\"aligncenter wp-image-1993 size-full\" src=\"https:\/\/pembrokediocese.com\/wp-content\/uploads\/Bible-studying.png\" alt=\"\" width=\"200\" height=\"200\" srcset=\"https:\/\/pembrokediocese.com\/wp-content\/uploads\/Bible-studying.png 200w, https:\/\/pembrokediocese.com\/wp-content\/uploads\/Bible-studying-150x150.png 150w, https:\/\/pembrokediocese.com\/wp-content\/uploads\/Bible-studying-100x100.png 100w\" sizes=\"(max-width: 200px) 100vw, 200px\" \/><\/a><\/p>\n<h4 style=\"text-align: center;\">Formation de foi des adultes<\/h4>\n<p style=\"text-align: center;\">Nous voulons vous aider alors que vous grandissez en disciple du Christ. Nous offrons des occasions de d\u00e9veloppement spirituel par le biais de ressources informatives et \u00e9ducatives, par des formations, et par des retraites. Nous sommes l\u00e0 pour vous encourager et vous appuyer dans votre cheminement.<\/p>\n<p style=\"text-align: center;\"><a class=\"btn btn-primary  \" href=\"\/fr\/bureau-de-la-formation-de-la-foi\/formation-de-la-foi-des-adultes\/\" target=\"_self\" >Pour en savoir plus<\/a>\n<\/div>\n<\/div>\n","protected":false},"excerpt":{"rendered":"","protected":false},"author":1,"featured_media":0,"parent":0,"menu_order":0,"comment_status":"closed","ping_status":"closed","template":"","meta":{"_monsterinsights_skip_tracking":false,"_monsterinsights_sitenote_active":false,"_monsterinsights_sitenote_note":"","_monsterinsights_sitenote_category":0,"footnotes":"","_links_to":"","_links_to_target":""},"class_list":["post-1202","page","type-page","status-publish","hentry"],"post_mailing_queue_ids":[],"_links":{"self":[{"href":"https:\/\/pembrokediocese.com\/fr\/wp-json\/wp\/v2\/pages\/1202","targetHints":{"allow":["GET"]}}],"collection":[{"href":"https:\/\/pembrokediocese.com\/fr\/wp-json\/wp\/v2\/pages"}],"about":[{"href":"https:\/\/pembrokediocese.com\/fr\/wp-json\/wp\/v2\/types\/page"}],"author":[{"embeddable":true,"href":"https:\/\/pembrokediocese.com\/fr\/wp-json\/wp\/v2\/users\/1"}],"replies":[{"embeddable":true,"href":"https:\/\/pembrokediocese.com\/fr\/wp-json\/wp\/v2\/comments?post=1202"}],"version-history":[{"count":0,"href":"https:\/\/pembrokediocese.com\/fr\/wp-json\/wp\/v2\/pages\/1202\/revisions"}],"wp:attachment":[{"href":"https:\/\/pembrokediocese.com\/fr\/wp-json\/wp\/v2\/media?parent=1202"}],"curies":[{"name":"wp","href":"https:\/\/api.w.org\/{rel}","templated":true}]}}