{"id":1283,"date":"2015-01-30T05:33:58","date_gmt":"2015-01-30T05:33:58","guid":{"rendered":"https:\/\/pembrokediocese.com\/?page_id=1283"},"modified":"2025-08-28T10:29:56","modified_gmt":"2025-08-28T14:29:56","slug":"contact","status":"publish","type":"page","link":"https:\/\/pembrokediocese.com\/fr\/contact\/","title":{"rendered":"Contact"},"content":{"rendered":"<div class=\"col-md-3 \" data-appear-animation=\"bounceInRight\">\n<h4><strong>Adresse postale<\/strong><\/h4>\n<p><a href=\"https:\/\/goo.gl\/maps\/CHY1BetVhdj6SSgg6\" target=\"_blank\" rel=\"noopener\">284 Trafalgar Rd. Pembroke, Ontario K8A 5A8<\/a><\/p>\n<\/div>\n<div class=\"col-md-3 \" data-appear-animation=\"bounceInRight\">\n<h4><strong>T\u00e9l\u00e9phone<\/strong><\/h4>\n<p><a href=\"tel:16137327933\">(613) 732-7933<\/a><\/p>\n<\/div>\n<div class=\"col-md-3 \" data-appear-animation=\"bounceInRight\">\n<h4><strong>Facsimil\u00e9<\/strong><\/h4>\n<p>(613) 732-1679<\/p>\n<\/div>\n<div class=\"col-md-3 \" data-appear-animation=\"bounceInRight\">\n<h4><strong>Courriel<\/strong><\/h4>\n<p><a href=\"mailto:reception@pembrokediocese.com\">reception@pembrokediocese.com<\/a><\/p>\n<\/div>\n<hr \/>\n<h2><a href=\"https:\/\/pembrokediocese.com\/wp-content\/uploads\/IMG_9264-scaled.jpeg\"><img loading=\"lazy\" decoding=\"async\" class=\"wp-image-15661 alignright\" src=\"https:\/\/pembrokediocese.com\/wp-content\/uploads\/IMG_9264-scaled.jpeg\" alt=\"\" width=\"663\" height=\"373\" srcset=\"https:\/\/pembrokediocese.com\/wp-content\/uploads\/IMG_9264-scaled.jpeg 2560w, https:\/\/pembrokediocese.com\/wp-content\/uploads\/IMG_9264-200x113.jpeg 200w, https:\/\/pembrokediocese.com\/wp-content\/uploads\/IMG_9264-1024x576.jpeg 1024w, https:\/\/pembrokediocese.com\/wp-content\/uploads\/IMG_9264-768x432.jpeg 768w, https:\/\/pembrokediocese.com\/wp-content\/uploads\/IMG_9264-1536x864.jpeg 1536w, https:\/\/pembrokediocese.com\/wp-content\/uploads\/IMG_9264-2048x1152.jpeg 2048w, https:\/\/pembrokediocese.com\/wp-content\/uploads\/IMG_9264-958x539.jpeg 958w\" sizes=\"(max-width: 663px) 100vw, 663px\" \/><\/a><\/h2>\n<h2>Heures de travail<\/h2>\n<p><strong>Septembre &#8211; juin<br \/>\n<\/strong>Lundi au vendredi de 8h30 \u00e0 16h30<\/p>\n<p><strong>Juillet &#8211; ao\u00fbt<br \/>\n<\/strong>Lundi au jeudi de 9h \u00e0 16h00, le vendredi de 9h \u00e0 12h<\/p>\n<p><em>Ferm\u00e9 tous les jours de 12h \u00e0 13h.<\/em><\/p>\n<hr \/>\n<h2>Annuaire<\/h2>\n<div class=\"accordion\" id=\"accordionDirectory\">\n<div class=\"accordion-group panel\">\n<div class=\"accordion-heading accordionize\"> <a class=\"accordion-toggle \" data-toggle=\"collapse\" data-parent=\"#accordionDirectory\" href=\"#Directory0\"> Bureau de l\u2019\u00e9v\u00eaque <i class=\"fa fa-angle-down\"><\/i> <\/a> <\/div>\n<div id=\"Directory0\" class=\"accordion-body  collapse\">\n\t\t\t\t\t  <div class=\"accordion-inner\"> \n<p><strong>Michael Brehl<\/strong><\/p>\n<p><em>\u00c9v\u00eaque d\u00e9sign\u00e9<\/em><\/p>\n<p class=\"name\"><a href=\"tel:1-613-732-7933\"> (613) 732-7933<\/a><\/p>\n<p><a class=\"login_pop\" href=\"mailto:bishop@pembrokediocese.com\"><i class=\"fa fa-envelope\"><\/i> Envoyer courriel<\/a><\/p>\n<hr \/>\n<p><strong>Vacant<\/strong><\/p>\n<p><em>Secr\u00e9taire de l&rsquo;\u00e9v\u00eaque<\/em><\/p>\n<p class=\"name\"><a href=\"tel:1-613-732-7933\"><i class=\"fa fa-phone\"><\/i> (613) 732-7933, ext 201<\/a><\/p>\n<p><i class=\"fa fa-envelope\"><\/i> Envoyer courriel<\/p>\n <\/div>\n\t\t\t\t\t<\/div>\n<\/div>\n<div class=\"accordion-group panel\">\n<div class=\"accordion-heading accordionize\"> <a class=\"accordion-toggle \" data-toggle=\"collapse\" data-parent=\"#accordionDirectory\" href=\"#Directory1\"> Bureau du vicaire g\u00e9n\u00e9ral <i class=\"fa fa-angle-down\"><\/i> <\/a> <\/div>\n<div id=\"Directory1\" class=\"accordion-body  collapse\">\n\t\t\t\t\t  <div class=\"accordion-inner\"> \n<p><strong>R\u00e9v. Michael Smith\n<\/strong><\/p>\n<p><em>Vicaire g\u00e9n\u00e9ral<\/em><\/p>\n<p><a href=\"http:\/\/819 683 2056\">819 683 2056<\/a><\/p>\n<p><a href=\"vg@pembrokediocese.com\">vg@pembrokediocese.com<\/a><\/p>\n <\/div>\n\t\t\t\t\t<\/div>\n<\/div>\n<div class=\"accordion-group panel\">\n<div class=\"accordion-heading accordionize\"> <a class=\"accordion-toggle \" data-toggle=\"collapse\" data-parent=\"#accordionDirectory\" href=\"#Directory2\"> Bureau de la chancellerie <i class=\"fa fa-angle-down\"><\/i> <\/a> <\/div>\n<div id=\"Directory2\" class=\"accordion-body  collapse\">\n\t\t\t\t\t  <div class=\"accordion-inner\"> \n<p><strong>R\u00e9v. P\u00e8re G. Ryan Holly<\/strong><\/p>\n<p><em>Chancelier<\/em><\/p>\n<p class=\"name\"><a href=\"tel:1-613-732-7933\"><i class=\"fa fa-phone\"><\/i> (613) 732-7933, ext 217<\/a><\/p>\n<p><a class=\"login_pop\" href=\"mailto:chancellor@pembrokediocese.com\"><i class=\"fa fa-envelope\"><\/i> Envoyer courriel<\/a><\/p>\n <\/div>\n\t\t\t\t\t<\/div>\n<\/div>\n<div class=\"accordion-group panel\">\n<div class=\"accordion-heading accordionize\"> <a class=\"accordion-toggle \" data-toggle=\"collapse\" data-parent=\"#accordionDirectory\" href=\"#Directory3\"> Bureau <i class=\"fa fa-angle-down\"><\/i> <\/a> <\/div>\n<div id=\"Directory3\" class=\"accordion-body  collapse\">\n\t\t\t\t\t  <div class=\"accordion-inner\"> \n<div class=\"pic\"><strong>.<\/strong><\/div>\n<div><em>.<\/em><\/div>\n<div class=\"info\">\n<p class=\"name\">1 (613) 732-7933<\/p>\n<p><i class=\"fa fa-envelope\"><\/i><\/p>\n<\/div>\n <\/div>\n\t\t\t\t\t<\/div>\n<\/div>\n<div class=\"accordion-group panel\">\n<div class=\"accordion-heading accordionize\"> <a class=\"accordion-toggle \" data-toggle=\"collapse\" data-parent=\"#accordionDirectory\" href=\"#Directory4\"> Bureau du Tribunal matrimonial dioc\u00e9sain <i class=\"fa fa-angle-down\"><\/i> <\/a> <\/div>\n<div id=\"Directory4\" class=\"accordion-body  collapse\">\n\t\t\t\t\t  <div class=\"accordion-inner\"> \n<p><strong>R\u00e9v. P\u00e8re G. Ryan Holly<\/strong><\/p>\n<p><em>Vicaire judiciaire et responsable du Tribunal matrimonial dioc\u00e9sain<\/em><\/p>\n<p class=\"name\"><a href=\"tel:1-613-432-8525\"><i class=\"fa fa-phone\"><\/i> (613) 432-8525<\/a><\/p>\n<p><a class=\"login_pop\" href=\"mailto:bishop@pembrokediocese.com\"><i class=\"fa fa-envelope\"><\/i> Envoyer courriel<\/a><\/p>\n<hr \/>\n<p><strong>Mme Cathy Grahl<\/strong><\/p>\n<p><em>Notaire\/Secr\u00e9tair<\/em><\/p>\n<p class=\"name\"><a href=\"tel:1-613-732-7933\"><i class=\"fa fa-phone\"><\/i> (613) 732-7933, ext 205<\/a><\/p>\n<p><a class=\"login_pop\" href=\"mailto:bishop@pembrokediocese.com\"><i class=\"fa fa-envelope\"><\/i> Envoyer courriel<\/a><\/p>\n <\/div>\n\t\t\t\t\t<\/div>\n<\/div>\n<div class=\"accordion-group panel\">\n<div class=\"accordion-heading accordionize\"> <a class=\"accordion-toggle \" data-toggle=\"collapse\" data-parent=\"#accordionDirectory\" href=\"#Directory5\"> Bureau de la formation de la foi <i class=\"fa fa-angle-down\"><\/i> <\/a> <\/div>\n<div id=\"Directory5\" class=\"accordion-body  collapse\">\n\t\t\t\t\t  <div class=\"accordion-inner\"> \n<p><strong>R\u00e9v. M. Diacre Adrien Chaput<\/strong><\/p>\n<p><em>Directeur<\/em><\/p>\n<p class=\"name\"><a href=\"tel:1-613-732-7933\"><i class=\"fa fa-phone\"><\/i> (613) 732-7933, ext 206<\/a><\/p>\n<p><a class=\"login_pop\" href=\"mailto:dcadrienchaput@pembrokediocese.com\"><i class=\"fa fa-envelope\"><\/i> Envoyer courriel<\/a><\/p>\n <\/div>\n\t\t\t\t\t<\/div>\n<\/div>\n<div class=\"accordion-group panel\">\n<div class=\"accordion-heading accordionize\"> <a class=\"accordion-toggle \" data-toggle=\"collapse\" data-parent=\"#accordionDirectory\" href=\"#Directory6\"> Bureau du mariage, de la famille, de la jeunesse, et des jeunes adultes <i class=\"fa fa-angle-down\"><\/i> <\/a> <\/div>\n<div id=\"Directory6\" class=\"accordion-body  collapse\">\n\t\t\t\t\t  <div class=\"accordion-inner\"> \n<p><strong>Mr. Patrick Sullivan<\/strong><\/p>\n<p>Directrice<\/p>\n<p class=\"name\"><a href=\"tel:1-613-732-7933\"><i class=\"fa fa-phone\"><\/i> (613) 732-7933, ext 208<\/a><\/p>\n<p><a class=\"login_pop\" href=\"mailto:family@pembrokediocese.com\"><i class=\"fa fa-envelope\"><\/i> Envoyer courriel<\/a><\/p>\n <\/div>\n\t\t\t\t\t<\/div>\n<\/div>\n<div class=\"accordion-group panel\">\n<div class=\"accordion-heading accordionize\"> <a class=\"accordion-toggle \" data-toggle=\"collapse\" data-parent=\"#accordionDirectory\" href=\"#Directory7\"> Bureau de l\u2019administration et des finances <i class=\"fa fa-angle-down\"><\/i> <\/a> <\/div>\n<div id=\"Directory7\" class=\"accordion-body  collapse\">\n\t\t\t\t\t  <div class=\"accordion-inner\"> \n<p><strong>M. Matt Schooley<\/strong><\/p>\n<p><em>Administrateur des finances<\/em><\/p>\n<p class=\"name\"><a href=\"tel:1-613-732-7933\"><i class=\"fa fa-phone\"><\/i> (613) 732-7933, ext 207<\/a><\/p>\n<p><a class=\"login_pop\" href=\"mailto:mattschooley@pembrokediocese.com\"><i class=\"fa fa-envelope\"><\/i> Envoyer courriel<\/a><\/p>\n<hr \/>\n<p><strong>Vacant<\/strong><\/p>\n<p>Secr\u00e9taire<\/p>\n<p class=\"name\"><a href=\"tel:1-613-732-7933\"><i class=\"fa fa-phone\"><\/i> (613) 732-7933, ext 201<\/a><\/p>\n<p><i class=\"fa fa-envelope\"><\/i> Envoyer courriel<\/p>\n <\/div>\n\t\t\t\t\t<\/div>\n<\/div>\n<div class=\"accordion-group panel\">\n<div class=\"accordion-heading accordionize\"> <a class=\"accordion-toggle \" data-toggle=\"collapse\" data-parent=\"#accordionDirectory\" href=\"#Directory8\"> Bureau des vocations <i class=\"fa fa-angle-down\"><\/i> <\/a> <\/div>\n<div id=\"Directory8\" class=\"accordion-body  collapse\">\n\t\t\t\t\t  <div class=\"accordion-inner\"> \n<div class=\"pic\"><strong>R\u00e9v. M. Beachey\n<\/strong><\/div>\n<div><em>Directeur<\/em><\/div>\n<div class=\"info\">\n<p class=\"name\"><a href=\"tel:1-613-732-7933\"><i class=\"fa fa-phone\"><\/i>\u00a0(613) 732-7933<\/a><\/p>\n<p><a class=\"login_pop\" href=\"mailto:frbitsche@protonmail.com\"><i class=\"fa fa-envelope\"><\/i>\u00a0Envoyer courriel<\/a><\/p>\n<\/div>\n <\/div>\n\t\t\t\t\t<\/div>\n<\/div>\n<div class=\"accordion-group panel\">\n<div class=\"accordion-heading accordionize\"> <a class=\"accordion-toggle \" data-toggle=\"collapse\" data-parent=\"#accordionDirectory\" href=\"#Directory9\"> Bureau de la liturgie <i class=\"fa fa-angle-down\"><\/i> <\/a> <\/div>\n<div id=\"Directory9\" class=\"accordion-body  collapse\">\n\t\t\t\t\t  <div class=\"accordion-inner\"> \n<div class=\"pic\">\n<div class=\"pic\">\n<p class=\"name\"><strong>R\u00e9v. Michael Lund<\/strong><\/p>\n<p class=\"name\"><em>Directeur<\/em><\/p>\n<p class=\"name\"><a href=\"tel:1-613-649-2450\">(613) 649-2450<\/a><\/p>\n<p><a href=\"mailto:dco.parishes@outlook.com\">Envoyer courriel<\/a><\/p>\n<\/div>\n<div class=\"info\"><\/div>\n<\/div>\n<div class=\"info\"><\/div>\n <\/div>\n\t\t\t\t\t<\/div>\n<\/div>\n<div class=\"accordion-group panel\">\n<div class=\"accordion-heading accordionize\"> <a class=\"accordion-toggle \" data-toggle=\"collapse\" data-parent=\"#accordionDirectory\" href=\"#Directory10\"> Reception <i class=\"fa fa-angle-down\"><\/i> <\/a> <\/div>\n<div id=\"Directory10\" class=\"accordion-body  collapse\">\n\t\t\t\t\t  <div class=\"accordion-inner\"> \n<p><strong>Mme Donna Biggs<\/strong><\/p>\n<p><em>R\u00e9ceptionniste<\/em><\/p>\n<p class=\"name\"><a href=\"tel:1-613-732-7933\"><i class=\"fa fa-phone\"><\/i> (613) 732-7933<\/a><\/p>\n<p><a class=\"login_pop\" href=\"mailto:donnabiggs@pembrokediocese.com\"><i class=\"fa fa-envelope\"><\/i> Envoyer courriel<\/a><\/p>\n <\/div>\n\t\t\t\t\t<\/div>\n<\/div>\n<\/div>\n","protected":false},"excerpt":{"rendered":"<p>Heures de travail Septembre &#8211; juin Lundi au vendredi de 8h30 \u00e0 16h30 Juillet &#8211; ao\u00fbt Lundi au jeudi de 9h \u00e0 16h00, le vendredi de 9h \u00e0 12h Ferm\u00e9 tous les jours de 12h \u00e0 13h. Annuaire<\/p>\n","protected":false},"author":1,"featured_media":0,"parent":0,"menu_order":0,"comment_status":"open","ping_status":"open","template":"","meta":{"_monsterinsights_skip_tracking":false,"_monsterinsights_sitenote_active":false,"_monsterinsights_sitenote_note":"","_monsterinsights_sitenote_category":0,"footnotes":"","_links_to":"","_links_to_target":""},"class_list":["post-1283","page","type-page","status-publish","hentry"],"post_mailing_queue_ids":[],"_links":{"self":[{"href":"https:\/\/pembrokediocese.com\/fr\/wp-json\/wp\/v2\/pages\/1283","targetHints":{"allow":["GET"]}}],"collection":[{"href":"https:\/\/pembrokediocese.com\/fr\/wp-json\/wp\/v2\/pages"}],"about":[{"href":"https:\/\/pembrokediocese.com\/fr\/wp-json\/wp\/v2\/types\/page"}],"author":[{"embeddable":true,"href":"https:\/\/pembrokediocese.com\/fr\/wp-json\/wp\/v2\/users\/1"}],"replies":[{"embeddable":true,"href":"https:\/\/pembrokediocese.com\/fr\/wp-json\/wp\/v2\/comments?post=1283"}],"version-history":[{"count":28,"href":"https:\/\/pembrokediocese.com\/fr\/wp-json\/wp\/v2\/pages\/1283\/revisions"}],"predecessor-version":[{"id":17868,"href":"https:\/\/pembrokediocese.com\/fr\/wp-json\/wp\/v2\/pages\/1283\/revisions\/17868"}],"wp:attachment":[{"href":"https:\/\/pembrokediocese.com\/fr\/wp-json\/wp\/v2\/media?parent=1283"}],"curies":[{"name":"wp","href":"https:\/\/api.w.org\/{rel}","templated":true}]}}