{"id":13424,"date":"2023-11-02T19:06:51","date_gmt":"2023-11-02T23:06:51","guid":{"rendered":"https:\/\/pembrokediocese.com\/eveque\/guy-desrochers\/"},"modified":"2023-11-02T19:42:09","modified_gmt":"2023-11-02T23:42:09","slug":"guy-desrochers","status":"publish","type":"page","link":"https:\/\/pembrokediocese.com\/fr\/eveque\/guy-desrochers\/","title":{"rendered":"Monseigneur Guy Desrochers, C.Ss.R."},"content":{"rendered":"\n<p>Lire : <a href=\"\/fr\/chronique-de-mgr-guy\">Chroniques de Mgr Guy<\/a><\/p>\n\n\n\n<h3 class=\"wp-block-heading\">Biographie<\/h3>\n\n\n<div class=\"wp-block-image\">\n<figure class=\"alignleft\"><img loading=\"lazy\" decoding=\"async\" width=\"320\" height=\"350\" src=\"https:\/\/pembrokediocese.com\/wp-content\/uploads\/Bishop-Desrochers-Blue-Background-with-Choir-Dress-e1588782523962.jpg\" alt=\"\" class=\"wp-image-3779\" srcset=\"https:\/\/pembrokediocese.com\/wp-content\/uploads\/Bishop-Desrochers-Blue-Background-with-Choir-Dress-e1588782523962.jpg 320w, https:\/\/pembrokediocese.com\/wp-content\/uploads\/Bishop-Desrochers-Blue-Background-with-Choir-Dress-e1588782523962-274x300.jpg 274w\" sizes=\"(max-width: 320px) 100vw, 320px\" \/><\/figure><\/div>\n\n\n<p><strong>N\u00e9 :<\/strong>&nbsp;23 May 1956<strong><br><strong>Ordonn\u00e9 pr\u00eatre<\/strong><\/strong> <strong>:<\/strong>&nbsp;7 jan 1989<br><strong><strong>Nomm\u00e9<\/strong> \u00c9v\u00eaque auxiliaire d&rsquo;Alexandria-Cornwall et nomm\u00e9&nbsp;\u00c9v\u00eaque titulaire de Melzi<\/strong> <strong>:<\/strong> 12 d\u00e9c 2018<br><strong>Ordonn\u00e9 \u00e9v\u00eaque<\/strong> <strong>:<\/strong> 22 f\u00e9v 2019<br><strong><strong><strong>Nomm\u00e9<\/strong> \u00c9v\u00eaque<\/strong> de Pembroke :<\/strong>&nbsp;6 mai 2020<br><strong>Install\u00e9e <strong><strong>\u00c9v\u00eaque<\/strong> de Pembroke<\/strong><\/strong> <strong>:<\/strong>&nbsp;3 jul 2020<br><strong>Nomm\u00e9 Archev\u00eaque de Moncton<\/strong> <strong>:<\/strong> 8 jul 2023<br><strong><strong><strong>Install\u00e9e<\/strong> Archev\u00eaque de Moncton<\/strong><\/strong> <strong>:<\/strong> 8 oct 2023<\/p>\n\n\n\n<p>Mgr Desrochers est n\u00e9 en 1956 dans le secteur de Hull \u00e0 Gatineau (Qu\u00e9bec). Apr\u00e8s ses \u00e9tudes secondaires, il est entr\u00e9 au coll\u00e8ge Algonquin d\u2019Ottawa o\u00f9 des \u00e9tudes en beaux-arts et en art commercial l\u2019ont pr\u00e9par\u00e9 \u00e0 travailler comme graphiste pendant sept ans au quotidien fran\u00e7ais d\u2019Ottawa, Le Droit.<\/p>\n\n\n\n<p>Sa vocation l\u2019a ensuite conduit \u00e0 la Congr\u00e9gation du Tr\u00e8s-Saint-R\u00e9dempteur (les R\u00e9demptoristes) o\u00f9 il a \u00e9t\u00e9 ordonn\u00e9 pr\u00eatre en 1989.<\/p>\n\n\n\n<p>Apr\u00e8s son ordination, il a collabor\u00e9 \u00e0 une mission d\u2019\u00e9vang\u00e9lisation dans la r\u00e9gion de Gasp\u00e9, au Qu\u00e9bec. Il a ensuite servi pendant plusieurs ann\u00e9es comme recteur de l\u2019ancien monast\u00e8re des R\u00e9demptoristes \u00e0 Aylmer-Gatineau, avant d\u2019\u00eatre nomm\u00e9 au Sanctuaire de Sainte-Anne-de-Beaupr\u00e9. Apr\u00e8s avoir \u00e9t\u00e9 bri\u00e8vement sup\u00e9rieur d\u2019une maison de retraite des R\u00e9demptoristes pr\u00e8s de la ville de Qu\u00e9bec, il est retourn\u00e9 \u00e0 Sainte-Anne-de-Beaupr\u00e9 en tant que directeur des Annales de Sainte-Anne, poste qu\u2019il a occup\u00e9 pendant trois ans. En juillet 2011, il est devenu recteur de la Basilique de Sainte-Anne-de-Beaupr\u00e9. Il a consacr\u00e9 une partie de son temps \u00e0 pr\u00eacher des retraites un peu partout en Am\u00e9rique du Nord et, en juin 2015, il a repris ce minist\u00e8re tout en \u00e9tant directeur des vocations chez les R\u00e9demptoristes.<\/p>\n\n\n\n<p>Il a \u00e9t\u00e9 nomm\u00e9 \u00e9v\u00eaque auxiliaire au dioc\u00e8se d\u2019Alexandria-Cornwall le 12 d\u00e9cembre 2018 et ordonn\u00e9 \u00e0 l\u2019\u00e9piscopat \u00e0 Alexandria le 22 f\u00e9vrier 2019. Mgr Desrochers a collabor\u00e9 \u00e9troitement avec Mgr Terrence Prendergast, S.J., alors \u00e9v\u00eaque du dioc\u00e8se d\u2019Alexandria-Cornwall et archev\u00eaque d\u2019Ottawa; les deux dioc\u00e8ses ont ensuite \u00e9t\u00e9 unis<em>&nbsp;in persona episcopi<\/em>.<\/p>\n\n\n\n<p>Le 6 mai 2020, Sa Saintet\u00e9 le pape Fran\u00e7ois a nomm\u00e9 Mgr Guy Desrochers \u00e9v\u00eaque du dioc\u00e8se de Pembroke.<\/p>\n\n\n\n<h3 class=\"wp-block-heading\">Armoiries<\/h3>\n\n\n<div class=\"wp-block-image\">\n<figure class=\"alignleft\"><a href=\"https:\/\/pembrokediocese.com\/wp-content\/uploads\/DesrochersGuy_Arms-large.png\"><img loading=\"lazy\" decoding=\"async\" width=\"262\" height=\"300\" src=\"https:\/\/pembrokediocese.com\/wp-content\/uploads\/DesrochersGuy_Arms-small-262x300.png\" alt=\"\" class=\"wp-image-3869\" srcset=\"https:\/\/pembrokediocese.com\/wp-content\/uploads\/DesrochersGuy_Arms-small-262x300.png 262w, https:\/\/pembrokediocese.com\/wp-content\/uploads\/DesrochersGuy_Arms-small.png 500w\" sizes=\"(max-width: 262px) 100vw, 262px\" \/><\/a><\/figure><\/div>\n\n\n<p>Le blason comprend les symboles h\u00e9raldiques officiels&nbsp; de&nbsp; la fonction \u00e9piscopale : un&nbsp;chapeau de sinople, ou&nbsp; \u00e0 chapeau eccl\u00e9siastique, vert d\u2019o\u00f9 pendent six glands de&nbsp; &nbsp;chaque c\u00f4t\u00e9, pos\u00e9 sur une croix processionnelle de&nbsp; couleur or.&nbsp;<\/p>\n\n\n\n<p>En haut, sur la partie gauche du blason, il y a une coquille,&nbsp; symbole traditionnel des p\u00e8lerins. Pour Mgr Desrochers ce symbole est particuli\u00e8rement important puisqu\u2019il est rattach\u00e9 au sanctuaire Sainte-Anne-de-Beaupr\u00e9, un des plus importants centres de p\u00e8lerinages d\u00e9di\u00e9s \u00e0 sainte Anne dans le monde. La coquille repr\u00e9sente \u00e9galement le bapt\u00eame chr\u00e9tien, porte d\u2019entr\u00e9e dans notre p\u00e8lerinage vers la vie \u00e9ternelle.<\/p>\n\n\n\n<p>En haut, sur la partie droite du blason, on aper\u00e7oit les initiales de la bienheureuse Vierge Marie, celle que Mgr Desrochers consid\u00e8re \u00eatre son principal soutien dans son minist\u00e8re et sa vie spirituelle. Comme pr\u00e9dicateur, Mgr Desrochers a toujours pr\u00e9vu une veille de pri\u00e8re \u00e0 Marie au cours de ses s\u00e9jours en mission afin de la faire mieux conna\u00eetre et aimer.<\/p>\n\n\n\n<p>La Bible et l\u2019\u00e9p\u00e9e, en bas, dans la partie gauche du blason, repr\u00e9sentent son premier appel \u00e0 la pr\u00eatrise, son appel \u00e0 proclamer la Parole de Dieu au sein de la communaut\u00e9 des R\u00e9demptoristes.<\/p>\n\n\n\n<p>Dans le domaine spirituel, l\u2019\u00e9p\u00e9e repr\u00e9sente la Parole et la Toute-puissance de Dieu. Elle traverse les t\u00e9n\u00e8bres de l\u2019ignorance et lib\u00e8re le peuple des pouvoirs du mal. Elle est symbole du combat que vie toute personne dans son for int\u00e9rieur\u2014une lutte entre l\u2019esprit et la chair\u2014combat que l\u2019esprit se doit d\u2019emporter pour atteindre le Royaume de Dieu.<\/p>\n\n\n\n<p>Dans la partie du bas, \u00e0 droite, on retrouve les armoiries de la communaut\u00e9 des R\u00e9demptoristes, congr\u00e9gation \u00e0 laquelle Mgr Desrochers s\u2019est joint en 1983\u2014un ordre de pr\u00eacheurs fond\u00e9 par saint Alphonse de Liguori qui a pour mission de porter l\u2019amour salvifique de Dieu \u00e0 toutes les nations en proclamant le message de l\u2019\u00c9vangile.<\/p>\n\n\n\n<p>Une grande croix blanche se dresse d\u2019un bout \u00e0 l\u2019autre du bouclier situ\u00e9 au centre du blason. Cette croix, avec l\u2019Esprit Saint en son centre, repr\u00e9sente la R\u00e9surrection. \u00c0 l\u2019int\u00e9rieur de cette croix lumineuse, le vert repr\u00e9sente l\u2019esp\u00e9rance et la vie que nous a apport\u00e9es la croix et le cercle repr\u00e9sente l\u2019Eucharistie.<\/p>\n\n\n\n<p>De l\u2019eau et du sang se sont \u00e9coul\u00e9s du c\u00f4t\u00e9 et du c\u0153ur de J\u00e9sus alors qu\u2019il \u00e9tait clou\u00e9 sur la croix. Ce sont les symboles de la vie \u00e9ternelle (Esprit Saint) qui nous sont donn\u00e9s \u00e0 travers le sacrement de l\u2019Eucharistie (sang), duquel d\u00e9coulent tous les autres sacrements de l\u2019\u00c9glise (eau).<\/p>\n\n\n\n<p>Le fond rouge repr\u00e9sente l\u2019Esprit Saint venu parmi nous le jour de la Pentec\u00f4te et le sang sanctifiant de notre Sauveur.<\/p>\n\n\n\n<p>Le fond bleu repr\u00e9sente la Vierge Marie dans la tradition chr\u00e9tienne. Couleur du ciel, le bleu repr\u00e9sente le Royaume auquel nous convient le Verbe fait chair et sa bienheureuse M\u00e8re.<\/p>\n\n\n\n<h3 class=\"wp-block-heading\">La devise<\/h3>\n\n\n\n<p>La devise de Mgr Desrochers Praedica Verbum (Proclame la Parole), Mgr Desrochers la tient depuis les premiers jours de sa conversion alors qu\u2019il \u00e9tait dans la vingtaine. C\u2019est l\u2019appel int\u00e9rieur qu\u2019il a re\u00e7u de Dieu alors qu\u2019il se pr\u00e9parait \u00e0 devenir pr\u00eatre, la mission divine \u00e0 laquelle il participe maintenant en tant qu\u2019\u00e9v\u00eaque.&nbsp;<\/p>\n","protected":false},"excerpt":{"rendered":"<p>Lire : Chroniques de Mgr Guy Biographie N\u00e9 :&nbsp;23 May 1956Ordonn\u00e9 pr\u00eatre :&nbsp;7 jan 1989Nomm\u00e9 \u00c9v\u00eaque auxiliaire d&rsquo;Alexandria-Cornwall et nomm\u00e9&nbsp;\u00c9v\u00eaque titulaire de Melzi : 12 d\u00e9c 2018Ordonn\u00e9 \u00e9v\u00eaque : 22 f\u00e9v 2019Nomm\u00e9 \u00c9v\u00eaque de Pembroke :&nbsp;6 mai 2020Install\u00e9e \u00c9v\u00eaque de Pembroke :&nbsp;3 jul 2020Nomm\u00e9 Archev\u00eaque de Moncton : 8 jul 2023Install\u00e9e Archev\u00eaque de Moncton : 8 oct 2023 Mgr Desrochers est n\u00e9 en 1956 dans le secteur de Hull \u00e0 Gatineau (Qu\u00e9bec). Apr\u00e8s ses \u00e9tudes secondaires, il est entr\u00e9 au coll\u00e8ge Algonquin d\u2019Ottawa o\u00f9 des \u00e9tudes en beaux-arts et en art commercial l\u2019ont pr\u00e9par\u00e9 \u00e0 travailler comme graphiste pendant sept ans au quotidien fran\u00e7ais d\u2019Ottawa, Le Droit. Sa vocation l\u2019a ensuite conduit \u00e0 la Congr\u00e9gation du Tr\u00e8s-Saint-R\u00e9dempteur (les R\u00e9demptoristes) o\u00f9 il a \u00e9t\u00e9 ordonn\u00e9 pr\u00eatre en 1989. Apr\u00e8s son ordination, il a collabor\u00e9 \u00e0 une mission d\u2019\u00e9vang\u00e9lisation dans la r\u00e9gion de Gasp\u00e9, au Qu\u00e9bec. Il a ensuite servi pendant plusieurs ann\u00e9es comme recteur de l\u2019ancien monast\u00e8re des R\u00e9demptoristes \u00e0 Aylmer-Gatineau, avant d\u2019\u00eatre nomm\u00e9 au Sanctuaire de Sainte-Anne-de-Beaupr\u00e9. Apr\u00e8s avoir \u00e9t\u00e9 bri\u00e8vement sup\u00e9rieur d\u2019une maison de retraite des R\u00e9demptoristes pr\u00e8s de la ville de Qu\u00e9bec, il est retourn\u00e9 \u00e0 Sainte-Anne-de-Beaupr\u00e9 en tant que directeur des Annales de Sainte-Anne, poste qu\u2019il a occup\u00e9 pendant trois ans. En juillet 2011, il est devenu recteur de la Basilique de Sainte-Anne-de-Beaupr\u00e9. Il a consacr\u00e9 une partie de son temps \u00e0 pr\u00eacher des retraites un peu partout en Am\u00e9rique du Nord et, en juin 2015, il a repris ce minist\u00e8re tout en \u00e9tant directeur des vocations chez les R\u00e9demptoristes. Il a \u00e9t\u00e9 nomm\u00e9 \u00e9v\u00eaque auxiliaire au dioc\u00e8se d\u2019Alexandria-Cornwall le 12 d\u00e9cembre 2018 et ordonn\u00e9 \u00e0 l\u2019\u00e9piscopat \u00e0 Alexandria le 22 f\u00e9vrier 2019. Mgr Desrochers a collabor\u00e9 \u00e9troitement avec Mgr Terrence Prendergast, S.J., alors \u00e9v\u00eaque du dioc\u00e8se d\u2019Alexandria-Cornwall et archev\u00eaque d\u2019Ottawa; les deux dioc\u00e8ses ont ensuite \u00e9t\u00e9 unis&nbsp;in persona episcopi. Le 6 mai 2020, Sa Saintet\u00e9 le pape Fran\u00e7ois a nomm\u00e9 Mgr Guy Desrochers \u00e9v\u00eaque du dioc\u00e8se de Pembroke. Armoiries Le blason comprend les symboles h\u00e9raldiques officiels&nbsp; de&nbsp; la fonction \u00e9piscopale : un&nbsp;chapeau de sinople, ou&nbsp; \u00e0 chapeau eccl\u00e9siastique, vert d\u2019o\u00f9 pendent six glands de&nbsp; &nbsp;chaque c\u00f4t\u00e9, pos\u00e9 sur une croix processionnelle de&nbsp; couleur or.&nbsp; En haut, sur la partie gauche du blason, il y a une coquille,&nbsp; symbole traditionnel des p\u00e8lerins. Pour Mgr Desrochers ce symbole est particuli\u00e8rement important puisqu\u2019il est rattach\u00e9 au sanctuaire Sainte-Anne-de-Beaupr\u00e9, un des plus importants centres de p\u00e8lerinages d\u00e9di\u00e9s \u00e0 sainte Anne dans le monde. La coquille repr\u00e9sente \u00e9galement le bapt\u00eame chr\u00e9tien, porte d\u2019entr\u00e9e dans notre p\u00e8lerinage vers la vie \u00e9ternelle. En haut, sur la partie droite du blason, on aper\u00e7oit les initiales de la bienheureuse Vierge Marie, celle que Mgr Desrochers consid\u00e8re \u00eatre son principal soutien dans son minist\u00e8re et sa vie spirituelle. Comme pr\u00e9dicateur, Mgr Desrochers a toujours pr\u00e9vu une veille de pri\u00e8re \u00e0 Marie au cours de ses s\u00e9jours en mission afin de la faire mieux conna\u00eetre et aimer. La Bible et l\u2019\u00e9p\u00e9e, en bas, dans la partie gauche du blason, repr\u00e9sentent son premier appel \u00e0 la pr\u00eatrise, son appel \u00e0 proclamer la Parole de Dieu au sein de la communaut\u00e9 des R\u00e9demptoristes. Dans le domaine spirituel, l\u2019\u00e9p\u00e9e repr\u00e9sente [&hellip;]<\/p>\n","protected":false},"author":1,"featured_media":0,"parent":1176,"menu_order":0,"comment_status":"closed","ping_status":"closed","template":"","meta":{"_monsterinsights_skip_tracking":false,"_monsterinsights_sitenote_active":false,"_monsterinsights_sitenote_note":"","_monsterinsights_sitenote_category":0,"footnotes":"","_links_to":"","_links_to_target":""},"class_list":["post-13424","page","type-page","status-publish","hentry"],"post_mailing_queue_ids":[],"_links":{"self":[{"href":"https:\/\/pembrokediocese.com\/fr\/wp-json\/wp\/v2\/pages\/13424","targetHints":{"allow":["GET"]}}],"collection":[{"href":"https:\/\/pembrokediocese.com\/fr\/wp-json\/wp\/v2\/pages"}],"about":[{"href":"https:\/\/pembrokediocese.com\/fr\/wp-json\/wp\/v2\/types\/page"}],"author":[{"embeddable":true,"href":"https:\/\/pembrokediocese.com\/fr\/wp-json\/wp\/v2\/users\/1"}],"replies":[{"embeddable":true,"href":"https:\/\/pembrokediocese.com\/fr\/wp-json\/wp\/v2\/comments?post=13424"}],"version-history":[{"count":4,"href":"https:\/\/pembrokediocese.com\/fr\/wp-json\/wp\/v2\/pages\/13424\/revisions"}],"predecessor-version":[{"id":13437,"href":"https:\/\/pembrokediocese.com\/fr\/wp-json\/wp\/v2\/pages\/13424\/revisions\/13437"}],"up":[{"embeddable":true,"href":"https:\/\/pembrokediocese.com\/fr\/wp-json\/wp\/v2\/pages\/1176"}],"wp:attachment":[{"href":"https:\/\/pembrokediocese.com\/fr\/wp-json\/wp\/v2\/media?parent=13424"}],"curies":[{"name":"wp","href":"https:\/\/api.w.org\/{rel}","templated":true}]}}