{"id":14229,"date":"2024-03-15T10:40:29","date_gmt":"2024-03-15T14:40:29","guid":{"rendered":"https:\/\/pembrokediocese.com\/?page_id=14229"},"modified":"2024-03-15T10:40:29","modified_gmt":"2024-03-15T14:40:29","slug":"evangelisateur-de-temoins-personnels","status":"publish","type":"page","link":"https:\/\/pembrokediocese.com\/fr\/evangelisateur-de-temoins-personnels\/","title":{"rendered":"\u00c9vang\u00e9lisateur de t\u00e9moins personnels"},"content":{"rendered":"<p><a href=\"https:\/\/pembrokediocese.com\/wp-content\/uploads\/fr-temoignage-1.pdf\">Cliquer ici pour t\u00e9l\u00e9charger le fichier<\/a><\/p>\n<a href=\"https:\/\/pembrokediocese.com\/wp-content\/uploads\/fr-temoignage-1.pdf\" class=\"pdfemb-viewer\" style=\"\" data-width=\"max\" data-height=\"max\" data-toolbar=\"bottom\" data-toolbar-fixed=\"off\">fr-temoignage<\/a>\n","protected":false},"excerpt":{"rendered":"<p>Cliquer ici pour t\u00e9l\u00e9charger le fichier<\/p>\n","protected":false},"author":5,"featured_media":0,"parent":0,"menu_order":0,"comment_status":"closed","ping_status":"closed","template":"","meta":{"_monsterinsights_skip_tracking":false,"_monsterinsights_sitenote_active":false,"_monsterinsights_sitenote_note":"","_monsterinsights_sitenote_category":0,"footnotes":"","_links_to":"","_links_to_target":""},"class_list":["post-14229","page","type-page","status-publish","hentry"],"post_mailing_queue_ids":[],"_links":{"self":[{"href":"https:\/\/pembrokediocese.com\/fr\/wp-json\/wp\/v2\/pages\/14229","targetHints":{"allow":["GET"]}}],"collection":[{"href":"https:\/\/pembrokediocese.com\/fr\/wp-json\/wp\/v2\/pages"}],"about":[{"href":"https:\/\/pembrokediocese.com\/fr\/wp-json\/wp\/v2\/types\/page"}],"author":[{"embeddable":true,"href":"https:\/\/pembrokediocese.com\/fr\/wp-json\/wp\/v2\/users\/5"}],"replies":[{"embeddable":true,"href":"https:\/\/pembrokediocese.com\/fr\/wp-json\/wp\/v2\/comments?post=14229"}],"version-history":[{"count":1,"href":"https:\/\/pembrokediocese.com\/fr\/wp-json\/wp\/v2\/pages\/14229\/revisions"}],"predecessor-version":[{"id":14230,"href":"https:\/\/pembrokediocese.com\/fr\/wp-json\/wp\/v2\/pages\/14229\/revisions\/14230"}],"wp:attachment":[{"href":"https:\/\/pembrokediocese.com\/fr\/wp-json\/wp\/v2\/media?parent=14229"}],"curies":[{"name":"wp","href":"https:\/\/api.w.org\/{rel}","templated":true}]}}