{"id":15676,"date":"2024-11-12T21:16:58","date_gmt":"2024-11-13T02:16:58","guid":{"rendered":"https:\/\/pembrokediocese.com\/?page_id=15676"},"modified":"2025-03-04T15:48:36","modified_gmt":"2025-03-04T20:48:36","slug":"jubile-2025","status":"publish","type":"page","link":"https:\/\/pembrokediocese.com\/fr\/jubile-2025\/","title":{"rendered":"Jubil\u00e9 2025"},"content":{"rendered":"<p><a href=\"https:\/\/pembrokediocese.com\/wp-content\/uploads\/fr-jubilee2025-logo.png\"><img loading=\"lazy\" decoding=\"async\" class=\"wp-image-15681 alignleft\" src=\"https:\/\/pembrokediocese.com\/wp-content\/uploads\/fr-jubilee2025-logo.png\" alt=\"\" width=\"264\" height=\"265\" srcset=\"https:\/\/pembrokediocese.com\/wp-content\/uploads\/fr-jubilee2025-logo.png 562w, https:\/\/pembrokediocese.com\/wp-content\/uploads\/fr-jubilee2025-logo-200x201.png 200w, https:\/\/pembrokediocese.com\/wp-content\/uploads\/fr-jubilee2025-logo-150x150.png 150w, https:\/\/pembrokediocese.com\/wp-content\/uploads\/fr-jubilee2025-logo-100x100.png 100w, https:\/\/pembrokediocese.com\/wp-content\/uploads\/fr-jubilee2025-logo-400x400.png 400w, https:\/\/pembrokediocese.com\/wp-content\/uploads\/fr-jubilee2025-logo-210x210.png 210w\" sizes=\"(max-width: 264px) 100vw, 264px\" \/><\/a><\/p>\n<p>Le Jubil\u00e9 2025 a \u00e9t\u00e9 officiellement ouvert\u00a0 <strong>le 24 d\u00e9cembre 2024 \u00e0 19 heures<\/strong>, avec le rite d\u2019Ouverture de la Porte Sainte de la Basilique Papale Saint Pierre par le Saint P\u00e8re, qui, aussit\u00f4t apr\u00e8s, pr\u00e9sida la c\u00e9l\u00e9bration de la Sainte Messe de la Nuit de No\u00ebl \u00e0 l\u2019int\u00e9rieur de la Basilique. Voici le site officiel du Jubil\u00e9: <a href=\"https:\/\/www.iubilaeum2025.va\/fr.html\">https:\/\/www.iubilaeum2025.va\/fr.html.<\/a><\/p>\n<p>Un jubil\u00e9 est un temps particulier o\u00f9 la Porte Sainte est ouverte pour inviter chacun et chacune \u00e0 vivre l&rsquo;amour de Dieu et l&rsquo;esp\u00e9rance du salut. Le Jubil\u00e9 est traditionnellement li\u00e9 aux p\u00e8lerinages, moments de red\u00e9couverte du sens de la vie, o\u00f9 l&rsquo;on peut exp\u00e9rimenter le pardon et le renouveau spirituel. Le sacrement de la Confession, \u00e9tape essentielle sur le chemin de la conversion, est mis en avant comme point de d\u00e9part pour retrouver l&rsquo;esp\u00e9rance. Puisse ce Jubil\u00e9 \u00eatre l&rsquo;occasion de vivre le pardon de Dieu et de l&rsquo;\u00e9tendre aux autres.<\/p>\n<p><strong>Une indulgence<\/strong> est li\u00e9e au Jubil\u00e9 2025. Pour en savoir d&rsquo;avantage, veuillez consulter :<\/p>\n<p><a href=\"https:\/\/pembrokediocese.com\/fr\/article\/jubile-2025-indulgence-fr\/\"><img loading=\"lazy\" decoding=\"async\" width=\"200\" height=\"97\" class=\"aligncenter size-medium wp-image-16385\" src=\"https:\/\/pembrokediocese.com\/wp-content\/uploads\/Indulgence-Jubile-FR-200x97.jpg\" alt=\"\" srcset=\"https:\/\/pembrokediocese.com\/wp-content\/uploads\/Indulgence-Jubile-FR-200x97.jpg 200w, https:\/\/pembrokediocese.com\/wp-content\/uploads\/Indulgence-Jubile-FR-1024x495.jpg 1024w, https:\/\/pembrokediocese.com\/wp-content\/uploads\/Indulgence-Jubile-FR-768x372.jpg 768w, https:\/\/pembrokediocese.com\/wp-content\/uploads\/Indulgence-Jubile-FR-958x464.jpg 958w, https:\/\/pembrokediocese.com\/wp-content\/uploads\/Indulgence-Jubile-FR.jpg 1240w\" sizes=\"(max-width: 200px) 100vw, 200px\" \/><\/a><\/p>\n<p>&nbsp;<\/p>\n<p>&nbsp;<\/p>\n<h2 style=\"text-align: center;\"><b>Calendrier des Grands \u00c9v\u00e8nements<\/b><\/h2>\n<p><b>\u00a024 d\u00e9cembre 2024 : <\/b><a href=\"https:\/\/www.iubilaeum2025.va\/fr\/pellegrinaggio\/calendario-giubileo\/GrandiEventi\/Apertura-Porta-Santa-di-San-Pietro.html\"><span style=\"font-weight: 400;\">Ouverture Porte Sainte de la Basilique Saint Pierre\u00a0<\/span><\/a><\/p>\n<p><b>\u00a026 d\u00e9cembre 2024 : <\/b><a href=\"https:\/\/www.iubilaeum2025.va\/fr\/pellegrinaggio\/calendario-giubileo\/GrandiEventi\/apertura-porta-santa-carcere-rebibbia.html\"><span style=\"font-weight: 400;\">Ouverture de la Porte Sainte de la Prison de Rebibbia<\/span><\/a><\/p>\n<p><b>\u00a029 d\u00e9cembre 2024 : <\/b><a href=\"https:\/\/www.iubilaeum2025.va\/fr\/pellegrinaggio\/calendario-giubileo\/GrandiEventi\/apertura-porta-santa-san-giovanni-in-laterano.html\"><span style=\"font-weight: 400;\">Ouverture de la Porte Sainte de Saint Jean de Latran<\/span><\/a> <b><\/b><\/p>\n<p><b>\u00a01 janvier 2025 : <\/b><a href=\"https:\/\/www.iubilaeum2025.va\/fr\/pellegrinaggio\/calendario-giubileo\/GrandiEventi\/apertura-porta-santa-santa-maria-maggiore.html\"><span style=\"font-weight: 400;\">Ouverture de la Porte Sainte de Sainte Marie Majeure<\/span><\/a><\/p>\n<p><b>\u00a05 janvier 2025 : <\/b><a href=\"https:\/\/www.iubilaeum2025.va\/fr\/pellegrinaggio\/calendario-giubileo\/GrandiEventi\/apertura-porta-santa-san-paolo-fuori-mura.html\"><span style=\"font-weight: 400;\">Ouverture de la Porte Sainte de Saint Paul Hors les Murs<\/span><\/a><\/p>\n<p><b>\u00a024 &#8211; 26 janvier 2025 : <\/b><a href=\"https:\/\/www.iubilaeum2025.va\/fr\/pellegrinaggio\/calendario-giubileo\/GrandiEventi\/Giubileo-del-Mondo-della-Comunicazione.html\"><span style=\"font-weight: 400;\">Jubil\u00e9 du Monde de la Communication<\/span><\/a><\/p>\n<p><b>\u00a08 &#8211; 9 f\u00e9vrier 2025 : <\/b><a href=\"https:\/\/www.iubilaeum2025.va\/fr\/pellegrinaggio\/calendario-giubileo\/GrandiEventi\/Giubileo-delle-Forze-Armate-Polizia-Sicurezza.html\"><span style=\"font-weight: 400;\">Jubil\u00e9 des Forces Arm\u00e9es, de la Police et des Agents de S\u00e9curit\u00e9<\/span><\/a><\/p>\n<p><b>\u00a015 &#8211; 18 f\u00e9vrier 2025 : <\/b><a href=\"https:\/\/www.iubilaeum2025.va\/fr\/pellegrinaggio\/calendario-giubileo\/GrandiEventi\/Giubileo-degli-Artisti.html\"><span style=\"font-weight: 400;\">Jubil\u00e9 des Artistes<\/span><\/a><\/p>\n<p><b>\u00a021 &#8211; 23 f\u00e9vrier 2025 : <\/b><a href=\"https:\/\/www.iubilaeum2025.va\/fr\/pellegrinaggio\/calendario-giubileo\/GrandiEventi\/Giubileo-dei-Diaconi.html\"><span style=\"font-weight: 400;\">Jubil\u00e9 des Diacres<\/span><\/a><\/p>\n<p><b>\u00a08 &#8211; 9 mars 2025 : <\/b><a href=\"https:\/\/www.iubilaeum2025.va\/fr\/pellegrinaggio\/calendario-giubileo\/GrandiEventi\/Giubileo-del-Mondo-del-Volontariato.html\"><span style=\"font-weight: 400;\">Jubil\u00e9 du Monde du Volontariat<\/span><\/a><\/p>\n<p><b>\u00a028 mars 2025 : <\/b><a href=\"https:\/\/www.iubilaeum2025.va\/fr\/pellegrinaggio\/calendario-giubileo\/GrandiEventi\/24-Ore-per-il-Signore.html\"><span style=\"font-weight: 400;\">24 heures pour le Seigneur<\/span><\/a><\/p>\n<p><b>\u00a028 &#8211; 30 mars 2025 : <\/b><a href=\"https:\/\/www.iubilaeum2025.va\/fr\/pellegrinaggio\/calendario-giubileo\/GrandiEventi\/Giubileo-dei-Missionari-della-Misericordia.html\"><span style=\"font-weight: 400;\">Jubil\u00e9 des Missionnaires de la Mis\u00e9ricorde<\/span><\/a><\/p>\n<p><b>\u00a05 &#8211; 6 avril 2025 : <\/b><a href=\"https:\/\/www.iubilaeum2025.va\/fr\/pellegrinaggio\/calendario-giubileo\/GrandiEventi\/Giubileo-degli-Ammalati-e-Sanita.html\"><span style=\"font-weight: 400;\">Jubil\u00e9 des Malades et du Monde de la Sant\u00e9<\/span><\/a><\/p>\n<p><b>\u00a025 &#8211; 27 avril 2025 : <\/b><a href=\"https:\/\/www.iubilaeum2025.va\/fr\/pellegrinaggio\/calendario-giubileo\/GrandiEventi\/Giubileo-degli-Adolescenti.html\"><span style=\"font-weight: 400;\">Jubil\u00e9 des Adolescents<\/span><\/a><\/p>\n<p><b>\u00a028 &#8211; 29 avril 2025 : <\/b><a href=\"https:\/\/www.iubilaeum2025.va\/fr\/pellegrinaggio\/calendario-giubileo\/GrandiEventi\/Giubileo-delle-Persone-con-Disabilita.html\"><span style=\"font-weight: 400;\">Jubil\u00e9 des Personnes en situation de Handicap<\/span><\/a><\/p>\n<p><b>\u00a01 &#8211; 4 mai 2025 : <\/b><a href=\"https:\/\/www.iubilaeum2025.va\/fr\/pellegrinaggio\/calendario-giubileo\/GrandiEventi\/Giubileo-dei-Lavoratori.html\"><span style=\"font-weight: 400;\">Jubil\u00e9 des Travailleurs<\/span><\/a><\/p>\n<p><b>\u00a04 &#8211; 5 mai 2025 : <\/b><a href=\"https:\/\/www.iubilaeum2025.va\/fr\/pellegrinaggio\/calendario-giubileo\/GrandiEventi\/Giubileo-degli-Imprenditori.html\"><span style=\"font-weight: 400;\">Jubil\u00e9 du Monde de l\u2019Entreprise<\/span><\/a><\/p>\n<p><b>\u00a010 &#8211; 11 mai 2025 : <\/b><a href=\"https:\/\/www.iubilaeum2025.va\/fr\/pellegrinaggio\/calendario-giubileo\/GrandiEventi\/Giubileo-delle-Bande-Musicali.html\"><span style=\"font-weight: 400;\">Jubil\u00e9 des Bandes et de la Musique Populaire<\/span><\/a><\/p>\n<p><b>\u00a012 &#8211; 14 mai 2025 : <\/b><a href=\"https:\/\/www.iubilaeum2025.va\/fr\/pellegrinaggio\/calendario-giubileo\/GrandiEventi\/Giubileo-delle-Chiese-Orientali.html\"><span style=\"font-weight: 400;\">Jubil\u00e9 des \u00c9glises Orientales<\/span><\/a><\/p>\n<p><b>\u00a016 &#8211; 18 mai 2025 : <\/b><a href=\"https:\/\/www.iubilaeum2025.va\/fr\/pellegrinaggio\/calendario-giubileo\/GrandiEventi\/Giubileo-delle-Confraternite.html\"><span style=\"font-weight: 400;\">Jubil\u00e9 des Confr\u00e9ries<\/span><\/a><\/p>\n<p><b>\u00a030 mai 2025 &#8211; 1 juin 2025 : <\/b><a href=\"https:\/\/www.iubilaeum2025.va\/fr\/pellegrinaggio\/calendario-giubileo\/GrandiEventi\/Giubileo-delle-Famiglie-dei-Nonni-degli-Anziani.html\"><span style=\"font-weight: 400;\">Jubil\u00e9 des Familles, des Enfants, des Grands-Parents et des Personnes \u00c2g\u00e9es<\/span><\/a><\/p>\n<p><b>\u00a07 &#8211; 8 juin 2025 : <\/b><a href=\"https:\/\/www.iubilaeum2025.va\/fr\/pellegrinaggio\/calendario-giubileo\/GrandiEventi\/Giubileo-delle-Associazioni-Movimenti-Comunita.html\"><span style=\"font-weight: 400;\">Jubil\u00e9 des Mouvements, des Associations et des Communaut\u00e9s Nouvelles<\/span><\/a><\/p>\n<p><b>\u00a09 juin 2025 : <\/b><a href=\"https:\/\/www.iubilaeum2025.va\/fr\/pellegrinaggio\/calendario-giubileo\/GrandiEventi\/Giubileo-Santa-Sede.html\"><span style=\"font-weight: 400;\">Jubil\u00e9 Saint-Si\u00e8ge<\/span><\/a><\/p>\n<p><b>\u00a014 &#8211; 15 juin 2025 : <\/b><a href=\"https:\/\/www.iubilaeum2025.va\/fr\/pellegrinaggio\/calendario-giubileo\/GrandiEventi\/Giubileo-dello-Sport.html\"><span style=\"font-weight: 400;\">Jubil\u00e9 du Sport<\/span><\/a><\/p>\n<p><b>\u00a020 &#8211; 22 juin 2025 : <\/b><a href=\"https:\/\/www.iubilaeum2025.va\/fr\/pellegrinaggio\/calendario-giubileo\/GrandiEventi\/Giubileo-dei-Governanti.html\"><span style=\"font-weight: 400;\">Jubil\u00e9 des Pouvoirs publics<\/span><\/a><\/p>\n<p><b>\u00a023 &#8211; 24 juin 2025 : <\/b><a href=\"https:\/\/www.iubilaeum2025.va\/fr\/pellegrinaggio\/calendario-giubileo\/GrandiEventi\/Giubileo-dei-Seminaristi.html\"><span style=\"font-weight: 400;\">Jubil\u00e9 des S\u00e9minaristes<\/span><\/a><\/p>\n<p><b>\u00a025 juin 2025 : <\/b><a href=\"https:\/\/www.iubilaeum2025.va\/fr\/pellegrinaggio\/calendario-giubileo\/GrandiEventi\/Giubileo-dei-Vescovi.html\"><span style=\"font-weight: 400;\">Jubil\u00e9 des \u00c9v\u00eaques<\/span><\/a><\/p>\n<p><b>\u00a025 &#8211; 27 juin 2025 : <\/b><a href=\"https:\/\/www.iubilaeum2025.va\/fr\/pellegrinaggio\/calendario-giubileo\/GrandiEventi\/Giubileo-dei-Sacerdoti.html\"><span style=\"font-weight: 400;\">Jubil\u00e9 des Pr\u00eatres<\/span><\/a><\/p>\n<p><b>\u00a028 juillet 2025 &#8211; 3 ao\u00fbt 2025 : <\/b><a href=\"https:\/\/www.iubilaeum2025.va\/fr\/pellegrinaggio\/calendario-giubileo\/GrandiEventi\/Giubileo-dei-Giovani.html\"><span style=\"font-weight: 400;\">Jubil\u00e9 des Jeunes<\/span><\/a><\/p>\n<p><b>\u00a028 &#8211; 29 juillet 2025 : <\/b><a href=\"https:\/\/www.iubilaeum2025.va\/fr\/pellegrinaggio\/calendario-giubileo\/GrandiEventi\/giubileo-dei-missionari-digitali-e-degli-influencer-cattolici.html\"><span style=\"font-weight: 400;\">Jubil\u00e9 des missionnaires du monde digital et des influenceurs catholiques<\/span><\/a><\/p>\n<p><b>\u00a015 septembre 2025 : <\/b><a href=\"https:\/\/www.iubilaeum2025.va\/fr\/pellegrinaggio\/calendario-giubileo\/GrandiEventi\/Giubileo-della-Consolazione.html\"><span style=\"font-weight: 400;\">Jubil\u00e9 de la Consolation<\/span><\/a><\/p>\n<p><b>\u00a020 septembre 2025 : <\/b><a href=\"https:\/\/www.iubilaeum2025.va\/fr\/pellegrinaggio\/calendario-giubileo\/GrandiEventi\/Giubileo-degli-Operatori-di-Giustizia.html\"><span style=\"font-weight: 400;\">Jubil\u00e9 de ceux qui promeuvent et d\u00e9fendent la Justice<\/span><\/a><\/p>\n<p><b>\u00a026 &#8211; 28 septembre 2025 : <\/b><a href=\"https:\/\/www.iubilaeum2025.va\/fr\/pellegrinaggio\/calendario-giubileo\/GrandiEventi\/Giubileo-dei-Catechisti.html\"><span style=\"font-weight: 400;\">Jubil\u00e9 des Cat\u00e9chistes<\/span><\/a><\/p>\n<p><b>\u00a04 &#8211; 5 octobre 2025 : <\/b><a href=\"https:\/\/www.iubilaeum2025.va\/fr\/pellegrinaggio\/calendario-giubileo\/GrandiEventi\/Giubileo-del-Mondo-Missionario.html\"><span style=\"font-weight: 400;\">Jubil\u00e9 du Monde Missionnaire<\/span><\/a><\/p>\n<p><b>\u00a04 &#8211; 5 octobre 2025 : <\/b><a href=\"https:\/\/www.iubilaeum2025.va\/fr\/pellegrinaggio\/calendario-giubileo\/GrandiEventi\/giubileo-dei-migranti.html\"><span style=\"font-weight: 400;\">Jubil\u00e9 des Migrants<\/span><\/a><\/p>\n<p><b>\u00a08 &#8211; 9 octobre 2025 : <\/b><a href=\"https:\/\/www.iubilaeum2025.va\/fr\/pellegrinaggio\/calendario-giubileo\/GrandiEventi\/Giubileo-della-Vita-Consacrata.html\"><span style=\"font-weight: 400;\">Jubil\u00e9 de la Vie Consacr\u00e9e<\/span><\/a><\/p>\n<p><b>\u00a011 &#8211; 12 octobre 2025 : <\/b><a href=\"https:\/\/www.iubilaeum2025.va\/fr\/pellegrinaggio\/calendario-giubileo\/GrandiEventi\/Giubileo-della-Spiritualita-Mariana.html\"><span style=\"font-weight: 400;\">Jubil\u00e9 de la Spiritualit\u00e9 Mariale<\/span><\/a><\/p>\n<p><b>\u00a031 octobre 2025 &#8211; 2 novembre 2025 : <\/b><a href=\"https:\/\/www.iubilaeum2025.va\/fr\/pellegrinaggio\/calendario-giubileo\/GrandiEventi\/Giubileo-del-Mondo-Educativo.html\"><span style=\"font-weight: 400;\">Jubil\u00e9 du Monde \u00c9ducatif<\/span><\/a><\/p>\n<p><b>\u00a016 novembre 2025 : <\/b><a href=\"https:\/\/www.iubilaeum2025.va\/fr\/pellegrinaggio\/calendario-giubileo\/GrandiEventi\/Giubileo-dei-poveri.html\"><span style=\"font-weight: 400;\">Jubil\u00e9 des Pauvres<\/span><\/a><\/p>\n<p><b>\u00a022 &#8211; 23 novembre 2025 : <\/b><a href=\"https:\/\/www.iubilaeum2025.va\/fr\/pellegrinaggio\/calendario-giubileo\/GrandiEventi\/Giubileo-dei-Cori-e-delle-Corali.html\"><span style=\"font-weight: 400;\">Jubil\u00e9 des Ch\u0153urs et des Chorales<\/span><\/a><\/p>\n<p><b>\u00a014 d\u00e9cembre 2025 : <\/b><a href=\"https:\/\/www.iubilaeum2025.va\/fr\/pellegrinaggio\/calendario-giubileo\/GrandiEventi\/Giubileo-dei-Detenuti.html\"><span style=\"font-weight: 400;\">Jubil\u00e9 des D\u00e9tenus<\/span><\/a><\/p>\n<p><img loading=\"lazy\" decoding=\"async\" class=\" wp-image-15917 aligncenter\" src=\"https:\/\/pembrokediocese.com\/wp-content\/uploads\/image-1-194x275.jpg\" alt=\"\" width=\"425\" height=\"602\" srcset=\"https:\/\/pembrokediocese.com\/wp-content\/uploads\/image-1-194x275.jpg 194w, https:\/\/pembrokediocese.com\/wp-content\/uploads\/image-1-724x1024.jpg 724w, https:\/\/pembrokediocese.com\/wp-content\/uploads\/image-1-768x1087.jpg 768w, https:\/\/pembrokediocese.com\/wp-content\/uploads\/image-1.jpg 848w\" sizes=\"(max-width: 425px) 100vw, 425px\" \/><\/p>\n","protected":false},"excerpt":{"rendered":"<p>Le Jubil\u00e9 2025 a \u00e9t\u00e9 officiellement ouvert\u00a0 le 24 d\u00e9cembre 2024 \u00e0 19 heures, avec le rite d\u2019Ouverture de la Porte Sainte de la Basilique Papale Saint Pierre par le Saint P\u00e8re, qui, aussit\u00f4t apr\u00e8s, pr\u00e9sida la c\u00e9l\u00e9bration de la Sainte Messe de la Nuit de No\u00ebl \u00e0 l\u2019int\u00e9rieur de la Basilique. Voici le site officiel du Jubil\u00e9: https:\/\/www.iubilaeum2025.va\/fr.html. Un jubil\u00e9 est un temps particulier o\u00f9 la Porte Sainte est ouverte pour inviter chacun et chacune \u00e0 vivre l&rsquo;amour de Dieu et l&rsquo;esp\u00e9rance du salut. Le Jubil\u00e9 est traditionnellement li\u00e9 aux p\u00e8lerinages, moments de red\u00e9couverte du sens de la vie, o\u00f9 l&rsquo;on peut exp\u00e9rimenter le pardon et le renouveau spirituel. Le sacrement de la Confession, \u00e9tape essentielle sur le chemin de la conversion, est mis en avant comme point de d\u00e9part pour retrouver l&rsquo;esp\u00e9rance. Puisse ce Jubil\u00e9 \u00eatre l&rsquo;occasion de vivre le pardon de Dieu et de l&rsquo;\u00e9tendre aux autres. Une indulgence est li\u00e9e au Jubil\u00e9 2025. Pour en savoir d&rsquo;avantage, veuillez consulter : &nbsp; &nbsp; Calendrier des Grands \u00c9v\u00e8nements \u00a024 d\u00e9cembre 2024 : Ouverture Porte Sainte de la Basilique Saint Pierre\u00a0 \u00a026 d\u00e9cembre 2024 : Ouverture de la Porte Sainte de la Prison de Rebibbia \u00a029 d\u00e9cembre 2024 : Ouverture de la Porte Sainte de Saint Jean de Latran \u00a01 janvier 2025 : Ouverture de la Porte Sainte de Sainte Marie Majeure \u00a05 janvier 2025 : Ouverture de la Porte Sainte de Saint Paul Hors les Murs \u00a024 &#8211; 26 janvier 2025 : Jubil\u00e9 du Monde de la Communication \u00a08 &#8211; 9 f\u00e9vrier 2025 : Jubil\u00e9 des Forces Arm\u00e9es, de la Police et des Agents de S\u00e9curit\u00e9 \u00a015 &#8211; 18 f\u00e9vrier 2025 : Jubil\u00e9 des Artistes \u00a021 &#8211; 23 f\u00e9vrier 2025 : Jubil\u00e9 des Diacres \u00a08 &#8211; 9 mars 2025 : Jubil\u00e9 du Monde du Volontariat \u00a028 mars 2025 : 24 heures pour le Seigneur \u00a028 &#8211; 30 mars 2025 : Jubil\u00e9 des Missionnaires de la Mis\u00e9ricorde \u00a05 &#8211; 6 avril 2025 : Jubil\u00e9 des Malades et du Monde de la Sant\u00e9 \u00a025 &#8211; 27 avril 2025 : Jubil\u00e9 des Adolescents \u00a028 &#8211; 29 avril 2025 : Jubil\u00e9 des Personnes en situation de Handicap \u00a01 &#8211; 4 mai 2025 : Jubil\u00e9 des Travailleurs \u00a04 &#8211; 5 mai 2025 : Jubil\u00e9 du Monde de l\u2019Entreprise \u00a010 &#8211; 11 mai 2025 : Jubil\u00e9 des Bandes et de la Musique Populaire \u00a012 &#8211; 14 mai 2025 : Jubil\u00e9 des \u00c9glises Orientales \u00a016 &#8211; 18 mai 2025 : Jubil\u00e9 des Confr\u00e9ries \u00a030 mai 2025 &#8211; 1 juin 2025 : Jubil\u00e9 des Familles, des Enfants, des Grands-Parents et des Personnes \u00c2g\u00e9es \u00a07 &#8211; 8 juin 2025 : Jubil\u00e9 des Mouvements, des Associations et des Communaut\u00e9s Nouvelles \u00a09 juin 2025 : Jubil\u00e9 Saint-Si\u00e8ge \u00a014 &#8211; 15 juin 2025 : Jubil\u00e9 du Sport \u00a020 &#8211; 22 juin 2025 : Jubil\u00e9 des Pouvoirs publics \u00a023 &#8211; 24 juin 2025 : Jubil\u00e9 des S\u00e9minaristes \u00a025 juin 2025 : Jubil\u00e9 des \u00c9v\u00eaques \u00a025 &#8211; 27 juin 2025 : Jubil\u00e9 des Pr\u00eatres \u00a028 juillet 2025 &#8211; 3 ao\u00fbt 2025 : Jubil\u00e9 des Jeunes \u00a028 &#8211; 29 juillet 2025 : Jubil\u00e9 des missionnaires du monde digital et des influenceurs catholiques \u00a015 [&hellip;]<\/p>\n","protected":false},"author":5,"featured_media":0,"parent":0,"menu_order":0,"comment_status":"closed","ping_status":"closed","template":"","meta":{"_monsterinsights_skip_tracking":false,"_monsterinsights_sitenote_active":false,"_monsterinsights_sitenote_note":"","_monsterinsights_sitenote_category":0,"footnotes":"","_links_to":"","_links_to_target":""},"class_list":["post-15676","page","type-page","status-publish","hentry"],"post_mailing_queue_ids":[],"_links":{"self":[{"href":"https:\/\/pembrokediocese.com\/fr\/wp-json\/wp\/v2\/pages\/15676","targetHints":{"allow":["GET"]}}],"collection":[{"href":"https:\/\/pembrokediocese.com\/fr\/wp-json\/wp\/v2\/pages"}],"about":[{"href":"https:\/\/pembrokediocese.com\/fr\/wp-json\/wp\/v2\/types\/page"}],"author":[{"embeddable":true,"href":"https:\/\/pembrokediocese.com\/fr\/wp-json\/wp\/v2\/users\/5"}],"replies":[{"embeddable":true,"href":"https:\/\/pembrokediocese.com\/fr\/wp-json\/wp\/v2\/comments?post=15676"}],"version-history":[{"count":20,"href":"https:\/\/pembrokediocese.com\/fr\/wp-json\/wp\/v2\/pages\/15676\/revisions"}],"predecessor-version":[{"id":16518,"href":"https:\/\/pembrokediocese.com\/fr\/wp-json\/wp\/v2\/pages\/15676\/revisions\/16518"}],"wp:attachment":[{"href":"https:\/\/pembrokediocese.com\/fr\/wp-json\/wp\/v2\/media?parent=15676"}],"curies":[{"name":"wp","href":"https:\/\/api.w.org\/{rel}","templated":true}]}}