{"id":2546,"date":"2020-03-31T08:13:52","date_gmt":"2020-03-31T12:13:52","guid":{"rendered":"https:\/\/pembrokediocese.com\/home-style-1-copy\/"},"modified":"2025-10-17T11:49:54","modified_gmt":"2025-10-17T15:49:54","slug":"accueil","status":"publish","type":"page","link":"https:\/\/pembrokediocese.com\/fr\/","title":{"rendered":"Accueil"},"content":{"rendered":"<div id=\"pl-2546\"  class=\"panel-layout\" ><div id=\"pg-2546-0\"  class=\"panel-grid panel-has-style\"  style=\"margin-bottom: 0px\" ><div class=\"siteorigin-panels-stretch panel-row-style panel-row-style-for-2546-0\" style=\"padding: 40px 0px 0px 0px;\" data-stretch-type=\"full\" ><div id=\"pgc-2546-0-0\"  class=\"panel-grid-cell\" ><div id=\"panel-2546-0-0-0\" class=\"so-panel widget widget_featured-block-widget panel-first-child panel-last-child\" data-index=\"0\" style=\"margin: 0px 0px 0px 0px;\" ><div\n\t\t\t\n\t\t\tclass=\"so-widget-featured-block-widget so-widget-featured-block-widget-base\"\n\t\t\t\n\t\t>\n<div class=\"featured-block no-fade\">\n\n\t<h3><a href=\"https:\/\/pembrokediocese.com\/live\" ><\/a><\/h3>\n\t<figure><a href=\"https:\/\/pembrokediocese.com\/live\" ><img loading=\"lazy\" decoding=\"async\" src=\"https:\/\/pembrokediocese.com\/wp-content\/uploads\/Messe-televisee.jpg\" width=\"1000\" height=\"720\"  class=\"featured-block-widget\" style=\"max-width:100%; height:auto; display:block\"><\/a><\/figure><p>Messe t\u00e9l\u00e9vis\u00e9e<\/p><\/div><\/div><\/div><\/div><div id=\"pgc-2546-0-1\"  class=\"panel-grid-cell\" ><div id=\"panel-2546-0-1-0\" class=\"so-panel widget widget_featured-block-widget panel-first-child panel-last-child\" data-index=\"1\" style=\"margin: 0px 0px 0px 0px;\" ><div\n\t\t\t\n\t\t\tclass=\"so-widget-featured-block-widget so-widget-featured-block-widget-base\"\n\t\t\t\n\t\t>\n<div class=\"featured-block no-fade\">\n\n\t<h3><a href=\"https:\/\/pembrokediocese.com\/fr\/category\/bulletin\/\" ><\/a><\/h3>\n\t<figure><a href=\"https:\/\/pembrokediocese.com\/fr\/category\/bulletin\/\" ><img loading=\"lazy\" decoding=\"async\" src=\"https:\/\/pembrokediocese.com\/wp-content\/uploads\/Bulletin-diocesain.jpg\" width=\"1000\" height=\"720\"  class=\"featured-block-widget\" style=\"max-width:100%; height:auto; display:block\"><\/a><\/figure><p>Bulletin dioc\u00e9sain<\/p><\/div><\/div><\/div><\/div><div id=\"pgc-2546-0-2\"  class=\"panel-grid-cell\" ><div id=\"panel-2546-0-2-0\" class=\"so-panel widget widget_featured-block-widget panel-first-child panel-last-child\" data-index=\"2\" style=\"margin: 0px 0px 0px 0px;\" ><div\n\t\t\t\n\t\t\tclass=\"so-widget-featured-block-widget so-widget-featured-block-widget-base\"\n\t\t\t\n\t\t>\n<div class=\"featured-block no-fade\">\n\n\t<h3><a href=\"https:\/\/pembrokediocese.com\/fr\/flymo\/mariage-et-famille\/\" ><\/a><\/h3>\n\t<figure><a href=\"https:\/\/pembrokediocese.com\/fr\/flymo\/mariage-et-famille\/\" ><img loading=\"lazy\" decoding=\"async\" src=\"https:\/\/pembrokediocese.com\/wp-content\/uploads\/Vous-allez-vous-marier.jpg\" width=\"1000\" height=\"720\"  class=\"featured-block-widget\" style=\"max-width:100%; height:auto; display:block\"><\/a><\/figure><p>Vous allez vous marier ?<\/p><\/div><\/div><\/div><\/div><div id=\"pgc-2546-0-3\"  class=\"panel-grid-cell\" ><div id=\"panel-2546-0-3-0\" class=\"so-panel widget widget_featured-block-widget panel-first-child panel-last-child\" data-index=\"3\" style=\"margin: 0px 0px 0px 0px;\" ><div\n\t\t\t\n\t\t\tclass=\"so-widget-featured-block-widget so-widget-featured-block-widget-base\"\n\t\t\t\n\t\t>\n<div class=\"featured-block no-fade\">\n\n\t<h3><a href=\"https:\/\/www.pembrokevocations.ca\/\" ><\/a><\/h3>\n\t<figure><a href=\"https:\/\/www.pembrokevocations.ca\/\" ><img loading=\"lazy\" decoding=\"async\" src=\"https:\/\/pembrokediocese.com\/wp-content\/uploads\/Le-sacerdoce.jpg\" width=\"1000\" height=\"720\"  class=\"featured-block-widget\" style=\"max-width:100%; height:auto; display:block\"><\/a><\/figure><p>Vocation : Le sacerdoce<\/p><\/div><\/div><\/div><\/div><div id=\"pgc-2546-0-4\"  class=\"panel-grid-cell\" ><div id=\"panel-2546-0-4-0\" class=\"so-panel widget widget_featured-block-widget panel-first-child panel-last-child\" data-index=\"4\" style=\"margin: 0px 0px 0px 0px;\" ><div\n\t\t\t\n\t\t\tclass=\"so-widget-featured-block-widget so-widget-featured-block-widget-base\"\n\t\t\t\n\t\t>\n<div class=\"featured-block no-fade\">\n\n\t<h3><a href=\"https:\/\/pembrokediocese.com\/fr\/ecclesia\/\" ><\/a><\/h3>\n\t<figure><a href=\"https:\/\/pembrokediocese.com\/fr\/ecclesia\/\" ><img loading=\"lazy\" decoding=\"async\" src=\"https:\/\/pembrokediocese.com\/wp-content\/uploads\/LEcclesia.jpg\" width=\"1000\" height=\"720\"  class=\"featured-block-widget\" style=\"max-width:100%; height:auto; display:block\"><\/a><\/figure><p>L&#039;Ecclesia<\/p><\/div><\/div><\/div><\/div><\/div><\/div><div id=\"pg-2546-1\"  class=\"panel-grid panel-has-style\"  style=\"margin-bottom: 50px\" ><div class=\"siteorigin-panels-stretch panel-row-style panel-row-style-for-2546-1\" style=\"padding: 0px 0px 55px 0px;\" data-stretch-type=\"full\" ><div id=\"pgc-2546-1-0\"  class=\"panel-grid-cell\" ><div id=\"panel-2546-1-0-0\" class=\"so-panel widget widget_featured-block-widget panel-first-child panel-last-child\" data-index=\"5\" style=\"margin: 0px 0px 0px 0px;\" ><div\n\t\t\t\n\t\t\tclass=\"so-widget-featured-block-widget so-widget-featured-block-widget-base\"\n\t\t\t\n\t\t>\n<div class=\"featured-block no-fade\">\n\n\t<h3><a href=\"https:\/\/pembrokediocese.com\/fr\/planification-pastorale-diocesaine\/\" ><\/a><\/h3>\n\t<figure><a href=\"https:\/\/pembrokediocese.com\/fr\/planification-pastorale-diocesaine\/\" ><img loading=\"lazy\" decoding=\"async\" src=\"https:\/\/pembrokediocese.com\/wp-content\/uploads\/Plannifciation-Pastorale.jpg\" width=\"1000\" height=\"720\"  class=\"featured-block-widget\" style=\"max-width:100%; height:auto; display:block\"><\/a><\/figure><p>Planification pastorale dioc\u00e9saine<\/p><\/div><\/div><\/div><\/div><div id=\"pgc-2546-1-1\"  class=\"panel-grid-cell\" ><div id=\"panel-2546-1-1-0\" class=\"so-panel widget widget_featured-block-widget panel-first-child panel-last-child\" data-index=\"6\" style=\"margin: 0px 0px 0px 0px;\" ><div\n\t\t\t\n\t\t\tclass=\"so-widget-featured-block-widget so-widget-featured-block-widget-base\"\n\t\t\t\n\t\t>\n<div class=\"featured-block no-fade\">\n\n\t<h3><a href=\"https:\/\/pembrokediocese.com\/fr\/flymo\/jeunesse\/\" ><\/a><\/h3>\n\t<figure><a href=\"https:\/\/pembrokediocese.com\/fr\/flymo\/jeunesse\/\" ><img loading=\"lazy\" decoding=\"async\" src=\"https:\/\/pembrokediocese.com\/wp-content\/uploads\/Pastorale-jeunesse.jpg\" width=\"1000\" height=\"720\"  class=\"featured-block-widget\" style=\"max-width:100%; height:auto; display:block\"><\/a><\/figure><p>Pastorale jeunesse<\/p><\/div><\/div><\/div><\/div><div id=\"pgc-2546-1-2\"  class=\"panel-grid-cell\" ><div id=\"panel-2546-1-2-0\" class=\"so-panel widget widget_featured-block-widget panel-first-child panel-last-child\" data-index=\"7\" style=\"margin: 0px 0px 0px 0px;\" ><div\n\t\t\t\n\t\t\tclass=\"so-widget-featured-block-widget so-widget-featured-block-widget-base\"\n\t\t\t\n\t\t>\n<div class=\"featured-block no-fade\">\n\n\t<h3><a href=\"https:\/\/pembrokediocese.com\/fr\/flymo\/jeunes-adultes\/\" ><\/a><\/h3>\n\t<figure><a href=\"https:\/\/pembrokediocese.com\/fr\/flymo\/jeunes-adultes\/\" ><img loading=\"lazy\" decoding=\"async\" src=\"https:\/\/pembrokediocese.com\/wp-content\/uploads\/Jeunes-adultes.jpg\" width=\"1000\" height=\"720\"  class=\"featured-block-widget\" style=\"max-width:100%; height:auto; display:block\"><\/a><\/figure><p>Jeunes adultes<\/p><\/div><\/div><\/div><\/div><div id=\"pgc-2546-1-3\"  class=\"panel-grid-cell\" ><div id=\"panel-2546-1-3-0\" class=\"so-panel widget widget_featured-block-widget panel-first-child panel-last-child\" data-index=\"8\" style=\"margin: 0px 0px 0px 0px;\" ><div\n\t\t\t\n\t\t\tclass=\"so-widget-featured-block-widget so-widget-featured-block-widget-base\"\n\t\t\t\n\t\t>\n<div class=\"featured-block no-fade\">\n\n\t<h3><a href=\"https:\/\/pembrokediocese.com\/fr\/nouvelle-evangelisation\/les-fleurs-etoilees-de-la-bienheureuse-catherine-2\/\" ><\/a><\/h3>\n\t<figure><a href=\"https:\/\/pembrokediocese.com\/fr\/nouvelle-evangelisation\/les-fleurs-etoilees-de-la-bienheureuse-catherine-2\/\" ><img loading=\"lazy\" decoding=\"async\" src=\"https:\/\/pembrokediocese.com\/wp-content\/uploads\/Fleurs-etoilees.jpg\" width=\"1000\" height=\"720\"  class=\"featured-block-widget\" style=\"max-width:100%; height:auto; display:block\"><\/a><\/figure><p>Fleurs \u00e9toil\u00e9es de la bienheureuse Catherine<\/p><\/div><\/div><\/div><\/div><div id=\"pgc-2546-1-4\"  class=\"panel-grid-cell\" ><div id=\"panel-2546-1-4-0\" class=\"so-panel widget widget_featured-block-widget panel-first-child panel-last-child\" data-index=\"9\" style=\"margin: 0px 0px 0px 0px;\" ><div\n\t\t\t\n\t\t\tclass=\"so-widget-featured-block-widget so-widget-featured-block-widget-base\"\n\t\t\t\n\t\t>\n<div class=\"featured-block no-fade\">\n\n\t<h3><a href=\"https:\/\/pembrokediocese.com\/fr\/verite-et-reconciliation\/\" ><\/a><\/h3>\n\t<figure><a href=\"https:\/\/pembrokediocese.com\/fr\/verite-et-reconciliation\/\" ><img loading=\"lazy\" decoding=\"async\" src=\"https:\/\/pembrokediocese.com\/wp-content\/uploads\/Verite-et-Reconciliation.jpg\" width=\"1000\" height=\"720\"  class=\"featured-block-widget\" style=\"max-width:100%; height:auto; display:block\"><\/a><\/figure><p>V\u00e9rit\u00e9 et R\u00e9conciliation<\/p><\/div><\/div><\/div><\/div><\/div><\/div><\/div>","protected":false},"excerpt":{"rendered":"<p>Messe t\u00e9l\u00e9vis\u00e9e Bulletin dioc\u00e9sain Vous allez vous marier ? Vocation : Le sacerdoce L&#039;Ecclesia Planification pastorale dioc\u00e9saine Pastorale jeunesse Jeunes adultes Fleurs \u00e9toil\u00e9es de la bienheureuse Catherine V\u00e9rit\u00e9 et R\u00e9conciliation<\/p>\n","protected":false},"author":1,"featured_media":0,"parent":0,"menu_order":0,"comment_status":"open","ping_status":"open","template":"template-home.php","meta":{"_monsterinsights_skip_tracking":false,"_monsterinsights_sitenote_active":false,"_monsterinsights_sitenote_note":"","_monsterinsights_sitenote_category":0,"footnotes":"","_links_to":"","_links_to_target":""},"class_list":["post-2546","page","type-page","status-publish","hentry"],"post_mailing_queue_ids":[],"_links":{"self":[{"href":"https:\/\/pembrokediocese.com\/fr\/wp-json\/wp\/v2\/pages\/2546","targetHints":{"allow":["GET"]}}],"collection":[{"href":"https:\/\/pembrokediocese.com\/fr\/wp-json\/wp\/v2\/pages"}],"about":[{"href":"https:\/\/pembrokediocese.com\/fr\/wp-json\/wp\/v2\/types\/page"}],"author":[{"embeddable":true,"href":"https:\/\/pembrokediocese.com\/fr\/wp-json\/wp\/v2\/users\/1"}],"replies":[{"embeddable":true,"href":"https:\/\/pembrokediocese.com\/fr\/wp-json\/wp\/v2\/comments?post=2546"}],"version-history":[{"count":55,"href":"https:\/\/pembrokediocese.com\/fr\/wp-json\/wp\/v2\/pages\/2546\/revisions"}],"predecessor-version":[{"id":18052,"href":"https:\/\/pembrokediocese.com\/fr\/wp-json\/wp\/v2\/pages\/2546\/revisions\/18052"}],"wp:attachment":[{"href":"https:\/\/pembrokediocese.com\/fr\/wp-json\/wp\/v2\/media?parent=2546"}],"curies":[{"name":"wp","href":"https:\/\/api.w.org\/{rel}","templated":true}]}}