{"id":2747,"date":"2020-04-02T15:23:37","date_gmt":"2020-04-02T19:23:37","guid":{"rendered":"https:\/\/pembrokediocese.com\/?page_id=2747"},"modified":"2020-04-05T18:20:24","modified_gmt":"2020-04-05T22:20:24","slug":"richard-smith","status":"publish","type":"page","link":"https:\/\/pembrokediocese.com\/fr\/eveque\/richard-smith\/","title":{"rendered":"Monseigneur Richard W. Smith"},"content":{"rendered":"<h1>Monseigneur Richard W. Smith<\/h1>\n<h3>Biographie<\/h3>\n<p><img loading=\"lazy\" decoding=\"async\" class=\"alignleft wp-image-1500 size-medium\" src=\"https:\/\/pembrokediocese.com\/wp-content\/uploads\/BishopRWSmith-251x300.jpg\" alt=\"\" width=\"251\" height=\"300\" srcset=\"https:\/\/pembrokediocese.com\/wp-content\/uploads\/BishopRWSmith-251x300.jpg 251w, https:\/\/pembrokediocese.com\/wp-content\/uploads\/BishopRWSmith.jpg 477w\" sizes=\"(max-width: 251px) 100vw, 251px\" \/><\/p>\n<p><strong>N\u00e9:<\/strong> le 28 avril 1959<strong><br \/>\nOrdonn\u00e9 pr\u00eatre :<\/strong> le 23 mai 1987<br \/>\n<strong>Nomm\u00e9 \u00e9v\u00eaque de Pembroke :<\/strong> le 27 avril 2002<br \/>\n<strong>Ordonn\u00e9 \u00e9v\u00eaque\u00a0:<\/strong> le 18 juin 2002<br \/>\n<strong>Install\u00e9 \u00e9v\u00eaque de Pembroke\u00a0:<\/strong> le 18 juin 2002<br \/>\n<strong>Nomm\u00e9 archev\u00eaque d\u2019Edmonton, Alberta\u00a0:<\/strong> le 22 mars 2007<br \/>\n<strong>Install\u00e9 archev\u00eaque d\u2019Edmonton\u00a0:<\/strong> le 1er mai 2007<\/p>\n<p>Richard W. Smith est n\u00e9 \u00e0 Halifax, Nouvelle-\u00c9cosse le 28 avril 1959. Il a \u00e9tudi\u00e9 \u00e0 l\u2019Universit\u00e9 St. Mary\u2019s et \u00e0 l\u2019Atlantic School of Theology \u00e0 Halifax.<\/p>\n<p>Ordonn\u00e9 pr\u00eatre le 23 mai 1987, il poursuit ses \u00e9tudes en Th\u00e9ologie \u00e0 l\u2019Universit\u00e9 pontificale Gr\u00e9gorienne \u00e0 Rome et obtient une License en 1993 et un Doctorat en 1998.<\/p>\n<p>Apr\u00e8s un minist\u00e8re fructueux dans l\u2019Archidioc\u00e8se d\u2019Halifax, il est nomm\u00e9 \u00c9v\u00eaque de Pembroke le 27 avril 2002, puis ordonn\u00e9 \u00e0 l\u2019\u00e9piscopat le 18 juin 2002. Le 22 mars 2007, le Pape Beno\u00eet XVI le nomme au si\u00e8ge m\u00e9tropolitain d\u2019Edmonton.<\/p>\n<p>Monseigneur Richard Smith a officiellement \u00e9t\u00e9 install\u00e9 septi\u00e8me archev\u00eaque d\u2019Edmonton le mardi 1er mai 2007, en la f\u00eate de Saint Joseph, travailleur. Il est Pr\u00e9sident des \u00e9v\u00eaques catholiques de l\u2019Albert et des Territoires du Nord-Ouest, et il est ancien pr\u00e9sident de la Conf\u00e9rence des \u00e9v\u00eaques catholiques du Canada.<\/p>\n<h3>Armoiries<\/h3>\n<h3><img loading=\"lazy\" decoding=\"async\" class=\"alignleft wp-image-1502 size-full\" src=\"https:\/\/pembrokediocese.com\/wp-content\/uploads\/absmith-coatofarms.jpg\" alt=\"\" width=\"250\" height=\"276\" \/><\/h3>\n<p>Monseigneur Richard Smith a adopt\u00e9 ses armoiries personnelles lorsqu\u2019il a \u00e9t\u00e9 nomm\u00e9 \u00e9v\u00eaque de Pembroke, Ontario.<\/p>\n<h4>Description h\u00e9raldique des armoiries<\/h4>\n<p><strong>Blason (langage h\u00e9raldique)<br \/>\n<\/strong>Divis\u00e9 en chevron d&rsquo;argent sur azur, en chef un tr\u00e8fle de sinople et une rose de gueules point\u00e9e et boutonn\u00e9e au naturel et, en pointe, trois \u00e9pis de bl\u00e9 li\u00e9s et une grappe de raisin brochante, le tout d&rsquo;or;<\/p>\n<h4>Symbolisme<\/h4>\n<p>Les symboles de la partie sup\u00e9rieure du blason repr\u00e9sentent les origines familiales de Monseigneur Smith. La rose repr\u00e9sente sa descendance anglaise (Smith), et le tr\u00e8fle ses anc\u00eatres irlandais (Butts).<\/p>\n<p>Dans la partie inf\u00e9rieure se trouvent les piliers de sa vie dans le Christ. Le bl\u00e9 et la vigne symbolisent l\u2019Eucharistie, source et sommet de la Vie chr\u00e9tienne (cf. Sacrosanctum concilium, 10). Le fond bleu rend honneur \u00e0 la Bienheureuse Vierge Marie, \u00ab\u00a0dans l\u2019ordre de la gr\u00e2ce, notre M\u00e8re\u00a0\u00bb (Lumen gentium, 61)<\/p>\n<h4>Devise<\/h4>\n<p><em><strong>Fiat Voluntas Tua<\/strong><\/em><br \/>\nCes mots latins qui se traduisent \u00ab\u00a0que ta volont\u00e9 soit faite\u00a0\u00bb qui viennent du Notre P\u00e8re (cf. Matthieu 6, 10), expriment cette disposition du coeur qui est au fondement de la vie du disciple chr\u00e9tien. J\u00e9sus Christ, le Fils de Dieu fait chair pour notre salut, a donn\u00e9 son fiat \u00e0 la volont\u00e9 du P\u00e8re lorsqu\u2019Il est venu dans le monde (cf. H\u00e9breux 10, 7). Par cons\u00e9quent, le disciple de J\u00e9sus est appel\u00e9 \u00e0 donner, dans la foi et l\u2019ob\u00e9issance, son fiat au plan divin du salut en J\u00e9sus Christ et de tout ce que veut le P\u00e8re pour son accomplissement, comme l\u2019a fait Marie, m\u00e8re de notre Seigneur (cf. Luc 1, 38).<\/p>\n","protected":false},"excerpt":{"rendered":"<p>Monseigneur Richard W. Smith Biographie N\u00e9: le 28 avril 1959 Ordonn\u00e9 pr\u00eatre : le 23 mai 1987 Nomm\u00e9 \u00e9v\u00eaque de Pembroke : le 27 avril 2002 Ordonn\u00e9 \u00e9v\u00eaque\u00a0: le 18 juin 2002 Install\u00e9 \u00e9v\u00eaque de Pembroke\u00a0: le 18 juin 2002 Nomm\u00e9 archev\u00eaque d\u2019Edmonton, Alberta\u00a0: le 22 mars 2007 Install\u00e9 archev\u00eaque d\u2019Edmonton\u00a0: le 1er mai 2007 Richard W. Smith est n\u00e9 \u00e0 Halifax, Nouvelle-\u00c9cosse le 28 avril 1959. Il a \u00e9tudi\u00e9 \u00e0 l\u2019Universit\u00e9 St. Mary\u2019s et \u00e0 l\u2019Atlantic School of Theology \u00e0 Halifax. Ordonn\u00e9 pr\u00eatre le 23 mai 1987, il poursuit ses \u00e9tudes en Th\u00e9ologie \u00e0 l\u2019Universit\u00e9 pontificale Gr\u00e9gorienne \u00e0 Rome et obtient une License en 1993 et un Doctorat en 1998. Apr\u00e8s un minist\u00e8re fructueux dans l\u2019Archidioc\u00e8se d\u2019Halifax, il est nomm\u00e9 \u00c9v\u00eaque de Pembroke le 27 avril 2002, puis ordonn\u00e9 \u00e0 l\u2019\u00e9piscopat le 18 juin 2002. Le 22 mars 2007, le Pape Beno\u00eet XVI le nomme au si\u00e8ge m\u00e9tropolitain d\u2019Edmonton. Monseigneur Richard Smith a officiellement \u00e9t\u00e9 install\u00e9 septi\u00e8me archev\u00eaque d\u2019Edmonton le mardi 1er mai 2007, en la f\u00eate de Saint Joseph, travailleur. Il est Pr\u00e9sident des \u00e9v\u00eaques catholiques de l\u2019Albert et des Territoires du Nord-Ouest, et il est ancien pr\u00e9sident de la Conf\u00e9rence des \u00e9v\u00eaques catholiques du Canada. Armoiries Monseigneur Richard Smith a adopt\u00e9 ses armoiries personnelles lorsqu\u2019il a \u00e9t\u00e9 nomm\u00e9 \u00e9v\u00eaque de Pembroke, Ontario. Description h\u00e9raldique des armoiries Blason (langage h\u00e9raldique) Divis\u00e9 en chevron d&rsquo;argent sur azur, en chef un tr\u00e8fle de sinople et une rose de gueules point\u00e9e et boutonn\u00e9e au naturel et, en pointe, trois \u00e9pis de bl\u00e9 li\u00e9s et une grappe de raisin brochante, le tout d&rsquo;or; Symbolisme Les symboles de la partie sup\u00e9rieure du blason repr\u00e9sentent les origines familiales de Monseigneur Smith. La rose repr\u00e9sente sa descendance anglaise (Smith), et le tr\u00e8fle ses anc\u00eatres irlandais (Butts). Dans la partie inf\u00e9rieure se trouvent les piliers de sa vie dans le Christ. Le bl\u00e9 et la vigne symbolisent l\u2019Eucharistie, source et sommet de la Vie chr\u00e9tienne (cf. Sacrosanctum concilium, 10). Le fond bleu rend honneur \u00e0 la Bienheureuse Vierge Marie, \u00ab\u00a0dans l\u2019ordre de la gr\u00e2ce, notre M\u00e8re\u00a0\u00bb (Lumen gentium, 61) Devise Fiat Voluntas Tua Ces mots latins qui se traduisent \u00ab\u00a0que ta volont\u00e9 soit faite\u00a0\u00bb qui viennent du Notre P\u00e8re (cf. Matthieu 6, 10), expriment cette disposition du coeur qui est au fondement de la vie du disciple chr\u00e9tien. J\u00e9sus Christ, le Fils de Dieu fait chair pour notre salut, a donn\u00e9 son fiat \u00e0 la volont\u00e9 du P\u00e8re lorsqu\u2019Il est venu dans le monde (cf. H\u00e9breux 10, 7). Par cons\u00e9quent, le disciple de J\u00e9sus est appel\u00e9 \u00e0 donner, dans la foi et l\u2019ob\u00e9issance, son fiat au plan divin du salut en J\u00e9sus Christ et de tout ce que veut le P\u00e8re pour son accomplissement, comme l\u2019a fait Marie, m\u00e8re de notre Seigneur (cf. Luc 1, 38).<\/p>\n","protected":false},"author":1,"featured_media":0,"parent":1176,"menu_order":0,"comment_status":"closed","ping_status":"closed","template":"","meta":{"_monsterinsights_skip_tracking":false,"_monsterinsights_sitenote_active":false,"_monsterinsights_sitenote_note":"","_monsterinsights_sitenote_category":0,"footnotes":"","_links_to":"","_links_to_target":""},"class_list":["post-2747","page","type-page","status-publish","hentry"],"post_mailing_queue_ids":[],"_links":{"self":[{"href":"https:\/\/pembrokediocese.com\/fr\/wp-json\/wp\/v2\/pages\/2747","targetHints":{"allow":["GET"]}}],"collection":[{"href":"https:\/\/pembrokediocese.com\/fr\/wp-json\/wp\/v2\/pages"}],"about":[{"href":"https:\/\/pembrokediocese.com\/fr\/wp-json\/wp\/v2\/types\/page"}],"author":[{"embeddable":true,"href":"https:\/\/pembrokediocese.com\/fr\/wp-json\/wp\/v2\/users\/1"}],"replies":[{"embeddable":true,"href":"https:\/\/pembrokediocese.com\/fr\/wp-json\/wp\/v2\/comments?post=2747"}],"version-history":[{"count":0,"href":"https:\/\/pembrokediocese.com\/fr\/wp-json\/wp\/v2\/pages\/2747\/revisions"}],"up":[{"embeddable":true,"href":"https:\/\/pembrokediocese.com\/fr\/wp-json\/wp\/v2\/pages\/1176"}],"wp:attachment":[{"href":"https:\/\/pembrokediocese.com\/fr\/wp-json\/wp\/v2\/media?parent=2747"}],"curies":[{"name":"wp","href":"https:\/\/api.w.org\/{rel}","templated":true}]}}