{"id":2757,"date":"2020-04-02T15:52:46","date_gmt":"2020-04-02T19:52:46","guid":{"rendered":"https:\/\/pembrokediocese.com\/?page_id=2757"},"modified":"2020-04-02T19:26:39","modified_gmt":"2020-04-02T23:26:39","slug":"joseph-raymond-windle","status":"publish","type":"page","link":"https:\/\/pembrokediocese.com\/fr\/eveque\/joseph-raymond-windle\/","title":{"rendered":"Monseigneur Joseph R. Windle, D.D."},"content":{"rendered":"<h1>Monseigneur Joseph Raymond Windle, D.D.<\/h1>\n<h3>Biographie<\/h3>\n<p><img loading=\"lazy\" decoding=\"async\" class=\"wp-image-1654 size-medium alignleft\" src=\"https:\/\/pembrokediocese.com\/wp-content\/uploads\/Bishop-Windle-copy-212x300.jpg\" alt=\"\" width=\"212\" height=\"300\" srcset=\"https:\/\/pembrokediocese.com\/wp-content\/uploads\/Bishop-Windle-copy-212x300.jpg 212w, https:\/\/pembrokediocese.com\/wp-content\/uploads\/Bishop-Windle-copy.jpg 354w\" sizes=\"(max-width: 212px) 100vw, 212px\" \/><strong>N\u00e9 :<\/strong> le 28 ao\u00fbt 1917<strong><br \/>\nOrdonn\u00e9 pr\u00eatre : <\/strong>le 16 mai 1943<br \/>\n<strong>Nomm\u00e9 \u00e9v\u00eaque auxiliaire d\u2019Ottawa :<\/strong> le 15 novembre 1960<br \/>\n<strong>Ordonn\u00e9 \u00e9v\u00eaque\u00a0:<\/strong> le 18 janvier 1961<br \/>\n<strong>Nomm\u00e9 \u00e9v\u00eaque coadjuteur de Pembroke :<\/strong> le 25 janvier 1969<br \/>\n<strong>Nomm\u00e9 \u00e9v\u00eaque de Pembroke\u00a0:<\/strong> le 15 f\u00e9vrier 1971<br \/>\n<strong>Retraite\u00a0:<\/strong> le 5 mai 1993<br \/>\n<strong>D\u00e9c\u00e9d\u00e9\u00a0:<\/strong> le 24 septembre 1997<\/p>\n<p>Joseph Raymond Windle est n\u00e9 le 28 ao\u00fbt 1917 \u00e0 Ashdad, Ontario, fils the James Windle et de Bridget Scollard.<\/p>\n<p>Apr\u00e8s avoir termin\u00e9 ses \u00e9tudes \u00e0 Calabogie High School en 1936, il \u00e9tudie la philosophie au Coll\u00e8ge classique St-Alexandre, \u00e0 Limbour, Qu\u00e9bec. De 1939 \u00e0 1943, il poursuit ses \u00e9tudes en th\u00e9ologie au Grand S\u00e9minaire de Montr\u00e9al. Il est ordonn\u00e9 pr\u00eatre dans sa paroisse d\u2019origine, Most Precious Blood, \u00e0 Calabogie, Ontario, le 16 mai 1943.<\/p>\n<p>Suite \u00e0 son ordination, il est vicaire de Mattawa pour sept ans. En 1950, il poursuit des en Droit canon \u00e0 l\u2019Universit\u00e9 pontifical du Latran \u00e0 Rome. \u00c0 son retour au Canada, il devient Secr\u00e9taire de Monseigneur Smith et Vice-chancelier. Il est ensuite nomm\u00e9 vicaire \u00e0 T\u00e9miscaming de 1954 \u00e0 1957.<\/p>\n<p>En 1957, il devient vicaire \u00e0 temps partiel de Campbell\u2019s Bay, Qu\u00e9bec, et travaille au Tribunal eccl\u00e9siastique r\u00e9gional de l\u2019Archidioc\u00e8se d\u2019Ottawa, Ontario. Il est nomm\u00e9 cur\u00e9 de Campbell\u2019s Bay en 1958, tout en continuant son travail \u00e0 Ottawa.<\/p>\n<div id=\"attachment_1677\" style=\"width: 211px\" class=\"wp-caption alignright\"><img loading=\"lazy\" decoding=\"async\" aria-describedby=\"caption-attachment-1677\" class=\"wp-image-1677 size-medium\" src=\"https:\/\/pembrokediocese.com\/wp-content\/uploads\/Bishop-Windle-JPII-201x300.jpg\" alt=\"\" width=\"201\" height=\"300\" srcset=\"https:\/\/pembrokediocese.com\/wp-content\/uploads\/Bishop-Windle-JPII-201x300.jpg 201w, https:\/\/pembrokediocese.com\/wp-content\/uploads\/Bishop-Windle-JPII-685x1024.jpg 685w, https:\/\/pembrokediocese.com\/wp-content\/uploads\/Bishop-Windle-JPII-768x1149.jpg 768w, https:\/\/pembrokediocese.com\/wp-content\/uploads\/Bishop-Windle-JPII-1027x1536.jpg 1027w, https:\/\/pembrokediocese.com\/wp-content\/uploads\/Bishop-Windle-JPII-958x1433.jpg 958w, https:\/\/pembrokediocese.com\/wp-content\/uploads\/Bishop-Windle-JPII.jpg 1200w\" sizes=\"(max-width: 201px) 100vw, 201px\" \/><p id=\"caption-attachment-1677\" class=\"wp-caption-text\">Monseigneur Windle avec le pape Jean-Paul II<\/p><\/div>\n<p>Le 15 novembre 1960, il est nomm\u00e9 \u00e9v\u00eaque auxiliaire d\u2019Ottawa. Son ordination \u00e0 l\u2019\u00e9piscopat a lieu \u00e0 la Basilique Notre-Dame d\u2019Ottawa le 19 janvier 1961. Monseigneur Windle demeure \u00e9v\u00eaque auxiliaire d\u2019Ottawa et Cur\u00e9 de la paroisse St. Patrick\u2019s pour huit ann\u00e9es.<\/p>\n<p>Le 25 janvier 1969, il est nomm\u00e9 \u00e9v\u00eaque coadjuteur de Pembroke avec droit de succession. Il devient \u00e9v\u00eaque de Pembroke en f\u00e9vrier 1971.<\/p>\n<p>Le 5 mai 1993, Sa saintet\u00e9, le pape Jean-Paul II, accepte la d\u00e9mission de Monseigneur Windle.<\/p>\n<p>Monseigneur Windle est d\u00e9c\u00e9d\u00e9 subitement le 24 septembre 1997.<\/p>\n","protected":false},"excerpt":{"rendered":"<p>Monseigneur Joseph Raymond Windle, D.D. Biographie N\u00e9 : le 28 ao\u00fbt 1917 Ordonn\u00e9 pr\u00eatre : le 16 mai 1943 Nomm\u00e9 \u00e9v\u00eaque auxiliaire d\u2019Ottawa : le 15 novembre 1960 Ordonn\u00e9 \u00e9v\u00eaque\u00a0: le 18 janvier 1961 Nomm\u00e9 \u00e9v\u00eaque coadjuteur de Pembroke : le 25 janvier 1969 Nomm\u00e9 \u00e9v\u00eaque de Pembroke\u00a0: le 15 f\u00e9vrier 1971 Retraite\u00a0: le 5 mai 1993 D\u00e9c\u00e9d\u00e9\u00a0: le 24 septembre 1997 Joseph Raymond Windle est n\u00e9 le 28 ao\u00fbt 1917 \u00e0 Ashdad, Ontario, fils the James Windle et de Bridget Scollard. Apr\u00e8s avoir termin\u00e9 ses \u00e9tudes \u00e0 Calabogie High School en 1936, il \u00e9tudie la philosophie au Coll\u00e8ge classique St-Alexandre, \u00e0 Limbour, Qu\u00e9bec. De 1939 \u00e0 1943, il poursuit ses \u00e9tudes en th\u00e9ologie au Grand S\u00e9minaire de Montr\u00e9al. Il est ordonn\u00e9 pr\u00eatre dans sa paroisse d\u2019origine, Most Precious Blood, \u00e0 Calabogie, Ontario, le 16 mai 1943. Suite \u00e0 son ordination, il est vicaire de Mattawa pour sept ans. En 1950, il poursuit des en Droit canon \u00e0 l\u2019Universit\u00e9 pontifical du Latran \u00e0 Rome. \u00c0 son retour au Canada, il devient Secr\u00e9taire de Monseigneur Smith et Vice-chancelier. Il est ensuite nomm\u00e9 vicaire \u00e0 T\u00e9miscaming de 1954 \u00e0 1957. En 1957, il devient vicaire \u00e0 temps partiel de Campbell\u2019s Bay, Qu\u00e9bec, et travaille au Tribunal eccl\u00e9siastique r\u00e9gional de l\u2019Archidioc\u00e8se d\u2019Ottawa, Ontario. Il est nomm\u00e9 cur\u00e9 de Campbell\u2019s Bay en 1958, tout en continuant son travail \u00e0 Ottawa. Le 15 novembre 1960, il est nomm\u00e9 \u00e9v\u00eaque auxiliaire d\u2019Ottawa. Son ordination \u00e0 l\u2019\u00e9piscopat a lieu \u00e0 la Basilique Notre-Dame d\u2019Ottawa le 19 janvier 1961. Monseigneur Windle demeure \u00e9v\u00eaque auxiliaire d\u2019Ottawa et Cur\u00e9 de la paroisse St. Patrick\u2019s pour huit ann\u00e9es. Le 25 janvier 1969, il est nomm\u00e9 \u00e9v\u00eaque coadjuteur de Pembroke avec droit de succession. Il devient \u00e9v\u00eaque de Pembroke en f\u00e9vrier 1971. Le 5 mai 1993, Sa saintet\u00e9, le pape Jean-Paul II, accepte la d\u00e9mission de Monseigneur Windle. Monseigneur Windle est d\u00e9c\u00e9d\u00e9 subitement le 24 septembre 1997.<\/p>\n","protected":false},"author":1,"featured_media":0,"parent":1176,"menu_order":0,"comment_status":"closed","ping_status":"closed","template":"","meta":{"_monsterinsights_skip_tracking":false,"_monsterinsights_sitenote_active":false,"_monsterinsights_sitenote_note":"","_monsterinsights_sitenote_category":0,"footnotes":"","_links_to":"","_links_to_target":""},"class_list":["post-2757","page","type-page","status-publish","hentry"],"post_mailing_queue_ids":[],"_links":{"self":[{"href":"https:\/\/pembrokediocese.com\/fr\/wp-json\/wp\/v2\/pages\/2757","targetHints":{"allow":["GET"]}}],"collection":[{"href":"https:\/\/pembrokediocese.com\/fr\/wp-json\/wp\/v2\/pages"}],"about":[{"href":"https:\/\/pembrokediocese.com\/fr\/wp-json\/wp\/v2\/types\/page"}],"author":[{"embeddable":true,"href":"https:\/\/pembrokediocese.com\/fr\/wp-json\/wp\/v2\/users\/1"}],"replies":[{"embeddable":true,"href":"https:\/\/pembrokediocese.com\/fr\/wp-json\/wp\/v2\/comments?post=2757"}],"version-history":[{"count":0,"href":"https:\/\/pembrokediocese.com\/fr\/wp-json\/wp\/v2\/pages\/2757\/revisions"}],"up":[{"embeddable":true,"href":"https:\/\/pembrokediocese.com\/fr\/wp-json\/wp\/v2\/pages\/1176"}],"wp:attachment":[{"href":"https:\/\/pembrokediocese.com\/fr\/wp-json\/wp\/v2\/media?parent=2757"}],"curies":[{"name":"wp","href":"https:\/\/api.w.org\/{rel}","templated":true}]}}