{"id":2762,"date":"2020-04-02T18:49:20","date_gmt":"2020-04-02T22:49:20","guid":{"rendered":"https:\/\/pembrokediocese.com\/?page_id=2762"},"modified":"2021-08-22T09:03:47","modified_gmt":"2021-08-22T13:03:47","slug":"william-smith","status":"publish","type":"page","link":"https:\/\/pembrokediocese.com\/fr\/eveque\/william-smith\/","title":{"rendered":"Monseigneur William J. Smith"},"content":{"rendered":"<h1>Monseigneur William Joseph Smith, D.D., J.D.C.<\/h1>\n<h3>Biographie<\/h3>\n<p><img loading=\"lazy\" decoding=\"async\" class=\"wp-image-1650 size-medium alignleft\" src=\"https:\/\/pembrokediocese.com\/wp-content\/uploads\/smith-eveque-1-219x300.jpg\" alt=\"\" width=\"219\" height=\"300\" srcset=\"https:\/\/pembrokediocese.com\/wp-content\/uploads\/smith-eveque-1-219x300.jpg 219w, https:\/\/pembrokediocese.com\/wp-content\/uploads\/smith-eveque-1.jpg 472w\" sizes=\"(max-width: 219px) 100vw, 219px\" \/><\/p>\n<p><strong>N\u00e9: <\/strong>le 2 janvier 1897<strong><br \/>\nOrdonn\u00e9 pr\u00eatre :<\/strong> le 16 juin 1927<br \/>\n<strong>Nomm\u00e9 \u00e9v\u00eaque de Pembroke :<\/strong> le 19 mai 1945<br \/>\n<strong>Ordonn\u00e9 \u00e9v\u00eaque :<\/strong> le 25 juillet 1945<br \/>\n<strong>Install\u00e9 \u00e9v\u00eaque de Pembroke\u00a0:<\/strong> le 8 ao\u00fbt 1945<br \/>\n<strong>Retraite\u00a0:<\/strong> le 15 f\u00e9vrier 1971<br \/>\n<strong>D\u00e9c\u00e9d\u00e9 \u00e9v\u00eaque \u00e9m\u00e9rite de Pembroke\u00a0:<\/strong> le 28 octobre 1986<\/p>\n<p>Monseigneur Smith est n\u00e9 \u00e0 Greenfield, Ontario, dans le dioc\u00e8se d\u2019Alexandria, le 2 janvier 1987. C\u2019\u00e9tait une communaut\u00e9 rurale \u00e9cossaise, et il a re\u00e7u de solides rudiments de la foi \u00e0 un jeune \u00e2ge. Apr\u00e8s avoir compl\u00e9t\u00e9 ses \u00e9tudes secondaires \u00e0 Alexandria, il re\u00e7oit son B.A. \u00e0 l\u2019Universit\u00e9 d\u2019Ottawa. Il travaille cinq ans dans une banque avant de retourner aux \u00e9tudes. Il entre au Grand S\u00e9minaire de Montr\u00e9al, et apr\u00e8s ses quatre ann\u00e9es de Th\u00e9ologie il est ordonn\u00e9 pr\u00eatre pour le dioc\u00e8se d\u2019Alexandria en 1927. Apr\u00e8s son ordination, il remplit les postes de vicaire \u00e0 la cath\u00e9drale St. Finnan \u00e0 Alexandria, et secr\u00e9taire pour Monseigneur Couturier. De 1932 \u00e0 1935, il est \u00e9tudiant \u00e0 l\u2019Angelicum \u00e0 Rome, o\u00f9 il re\u00e7oit un doctorat en droit canonique. \u00c0 son retour de Rome, il devient chancelier du dioc\u00e8se d\u2019Alexandria, et en 1940, il est nomm\u00e9 recteur de la cath\u00e9drale St. Finnan. \u00c9lev\u00e9 au rang honorifique de Monseigneur le 19 juillet 1943, il devient cur\u00e9 de la paroisse St. Columba \u00e0 Cornwall en 1944. Monseigneur Smith est nomm\u00e9 \u00e9v\u00eaque de Pembroke le 19 mai 1945, puis ordonn\u00e9 \u00e9v\u00eaque le 25 juillet 1945 en la cath\u00e9drale d\u2019Alexandria. Le 8 ao\u00fbt de cette m\u00eame ann\u00e9e, il est install\u00e9 \u00e9v\u00eaque de Pembroke lors d\u2019une c\u00e9r\u00e9monie pr\u00e9sid\u00e9e par Monseigneur Alexandre Vachon, D.D., archev\u00eaque m\u00e9tropolitain d\u2019Ottawa.<\/p>\n<p>\u00c0 son arriv\u00e9e \u00e0 Pembroke, plusieurs projets sp\u00e9ciaux de construction sont entrepris. Une campagne de financement est mise en marche en 1949 pour une r\u00e9sidence de personnes \u00e2ges qui aboutit dans la conversion de l\u2019ancien H\u00f4pital g\u00e9n\u00e9ral en Marianhill. La cath\u00e9drale est r\u00e9nov\u00e9e en 1951-52, le nouvel H\u00f4pital g\u00e9n\u00e9ral (maintenant Pembroke Regional Hospital), l\u2019\u00e9difice connu comme St. Joseph\u2019s Motherhouse est construit en 1953, deux nouvelles \u00e9coles primaires sont construites \u00e0 Pembroke en 1954, l\u2019\u00e9difice Grey Sisters Motherhouse est compl\u00e9t\u00e9 de 1956 \u00e0 1960 (maintenant il sert \u00e0 l\u2019organisme Carefor, devant l\u2019h\u00f4pital). Une nouvelle \u00e9cole secondaire pour filles voit le jour en 1955, derri\u00e8re le couvent Mary Immaculate (maintenant Wise Owl Daycare), l\u2019\u00e9cole Lorrain School of Nursing est compl\u00e9t\u00e9e en 1960. Tous ces projets t\u00e9moignent de son leadership plein d\u2019\u00e9nergie. Du c\u00f4t\u00e9 qu\u00e9b\u00e9cois du dioc\u00e8se, plus particuli\u00e8rement dans le comt\u00e9 de Pontiac, de 1948 \u00e0 1960, Monseigneur Smith a la joie de b\u00e9nir et pr\u00e9sider \u00e0 l\u2019ouverture officielle de nombreuses \u00e9coles primaires, une \u00e9cole secondaire, une \u00e9cole normale de langue fran\u00e7aise.<\/p>\n<p>En Ontario, en plus de la cr\u00e9ation d\u2019une nouvelle paroisse \u00e0 Pembroke, l\u2019apr\u00e8s Deuxi\u00e8me guerre mondiale est pour la r\u00e9gion de Pembroke \u00e0 Stonecliffe un moment d\u2019essor important. Les grands projets de d\u00e9veloppement d\u2019\u00c9nergie atomique de Chalk River (maintenant Laboratoire nucl\u00e9aires canadiens) et de Hydro Electric Power (maintenant Hydro One), par la croissance de la population et de l\u2019emploi, m\u00e8nent \u00e0 la construction de nouvelles \u00e9glises et centres paroissiaux.<\/p>\n<p>Monseigneur Smith a l\u2019honneur de participer au Deuxi\u00e8me Concile du Vatican \u00e0 Rome de 1962 \u00e0 1965 avec son secr\u00e9taire Monseigneur M.J. Barry. Apr\u00e8s le concile, il met en \u0153uvre graduellement les changements et r\u00e9formes de celui-ci. Plusieurs \u00e9glises sont r\u00e9nov\u00e9es pour faciliter la nouvelle liturgie, et la cr\u00e9ation de conseils paroissiaux dans la plupart des paroisses est annonciatrice d\u2019une nouvelle relation entre pr\u00eatre et la\u00efcs.\u00a0 L\u2019\u00e9difice des bureaux dioc\u00e9sains est agrandi pour donner plus d\u2019espace \u00e0 la chancellerie, un bureau pour l\u2019\u00e9v\u00eaque, un bureau pour l\u2019Apostolat des la\u00efcs et un bureau pour l\u2019\u00c9ducation religieuse. Par contre, avec son \u00e2ge avan\u00e7ant et le stress de sa charge pastorale, Monseigneur Smith fait la demande pour avoir un coadjuteur avec droit de succession en 1969. Monseigneur J.R. Windle, \u00e9v\u00eaque auxiliaire d\u2019Ottawa, revient donc \u00e0 Pembroke dans ce but, pour l\u2019aider au jour le jour avec les pr\u00e9occupations de cette \u00e8re post Vatican II. Monseigneur Smith prend sa retraite comme \u00e9v\u00eaque de Pembroke en f\u00e9vrier 1971. Il demeure en r\u00e9sidence \u00e0 l\u2019\u00e9difice dioc\u00e9sain pour plusieurs ann\u00e9es, aidant Monseigneur Windle avec le calendrier des Confirmations. En 1982, avec l\u2019\u00e2ge qui rend difficile ses activit\u00e9s, c\u2019est \u00e0 contrec\u0153ur qu\u2019il se retire et s\u2019installe \u00e0 Marianhill.<\/p>\n<p>Le 28 octobre 1986, Monseigneur Smith meurt \u00e0 l\u2019\u00e2ge de 89 ans \u00e0 l\u2019H\u00f4pital g\u00e9n\u00e9ral de Pembroke. La messe des fun\u00e9railles est c\u00e9l\u00e9br\u00e9e \u00e0 la cath\u00e9drale St. Columbkille le 31 octobre, avec la pr\u00e9sence de 15 \u00e9v\u00eaques et 85 pr\u00eatres conc\u00e9l\u00e9brant. Monseigneur Windle pr\u00e9side la c\u00e9r\u00e9monie et donne l\u2019hom\u00e9lie. Dans son hom\u00e9lie, Monseigneur Windle raconte ses heureux souvenirs de son pr\u00e9d\u00e9cesseur. Il rend hommage \u00e0 la contribution remarquable de Monseigneur Smith envers le dioc\u00e8se durant les 26 ann\u00e9es qu\u2019il a servi comme pasteur en chef, et il souligne aussi l\u2019amour et la pr\u00e9occupation qu\u2019il avait envers les fid\u00e8les qui lui \u00e9taient confi\u00e9s. Il note que Monseigneur Smith avait une affection sp\u00e9ciale pour ses pr\u00eatres et un d\u00e9vouement pour les religieuses qui travaillaient avec lui pour le bien-\u00eatre du dioc\u00e8se. Au cours de ses ann\u00e9es \u00e0 la retraite, Monseigneur Smith a gard\u00e9 son int\u00e9r\u00eat pour les gens et profitait avec joie de toutes les occasions qui l\u2019amenaient \u00e0 \u00eatre en contact avec eux.<\/p>\n<blockquote><p>Il faut se rappeler qu\u2019aucun homme ne peut juger de fa\u00e7on appropri\u00e9e sans normes. Il sera une loi pour lui-m\u00eame s\u2019il n\u2019a pas de normes objectives qui le guident. La loi de Dieu vient en premier, une norme fondamentale d\u2019action que nul homme ne peut bafouer sans porter atteinte \u00e0 son \u00e9tat d\u2019homme chr\u00e9tien et catholique.<\/p><\/blockquote>\n<p style=\"text-align: right;\">\u2013 Monseigneur William J. Smith, le 16 juin 1973, Convention d\u2019\u00e9tat de l\u2019Ontario, Chevaliers de Colomb, Niagara Falls.<\/p>\n<p>&nbsp;<\/p>\n","protected":false},"excerpt":{"rendered":"<p>Monseigneur William Joseph Smith, D.D., J.D.C. Biographie N\u00e9: le 2 janvier 1897 Ordonn\u00e9 pr\u00eatre : le 16 juin 1927 Nomm\u00e9 \u00e9v\u00eaque de Pembroke : le 19 mai 1945 Ordonn\u00e9 \u00e9v\u00eaque : le 25 juillet 1945 Install\u00e9 \u00e9v\u00eaque de Pembroke\u00a0: le 8 ao\u00fbt 1945 Retraite\u00a0: le 15 f\u00e9vrier 1971 D\u00e9c\u00e9d\u00e9 \u00e9v\u00eaque \u00e9m\u00e9rite de Pembroke\u00a0: le 28 octobre 1986 Monseigneur Smith est n\u00e9 \u00e0 Greenfield, Ontario, dans le dioc\u00e8se d\u2019Alexandria, le 2 janvier 1987. C\u2019\u00e9tait une communaut\u00e9 rurale \u00e9cossaise, et il a re\u00e7u de solides rudiments de la foi \u00e0 un jeune \u00e2ge. Apr\u00e8s avoir compl\u00e9t\u00e9 ses \u00e9tudes secondaires \u00e0 Alexandria, il re\u00e7oit son B.A. \u00e0 l\u2019Universit\u00e9 d\u2019Ottawa. Il travaille cinq ans dans une banque avant de retourner aux \u00e9tudes. Il entre au Grand S\u00e9minaire de Montr\u00e9al, et apr\u00e8s ses quatre ann\u00e9es de Th\u00e9ologie il est ordonn\u00e9 pr\u00eatre pour le dioc\u00e8se d\u2019Alexandria en 1927. Apr\u00e8s son ordination, il remplit les postes de vicaire \u00e0 la cath\u00e9drale St. Finnan \u00e0 Alexandria, et secr\u00e9taire pour Monseigneur Couturier. De 1932 \u00e0 1935, il est \u00e9tudiant \u00e0 l\u2019Angelicum \u00e0 Rome, o\u00f9 il re\u00e7oit un doctorat en droit canonique. \u00c0 son retour de Rome, il devient chancelier du dioc\u00e8se d\u2019Alexandria, et en 1940, il est nomm\u00e9 recteur de la cath\u00e9drale St. Finnan. \u00c9lev\u00e9 au rang honorifique de Monseigneur le 19 juillet 1943, il devient cur\u00e9 de la paroisse St. Columba \u00e0 Cornwall en 1944. Monseigneur Smith est nomm\u00e9 \u00e9v\u00eaque de Pembroke le 19 mai 1945, puis ordonn\u00e9 \u00e9v\u00eaque le 25 juillet 1945 en la cath\u00e9drale d\u2019Alexandria. Le 8 ao\u00fbt de cette m\u00eame ann\u00e9e, il est install\u00e9 \u00e9v\u00eaque de Pembroke lors d\u2019une c\u00e9r\u00e9monie pr\u00e9sid\u00e9e par Monseigneur Alexandre Vachon, D.D., archev\u00eaque m\u00e9tropolitain d\u2019Ottawa. \u00c0 son arriv\u00e9e \u00e0 Pembroke, plusieurs projets sp\u00e9ciaux de construction sont entrepris. Une campagne de financement est mise en marche en 1949 pour une r\u00e9sidence de personnes \u00e2ges qui aboutit dans la conversion de l\u2019ancien H\u00f4pital g\u00e9n\u00e9ral en Marianhill. La cath\u00e9drale est r\u00e9nov\u00e9e en 1951-52, le nouvel H\u00f4pital g\u00e9n\u00e9ral (maintenant Pembroke Regional Hospital), l\u2019\u00e9difice connu comme St. Joseph\u2019s Motherhouse est construit en 1953, deux nouvelles \u00e9coles primaires sont construites \u00e0 Pembroke en 1954, l\u2019\u00e9difice Grey Sisters Motherhouse est compl\u00e9t\u00e9 de 1956 \u00e0 1960 (maintenant il sert \u00e0 l\u2019organisme Carefor, devant l\u2019h\u00f4pital). Une nouvelle \u00e9cole secondaire pour filles voit le jour en 1955, derri\u00e8re le couvent Mary Immaculate (maintenant Wise Owl Daycare), l\u2019\u00e9cole Lorrain School of Nursing est compl\u00e9t\u00e9e en 1960. Tous ces projets t\u00e9moignent de son leadership plein d\u2019\u00e9nergie. Du c\u00f4t\u00e9 qu\u00e9b\u00e9cois du dioc\u00e8se, plus particuli\u00e8rement dans le comt\u00e9 de Pontiac, de 1948 \u00e0 1960, Monseigneur Smith a la joie de b\u00e9nir et pr\u00e9sider \u00e0 l\u2019ouverture officielle de nombreuses \u00e9coles primaires, une \u00e9cole secondaire, une \u00e9cole normale de langue fran\u00e7aise. En Ontario, en plus de la cr\u00e9ation d\u2019une nouvelle paroisse \u00e0 Pembroke, l\u2019apr\u00e8s Deuxi\u00e8me guerre mondiale est pour la r\u00e9gion de Pembroke \u00e0 Stonecliffe un moment d\u2019essor important. Les grands projets de d\u00e9veloppement d\u2019\u00c9nergie atomique de Chalk River (maintenant Laboratoire nucl\u00e9aires canadiens) et de Hydro Electric Power (maintenant Hydro One), par la croissance de la population et de l\u2019emploi, m\u00e8nent \u00e0 la construction de nouvelles \u00e9glises et centres paroissiaux. Monseigneur Smith a l\u2019honneur de participer au [&hellip;]<\/p>\n","protected":false},"author":1,"featured_media":0,"parent":1176,"menu_order":0,"comment_status":"closed","ping_status":"closed","template":"","meta":{"_monsterinsights_skip_tracking":false,"_monsterinsights_sitenote_active":false,"_monsterinsights_sitenote_note":"","_monsterinsights_sitenote_category":0,"footnotes":"","_links_to":"","_links_to_target":""},"class_list":["post-2762","page","type-page","status-publish","hentry"],"post_mailing_queue_ids":[],"_links":{"self":[{"href":"https:\/\/pembrokediocese.com\/fr\/wp-json\/wp\/v2\/pages\/2762","targetHints":{"allow":["GET"]}}],"collection":[{"href":"https:\/\/pembrokediocese.com\/fr\/wp-json\/wp\/v2\/pages"}],"about":[{"href":"https:\/\/pembrokediocese.com\/fr\/wp-json\/wp\/v2\/types\/page"}],"author":[{"embeddable":true,"href":"https:\/\/pembrokediocese.com\/fr\/wp-json\/wp\/v2\/users\/1"}],"replies":[{"embeddable":true,"href":"https:\/\/pembrokediocese.com\/fr\/wp-json\/wp\/v2\/comments?post=2762"}],"version-history":[{"count":0,"href":"https:\/\/pembrokediocese.com\/fr\/wp-json\/wp\/v2\/pages\/2762\/revisions"}],"up":[{"embeddable":true,"href":"https:\/\/pembrokediocese.com\/fr\/wp-json\/wp\/v2\/pages\/1176"}],"wp:attachment":[{"href":"https:\/\/pembrokediocese.com\/fr\/wp-json\/wp\/v2\/media?parent=2762"}],"curies":[{"name":"wp","href":"https:\/\/api.w.org\/{rel}","templated":true}]}}