{"id":2780,"date":"2020-04-02T19:16:45","date_gmt":"2020-04-02T23:16:45","guid":{"rendered":"https:\/\/pembrokediocese.com\/?page_id=2780"},"modified":"2020-04-05T18:23:04","modified_gmt":"2020-04-05T22:23:04","slug":"michael-mulhall","status":"publish","type":"page","link":"https:\/\/pembrokediocese.com\/fr\/eveque\/michael-mulhall\/","title":{"rendered":"Monseigneur Michael Mulhall"},"content":{"rendered":"<h1>Monseigneur Michael Mulhall D.D.<\/h1>\n<h3>Biographie<\/h3>\n<p><img loading=\"lazy\" decoding=\"async\" width=\"300\" height=\"240\" class=\"size-medium wp-image-889 alignleft\" src=\"https:\/\/pembrokediocese.com\/wp-content\/uploads\/2020\/03\/ArchB-Michael-1200-300x240.jpg\" alt=\"\" srcset=\"https:\/\/pembrokediocese.com\/wp-content\/uploads\/2020\/03\/ArchB-Michael-1200-300x240.jpg 300w, https:\/\/pembrokediocese.com\/wp-content\/uploads\/2020\/03\/ArchB-Michael-1200-1024x819.jpg 1024w, https:\/\/pembrokediocese.com\/wp-content\/uploads\/2020\/03\/ArchB-Michael-1200-768x614.jpg 768w, https:\/\/pembrokediocese.com\/wp-content\/uploads\/2020\/03\/ArchB-Michael-1200-958x766.jpg 958w, https:\/\/pembrokediocese.com\/wp-content\/uploads\/2020\/03\/ArchB-Michael-1200-1000x800.jpg 1000w, https:\/\/pembrokediocese.com\/wp-content\/uploads\/2020\/03\/ArchB-Michael-1200.jpg 1200w\" sizes=\"(max-width: 300px) 100vw, 300px\" \/><strong>N\u00e9: <\/strong>le 25 f\u00e9vrier 1962<strong><br \/>\nOrdonn\u00e9 pr\u00eatre :<\/strong> July 21, 1989<strong><br \/>\n<\/strong><strong>Nomm\u00e9 \u00e9v\u00eaque de Pembroke :<\/strong> June 30, 2007<br \/>\n<strong>Ordonn\u00e9 \u00e9v\u00eaque\u00a0:<\/strong> September 21, 2007<br \/>\n<strong>Nomm\u00e9 archev\u00eaque de Kingston :<\/strong> 30 March 2019<br \/>\n<strong>Install\u00e9 archev\u00eaque de Kingston :<\/strong> 3 May 2019<\/p>\n<div class=\"entry-content\">\n<p>Monseigneur Michael Mulhall est n\u00e9 \u00e0 Peterborough, Ontario, le 25 f\u00e9vrier, 1962, l\u2019a\u00een\u00e9 de cinq enfants de Vernon et Maureen Mulhall. Il fait ses \u00e9tudes primaires et secondaires \u00e0 Peterborough, et ses \u00e9tudes universitaires \u00e0 Trent University o\u00f9 il obtient un baccalaur\u00e9at \u00e8s arts en 1985. Il poursuit ses \u00e9tudes th\u00e9ologiques \u00e0 Rome et oteitn un baccalaur\u00e9at \u00e0 l\u2019Augustinianum en 1991, tout en suivant sa formation au Coll\u00e8ge Nord Am\u00e9ricain.<\/p>\n<p>Il a \u00e9t\u00e9 ordonn\u00e9 pr\u00eatre pour le dioc\u00e8se de Peterborough le 21 juillet 1989. De 1991 \u00e0 1994, il dessert la paroisse de Huntsville. De 1994 \u00e0 2002, il est \u00e0 Rome o\u00f9 il fait partie de la d\u00e9l\u00e9gation du Saint Si\u00e8ge \u00e0 la Congr\u00e9gation pour les \u00c9glises orientales. Il revient \u00e0 son dioc\u00e8se en 2002 pour retourner \u00e0 Huntsville et ensuite \u00e0 Hastings.<\/p>\n<p>En plus, en 2003 il est nomm\u00e9 chancelier pour les affaires spirituelles et en 2004, vicaire g\u00e9n\u00e9ral du dioc\u00e8se de Peterborough. Il occupe ces postes jusqu\u2019au 30 juin 2007 quand le pape Benoit XVI le nomme \u00e9v\u00eaque \u00e0 la cath\u00e9drale Saint Columbkille de Pembroke le 21 septembre 2007.<\/p>\n<h3>Armoiries<\/h3>\n<p><img loading=\"lazy\" decoding=\"async\" width=\"240\" height=\"300\" class=\"size-medium wp-image-901 alignleft\" src=\"https:\/\/pembrokediocese.com\/wp-content\/uploads\/2020\/03\/bishop-mulhall-coat-of-arms-240x300.jpg\" alt=\"\" srcset=\"https:\/\/pembrokediocese.com\/wp-content\/uploads\/2020\/03\/bishop-mulhall-coat-of-arms-240x300.jpg 240w, https:\/\/pembrokediocese.com\/wp-content\/uploads\/2020\/03\/bishop-mulhall-coat-of-arms.jpg 511w\" sizes=\"(max-width: 240px) 100vw, 240px\" \/><\/p>\n<p>Les symboles de la section sup\u00e9rieure de l\u2019\u00e9cu repr\u00e9sentent les symboles de Notre-Dame sous le vocable de l\u2019Immacul\u00e9e-Conception, patronne du Coll\u00e8ge nord-am\u00e9ricain de Rome et \u00e0 gauche, le blason de la famille Mulhall. La section centrale repr\u00e9sente le blason de la famille Hickey. Le dioc\u00e8se de Peterborough est repr\u00e9sent\u00e9 en bas \u00e0 gauche (saint Pierre), et la colombe de la paix dress\u00e9e sur une \u00e9p\u00e9e d\u2019or repr\u00e9sente le dioc\u00e8se de Pembroke (saint Columbkille).<\/p>\n<p>La devise de Mgr Mulhall est <em>Fiduciam habemus apud Deum<\/em> \u2013 \u201cNous avons confiance devant Dieu\u201d. Par la gr\u00e2ce du bapt\u00eame, les chr\u00e9tiens ont \u00ab\u00a0de l\u2019assurance devant Dieu\u00a0\u00bb, une confiance qui leur vient de leur adoption. J\u00e9sus, le Fils et le Verbe, qui \u00e9tait aupr\u00e8s de Dieu de toute \u00e9ternit\u00e9 (Jean 1, 1) nous a gagn\u00e9 la confiance et l\u2019amiti\u00e9 de Dieu notre cr\u00e9ateur. Dans leur qu\u00eate de la saintet\u00e9, les moines du d\u00e9sert de Palestine au 5<sup>e<\/sup> si\u00e8cle ont repris cette id\u00e9e de confiance ou d\u2019audace (<em>parr\u00e8sia<\/em>). Le chr\u00e9tien qui chemine vers la perfection spirituelle dans la pri\u00e8re et le renoncement grandit chaque jour dans la confiance (<em>fiducia<\/em>). Sachons appr\u00e9cier l\u2019invitation que nous adresse le Christ et grandir chaque jour dans la confiance (<em>fiducia-parr\u00e8sia<\/em>).<\/p>\n<\/div>\n","protected":false},"excerpt":{"rendered":"<p>Monseigneur Michael Mulhall D.D. Biographie N\u00e9: le 25 f\u00e9vrier 1962 Ordonn\u00e9 pr\u00eatre : July 21, 1989 Nomm\u00e9 \u00e9v\u00eaque de Pembroke : June 30, 2007 Ordonn\u00e9 \u00e9v\u00eaque\u00a0: September 21, 2007 Nomm\u00e9 archev\u00eaque de Kingston : 30 March 2019 Install\u00e9 archev\u00eaque de Kingston : 3 May 2019 Monseigneur Michael Mulhall est n\u00e9 \u00e0 Peterborough, Ontario, le 25 f\u00e9vrier, 1962, l\u2019a\u00een\u00e9 de cinq enfants de Vernon et Maureen Mulhall. Il fait ses \u00e9tudes primaires et secondaires \u00e0 Peterborough, et ses \u00e9tudes universitaires \u00e0 Trent University o\u00f9 il obtient un baccalaur\u00e9at \u00e8s arts en 1985. Il poursuit ses \u00e9tudes th\u00e9ologiques \u00e0 Rome et oteitn un baccalaur\u00e9at \u00e0 l\u2019Augustinianum en 1991, tout en suivant sa formation au Coll\u00e8ge Nord Am\u00e9ricain. Il a \u00e9t\u00e9 ordonn\u00e9 pr\u00eatre pour le dioc\u00e8se de Peterborough le 21 juillet 1989. De 1991 \u00e0 1994, il dessert la paroisse de Huntsville. De 1994 \u00e0 2002, il est \u00e0 Rome o\u00f9 il fait partie de la d\u00e9l\u00e9gation du Saint Si\u00e8ge \u00e0 la Congr\u00e9gation pour les \u00c9glises orientales. Il revient \u00e0 son dioc\u00e8se en 2002 pour retourner \u00e0 Huntsville et ensuite \u00e0 Hastings. En plus, en 2003 il est nomm\u00e9 chancelier pour les affaires spirituelles et en 2004, vicaire g\u00e9n\u00e9ral du dioc\u00e8se de Peterborough. Il occupe ces postes jusqu\u2019au 30 juin 2007 quand le pape Benoit XVI le nomme \u00e9v\u00eaque \u00e0 la cath\u00e9drale Saint Columbkille de Pembroke le 21 septembre 2007. Armoiries Les symboles de la section sup\u00e9rieure de l\u2019\u00e9cu repr\u00e9sentent les symboles de Notre-Dame sous le vocable de l\u2019Immacul\u00e9e-Conception, patronne du Coll\u00e8ge nord-am\u00e9ricain de Rome et \u00e0 gauche, le blason de la famille Mulhall. La section centrale repr\u00e9sente le blason de la famille Hickey. Le dioc\u00e8se de Peterborough est repr\u00e9sent\u00e9 en bas \u00e0 gauche (saint Pierre), et la colombe de la paix dress\u00e9e sur une \u00e9p\u00e9e d\u2019or repr\u00e9sente le dioc\u00e8se de Pembroke (saint Columbkille). La devise de Mgr Mulhall est Fiduciam habemus apud Deum \u2013 \u201cNous avons confiance devant Dieu\u201d. Par la gr\u00e2ce du bapt\u00eame, les chr\u00e9tiens ont \u00ab\u00a0de l\u2019assurance devant Dieu\u00a0\u00bb, une confiance qui leur vient de leur adoption. J\u00e9sus, le Fils et le Verbe, qui \u00e9tait aupr\u00e8s de Dieu de toute \u00e9ternit\u00e9 (Jean 1, 1) nous a gagn\u00e9 la confiance et l\u2019amiti\u00e9 de Dieu notre cr\u00e9ateur. Dans leur qu\u00eate de la saintet\u00e9, les moines du d\u00e9sert de Palestine au 5e si\u00e8cle ont repris cette id\u00e9e de confiance ou d\u2019audace (parr\u00e8sia). Le chr\u00e9tien qui chemine vers la perfection spirituelle dans la pri\u00e8re et le renoncement grandit chaque jour dans la confiance (fiducia). Sachons appr\u00e9cier l\u2019invitation que nous adresse le Christ et grandir chaque jour dans la confiance (fiducia-parr\u00e8sia).<\/p>\n","protected":false},"author":1,"featured_media":0,"parent":1176,"menu_order":0,"comment_status":"closed","ping_status":"closed","template":"","meta":{"_monsterinsights_skip_tracking":false,"_monsterinsights_sitenote_active":false,"_monsterinsights_sitenote_note":"","_monsterinsights_sitenote_category":0,"footnotes":"","_links_to":"","_links_to_target":""},"class_list":["post-2780","page","type-page","status-publish","hentry"],"post_mailing_queue_ids":[],"_links":{"self":[{"href":"https:\/\/pembrokediocese.com\/fr\/wp-json\/wp\/v2\/pages\/2780","targetHints":{"allow":["GET"]}}],"collection":[{"href":"https:\/\/pembrokediocese.com\/fr\/wp-json\/wp\/v2\/pages"}],"about":[{"href":"https:\/\/pembrokediocese.com\/fr\/wp-json\/wp\/v2\/types\/page"}],"author":[{"embeddable":true,"href":"https:\/\/pembrokediocese.com\/fr\/wp-json\/wp\/v2\/users\/1"}],"replies":[{"embeddable":true,"href":"https:\/\/pembrokediocese.com\/fr\/wp-json\/wp\/v2\/comments?post=2780"}],"version-history":[{"count":0,"href":"https:\/\/pembrokediocese.com\/fr\/wp-json\/wp\/v2\/pages\/2780\/revisions"}],"up":[{"embeddable":true,"href":"https:\/\/pembrokediocese.com\/fr\/wp-json\/wp\/v2\/pages\/1176"}],"wp:attachment":[{"href":"https:\/\/pembrokediocese.com\/fr\/wp-json\/wp\/v2\/media?parent=2780"}],"curies":[{"name":"wp","href":"https:\/\/api.w.org\/{rel}","templated":true}]}}