{"id":3001,"date":"2020-04-05T12:51:05","date_gmt":"2020-04-05T16:51:05","guid":{"rendered":"https:\/\/pembrokediocese.com\/?page_id=3001"},"modified":"2024-10-30T14:33:43","modified_gmt":"2024-10-30T18:33:43","slug":"charles-nelligan","status":"publish","type":"page","link":"https:\/\/pembrokediocese.com\/fr\/eveque\/charles-nelligan\/","title":{"rendered":"Monseigneur Charles L. Nelligan"},"content":{"rendered":"<h1>Monseigneur Charles Leo Nelligan, D.D.<\/h1>\n<h3>Biographie<\/h3>\n<p><img loading=\"lazy\" decoding=\"async\" class=\"wp-image-1638 size-medium alignleft\" src=\"https:\/\/pembrokediocese.com\/wp-content\/uploads\/bishopnelligan-240x300.jpg\" alt=\"\" width=\"240\" height=\"300\" srcset=\"https:\/\/pembrokediocese.com\/wp-content\/uploads\/bishopnelligan-240x300.jpg 240w, https:\/\/pembrokediocese.com\/wp-content\/uploads\/bishopnelligan.jpg 330w\" sizes=\"(max-width: 240px) 100vw, 240px\" \/><\/p>\n<p><strong>N\u00e9 :<\/strong> le 20 ao\u00fbt 1894<strong><br \/>\nOrdonn\u00e9 pr\u00eatre\u00a0:<\/strong> le 7 juin 1925<br \/>\n<strong>Nomm\u00e9 \u00e9v\u00eaque de Pembroke\u00a0:<\/strong> le 16 ao\u00fbt 1937<br \/>\n<strong>Ordonn\u00e9 \u00e9v\u00eaque\u00a0:<\/strong> le 28 octobre 1937<br \/>\n<strong>Nomm\u00e9 Ordinaire militaire des Forces arm\u00e9es canadiennes\u00a0:<\/strong> le 20 septembre 1939<br \/>\n<strong>Retraite\u00a0:<\/strong> le 18 mai 1945<br \/>\n<strong>D\u00e9c\u00e9d\u00e9 \u00e9v\u00eaque \u00e9m\u00e9rite de Pembroke\u00a0:<\/strong> le 31 mars 1974<\/p>\n<p>Monseigneur Charles Nelligan est n\u00e9 \u00e0 Tignish, \u00cele-du-Prince-\u00c9douard, le 20 ao\u00fbt 1894. Il a \u00e9tudi\u00e9 \u00e0 Wales College et \u00e0 l\u2019\u00e9cole normale de Charlottetown. Il a enseign\u00e9 \u00e0 l\u2019\u00cele-du-Prince-\u00c9douard et aussi pour un temps en Saskatchewan. Durant la Premi\u00e8re guerre mondiale, il a \u00e9t\u00e9 impliqu\u00e9 dans la vie militaire en tant qu\u2019instructeur de tir. Apr\u00e8s l\u2019obtention de son B.A. \u00e0 St. Dunstan\u2019s University, Charlottetown, il entre au Grand S\u00e9minaire de Qu\u00e9bec en 1921 et il est ordonn\u00e9 pr\u00eatre le 7 juin 1925. Monseigneur Henry O\u2019Leary, archev\u00eaque d\u2019Edmonton, ancien \u00e9v\u00eaque de Charlottetown, a attir\u00e9 un bon nombre de jeunes pr\u00eatres \u00e0 aller \u0153uvrer dans l\u2019Ouest canadien, dans des dioc\u00e8se o\u00f9 il y avait p\u00e9nurie de vocations. Le P\u00e8re Nelligan devient donc vicaire \u00e0 la cath\u00e9drale St-Joseph \u00a0d\u2019Edmonton en 1925, puis en 1928 il y devient recteur, puis en 1930 vicaire g\u00e9n\u00e9ral du dioc\u00e8se.<\/p>\n<p>Il est nomm\u00e9 \u00e9v\u00eaque de Pembroke le 16 ao\u00fbt 1937, et il est ordonn\u00e9 \u00e9v\u00eaque par Monseigneur O\u2019Leary \u00e0 Edmonton le 28 octobre 1937. Il est install\u00e9 troisi\u00e8me \u00e9v\u00eaque de Pembroke le 11 novembre 1937. Suivant les pas de Monseigneur Ryan, il encourage de continuer la d\u00e9votion des 40 heures, ainsi que l\u2019utilisation des meilleures m\u00e9thodes d\u2019enseignement du cat\u00e9chisme.\u00a0 Il visite fr\u00e9quemment les classes du dioc\u00e8se, faisant r\u00e9fl\u00e9chir les jeunes sur la religion, et les divertissant, mais ses histoires et ses farces communiquent toujours un message important.<\/p>\n<p>Le 2 octobre 1939, apr\u00e8s le d\u00e9clenchement de la Deuxi\u00e8me guerre mondiale, Monseigneur Nelligan est nomm\u00e9 Aum\u00f4nier g\u00e9n\u00e9ral des Forces arm\u00e9es canadiennes par le pape Pie XII. En tant qu\u2019Aum\u00f4nier g\u00e9n\u00e9ral, il tient le rang de g\u00e9n\u00e9ral de brigade. Il continue dans ce double r\u00f4le au sein des Forces arm\u00e9es et en tant qu\u2019\u00e9v\u00eaque de Pembroke jusqu\u2019au 10 ao\u00fbt 1944. Monseigneur Clark, son secr\u00e9taire, raconte comment ces ann\u00e9es \u00e9taient surcharg\u00e9es, avec plusieurs voyages et peu de repos. Ainsi donc, pour cause de maladie, il prit sa retraite des Forces arm\u00e9es, et le 8 mai 1945 il d\u00e9missionne de son poste d\u2019\u00e9v\u00eaque de Pembroke. Il est nomm\u00e9 \u00e9v\u00eaque titulaire de Fenice. Apr\u00e8s son retour \u00e0 la sant\u00e9, Monseigneur Nelligan se joint Assumption College (maintenant Assumption University) \u00e0 Windsor, Ontario, en janvier 1947, donnant des cours sur la religion, la litt\u00e9rature fran\u00e7aise et l\u2019histoire.<\/p>\n<p>En 1962, il renonce \u00e0 ses fonctions professionnelles pour participer au Concile Vatican II. Suite au Concile, il aide activement les \u00e9v\u00eaque de London et de D\u00e9troit dans la c\u00e9l\u00e9bration du sacrement de la Confirmation et dans la pr\u00e9sentation de nombreuses conf\u00e9rences, un don pour lequel il \u00e9tait acclam\u00e9 \u00e0 l\u2019international durant sa vie professionnelle.<\/p>\n<p>Il est d\u00e9c\u00e9d\u00e9 \u00e0 Windsor le 31 mars 1974. La messe des fun\u00e9railles est pr\u00e9sid\u00e9e par Monseigneur G. Emmett Carter, \u00e9v\u00eaque de London et conc\u00e9l\u00e9br\u00e9e par plusieurs, dont Monseigneur J.R. Windle, \u00e9v\u00eaque de Pembroke, qui donne l\u2019hom\u00e9lie. Monseigneur Nelligan est enterr\u00e9 \u00e0 Windsor.<\/p>\n<h3>Armoiries<\/h3>\n<p><img loading=\"lazy\" decoding=\"async\" class=\"wp-image-1660 size-medium alignleft\" src=\"https:\/\/pembrokediocese.com\/wp-content\/uploads\/Pembroke-nelligan-copy-246x300.jpg\" alt=\"\" width=\"246\" height=\"300\" srcset=\"https:\/\/pembrokediocese.com\/wp-content\/uploads\/Pembroke-nelligan-copy-246x300.jpg 246w, https:\/\/pembrokediocese.com\/wp-content\/uploads\/Pembroke-nelligan-copy.jpg 750w\" sizes=\"(max-width: 246px) 100vw, 246px\" \/><\/p>\n","protected":false},"excerpt":{"rendered":"<p>Monseigneur Charles Leo Nelligan, D.D. Biographie N\u00e9 : le 20 ao\u00fbt 1894 Ordonn\u00e9 pr\u00eatre\u00a0: le 7 juin 1925 Nomm\u00e9 \u00e9v\u00eaque de Pembroke\u00a0: le 16 ao\u00fbt 1937 Ordonn\u00e9 \u00e9v\u00eaque\u00a0: le 28 octobre 1937 Nomm\u00e9 Ordinaire militaire des Forces arm\u00e9es canadiennes\u00a0: le 20 septembre 1939 Retraite\u00a0: le 18 mai 1945 D\u00e9c\u00e9d\u00e9 \u00e9v\u00eaque \u00e9m\u00e9rite de Pembroke\u00a0: le 31 mars 1974 Monseigneur Charles Nelligan est n\u00e9 \u00e0 Tignish, \u00cele-du-Prince-\u00c9douard, le 20 ao\u00fbt 1894. Il a \u00e9tudi\u00e9 \u00e0 Wales College et \u00e0 l\u2019\u00e9cole normale de Charlottetown. Il a enseign\u00e9 \u00e0 l\u2019\u00cele-du-Prince-\u00c9douard et aussi pour un temps en Saskatchewan. Durant la Premi\u00e8re guerre mondiale, il a \u00e9t\u00e9 impliqu\u00e9 dans la vie militaire en tant qu\u2019instructeur de tir. Apr\u00e8s l\u2019obtention de son B.A. \u00e0 St. Dunstan\u2019s University, Charlottetown, il entre au Grand S\u00e9minaire de Qu\u00e9bec en 1921 et il est ordonn\u00e9 pr\u00eatre le 7 juin 1925. Monseigneur Henry O\u2019Leary, archev\u00eaque d\u2019Edmonton, ancien \u00e9v\u00eaque de Charlottetown, a attir\u00e9 un bon nombre de jeunes pr\u00eatres \u00e0 aller \u0153uvrer dans l\u2019Ouest canadien, dans des dioc\u00e8se o\u00f9 il y avait p\u00e9nurie de vocations. Le P\u00e8re Nelligan devient donc vicaire \u00e0 la cath\u00e9drale St-Joseph \u00a0d\u2019Edmonton en 1925, puis en 1928 il y devient recteur, puis en 1930 vicaire g\u00e9n\u00e9ral du dioc\u00e8se. Il est nomm\u00e9 \u00e9v\u00eaque de Pembroke le 16 ao\u00fbt 1937, et il est ordonn\u00e9 \u00e9v\u00eaque par Monseigneur O\u2019Leary \u00e0 Edmonton le 28 octobre 1937. Il est install\u00e9 troisi\u00e8me \u00e9v\u00eaque de Pembroke le 11 novembre 1937. Suivant les pas de Monseigneur Ryan, il encourage de continuer la d\u00e9votion des 40 heures, ainsi que l\u2019utilisation des meilleures m\u00e9thodes d\u2019enseignement du cat\u00e9chisme.\u00a0 Il visite fr\u00e9quemment les classes du dioc\u00e8se, faisant r\u00e9fl\u00e9chir les jeunes sur la religion, et les divertissant, mais ses histoires et ses farces communiquent toujours un message important. Le 2 octobre 1939, apr\u00e8s le d\u00e9clenchement de la Deuxi\u00e8me guerre mondiale, Monseigneur Nelligan est nomm\u00e9 Aum\u00f4nier g\u00e9n\u00e9ral des Forces arm\u00e9es canadiennes par le pape Pie XII. En tant qu\u2019Aum\u00f4nier g\u00e9n\u00e9ral, il tient le rang de g\u00e9n\u00e9ral de brigade. Il continue dans ce double r\u00f4le au sein des Forces arm\u00e9es et en tant qu\u2019\u00e9v\u00eaque de Pembroke jusqu\u2019au 10 ao\u00fbt 1944. Monseigneur Clark, son secr\u00e9taire, raconte comment ces ann\u00e9es \u00e9taient surcharg\u00e9es, avec plusieurs voyages et peu de repos. Ainsi donc, pour cause de maladie, il prit sa retraite des Forces arm\u00e9es, et le 8 mai 1945 il d\u00e9missionne de son poste d\u2019\u00e9v\u00eaque de Pembroke. Il est nomm\u00e9 \u00e9v\u00eaque titulaire de Fenice. Apr\u00e8s son retour \u00e0 la sant\u00e9, Monseigneur Nelligan se joint Assumption College (maintenant Assumption University) \u00e0 Windsor, Ontario, en janvier 1947, donnant des cours sur la religion, la litt\u00e9rature fran\u00e7aise et l\u2019histoire. En 1962, il renonce \u00e0 ses fonctions professionnelles pour participer au Concile Vatican II. Suite au Concile, il aide activement les \u00e9v\u00eaque de London et de D\u00e9troit dans la c\u00e9l\u00e9bration du sacrement de la Confirmation et dans la pr\u00e9sentation de nombreuses conf\u00e9rences, un don pour lequel il \u00e9tait acclam\u00e9 \u00e0 l\u2019international durant sa vie professionnelle. Il est d\u00e9c\u00e9d\u00e9 \u00e0 Windsor le 31 mars 1974. La messe des fun\u00e9railles est pr\u00e9sid\u00e9e par Monseigneur G. Emmett Carter, \u00e9v\u00eaque de London et conc\u00e9l\u00e9br\u00e9e par plusieurs, dont Monseigneur J.R. Windle, \u00e9v\u00eaque de Pembroke, qui donne l\u2019hom\u00e9lie. [&hellip;]<\/p>\n","protected":false},"author":1,"featured_media":0,"parent":1176,"menu_order":0,"comment_status":"closed","ping_status":"closed","template":"","meta":{"_monsterinsights_skip_tracking":false,"_monsterinsights_sitenote_active":false,"_monsterinsights_sitenote_note":"","_monsterinsights_sitenote_category":0,"footnotes":"","_links_to":"","_links_to_target":""},"class_list":["post-3001","page","type-page","status-publish","hentry"],"post_mailing_queue_ids":[],"_links":{"self":[{"href":"https:\/\/pembrokediocese.com\/fr\/wp-json\/wp\/v2\/pages\/3001","targetHints":{"allow":["GET"]}}],"collection":[{"href":"https:\/\/pembrokediocese.com\/fr\/wp-json\/wp\/v2\/pages"}],"about":[{"href":"https:\/\/pembrokediocese.com\/fr\/wp-json\/wp\/v2\/types\/page"}],"author":[{"embeddable":true,"href":"https:\/\/pembrokediocese.com\/fr\/wp-json\/wp\/v2\/users\/1"}],"replies":[{"embeddable":true,"href":"https:\/\/pembrokediocese.com\/fr\/wp-json\/wp\/v2\/comments?post=3001"}],"version-history":[{"count":2,"href":"https:\/\/pembrokediocese.com\/fr\/wp-json\/wp\/v2\/pages\/3001\/revisions"}],"predecessor-version":[{"id":15594,"href":"https:\/\/pembrokediocese.com\/fr\/wp-json\/wp\/v2\/pages\/3001\/revisions\/15594"}],"up":[{"embeddable":true,"href":"https:\/\/pembrokediocese.com\/fr\/wp-json\/wp\/v2\/pages\/1176"}],"wp:attachment":[{"href":"https:\/\/pembrokediocese.com\/fr\/wp-json\/wp\/v2\/media?parent=3001"}],"curies":[{"name":"wp","href":"https:\/\/api.w.org\/{rel}","templated":true}]}}