{"id":3009,"date":"2020-04-05T12:57:22","date_gmt":"2020-04-05T16:57:22","guid":{"rendered":"https:\/\/pembrokediocese.com\/?page_id=3009"},"modified":"2020-04-11T13:31:53","modified_gmt":"2020-04-11T17:31:53","slug":"patrick-ryan","status":"publish","type":"page","link":"https:\/\/pembrokediocese.com\/fr\/eveque\/patrick-ryan\/","title":{"rendered":"Monseigneur Patrick T. Ryan"},"content":{"rendered":"<h1>Monseigneur Patrick Thomas Ryan, D.D.<\/h1>\n<h3>Biographie<\/h3>\n<p><img loading=\"lazy\" decoding=\"async\" class=\"wp-image-1658 size-medium alignleft\" src=\"https:\/\/pembrokediocese.com\/wp-content\/uploads\/Bishop-Ryan-193x300.jpg\" alt=\"\" width=\"193\" height=\"300\" srcset=\"https:\/\/pembrokediocese.com\/wp-content\/uploads\/Bishop-Ryan-193x300.jpg 193w, https:\/\/pembrokediocese.com\/wp-content\/uploads\/Bishop-Ryan.jpg 344w\" sizes=\"(max-width: 193px) 100vw, 193px\" \/><\/p>\n<p><strong>N\u00e9 :<\/strong> le 5 d\u00e9cembre 1864\u00a0<strong><br \/>\nOrdonn\u00e9 pr\u00eatre\u00a0:<\/strong> le 21 d\u00e9cembre 1887<br \/>\n<strong>Nomm\u00e9 \u00e9v\u00eaque auxiliaire de Pembroke\u00a0: l<\/strong>e 6 mai 1912<br \/>\n<strong>Ordonn\u00e9 \u00e9v\u00eaque\u00a0:<\/strong> le 25 juillet 1912<br \/>\n<strong>Nomm\u00e9 \u00e9v\u00eaque de Pembroke\u00a0:<\/strong> le 7 ao\u00fbt 1916<br \/>\n<strong>D\u00e9c\u00e9d\u00e9\u00a0:<\/strong> le 15 avril 1937<\/p>\n<p>Monseigneur Ryan est n\u00e9 dans le comt\u00e9 de Kildare, Irlande, en 1864, et il est arriv\u00e9 au Canada avec ses parents \u00e0 l\u2019\u00e2ge de 5 ans. Il a re\u00e7u son \u00e9ducation \u00e0 Pembroke et il avait 18 ans \u00e0 la cr\u00e9ation du Vicariat apostolique du Pontiac. Selon la tradition locale, il a \u00e9t\u00e9 le premier pr\u00eatre ordonn\u00e9 par Monseigneur Lorrain en 1887. Il a servi quatre ans comme secr\u00e9taire de l\u2019\u00e9v\u00eaque.<\/p>\n<p>En 1891, il est cur\u00e9 de la paroisse de Mount St. Patrick. Puis, en 1893, il est nomm\u00e9 cur\u00e9 de Renfrew. Il est ordonn\u00e9 \u00e9v\u00eaque auxiliaire \u00e0 Pembroke le 25 juillet 1912 par Monseigneur Charles H. Gauthier, archev\u00eaque d\u2019Ottawa. Monseigneur Ryan demeure encore deux ann\u00e9es en r\u00e9sidence \u00e0 Renfrew, jusqu\u2019en 1914. C\u2019est alors qu\u2019il est nomm\u00e9 administrateur du dioc\u00e8se en raison de la sant\u00e9 d\u00e9faillante de Monseigneur Lorrain. Monseigneur Lorrain meurt en d\u00e9cembre 1915. Monseigneur Ryan est nomm\u00e9 \u00e9v\u00eaque de Pembroke le 7 ao\u00fbt 1916, puis formellement install\u00e9 le 21 d\u00e9cembre 1916.<\/p>\n<p>En tant qu\u2019administrateur, il fait appel aux services du P\u00e8re Patrick Dowdall qui devient son proche associ\u00e9 dans la formation de St. Joseph\u2019s Motherhouse en 1921, de Grey Sisters of the Immaculate Conception Motherhouse en 1926, et de nombreuses vocations sacerdotales et religieuses.<\/p>\n<p>Les pr\u00eatres et les religieuses qui se souvenaient de lui l\u2019ont aim\u00e9. Ayant une d\u00e9votion \u00e0 J\u00e9sus dans l\u2019Eucharistie, Monseigneur Ryan encourage la d\u00e9votion des 40 heures dans les paroisses du dioc\u00e8se, et aussi un esprit fraternel parmi ses pr\u00eatres. Le 15 avril 1937, le Seigneur le rappelle \u00e0 Lui subitement, pleur\u00e9 par tous ceux dont il avait soin.<\/p>\n<h3>Armoiries<\/h3>\n<p><img loading=\"lazy\" decoding=\"async\" width=\"238\" height=\"300\" class=\"size-medium wp-image-1662 alignleft\" src=\"https:\/\/pembrokediocese.com\/wp-content\/uploads\/Pembroke-ryan-copy-238x300.jpg\" alt=\"\" srcset=\"https:\/\/pembrokediocese.com\/wp-content\/uploads\/Pembroke-ryan-copy-238x300.jpg 238w, https:\/\/pembrokediocese.com\/wp-content\/uploads\/Pembroke-ryan-copy.jpg 750w\" sizes=\"(max-width: 238px) 100vw, 238px\" \/><\/p>\n","protected":false},"excerpt":{"rendered":"<p>Monseigneur Patrick Thomas Ryan, D.D. Biographie N\u00e9 : le 5 d\u00e9cembre 1864\u00a0 Ordonn\u00e9 pr\u00eatre\u00a0: le 21 d\u00e9cembre 1887 Nomm\u00e9 \u00e9v\u00eaque auxiliaire de Pembroke\u00a0: le 6 mai 1912 Ordonn\u00e9 \u00e9v\u00eaque\u00a0: le 25 juillet 1912 Nomm\u00e9 \u00e9v\u00eaque de Pembroke\u00a0: le 7 ao\u00fbt 1916 D\u00e9c\u00e9d\u00e9\u00a0: le 15 avril 1937 Monseigneur Ryan est n\u00e9 dans le comt\u00e9 de Kildare, Irlande, en 1864, et il est arriv\u00e9 au Canada avec ses parents \u00e0 l\u2019\u00e2ge de 5 ans. Il a re\u00e7u son \u00e9ducation \u00e0 Pembroke et il avait 18 ans \u00e0 la cr\u00e9ation du Vicariat apostolique du Pontiac. Selon la tradition locale, il a \u00e9t\u00e9 le premier pr\u00eatre ordonn\u00e9 par Monseigneur Lorrain en 1887. Il a servi quatre ans comme secr\u00e9taire de l\u2019\u00e9v\u00eaque. En 1891, il est cur\u00e9 de la paroisse de Mount St. Patrick. Puis, en 1893, il est nomm\u00e9 cur\u00e9 de Renfrew. Il est ordonn\u00e9 \u00e9v\u00eaque auxiliaire \u00e0 Pembroke le 25 juillet 1912 par Monseigneur Charles H. Gauthier, archev\u00eaque d\u2019Ottawa. Monseigneur Ryan demeure encore deux ann\u00e9es en r\u00e9sidence \u00e0 Renfrew, jusqu\u2019en 1914. C\u2019est alors qu\u2019il est nomm\u00e9 administrateur du dioc\u00e8se en raison de la sant\u00e9 d\u00e9faillante de Monseigneur Lorrain. Monseigneur Lorrain meurt en d\u00e9cembre 1915. Monseigneur Ryan est nomm\u00e9 \u00e9v\u00eaque de Pembroke le 7 ao\u00fbt 1916, puis formellement install\u00e9 le 21 d\u00e9cembre 1916. En tant qu\u2019administrateur, il fait appel aux services du P\u00e8re Patrick Dowdall qui devient son proche associ\u00e9 dans la formation de St. Joseph\u2019s Motherhouse en 1921, de Grey Sisters of the Immaculate Conception Motherhouse en 1926, et de nombreuses vocations sacerdotales et religieuses. Les pr\u00eatres et les religieuses qui se souvenaient de lui l\u2019ont aim\u00e9. Ayant une d\u00e9votion \u00e0 J\u00e9sus dans l\u2019Eucharistie, Monseigneur Ryan encourage la d\u00e9votion des 40 heures dans les paroisses du dioc\u00e8se, et aussi un esprit fraternel parmi ses pr\u00eatres. Le 15 avril 1937, le Seigneur le rappelle \u00e0 Lui subitement, pleur\u00e9 par tous ceux dont il avait soin. Armoiries<\/p>\n","protected":false},"author":1,"featured_media":0,"parent":1176,"menu_order":0,"comment_status":"closed","ping_status":"closed","template":"","meta":{"_monsterinsights_skip_tracking":false,"_monsterinsights_sitenote_active":false,"_monsterinsights_sitenote_note":"","_monsterinsights_sitenote_category":0,"footnotes":"","_links_to":"","_links_to_target":""},"class_list":["post-3009","page","type-page","status-publish","hentry"],"post_mailing_queue_ids":[],"_links":{"self":[{"href":"https:\/\/pembrokediocese.com\/fr\/wp-json\/wp\/v2\/pages\/3009","targetHints":{"allow":["GET"]}}],"collection":[{"href":"https:\/\/pembrokediocese.com\/fr\/wp-json\/wp\/v2\/pages"}],"about":[{"href":"https:\/\/pembrokediocese.com\/fr\/wp-json\/wp\/v2\/types\/page"}],"author":[{"embeddable":true,"href":"https:\/\/pembrokediocese.com\/fr\/wp-json\/wp\/v2\/users\/1"}],"replies":[{"embeddable":true,"href":"https:\/\/pembrokediocese.com\/fr\/wp-json\/wp\/v2\/comments?post=3009"}],"version-history":[{"count":0,"href":"https:\/\/pembrokediocese.com\/fr\/wp-json\/wp\/v2\/pages\/3009\/revisions"}],"up":[{"embeddable":true,"href":"https:\/\/pembrokediocese.com\/fr\/wp-json\/wp\/v2\/pages\/1176"}],"wp:attachment":[{"href":"https:\/\/pembrokediocese.com\/fr\/wp-json\/wp\/v2\/media?parent=3009"}],"curies":[{"name":"wp","href":"https:\/\/api.w.org\/{rel}","templated":true}]}}