{"id":3015,"date":"2020-04-05T13:07:44","date_gmt":"2020-04-05T17:07:44","guid":{"rendered":"https:\/\/pembrokediocese.com\/?page_id=3015"},"modified":"2021-03-11T10:27:52","modified_gmt":"2021-03-11T15:27:52","slug":"narcisse-lorrain","status":"publish","type":"page","link":"https:\/\/pembrokediocese.com\/fr\/eveque\/narcisse-lorrain\/","title":{"rendered":"Monseigneur Narcisse Z\u00e9phirin Lorrain"},"content":{"rendered":"<h1>Monseigneur Narcisse Z\u00e9phirin Lorrain, D.D.<\/h1>\n<h3>Biographie<\/h3>\n<p><img loading=\"lazy\" decoding=\"async\" class=\"wp-image-1616 size-medium alignleft\" src=\"https:\/\/pembrokediocese.com\/wp-content\/uploads\/nz_lorrain_original-e1584471118537-238x300.jpg\" alt=\"\" width=\"238\" height=\"300\" srcset=\"https:\/\/pembrokediocese.com\/wp-content\/uploads\/nz_lorrain_original-e1584471118537-238x300.jpg 238w, https:\/\/pembrokediocese.com\/wp-content\/uploads\/nz_lorrain_original-e1584471118537.jpg 385w\" sizes=\"(max-width: 238px) 100vw, 238px\" \/><\/p>\n<p><strong>N\u00e9 : <\/strong>le 13 juin 1842<strong><br \/>\nOrdonn\u00e9 pr\u00eatre\u00a0:<\/strong> le 4 ao\u00fbt 1867<br \/>\n<strong>Nomm\u00e9 vicaire apostolique du Pontiac et \u00e9v\u00eaque titulaire de Chytri\u00a0:<\/strong> le 14 juillet 1882<br \/>\n<strong>Ordonn\u00e9 \u00e9v\u00eaque :<\/strong> le 21 septembre 1882<br \/>\n<strong>Nomm\u00e9 \u00e9v\u00eaque de Pembroke\u00a0:<\/strong> le 6 mai 1898<br \/>\n<strong>D\u00e9c\u00e9d\u00e9\u00a0:<\/strong> le 16 d\u00e9cembre 1915<\/p>\n<p>Monseigneur Lorrain est n\u00e9 \u00e0 St-Martin, Comt\u00e9 de Laval, Qu\u00e9bec, le 13 juin 1842. En 1855, il commence ses \u00e9tudes classiques au Coll\u00e8ge Ste-Th\u00e9r\u00e8se. Apr\u00e8s y avoir re\u00e7u son baccalaur\u00e9at avec distinctions, il \u00e9tudie la th\u00e9ologie au Grand S\u00e9minaire de Montr\u00e9al, puis il est ordonn\u00e9 pr\u00eatre en 1867 par Monseigneur Bourget. Apr\u00e8s deux ans comme professeur au coll\u00e8ge, il est nomm\u00e9 cur\u00e9 de Redford, New York. En tant que cur\u00e9, le P\u00e8re Lorrain est remarqu\u00e9 pour son travail de pasteur d\u00e9vou\u00e9, et il est acclam\u00e9 par son superviseur, Monseigneur Wadhams, d\u2019Ogdensburg. Le P\u00e8re Lorrain est rappel\u00e9 \u00e0 Montr\u00e9al en 1879 et nomm\u00e9 vicaire de Saint-Henri, reconnu \u00e0 l\u2019\u00e9poque comme une paroisse des plus difficiles. L\u2019ann\u00e9e suivante, il est nomm\u00e9 vicaire g\u00e9n\u00e9ral du dioc\u00e8se de Montr\u00e9al, sous l\u2019\u00e9piscopat de Monseigneur \u00c9douard-Charles Fabre. \u00c0 ce poste, il r\u00e9ussit \u00e0 solidifier les finances du dioc\u00e8se.<\/p>\n<p>Apr\u00e8s deux ans au poste de vicaire g\u00e9n\u00e9ral, Monseigneur Lorrain est inform\u00e9 de sa nomination comme vicaire apostolique de Pontiac. Trois ans auparavant, cette communaut\u00e9 avait fait sa premi\u00e8re demande d\u2019avoir un candidat pour \u00e9vang\u00e9liser le territoire immense qui comprend le nord du Qu\u00e9bec et de l\u2019Ontario. Le 21 septembre 1882, Monseigneur Lorrain est ordonn\u00e9 \u00e9v\u00eaque par Monseigneur Fabre.<\/p>\n<p>En arrivant \u00e0 Pembroke, Monseigneur Lorrain d\u00e9clare\u00a0:<\/p>\n<blockquote><p>Tout est \u00e0 vous, de ce que Dieu m\u2019a donn\u00e9 de sant\u00e9, de force, de coeur, d\u2019intellect \u2013 \u00e0 vous j\u2019appartient non seulement comme ami, mais comme serviteur. Pour le plus petit d\u2019entre vous, avec la gr\u00e2ce de Dieu, je veux donner tout ce qui me reste de vie&#8230; non recuso laborem \u2013 je ne fuis pas le travail.<\/p><\/blockquote>\n<p>Lors de son premier voyage, Monseigneur Lorrain visite les missions de T\u00e9miscaming, Abitibi, Moose Factory et Fort Albany. Ce territoire immense fait partie du vicariat de Pontiac jusqu\u2019\u00e0 la cr\u00e9ation du vicariat du Nord de l\u2019Ontario et du Qu\u00e9bec qui, lui, deviendra les dioc\u00e8ses d\u2019Haileybury et de Hearst.<\/p>\n\n\t\t<style type=\"text\/css\">\n\t\t\t#gallery-1 {\n\t\t\t\tmargin: auto;\n\t\t\t}\n\t\t\t#gallery-1 .gallery-item {\n\t\t\t\tfloat: left;\n\t\t\t\tmargin-top: 10px;\n\t\t\t\ttext-align: center;\n\t\t\t\twidth: 20%;\n\t\t\t}\n\t\t\t#gallery-1 img {\n\t\t\t\tborder: 2px solid #cfcfcf;\n\t\t\t}\n\t\t\t#gallery-1 .gallery-caption {\n\t\t\t\tmargin-left: 0;\n\t\t\t}\n\t\t\t\/* see gallery_shortcode() in wp-includes\/media.php *\/\n\t\t<\/style>\n\t\t<div id='gallery-1' class='gallery galleryid-3015 gallery-columns-5 gallery-size-thumbnail'><dl class='gallery-item'>\n\t\t\t<dt class='gallery-icon landscape'>\n\t\t\t\t<a href='https:\/\/pembrokediocese.com\/wp-content\/uploads\/bishop-loraine-kit1-scaled.jpg'><img loading=\"lazy\" decoding=\"async\" width=\"150\" height=\"150\" src=\"https:\/\/pembrokediocese.com\/wp-content\/uploads\/bishop-loraine-kit1-150x150.jpg\" class=\"attachment-thumbnail size-thumbnail\" alt=\"\" srcset=\"https:\/\/pembrokediocese.com\/wp-content\/uploads\/bishop-loraine-kit1-150x150.jpg 150w, https:\/\/pembrokediocese.com\/wp-content\/uploads\/bishop-loraine-kit1-100x100.jpg 100w, https:\/\/pembrokediocese.com\/wp-content\/uploads\/bishop-loraine-kit1-400x400.jpg 400w, https:\/\/pembrokediocese.com\/wp-content\/uploads\/bishop-loraine-kit1-210x210.jpg 210w\" sizes=\"(max-width: 150px) 100vw, 150px\" \/><\/a>\n\t\t\t<\/dt><\/dl><dl class='gallery-item'>\n\t\t\t<dt class='gallery-icon landscape'>\n\t\t\t\t<a href='https:\/\/pembrokediocese.com\/wp-content\/uploads\/bishop-loraine-kit3.jpg'><img loading=\"lazy\" decoding=\"async\" width=\"150\" height=\"150\" src=\"https:\/\/pembrokediocese.com\/wp-content\/uploads\/bishop-loraine-kit3-150x150.jpg\" class=\"attachment-thumbnail size-thumbnail\" alt=\"\" srcset=\"https:\/\/pembrokediocese.com\/wp-content\/uploads\/bishop-loraine-kit3-150x150.jpg 150w, https:\/\/pembrokediocese.com\/wp-content\/uploads\/bishop-loraine-kit3-100x100.jpg 100w, https:\/\/pembrokediocese.com\/wp-content\/uploads\/bishop-loraine-kit3-400x400.jpg 400w, https:\/\/pembrokediocese.com\/wp-content\/uploads\/bishop-loraine-kit3-210x210.jpg 210w\" sizes=\"(max-width: 150px) 100vw, 150px\" \/><\/a>\n\t\t\t<\/dt><\/dl><dl class='gallery-item'>\n\t\t\t<dt class='gallery-icon landscape'>\n\t\t\t\t<a href='https:\/\/pembrokediocese.com\/wp-content\/uploads\/bishop-loraine-kit4-scaled.jpg'><img loading=\"lazy\" decoding=\"async\" width=\"150\" height=\"150\" src=\"https:\/\/pembrokediocese.com\/wp-content\/uploads\/bishop-loraine-kit4-150x150.jpg\" class=\"attachment-thumbnail size-thumbnail\" alt=\"\" srcset=\"https:\/\/pembrokediocese.com\/wp-content\/uploads\/bishop-loraine-kit4-150x150.jpg 150w, https:\/\/pembrokediocese.com\/wp-content\/uploads\/bishop-loraine-kit4-100x100.jpg 100w, https:\/\/pembrokediocese.com\/wp-content\/uploads\/bishop-loraine-kit4-400x400.jpg 400w, https:\/\/pembrokediocese.com\/wp-content\/uploads\/bishop-loraine-kit4-210x210.jpg 210w\" sizes=\"(max-width: 150px) 100vw, 150px\" \/><\/a>\n\t\t\t<\/dt><\/dl><dl class='gallery-item'>\n\t\t\t<dt class='gallery-icon landscape'>\n\t\t\t\t<a href='https:\/\/pembrokediocese.com\/wp-content\/uploads\/bishop-loraine-kit5-scaled.jpg'><img loading=\"lazy\" decoding=\"async\" width=\"150\" height=\"150\" src=\"https:\/\/pembrokediocese.com\/wp-content\/uploads\/bishop-loraine-kit5-150x150.jpg\" class=\"attachment-thumbnail size-thumbnail\" alt=\"\" srcset=\"https:\/\/pembrokediocese.com\/wp-content\/uploads\/bishop-loraine-kit5-150x150.jpg 150w, https:\/\/pembrokediocese.com\/wp-content\/uploads\/bishop-loraine-kit5-100x100.jpg 100w, https:\/\/pembrokediocese.com\/wp-content\/uploads\/bishop-loraine-kit5-400x400.jpg 400w, https:\/\/pembrokediocese.com\/wp-content\/uploads\/bishop-loraine-kit5-210x210.jpg 210w\" sizes=\"(max-width: 150px) 100vw, 150px\" \/><\/a>\n\t\t\t<\/dt><\/dl><dl class='gallery-item'>\n\t\t\t<dt class='gallery-icon landscape'>\n\t\t\t\t<a href='https:\/\/pembrokediocese.com\/wp-content\/uploads\/bishop-loraine-kit2.jpg'><img loading=\"lazy\" decoding=\"async\" width=\"150\" height=\"150\" src=\"https:\/\/pembrokediocese.com\/wp-content\/uploads\/bishop-loraine-kit2-150x150.jpg\" class=\"attachment-thumbnail size-thumbnail\" alt=\"\" srcset=\"https:\/\/pembrokediocese.com\/wp-content\/uploads\/bishop-loraine-kit2-150x150.jpg 150w, https:\/\/pembrokediocese.com\/wp-content\/uploads\/bishop-loraine-kit2-100x100.jpg 100w, https:\/\/pembrokediocese.com\/wp-content\/uploads\/bishop-loraine-kit2-400x400.jpg 400w, https:\/\/pembrokediocese.com\/wp-content\/uploads\/bishop-loraine-kit2-210x210.jpg 210w\" sizes=\"(max-width: 150px) 100vw, 150px\" \/><\/a>\n\t\t\t<\/dt><\/dl><br style=\"clear: both\" \/>\n\t\t<\/div>\n\n<p class=\"p1\" style=\"text-align: center;\"><em>Le kit de messe de Mgr Loraine, apport\u00e9 avec lui tout au long de son minist\u00e8re, afin qu&rsquo;il puisse c\u00e9l\u00e9brer la messe dans tout notre grand dioc\u00e8se.<\/em><\/p>\n<p>En 1898, Monseigneur Lorrain re\u00e7oit le titre d\u2019\u00e9v\u00eaque de Pembroke avec la lettre suivante du pape L\u00e9on XIII\u00a0:<\/p>\n<blockquote><p>Apr\u00e8s soigneuse d\u00e9lib\u00e9ration avec nos v\u00e9n\u00e9rables fr\u00e8res, les cardinaux de la Sainte \u00c9glise Catholique Romaine en charge des affaires de la Propagation (de la foi), nous d\u00e9terminons de confier la gouvernance du Si\u00e8ge \u00e0 vous, v\u00e9n\u00e9rable fr\u00e8re, qui jusqu\u2019ici avez accompli les responsabilit\u00e9 de votre office de Vicaire apostolique du Pontiac, d\u2019une mani\u00e8re digne d\u2019\u00e9loges, et qui avez fait la promotion de la croissance de la foi chr\u00e9tienne dans le champs de votre z\u00e8le admirable et de vos labeurs apostoliques. En cons\u00e9quence, en la pl\u00e9nitude de notre pouvoir apostolique, nous vous s\u00e9parons des liens qui vous lient au titre de l\u2019\u00c9glise de Cyth\u00e8re, et en vertu de la m\u00eame autorit\u00e9 apostolique, nous vous transf\u00e9rons par les pr\u00e9sentes au ci-haut mentionn\u00e9 nouveau Si\u00e8ge de Pembroke, et vous nommons son \u00c9v\u00eaque et Pasteur, vous confiant enti\u00e8rement son soin, sa direction, et l\u2019administration de cette \u00c9glise en mati\u00e8res spirituelles et temporelles, enti\u00e8rement confiant que vous accomplirez ces choses pour la plus grande gloire de Dieu et le salut \u00e9ternel des \u00e2mes.<\/p><\/blockquote>\n<p>Le 25<sup>e<\/sup> anniversaire de cons\u00e9cration de Monseigneur Lorrain a \u00e9t\u00e9 c\u00e9l\u00e9br\u00e9 le 21 septembre 1907. Monseigneur Lorrain a vue \u00e0 l\u2019ach\u00e8vement de la cath\u00e9drale St. Columbkille, du presbyt\u00e8re de la cath\u00e9drale et d\u2019un nouvel h\u00f4pital.<\/p>\n<p>En 1912, la sant\u00e9 de Monseigneur Lorrain s\u2019\u00e9tant appauvrie, il fit la demande d\u2019avoir un \u00e9v\u00eaque auxiliaire. Le Saint P\u00e8re nomma le P\u00e8re Thomas Patrick Ryan, alors cur\u00e9 de Renfrew, comme coadjuteur et \u00e9v\u00eaque titulaire de Clozom\u00e8ne. Deux ans apr\u00e8s son ordination \u00e9piscopale, Monseigneur Ryan devient en 1914 administrateur du dioc\u00e8se en raison de la sant\u00e9 fragile de Monseigneur Lorrain.<\/p>\n<p>Monseigneur Lorrain est d\u00e9c\u00e9d\u00e9 le 18 d\u00e9cembre 1915 apr\u00e8s avoir laiss\u00e9 sa marque dans le dioc\u00e8se par le travail d\u2019une sainte vie apostolique.<\/p>\n<p><span style=\"font-size: 22px; font-weight: bold;\">Armoiries<\/span><\/p>\n<p><img loading=\"lazy\" decoding=\"async\" width=\"254\" height=\"300\" class=\"size-medium wp-image-1664 alignleft\" src=\"https:\/\/pembrokediocese.com\/wp-content\/uploads\/Pembroke-lorrain-copy-254x300.jpg\" alt=\"\" srcset=\"https:\/\/pembrokediocese.com\/wp-content\/uploads\/Pembroke-lorrain-copy-254x300.jpg 254w, https:\/\/pembrokediocese.com\/wp-content\/uploads\/Pembroke-lorrain-copy.jpg 750w\" sizes=\"(max-width: 254px) 100vw, 254px\" \/><\/p>\n","protected":false},"excerpt":{"rendered":"<p>Monseigneur Narcisse Z\u00e9phirin Lorrain, D.D. Biographie N\u00e9 : le 13 juin 1842 Ordonn\u00e9 pr\u00eatre\u00a0: le 4 ao\u00fbt 1867 Nomm\u00e9 vicaire apostolique du Pontiac et \u00e9v\u00eaque titulaire de Chytri\u00a0: le 14 juillet 1882 Ordonn\u00e9 \u00e9v\u00eaque : le 21 septembre 1882 Nomm\u00e9 \u00e9v\u00eaque de Pembroke\u00a0: le 6 mai 1898 D\u00e9c\u00e9d\u00e9\u00a0: le 16 d\u00e9cembre 1915 Monseigneur Lorrain est n\u00e9 \u00e0 St-Martin, Comt\u00e9 de Laval, Qu\u00e9bec, le 13 juin 1842. En 1855, il commence ses \u00e9tudes classiques au Coll\u00e8ge Ste-Th\u00e9r\u00e8se. Apr\u00e8s y avoir re\u00e7u son baccalaur\u00e9at avec distinctions, il \u00e9tudie la th\u00e9ologie au Grand S\u00e9minaire de Montr\u00e9al, puis il est ordonn\u00e9 pr\u00eatre en 1867 par Monseigneur Bourget. Apr\u00e8s deux ans comme professeur au coll\u00e8ge, il est nomm\u00e9 cur\u00e9 de Redford, New York. En tant que cur\u00e9, le P\u00e8re Lorrain est remarqu\u00e9 pour son travail de pasteur d\u00e9vou\u00e9, et il est acclam\u00e9 par son superviseur, Monseigneur Wadhams, d\u2019Ogdensburg. Le P\u00e8re Lorrain est rappel\u00e9 \u00e0 Montr\u00e9al en 1879 et nomm\u00e9 vicaire de Saint-Henri, reconnu \u00e0 l\u2019\u00e9poque comme une paroisse des plus difficiles. L\u2019ann\u00e9e suivante, il est nomm\u00e9 vicaire g\u00e9n\u00e9ral du dioc\u00e8se de Montr\u00e9al, sous l\u2019\u00e9piscopat de Monseigneur \u00c9douard-Charles Fabre. \u00c0 ce poste, il r\u00e9ussit \u00e0 solidifier les finances du dioc\u00e8se. Apr\u00e8s deux ans au poste de vicaire g\u00e9n\u00e9ral, Monseigneur Lorrain est inform\u00e9 de sa nomination comme vicaire apostolique de Pontiac. Trois ans auparavant, cette communaut\u00e9 avait fait sa premi\u00e8re demande d\u2019avoir un candidat pour \u00e9vang\u00e9liser le territoire immense qui comprend le nord du Qu\u00e9bec et de l\u2019Ontario. Le 21 septembre 1882, Monseigneur Lorrain est ordonn\u00e9 \u00e9v\u00eaque par Monseigneur Fabre. En arrivant \u00e0 Pembroke, Monseigneur Lorrain d\u00e9clare\u00a0: Tout est \u00e0 vous, de ce que Dieu m\u2019a donn\u00e9 de sant\u00e9, de force, de coeur, d\u2019intellect \u2013 \u00e0 vous j\u2019appartient non seulement comme ami, mais comme serviteur. Pour le plus petit d\u2019entre vous, avec la gr\u00e2ce de Dieu, je veux donner tout ce qui me reste de vie&#8230; non recuso laborem \u2013 je ne fuis pas le travail. Lors de son premier voyage, Monseigneur Lorrain visite les missions de T\u00e9miscaming, Abitibi, Moose Factory et Fort Albany. Ce territoire immense fait partie du vicariat de Pontiac jusqu\u2019\u00e0 la cr\u00e9ation du vicariat du Nord de l\u2019Ontario et du Qu\u00e9bec qui, lui, deviendra les dioc\u00e8ses d\u2019Haileybury et de Hearst. Le kit de messe de Mgr Loraine, apport\u00e9 avec lui tout au long de son minist\u00e8re, afin qu&rsquo;il puisse c\u00e9l\u00e9brer la messe dans tout notre grand dioc\u00e8se. En 1898, Monseigneur Lorrain re\u00e7oit le titre d\u2019\u00e9v\u00eaque de Pembroke avec la lettre suivante du pape L\u00e9on XIII\u00a0: Apr\u00e8s soigneuse d\u00e9lib\u00e9ration avec nos v\u00e9n\u00e9rables fr\u00e8res, les cardinaux de la Sainte \u00c9glise Catholique Romaine en charge des affaires de la Propagation (de la foi), nous d\u00e9terminons de confier la gouvernance du Si\u00e8ge \u00e0 vous, v\u00e9n\u00e9rable fr\u00e8re, qui jusqu\u2019ici avez accompli les responsabilit\u00e9 de votre office de Vicaire apostolique du Pontiac, d\u2019une mani\u00e8re digne d\u2019\u00e9loges, et qui avez fait la promotion de la croissance de la foi chr\u00e9tienne dans le champs de votre z\u00e8le admirable et de vos labeurs apostoliques. En cons\u00e9quence, en la pl\u00e9nitude de notre pouvoir apostolique, nous vous s\u00e9parons des liens qui vous lient au titre de l\u2019\u00c9glise de Cyth\u00e8re, et en vertu de la [&hellip;]<\/p>\n","protected":false},"author":1,"featured_media":0,"parent":1176,"menu_order":0,"comment_status":"closed","ping_status":"closed","template":"","meta":{"_monsterinsights_skip_tracking":false,"_monsterinsights_sitenote_active":false,"_monsterinsights_sitenote_note":"","_monsterinsights_sitenote_category":0,"footnotes":"","_links_to":"","_links_to_target":""},"class_list":["post-3015","page","type-page","status-publish","hentry"],"post_mailing_queue_ids":[],"_links":{"self":[{"href":"https:\/\/pembrokediocese.com\/fr\/wp-json\/wp\/v2\/pages\/3015","targetHints":{"allow":["GET"]}}],"collection":[{"href":"https:\/\/pembrokediocese.com\/fr\/wp-json\/wp\/v2\/pages"}],"about":[{"href":"https:\/\/pembrokediocese.com\/fr\/wp-json\/wp\/v2\/types\/page"}],"author":[{"embeddable":true,"href":"https:\/\/pembrokediocese.com\/fr\/wp-json\/wp\/v2\/users\/1"}],"replies":[{"embeddable":true,"href":"https:\/\/pembrokediocese.com\/fr\/wp-json\/wp\/v2\/comments?post=3015"}],"version-history":[{"count":0,"href":"https:\/\/pembrokediocese.com\/fr\/wp-json\/wp\/v2\/pages\/3015\/revisions"}],"up":[{"embeddable":true,"href":"https:\/\/pembrokediocese.com\/fr\/wp-json\/wp\/v2\/pages\/1176"}],"wp:attachment":[{"href":"https:\/\/pembrokediocese.com\/fr\/wp-json\/wp\/v2\/media?parent=3015"}],"curies":[{"name":"wp","href":"https:\/\/api.w.org\/{rel}","templated":true}]}}