{"id":3363,"date":"2020-04-14T12:14:23","date_gmt":"2020-04-14T16:14:23","guid":{"rendered":"https:\/\/pembrokediocese.com\/?page_id=3363"},"modified":"2020-04-14T15:53:03","modified_gmt":"2020-04-14T19:53:03","slug":"pelerinages-diocesains","status":"publish","type":"page","link":"https:\/\/pembrokediocese.com\/fr\/pelerinages-diocesains\/","title":{"rendered":"P\u00e8lerinages dioc\u00e9sains"},"content":{"rendered":"<div class=\"col-md-6 \" >\n<p><img loading=\"lazy\" decoding=\"async\" class=\"alignnone wp-image-3387 size-full\" src=\"https:\/\/pembrokediocese.com\/wp-content\/uploads\/st-anne-s-pilgrimage-FR2.jpg\" alt=\"\" width=\"1200\" height=\"446\" srcset=\"https:\/\/pembrokediocese.com\/wp-content\/uploads\/st-anne-s-pilgrimage-FR2.jpg 1200w, https:\/\/pembrokediocese.com\/wp-content\/uploads\/st-anne-s-pilgrimage-FR2-300x112.jpg 300w, https:\/\/pembrokediocese.com\/wp-content\/uploads\/st-anne-s-pilgrimage-FR2-1024x381.jpg 1024w, https:\/\/pembrokediocese.com\/wp-content\/uploads\/st-anne-s-pilgrimage-FR2-768x285.jpg 768w, https:\/\/pembrokediocese.com\/wp-content\/uploads\/st-anne-s-pilgrimage-FR2-958x356.jpg 958w\" sizes=\"(max-width: 1200px) 100vw, 1200px\" \/><\/p>\n<p>Le p\u00e8lerinage a lieu chaque ann\u00e9e le dernier dimanche de juillet. Le p\u00e8lerinage comprend le \u00abTriduum Sainte-Anne\u00bb, qui est une mission paroissiale compos\u00e9e de 3 messes \u00e0 l&rsquo;\u00e9glise Sainte-Anne &#8211; jeudi \u00e0 19h, vendredi \u00e0 19h et samedi \u00e0 19h. Le dernier jour du p\u00e8lerinage comprend la messe de 11h c\u00e9l\u00e9br\u00e9e par l&rsquo;\u00e9v\u00eaque au sanctuaire, la messe de gu\u00e9rison de 14h c\u00e9l\u00e9br\u00e9e par le directeur de mission au sanctuaire, de nombreux pr\u00eatres entendant les confessions de 10h \u00e0 14h, des articles religieux \u00e0 vendre, de la nourriture, des rafra\u00eechissements et de nombreuses gr\u00e2ces .<\/p>\n<a class=\"btn btn-info  \" href=\"https:\/\/cormacpilgrimage.com\/\" target=\"_blank\" >En savoir plus (anglais)<\/a>\n<p>&nbsp;<\/p>\n<\/div>\n<div class=\"col-md-6 \" >\n<p><img loading=\"lazy\" decoding=\"async\" class=\"alignnone wp-image-3379 size-full\" src=\"https:\/\/pembrokediocese.com\/wp-content\/uploads\/Opeongo-Line-FR.jpg\" alt=\"\" width=\"1200\" height=\"446\" srcset=\"https:\/\/pembrokediocese.com\/wp-content\/uploads\/Opeongo-Line-FR.jpg 1200w, https:\/\/pembrokediocese.com\/wp-content\/uploads\/Opeongo-Line-FR-300x112.jpg 300w, https:\/\/pembrokediocese.com\/wp-content\/uploads\/Opeongo-Line-FR-1024x381.jpg 1024w, https:\/\/pembrokediocese.com\/wp-content\/uploads\/Opeongo-Line-FR-768x285.jpg 768w, https:\/\/pembrokediocese.com\/wp-content\/uploads\/Opeongo-Line-FR-958x356.jpg 958w\" sizes=\"(max-width: 1200px) 100vw, 1200px\" \/><\/p>\n<p>La route \u00e9tait difficile et leur voyage \u00e9tait ardu. Mais ils ont pers\u00e9v\u00e9r\u00e9, \u00e9tablissant de nombreuses communaut\u00e9s paroissiales en cours de route. Retracer leurs pas le long du parcours d&rsquo;origine nous permettra de faire l&rsquo;exp\u00e9rience, dans une petite mesure, du d\u00e9vouement, du sacrifice et de la foi de nos anc\u00eatres, et nous aidera ainsi \u00e0 nous pr\u00e9parer spirituellement \u00e0 la grande solennit\u00e9 de Sainte-Anne, Cormac. Le dernier jour du p\u00e8lerinage comprend une messe de 11h c\u00e9l\u00e9br\u00e9e par l&rsquo;\u00e9v\u00eaque au sanctuaire et une messe de gu\u00e9rison de 14h c\u00e9l\u00e9br\u00e9e par le directeur de mission au sanctuaire.<\/p>\n<a class=\"btn btn-info  \" href=\"https:\/\/walktheopeongoline.org\/\" target=\"_blank\" >En savoir plus (anglais)<\/a>\n<p>&nbsp;<\/p>\n<\/div>\n","protected":false},"excerpt":{"rendered":"","protected":false},"author":1,"featured_media":0,"parent":0,"menu_order":0,"comment_status":"closed","ping_status":"closed","template":"","meta":{"_monsterinsights_skip_tracking":false,"_monsterinsights_sitenote_active":false,"_monsterinsights_sitenote_note":"","_monsterinsights_sitenote_category":0,"footnotes":"","_links_to":"","_links_to_target":""},"class_list":["post-3363","page","type-page","status-publish","hentry"],"post_mailing_queue_ids":[],"_links":{"self":[{"href":"https:\/\/pembrokediocese.com\/fr\/wp-json\/wp\/v2\/pages\/3363","targetHints":{"allow":["GET"]}}],"collection":[{"href":"https:\/\/pembrokediocese.com\/fr\/wp-json\/wp\/v2\/pages"}],"about":[{"href":"https:\/\/pembrokediocese.com\/fr\/wp-json\/wp\/v2\/types\/page"}],"author":[{"embeddable":true,"href":"https:\/\/pembrokediocese.com\/fr\/wp-json\/wp\/v2\/users\/1"}],"replies":[{"embeddable":true,"href":"https:\/\/pembrokediocese.com\/fr\/wp-json\/wp\/v2\/comments?post=3363"}],"version-history":[{"count":0,"href":"https:\/\/pembrokediocese.com\/fr\/wp-json\/wp\/v2\/pages\/3363\/revisions"}],"wp:attachment":[{"href":"https:\/\/pembrokediocese.com\/fr\/wp-json\/wp\/v2\/media?parent=3363"}],"curies":[{"name":"wp","href":"https:\/\/api.w.org\/{rel}","templated":true}]}}