{"id":3519,"date":"2020-04-16T19:58:41","date_gmt":"2020-04-16T23:58:41","guid":{"rendered":"https:\/\/pembrokediocese.com\/?page_id=3519"},"modified":"2023-02-22T10:14:09","modified_gmt":"2023-02-22T15:14:09","slug":"jeunesse","status":"publish","type":"page","link":"https:\/\/pembrokediocese.com\/fr\/flymo\/jeunesse\/","title":{"rendered":"Jeunesse"},"content":{"rendered":"<div class=\"alert alert-info fade in\">  <a class=\"close\" data-dismiss=\"alert\" href=\"#\">&times;<\/a><strong>\u00c0 ce moment-ci, ce minist\u00e8re est offert en anglais seulement. Selon la demande, des mesures pourraient \u00eatre prises pour offrir un \u00e9quivalent en fran\u00e7ais.<\/strong> <\/div>\n<p>Notre priorit\u00e9 premi\u00e8re est de vous aider \u00e0 trouver des fa\u00e7ons de former dans la foi la jeunesse de vos familles et\/ou paroisses. Il existe plusieurs options simples pour une pastorale jeunesse tant pour des groupes formels que pour des groupes informels. Il vous sera n\u00e9cessaire d\u2019avoir une petite \u00e9quipe d\u2019adultes\/parents engag\u00e9s pour mettre \u00e7a en marche. Au bureau, nous avons un nombre de ressources qui peuvent \u00eatre mises votre disposition. Veuillez communiquer avec nous pour voir comment nous pouvons vous aider.<\/p>\n<h3>Ce que nous faisons<\/h3>\n<div class=\"col-md-6 \" >\n<p><img loading=\"lazy\" decoding=\"async\" width=\"200\" height=\"200\" class=\"size-full wp-image-2082 aligncenter\" src=\"https:\/\/pembrokediocese.com\/wp-content\/uploads\/You.png\" alt=\"\" srcset=\"https:\/\/pembrokediocese.com\/wp-content\/uploads\/You.png 200w, https:\/\/pembrokediocese.com\/wp-content\/uploads\/You-150x150.png 150w, https:\/\/pembrokediocese.com\/wp-content\/uploads\/You-100x100.png 100w\" sizes=\"(max-width: 200px) 100vw, 200px\" \/><\/p>\n<h4 style=\"text-align: center;\">\u00ab YOU. \u00bb<\/h4>\n<p>Le programme YOU est un programme en 10 sessions, avec des vid\u00e9os dynamiques et actualis\u00e9es, qui enseigne la v\u00e9ritable signification de l&rsquo;amour et de la sexualit\u00e9 tels qu&rsquo;ils sont enseign\u00e9s par l&rsquo;\u00c9glise catholique. \u00a0Il aborde \u00e9galement des sujets br\u00fblants qui ne sont peut-\u00eatre pas trait\u00e9s ailleurs. C&rsquo;est un programme incontournable pour les adolescents catholiques de 14 ans et plus.<\/p>\n<\/div>\n<div class=\"col-md-6 \" >\n<p><img loading=\"lazy\" decoding=\"async\" class=\"wp-image-3426 aligncenter\" src=\"https:\/\/pembrokediocese.com\/wp-content\/uploads\/NET.png\" alt=\"\" width=\"200\" height=\"200\" srcset=\"https:\/\/pembrokediocese.com\/wp-content\/uploads\/NET.png 300w, https:\/\/pembrokediocese.com\/wp-content\/uploads\/NET-150x150.png 150w, https:\/\/pembrokediocese.com\/wp-content\/uploads\/NET-100x100.png 100w, https:\/\/pembrokediocese.com\/wp-content\/uploads\/NET-210x210.png 210w\" sizes=\"(max-width: 200px) 100vw, 200px\" \/><\/p>\n<h4 style=\"text-align: center;\">Les \u00e9quipes NET Ministries (New Evangelization Team)<\/h4>\n<p style=\"text-align: center;\">Les \u00e9quipes NET sont des \u00e9quipes de jeunes adultes qui voyagent partout au Canada ou qui sont install\u00e9es dans une paroisse\/dioc\u00e8se pour une ann\u00e9e afin d\u2019offrir des retraites catholiques aux jeunes dans les paroisses et les \u00e9coles. Notre bureau appuie et organise la visite d\u2019une \u00e9quipe NET de langue anglaise dans le dioc\u00e8se une fois par ann\u00e9e. (Une \u00e9quipe de langue fran\u00e7aise existe aussi si la demande le justifie.) Pour plus d\u2019information, veuillez consulter le site Web de NET au <a href=\"http:\/\/www.netcanada.ca\" target=\"_blank\" rel=\"noopener noreferrer\"><strong>www.netcanada.ca<\/strong><\/a> . Ceux et celles qui voudraient servir au sein de NET pour une ann\u00e9e sont invit\u00e9s \u00e0 consulter leur site Web. Si vous d\u00e9sirez une retraite de l\u2019\u00e9quipe NET lors de leur passage dans le dioc\u00e8se, veuillez communiquer avec notre bureau pour conna\u00eetre les dates et les disponibilit\u00e9s.<\/p>\n<\/div>\n<div class=\"col-md-6 \" >\n<p><img loading=\"lazy\" decoding=\"async\" class=\"aligncenter wp-image-3428 size-full\" src=\"https:\/\/pembrokediocese.com\/wp-content\/uploads\/NOCYC.png\" alt=\"\" width=\"200\" height=\"200\" srcset=\"https:\/\/pembrokediocese.com\/wp-content\/uploads\/NOCYC.png 200w, https:\/\/pembrokediocese.com\/wp-content\/uploads\/NOCYC-150x150.png 150w, https:\/\/pembrokediocese.com\/wp-content\/uploads\/NOCYC-100x100.png 100w\" sizes=\"(max-width: 200px) 100vw, 200px\" \/><\/p>\n<h4 style=\"text-align: center;\">\u00ab\u00a0Northern Ontario Catholic Youth Conference\u00a0\u00bb<\/h4>\n<p style=\"text-align: center;\">Ce congr\u00e8s en anglais d\u2019une journ\u00e9e a lieu \u00e0 North Bay et il est organis\u00e9 par le dioc\u00e8se de Sault-Ste-Marie. Les dates varient d\u2019ann\u00e9e en ann\u00e9e. C\u2019est une journ\u00e9e bien remplie de plaisir, de foi, et d\u2019occasions de rencontrer d\u2019autres jeunes catholiques.<\/p>\n<\/div>\n<div class=\"col-md-6 \" >\n<p><img loading=\"lazy\" decoding=\"async\" class=\"aligncenter wp-image-3430\" src=\"https:\/\/pembrokediocese.com\/wp-content\/uploads\/Steubenville-300x300.png\" alt=\"\" width=\"200\" height=\"200\" srcset=\"https:\/\/pembrokediocese.com\/wp-content\/uploads\/Steubenville-300x300.png 300w, https:\/\/pembrokediocese.com\/wp-content\/uploads\/Steubenville-150x150.png 150w, https:\/\/pembrokediocese.com\/wp-content\/uploads\/Steubenville-768x768.png 768w, https:\/\/pembrokediocese.com\/wp-content\/uploads\/Steubenville-100x100.png 100w, https:\/\/pembrokediocese.com\/wp-content\/uploads\/Steubenville-400x400.png 400w, https:\/\/pembrokediocese.com\/wp-content\/uploads\/Steubenville-210x210.png 210w, https:\/\/pembrokediocese.com\/wp-content\/uploads\/Steubenville.png 800w\" sizes=\"(max-width: 200px) 100vw, 200px\" \/><\/p>\n<h4 style=\"text-align: center;\">\u00ab\u00a0Canada\u2019s Largest Catholic Youth Conference\u00a0\u00bb<\/h4>\n<p style=\"text-align: center;\">Steubenville Toronto \u2013 un m\u00e9ga-congr\u00e8s jeunesse catholique annuel qui a lieu un week-end (du vendredi au dimanche). Cette conf\u00e9rence m\u00e9rite qu\u2019on y assiste une fois dans sa vie d\u2019adolescent en raison des conf\u00e9renciers de renomm\u00e9e internationale qui y sont pr\u00e9sents, des liturgies, de musique chr\u00e9tienne populaire, et de la foule de jeunes catholiques. Pour plus d\u2019information, visitez : <strong><a href=\"https:\/\/www.steubenvilletoronto.com\/\" target=\"_blank\" rel=\"noopener noreferrer\">https:\/\/www.steubenvilletoronto.com\/<\/a><\/strong>.<\/p>\n<\/div>\n<hr \/>\n<h3>Des programmes en anglais possibles pour la pastorale jeunesse dans votre paroisse : nous pouvons vous aider \u00e0 les d\u00e9marrer!<\/h3>\n<div class=\"col-md-4 \" ><a href=\"https:\/\/lifeteen.com\/\"><img loading=\"lazy\" decoding=\"async\" width=\"200\" height=\"200\" class=\"size-full wp-image-3470 aligncenter\" src=\"https:\/\/pembrokediocese.com\/wp-content\/uploads\/lifeteen.png\" alt=\"\" srcset=\"https:\/\/pembrokediocese.com\/wp-content\/uploads\/lifeteen.png 200w, https:\/\/pembrokediocese.com\/wp-content\/uploads\/lifeteen-150x150.png 150w, https:\/\/pembrokediocese.com\/wp-content\/uploads\/lifeteen-100x100.png 100w\" sizes=\"(max-width: 200px) 100vw, 200px\" \/><\/a><\/div>\n<div class=\"col-md-4 \" ><a href=\"https:\/\/lifeteen.com\/edge-ministry\/\" target=\"_blank\" rel=\"noopener noreferrer\"><img loading=\"lazy\" decoding=\"async\" class=\"aligncenter wp-image-2080 size-full\" src=\"https:\/\/pembrokediocese.com\/wp-content\/uploads\/Edge.png\" alt=\"\" width=\"200\" height=\"200\" srcset=\"https:\/\/pembrokediocese.com\/wp-content\/uploads\/Edge.png 200w, https:\/\/pembrokediocese.com\/wp-content\/uploads\/Edge-150x150.png 150w, https:\/\/pembrokediocese.com\/wp-content\/uploads\/Edge-100x100.png 100w\" sizes=\"(max-width: 200px) 100vw, 200px\" \/><\/a><\/div>\n<div class=\"col-md-4 \" ><a href=\"https:\/\/ascensionpress.com\/collections\/you-life-love-and-the-theology-of-the-body\" target=\"_blank\" rel=\"noopener noreferrer\"><img loading=\"lazy\" decoding=\"async\" class=\"aligncenter wp-image-2082 size-full\" src=\"https:\/\/pembrokediocese.com\/wp-content\/uploads\/You.png\" alt=\"\" width=\"200\" height=\"200\" srcset=\"https:\/\/pembrokediocese.com\/wp-content\/uploads\/You.png 200w, https:\/\/pembrokediocese.com\/wp-content\/uploads\/You-150x150.png 150w, https:\/\/pembrokediocese.com\/wp-content\/uploads\/You-100x100.png 100w\" sizes=\"(max-width: 200px) 100vw, 200px\" \/><\/a><\/div>\n<div class=\"col-md-4 \" ><a href=\"https:\/\/ascensionpress.com\/collections\/chosen-this-is-your-catholic-faith\" target=\"_blank\" rel=\"noopener noreferrer\"><img loading=\"lazy\" decoding=\"async\" class=\"aligncenter wp-image-2078 size-full\" src=\"https:\/\/pembrokediocese.com\/wp-content\/uploads\/Chosen.png\" alt=\"\" width=\"200\" height=\"200\" srcset=\"https:\/\/pembrokediocese.com\/wp-content\/uploads\/Chosen.png 200w, https:\/\/pembrokediocese.com\/wp-content\/uploads\/Chosen-150x150.png 150w, https:\/\/pembrokediocese.com\/wp-content\/uploads\/Chosen-100x100.png 100w\" sizes=\"(max-width: 200px) 100vw, 200px\" \/><\/a><\/div>\n<div class=\"col-md-4 \" ><a href=\"https:\/\/ydisciple.com\" target=\"_blank\" rel=\"noopener noreferrer\"><img loading=\"lazy\" decoding=\"async\" class=\"aligncenter wp-image-3472\" src=\"https:\/\/pembrokediocese.com\/wp-content\/uploads\/YDisciple_logo_horizontal_blue-270-270x61-copy-300x300.jpg\" alt=\"\" width=\"200\" height=\"200\" srcset=\"https:\/\/pembrokediocese.com\/wp-content\/uploads\/YDisciple_logo_horizontal_blue-270-270x61-copy-300x300.jpg 300w, https:\/\/pembrokediocese.com\/wp-content\/uploads\/YDisciple_logo_horizontal_blue-270-270x61-copy-150x150.jpg 150w, https:\/\/pembrokediocese.com\/wp-content\/uploads\/YDisciple_logo_horizontal_blue-270-270x61-copy-100x100.jpg 100w, https:\/\/pembrokediocese.com\/wp-content\/uploads\/YDisciple_logo_horizontal_blue-270-270x61-copy-210x210.jpg 210w, https:\/\/pembrokediocese.com\/wp-content\/uploads\/YDisciple_logo_horizontal_blue-270-270x61-copy.jpg 314w\" sizes=\"(max-width: 200px) 100vw, 200px\" \/><\/a><\/div>\n<div class=\"col-md-4 \" ><a href=\"https:\/\/formed.org\/\" target=\"_blank\" rel=\"noopener noreferrer\"><img loading=\"lazy\" decoding=\"async\" class=\"aligncenter wp-image-3474 \" src=\"https:\/\/pembrokediocese.com\/wp-content\/uploads\/formed-sq-300x300.jpg\" alt=\"\" width=\"200\" height=\"200\" srcset=\"https:\/\/pembrokediocese.com\/wp-content\/uploads\/formed-sq-300x300.jpg 300w, https:\/\/pembrokediocese.com\/wp-content\/uploads\/formed-sq-150x150.jpg 150w, https:\/\/pembrokediocese.com\/wp-content\/uploads\/formed-sq-100x100.jpg 100w, https:\/\/pembrokediocese.com\/wp-content\/uploads\/formed-sq-210x210.jpg 210w, https:\/\/pembrokediocese.com\/wp-content\/uploads\/formed-sq.jpg 314w\" sizes=\"(max-width: 200px) 100vw, 200px\" \/><\/a><\/div>\n<hr \/>\n<p style=\"text-align: center;\">Si votre paroisse n\u2019a pas de programme de pastorale jeunesse, en voici un (en anglais) qui peut \u00eatre fait \u00e0 la maison !<\/p>\n<p style=\"text-align: center;\"><a href=\"https:\/\/projectym.com\/live\/\" target=\"_blank\" rel=\"noopener noreferrer\"><img loading=\"lazy\" decoding=\"async\" class=\"wp-image-3479 alignnone\" src=\"https:\/\/pembrokediocese.com\/wp-content\/uploads\/YDisciple_logo_horizontal_blue-270-270x61-copy-1-300x300.jpg\" alt=\"\" width=\"199\" height=\"199\" srcset=\"https:\/\/pembrokediocese.com\/wp-content\/uploads\/YDisciple_logo_horizontal_blue-270-270x61-copy-1-300x300.jpg 300w, https:\/\/pembrokediocese.com\/wp-content\/uploads\/YDisciple_logo_horizontal_blue-270-270x61-copy-1-150x150.jpg 150w, https:\/\/pembrokediocese.com\/wp-content\/uploads\/YDisciple_logo_horizontal_blue-270-270x61-copy-1-100x100.jpg 100w, https:\/\/pembrokediocese.com\/wp-content\/uploads\/YDisciple_logo_horizontal_blue-270-270x61-copy-1-210x210.jpg 210w, https:\/\/pembrokediocese.com\/wp-content\/uploads\/YDisciple_logo_horizontal_blue-270-270x61-copy-1.jpg 314w\" sizes=\"(max-width: 199px) 100vw, 199px\" \/><\/a><\/p>\n","protected":false},"excerpt":{"rendered":"<p>Notre priorit\u00e9 premi\u00e8re est de vous aider \u00e0 trouver des fa\u00e7ons de former dans la foi la jeunesse de vos familles et\/ou paroisses. Il existe plusieurs options simples pour une pastorale jeunesse tant pour des groupes formels que pour des groupes informels. Il vous sera n\u00e9cessaire d\u2019avoir une petite \u00e9quipe d\u2019adultes\/parents engag\u00e9s pour mettre \u00e7a en marche. Au bureau, nous avons un nombre de ressources qui peuvent \u00eatre mises votre disposition. Veuillez communiquer avec nous pour voir comment nous pouvons vous aider. Ce que nous faisons Des programmes en anglais possibles pour la pastorale jeunesse dans votre paroisse : nous pouvons vous aider \u00e0 les d\u00e9marrer! Si votre paroisse n\u2019a pas de programme de pastorale jeunesse, en voici un (en anglais) qui peut \u00eatre fait \u00e0 la maison !<\/p>\n","protected":false},"author":1,"featured_media":0,"parent":1200,"menu_order":0,"comment_status":"closed","ping_status":"closed","template":"","meta":{"_monsterinsights_skip_tracking":false,"_monsterinsights_sitenote_active":false,"_monsterinsights_sitenote_note":"","_monsterinsights_sitenote_category":0,"footnotes":"","_links_to":"","_links_to_target":""},"class_list":["post-3519","page","type-page","status-publish","hentry"],"post_mailing_queue_ids":[],"_links":{"self":[{"href":"https:\/\/pembrokediocese.com\/fr\/wp-json\/wp\/v2\/pages\/3519","targetHints":{"allow":["GET"]}}],"collection":[{"href":"https:\/\/pembrokediocese.com\/fr\/wp-json\/wp\/v2\/pages"}],"about":[{"href":"https:\/\/pembrokediocese.com\/fr\/wp-json\/wp\/v2\/types\/page"}],"author":[{"embeddable":true,"href":"https:\/\/pembrokediocese.com\/fr\/wp-json\/wp\/v2\/users\/1"}],"replies":[{"embeddable":true,"href":"https:\/\/pembrokediocese.com\/fr\/wp-json\/wp\/v2\/comments?post=3519"}],"version-history":[{"count":3,"href":"https:\/\/pembrokediocese.com\/fr\/wp-json\/wp\/v2\/pages\/3519\/revisions"}],"predecessor-version":[{"id":11874,"href":"https:\/\/pembrokediocese.com\/fr\/wp-json\/wp\/v2\/pages\/3519\/revisions\/11874"}],"up":[{"embeddable":true,"href":"https:\/\/pembrokediocese.com\/fr\/wp-json\/wp\/v2\/pages\/1200"}],"wp:attachment":[{"href":"https:\/\/pembrokediocese.com\/fr\/wp-json\/wp\/v2\/media?parent=3519"}],"curies":[{"name":"wp","href":"https:\/\/api.w.org\/{rel}","templated":true}]}}