{"id":3522,"date":"2020-04-16T20:02:19","date_gmt":"2020-04-17T00:02:19","guid":{"rendered":"https:\/\/pembrokediocese.com\/?page_id=3522"},"modified":"2020-09-25T10:38:27","modified_gmt":"2020-09-25T14:38:27","slug":"jeunes-adultes","status":"publish","type":"page","link":"https:\/\/pembrokediocese.com\/fr\/flymo\/jeunes-adultes\/","title":{"rendered":"Jeunes adultes"},"content":{"rendered":"<div class=\"alert alert-info fade in\">  <a class=\"close\" data-dismiss=\"alert\" href=\"#\">&times;<\/a><strong>\u00c0 ce moment-ci, ce minist\u00e8re est offert en anglais seulement. Selon la demande, des mesures pourraient \u00eatre prises pour offrir un \u00e9quivalent en fran\u00e7ais.<\/strong> <\/div>\n<p><img loading=\"lazy\" decoding=\"async\" class=\"alignright wp-image-3435\" src=\"https:\/\/pembrokediocese.com\/wp-content\/uploads\/helena-lopes-UZe35tk5UoA-unsplash-300x200.jpg\" alt=\"\" width=\"400\" height=\"267\" srcset=\"https:\/\/pembrokediocese.com\/wp-content\/uploads\/helena-lopes-UZe35tk5UoA-unsplash-300x200.jpg 300w, https:\/\/pembrokediocese.com\/wp-content\/uploads\/helena-lopes-UZe35tk5UoA-unsplash-1024x683.jpg 1024w, https:\/\/pembrokediocese.com\/wp-content\/uploads\/helena-lopes-UZe35tk5UoA-unsplash-768x512.jpg 768w, https:\/\/pembrokediocese.com\/wp-content\/uploads\/helena-lopes-UZe35tk5UoA-unsplash-1536x1024.jpg 1536w, https:\/\/pembrokediocese.com\/wp-content\/uploads\/helena-lopes-UZe35tk5UoA-unsplash-2048x1365.jpg 2048w, https:\/\/pembrokediocese.com\/wp-content\/uploads\/helena-lopes-UZe35tk5UoA-unsplash-958x639.jpg 958w, https:\/\/pembrokediocese.com\/wp-content\/uploads\/helena-lopes-UZe35tk5UoA-unsplash-600x400.jpg 600w, https:\/\/pembrokediocese.com\/wp-content\/uploads\/helena-lopes-UZe35tk5UoA-unsplash-272x182.jpg 272w\" sizes=\"(max-width: 400px) 100vw, 400px\" \/><\/p>\n<p>Une fois par mois, le dioc\u00e8se de Pembroke organise un rassemblement de jeunes adultes \u00e0 l\u2019\u00e9difice de l\u2019administration dioc\u00e9saine (\u00e0 c\u00f4t\u00e9 de la cath\u00e9drale St. Columbkille). Une vari\u00e9t\u00e9 de sujets et de programmes sont pr\u00e9sent\u00e9s dans une ambiance d\u00e9contract\u00e9e et agr\u00e9ment\u00e9 de nourriture. Les programmes de Formed.org y sont tr\u00e8s populaires et les participants peuvent aussi faire des suggestions de futurs sujets ou activit\u00e9s. Durant les mois d\u2019\u00e9t\u00e9, il y a des activit\u00e9s comme le mini-putt ou le kayak qui peuvent \u00eatre faites. L\u2019\u00e9v\u00eaque et quelques-uns des pr\u00eatres y sont pr\u00e9sents et leur pr\u00e9sence ajoute au plaisir et \u00e0 l\u2019instruction. La pastorale aupr\u00e8s de jeunes adultes est pour les gens de 18 \u00e0 35 ans qui veulent approfondir leur foi en cheminant avec d\u2019autres.<\/p>\n<p>Les rencontres ont lieu \u00e0 diff\u00e9rentes dates. Pour en savoir plus, ou bien pour \u00eatre ajout\u00e9 \u00e0 notre liste d\u2019envoi, <a href=\"mailto:yvettebourque@pembrokediocese.com\"><strong>veuillez communiquer avec nous<\/strong><\/a>.<\/p>\n","protected":false},"excerpt":{"rendered":"<p>Une fois par mois, le dioc\u00e8se de Pembroke organise un rassemblement de jeunes adultes \u00e0 l\u2019\u00e9difice de l\u2019administration dioc\u00e9saine (\u00e0 c\u00f4t\u00e9 de la cath\u00e9drale St. Columbkille). Une vari\u00e9t\u00e9 de sujets et de programmes sont pr\u00e9sent\u00e9s dans une ambiance d\u00e9contract\u00e9e et agr\u00e9ment\u00e9 de nourriture. Les programmes de Formed.org y sont tr\u00e8s populaires et les participants peuvent aussi faire des suggestions de futurs sujets ou activit\u00e9s. Durant les mois d\u2019\u00e9t\u00e9, il y a des activit\u00e9s comme le mini-putt ou le kayak qui peuvent \u00eatre faites. L\u2019\u00e9v\u00eaque et quelques-uns des pr\u00eatres y sont pr\u00e9sents et leur pr\u00e9sence ajoute au plaisir et \u00e0 l\u2019instruction. La pastorale aupr\u00e8s de jeunes adultes est pour les gens de 18 \u00e0 35 ans qui veulent approfondir leur foi en cheminant avec d\u2019autres. Les rencontres ont lieu \u00e0 diff\u00e9rentes dates. Pour en savoir plus, ou bien pour \u00eatre ajout\u00e9 \u00e0 notre liste d\u2019envoi, veuillez communiquer avec nous.<\/p>\n","protected":false},"author":1,"featured_media":0,"parent":1200,"menu_order":0,"comment_status":"closed","ping_status":"closed","template":"","meta":{"_monsterinsights_skip_tracking":false,"_monsterinsights_sitenote_active":false,"_monsterinsights_sitenote_note":"","_monsterinsights_sitenote_category":0,"footnotes":"","_links_to":"","_links_to_target":""},"class_list":["post-3522","page","type-page","status-publish","hentry"],"post_mailing_queue_ids":[],"_links":{"self":[{"href":"https:\/\/pembrokediocese.com\/fr\/wp-json\/wp\/v2\/pages\/3522","targetHints":{"allow":["GET"]}}],"collection":[{"href":"https:\/\/pembrokediocese.com\/fr\/wp-json\/wp\/v2\/pages"}],"about":[{"href":"https:\/\/pembrokediocese.com\/fr\/wp-json\/wp\/v2\/types\/page"}],"author":[{"embeddable":true,"href":"https:\/\/pembrokediocese.com\/fr\/wp-json\/wp\/v2\/users\/1"}],"replies":[{"embeddable":true,"href":"https:\/\/pembrokediocese.com\/fr\/wp-json\/wp\/v2\/comments?post=3522"}],"version-history":[{"count":0,"href":"https:\/\/pembrokediocese.com\/fr\/wp-json\/wp\/v2\/pages\/3522\/revisions"}],"up":[{"embeddable":true,"href":"https:\/\/pembrokediocese.com\/fr\/wp-json\/wp\/v2\/pages\/1200"}],"wp:attachment":[{"href":"https:\/\/pembrokediocese.com\/fr\/wp-json\/wp\/v2\/media?parent=3522"}],"curies":[{"name":"wp","href":"https:\/\/api.w.org\/{rel}","templated":true}]}}