{"id":3701,"date":"2020-04-28T15:12:26","date_gmt":"2020-04-28T19:12:26","guid":{"rendered":"https:\/\/pembrokediocese.com\/?page_id=3701"},"modified":"2020-04-28T15:12:26","modified_gmt":"2020-04-28T19:12:26","slug":"rcia","status":"publish","type":"page","link":"https:\/\/pembrokediocese.com\/fr\/bureau-de-la-formation-de-la-foi\/rcia\/","title":{"rendered":"Rite d\u2019initiation chr\u00e9tienne des adultes"},"content":{"rendered":"<div class=\"alert alert-info fade in\">  <a class=\"close\" data-dismiss=\"alert\" href=\"#\">&times;<\/a><strong>\u00c0 ce moment-ci, ce minist\u00e8re est offert en anglais seulement. Selon la demande, des mesures pourraient \u00eatre prises pour offrir un \u00e9quivalent en fran\u00e7ais.<\/strong> <\/div>\n<h2>Vous pensez devenir catholique ?<\/h2>\n<h2><img loading=\"lazy\" decoding=\"async\" class=\"alignright wp-image-3648 \" src=\"https:\/\/pembrokediocese.com\/wp-content\/uploads\/neonbrand-b7YCNt1vihM-unsplash-1024x683.jpg\" alt=\"\" width=\"401\" height=\"267\" srcset=\"https:\/\/pembrokediocese.com\/wp-content\/uploads\/neonbrand-b7YCNt1vihM-unsplash-1024x683.jpg 1024w, https:\/\/pembrokediocese.com\/wp-content\/uploads\/neonbrand-b7YCNt1vihM-unsplash-300x200.jpg 300w, https:\/\/pembrokediocese.com\/wp-content\/uploads\/neonbrand-b7YCNt1vihM-unsplash-768x512.jpg 768w, https:\/\/pembrokediocese.com\/wp-content\/uploads\/neonbrand-b7YCNt1vihM-unsplash-1536x1024.jpg 1536w, https:\/\/pembrokediocese.com\/wp-content\/uploads\/neonbrand-b7YCNt1vihM-unsplash-2048x1365.jpg 2048w, https:\/\/pembrokediocese.com\/wp-content\/uploads\/neonbrand-b7YCNt1vihM-unsplash-958x639.jpg 958w, https:\/\/pembrokediocese.com\/wp-content\/uploads\/neonbrand-b7YCNt1vihM-unsplash-600x400.jpg 600w, https:\/\/pembrokediocese.com\/wp-content\/uploads\/neonbrand-b7YCNt1vihM-unsplash-272x182.jpg 272w\" sizes=\"(max-width: 401px) 100vw, 401px\" \/><\/h2>\n<p>Nous sommes heureux que vous ayez choisi d\u2019en savoir plus sur la foi catholique.<\/p>\n<p>Le Rite d\u2019initiation chr\u00e9tienne pour adultes est un cheminement par lequel les adultes apprennent et font l\u2019exp\u00e9rience de la vie chr\u00e9tienne, et plus particuli\u00e8rement nos croyances et traditions catholiques et o\u00f9 ils sont initi\u00e9s dans la vie de l\u2019\u00c9glise par la c\u00e9l\u00e9bration des sacrements d\u2019initiation chr\u00e9tienne : le bapt\u00eame, la confirmation et l\u2019eucharistie.<\/p>\n<p>Ce Rite d\u2019initiation chr\u00e9tienne pour adultes n\u2019est rien de nouveau. C\u2019est un retour aux sources de notre tradition d\u2019\u00c9glise qui remonte \u00e0 l\u2019\u00e9poque entre les 2e et 5e si\u00e8cles de l\u2019\u00e8re chr\u00e9tienne. Le cheminement d\u2019initiation chr\u00e9tienne prend place au centre de la communaut\u00e9 chr\u00e9tienne. La communaut\u00e9 toute enti\u00e8re est appel\u00e9e \u00e0 r\u00e9fl\u00e9chir sur la valeur de sa foi, \u00e0 renouveler sa propre conversion et, par son exemple, \u00e0 guider ceux et celles qui cherchent \u00e0 grandir dans leur vie spirituelle.<\/p>\n<p>Pour plus d\u2019information sur le Rite d\u2019initiation chr\u00e9tienne pour adultes, <a href=\"https:\/\/pembrokediocese.com\/fr\/paroisses\/\"><strong>veuillez communiquer avec votre cur\u00e9<\/strong><\/a> ou avec <strong><a href=\"https:\/\/pembrokediocese.com\/fr\/contact\/\">M. le diacre Adrien Chaput, Directeur du Bureau de la formation de la foi<\/a><\/strong>.<\/p>\n","protected":false},"excerpt":{"rendered":"<p>Vous pensez devenir catholique ? Nous sommes heureux que vous ayez choisi d\u2019en savoir plus sur la foi catholique. Le Rite d\u2019initiation chr\u00e9tienne pour adultes est un cheminement par lequel les adultes apprennent et font l\u2019exp\u00e9rience de la vie chr\u00e9tienne, et plus particuli\u00e8rement nos croyances et traditions catholiques et o\u00f9 ils sont initi\u00e9s dans la vie de l\u2019\u00c9glise par la c\u00e9l\u00e9bration des sacrements d\u2019initiation chr\u00e9tienne : le bapt\u00eame, la confirmation et l\u2019eucharistie. Ce Rite d\u2019initiation chr\u00e9tienne pour adultes n\u2019est rien de nouveau. C\u2019est un retour aux sources de notre tradition d\u2019\u00c9glise qui remonte \u00e0 l\u2019\u00e9poque entre les 2e et 5e si\u00e8cles de l\u2019\u00e8re chr\u00e9tienne. Le cheminement d\u2019initiation chr\u00e9tienne prend place au centre de la communaut\u00e9 chr\u00e9tienne. La communaut\u00e9 toute enti\u00e8re est appel\u00e9e \u00e0 r\u00e9fl\u00e9chir sur la valeur de sa foi, \u00e0 renouveler sa propre conversion et, par son exemple, \u00e0 guider ceux et celles qui cherchent \u00e0 grandir dans leur vie spirituelle. Pour plus d\u2019information sur le Rite d\u2019initiation chr\u00e9tienne pour adultes, veuillez communiquer avec votre cur\u00e9 ou avec M. le diacre Adrien Chaput, Directeur du Bureau de la formation de la foi.<\/p>\n","protected":false},"author":1,"featured_media":0,"parent":1202,"menu_order":0,"comment_status":"closed","ping_status":"closed","template":"","meta":{"_monsterinsights_skip_tracking":false,"_monsterinsights_sitenote_active":false,"_monsterinsights_sitenote_note":"","_monsterinsights_sitenote_category":0,"footnotes":"","_links_to":"","_links_to_target":""},"class_list":["post-3701","page","type-page","status-publish","hentry"],"post_mailing_queue_ids":[],"_links":{"self":[{"href":"https:\/\/pembrokediocese.com\/fr\/wp-json\/wp\/v2\/pages\/3701","targetHints":{"allow":["GET"]}}],"collection":[{"href":"https:\/\/pembrokediocese.com\/fr\/wp-json\/wp\/v2\/pages"}],"about":[{"href":"https:\/\/pembrokediocese.com\/fr\/wp-json\/wp\/v2\/types\/page"}],"author":[{"embeddable":true,"href":"https:\/\/pembrokediocese.com\/fr\/wp-json\/wp\/v2\/users\/1"}],"replies":[{"embeddable":true,"href":"https:\/\/pembrokediocese.com\/fr\/wp-json\/wp\/v2\/comments?post=3701"}],"version-history":[{"count":0,"href":"https:\/\/pembrokediocese.com\/fr\/wp-json\/wp\/v2\/pages\/3701\/revisions"}],"up":[{"embeddable":true,"href":"https:\/\/pembrokediocese.com\/fr\/wp-json\/wp\/v2\/pages\/1202"}],"wp:attachment":[{"href":"https:\/\/pembrokediocese.com\/fr\/wp-json\/wp\/v2\/media?parent=3701"}],"curies":[{"name":"wp","href":"https:\/\/api.w.org\/{rel}","templated":true}]}}