{"id":3724,"date":"2020-04-30T16:39:23","date_gmt":"2020-04-30T20:39:23","guid":{"rendered":"https:\/\/pembrokediocese.com\/?page_id=3724"},"modified":"2020-04-30T16:39:23","modified_gmt":"2020-04-30T20:39:23","slug":"formation-de-la-foi-des-adultes","status":"publish","type":"page","link":"https:\/\/pembrokediocese.com\/fr\/bureau-de-la-formation-de-la-foi\/formation-de-la-foi-des-adultes\/","title":{"rendered":"Formation de la foi des adultes"},"content":{"rendered":"<h2>Formation de la foi des adultes<\/h2>\n<h2><img loading=\"lazy\" decoding=\"async\" class=\"wp-image-1987 alignright\" src=\"https:\/\/pembrokediocese.com\/wp-content\/uploads\/ben-white-oUiTrFhnEkE-unsplash-1024x729.jpg\" alt=\"\" width=\"401\" height=\"285\" srcset=\"https:\/\/pembrokediocese.com\/wp-content\/uploads\/ben-white-oUiTrFhnEkE-unsplash-1024x729.jpg 1024w, https:\/\/pembrokediocese.com\/wp-content\/uploads\/ben-white-oUiTrFhnEkE-unsplash-300x213.jpg 300w, https:\/\/pembrokediocese.com\/wp-content\/uploads\/ben-white-oUiTrFhnEkE-unsplash-768x547.jpg 768w, https:\/\/pembrokediocese.com\/wp-content\/uploads\/ben-white-oUiTrFhnEkE-unsplash-1536x1093.jpg 1536w, https:\/\/pembrokediocese.com\/wp-content\/uploads\/ben-white-oUiTrFhnEkE-unsplash-2048x1457.jpg 2048w, https:\/\/pembrokediocese.com\/wp-content\/uploads\/ben-white-oUiTrFhnEkE-unsplash-958x682.jpg 958w\" sizes=\"(max-width: 401px) 100vw, 401px\" \/><\/h2>\n<p>Nous voulons vous aider alors que vous grandissez en disciple du Christ. Nous offrons des occasions de d\u00e9veloppement spirituel par le biais de ressources informatives et \u00e9ducatives, par des formations et par des retraites.<\/p>\n<p>La maturation en tant que disciple du Christ passe par l\u2019approfondissement du questionnement suivant\u00a0:<\/p>\n<ul>\n<li>Que veut dire \u00eatre catholique ?<\/li>\n<li>Comment participer davantage \u00e0 la messe ?<\/li>\n<li>Que sont les sacrements ?<\/li>\n<li>Comment comprendre davantage les Saintes \u00c9critures ainsi que les enseignements et croyances de notre \u00c9glise catholique ?<\/li>\n<\/ul>\n<p>Nous sommes l\u00e0 pour vous encourager et vous appuyer dans votre cheminement pour que, plus enracin\u00e9s dans notre Tradition, vous puissiez proclamer l\u2019\u00c9vangile en t\u00e9moignant de J\u00e9sus Christ par des actes de charit\u00e9 et de service dans notre communaut\u00e9.<\/p>\n<p>Pour plus d\u2019information, veuillez communiquer avec le cur\u00e9 de <strong><a href=\"https:\/\/pembrokediocese.com\/fr\/paroisses\/\">votre paroisse<\/a><\/strong> ou avec <strong><a href=\"https:\/\/pembrokediocese.com\/fr\/contact\/\">M. le diacre Adrien Chaput, Directeur du Bureau de formation de la foi<\/a><\/strong>.<\/p>\n","protected":false},"excerpt":{"rendered":"<p>Formation de la foi des adultes Nous voulons vous aider alors que vous grandissez en disciple du Christ. Nous offrons des occasions de d\u00e9veloppement spirituel par le biais de ressources informatives et \u00e9ducatives, par des formations et par des retraites. La maturation en tant que disciple du Christ passe par l\u2019approfondissement du questionnement suivant\u00a0: Que veut dire \u00eatre catholique ? Comment participer davantage \u00e0 la messe ? Que sont les sacrements ? Comment comprendre davantage les Saintes \u00c9critures ainsi que les enseignements et croyances de notre \u00c9glise catholique ? Nous sommes l\u00e0 pour vous encourager et vous appuyer dans votre cheminement pour que, plus enracin\u00e9s dans notre Tradition, vous puissiez proclamer l\u2019\u00c9vangile en t\u00e9moignant de J\u00e9sus Christ par des actes de charit\u00e9 et de service dans notre communaut\u00e9. Pour plus d\u2019information, veuillez communiquer avec le cur\u00e9 de votre paroisse ou avec M. le diacre Adrien Chaput, Directeur du Bureau de formation de la foi.<\/p>\n","protected":false},"author":1,"featured_media":0,"parent":1202,"menu_order":0,"comment_status":"closed","ping_status":"closed","template":"","meta":{"_monsterinsights_skip_tracking":false,"_monsterinsights_sitenote_active":false,"_monsterinsights_sitenote_note":"","_monsterinsights_sitenote_category":0,"footnotes":"","_links_to":"","_links_to_target":""},"class_list":["post-3724","page","type-page","status-publish","hentry"],"post_mailing_queue_ids":[],"_links":{"self":[{"href":"https:\/\/pembrokediocese.com\/fr\/wp-json\/wp\/v2\/pages\/3724","targetHints":{"allow":["GET"]}}],"collection":[{"href":"https:\/\/pembrokediocese.com\/fr\/wp-json\/wp\/v2\/pages"}],"about":[{"href":"https:\/\/pembrokediocese.com\/fr\/wp-json\/wp\/v2\/types\/page"}],"author":[{"embeddable":true,"href":"https:\/\/pembrokediocese.com\/fr\/wp-json\/wp\/v2\/users\/1"}],"replies":[{"embeddable":true,"href":"https:\/\/pembrokediocese.com\/fr\/wp-json\/wp\/v2\/comments?post=3724"}],"version-history":[{"count":0,"href":"https:\/\/pembrokediocese.com\/fr\/wp-json\/wp\/v2\/pages\/3724\/revisions"}],"up":[{"embeddable":true,"href":"https:\/\/pembrokediocese.com\/fr\/wp-json\/wp\/v2\/pages\/1202"}],"wp:attachment":[{"href":"https:\/\/pembrokediocese.com\/fr\/wp-json\/wp\/v2\/media?parent=3724"}],"curies":[{"name":"wp","href":"https:\/\/api.w.org\/{rel}","templated":true}]}}