{"id":4301,"date":"2020-09-02T17:22:50","date_gmt":"2020-09-02T21:22:50","guid":{"rendered":"https:\/\/pembrokediocese.com\/?page_id=4301"},"modified":"2025-11-19T19:50:04","modified_gmt":"2025-11-20T00:50:04","slug":"annuaire-du-personnel","status":"publish","type":"page","link":"https:\/\/pembrokediocese.com\/fr\/annuaire-du-personnel\/","title":{"rendered":"Annuaire du personnel"},"content":{"rendered":"<p>Si vous souhaitez contacter un membre du clerg\u00e9 actif, veuillez contacter sa <strong><a href=\"https:\/\/pembrokediocese.com\/fr\/paroisses\/\">paroisse<\/a><\/strong> respective.<br \/>\nPour contacter un eccl\u00e9siastique ou un s\u00e9minariste \u00e0 la retraite, veuillez contacter <a href=\"https:\/\/pembrokediocese.com\/fr\/contact\/\"><strong>les bureaux dioc\u00e9sains<\/strong><\/a>.<\/p>\n<hr \/>\n<h2><img loading=\"lazy\" decoding=\"async\" class=\"alignnone wp-image-5502 size-full\" src=\"https:\/\/pembrokediocese.com\/wp-content\/uploads\/Pretres.png\" alt=\"\" width=\"248\" height=\"100\" srcset=\"https:\/\/pembrokediocese.com\/wp-content\/uploads\/Pretres.png 248w, https:\/\/pembrokediocese.com\/wp-content\/uploads\/Pretres-200x81.png 200w\" sizes=\"(max-width: 248px) 100vw, 248px\" \/><\/h2>\n<hr \/>\n<p><strong>Beachey, Rev. Mitchell<\/strong><br \/>\nOrdonn\u00e9: 10 mai, 2003<br \/>\n<a href=\"https:\/\/pembrokediocese.com\/parishes\/most-holy-name-of-jesus\/\">Most Holy Name of Jesus, Pembroke<\/a><br \/>\n<a href=\"https:\/\/pembrokediocese.com\/fr\/paroisses\/st-columbkilles-cathedral\/\">St. Columbkille Cathedral, Pembroke<\/a><\/p>\n<p><strong>Bertrand, Rev. Richard P.<\/strong><br \/>\nOrdonn\u00e9: 19 mai, 1984<\/p>\n<p><strong>Beanish, Rev. James<\/strong><br \/>\nOrdonn\u00e9: 14 juin 1997<br \/>\n<a href=\"https:\/\/pembrokediocese.com\/fr\/st-andrew\/\">St. Andrew, Killaloe<\/a><br \/>\n<a href=\"https:\/\/pembrokediocese.com\/fr\/our-lady-of-the-angels\/\">Our Lady of the Angels, Brudenelle<\/a><\/p>\n<p><strong>Blake, Rev. Patrick J.<\/strong><br \/>\nOrdonn\u00e9: 26 mai 1962<br \/>\nRetrait\u00e9<\/p>\n<p><strong>Brennan, Rev. Kerry J.<\/strong><br \/>\nOrdonn\u00e9: 13 mai 1978<br \/>\n<a href=\"https:\/\/pembrokediocese.com\/fr\/paroisses\/st-francis-xavier\/\">St. Francis Xavier, Renfrew<\/a><br \/>\n<a href=\"https:\/\/pembrokediocese.com\/fr\/paroisses\/most-precious-blood-parish\/\">Most Precious Blood, Calabogie<\/a><br \/>\n<a href=\"https:\/\/pembrokediocese.com\/fr\/paroisses\/st-michael\/\">St. Michael, Douglas<\/a><br \/>\n<a href=\"https:\/\/pembrokediocese.com\/fr\/paroisses\/sacred-heart-mission\/\">Sacred Heart (Mission), Cobden<\/a><br \/>\n<a href=\"https:\/\/pembrokediocese.com\/fr\/paroisses\/st-pius-v\/\">St. Pius V, Osceola<\/a><\/p>\n<p><strong>Bridge, Mgr Douglas N.<\/strong><br \/>\nOrdonn\u00e9: 15 mai 1965<br \/>\nRetrait\u00e9<\/p>\n<p><strong>Burchat, Rev. Anthony<\/strong><br \/>\nOrdonn\u00e9: 24 juin 2017<br \/>\nChancery Office: 732 7933<\/p>\n<p><strong>Burchat, Rev. John N<\/strong><br \/>\nOrdonn\u00e9: 01 mai 1993<br \/>\n<a href=\"https:\/\/pembrokediocese.com\/fr\/st-lawrence-otoole-parish\/\">St. Lawrence O&rsquo;Toole, Barry&rsquo;s Bay<\/a><br \/>\n<a href=\"https:\/\/pembrokediocese.com\/fr\/holy-canadian-martyrs\/\">Holy Canadian Martyrs, Combermere<\/a><br \/>\n<a href=\"https:\/\/pembrokediocese.com\/fr\/st-francis-de-sales-mission\/\">St. Francis de Sales Mission, Latchford Bridge<\/a><\/p>\n<p><strong>Cain, Rev. Garry P.<\/strong><br \/>\nOrdonn\u00e9: 26 f\u00e9vrier 1966<br \/>\nRetrait\u00e9<\/p>\n<p><strong>\u010casta, Rev. Lukas<\/strong><br \/>\nOrdonn\u00e9: 29 juin, 2024<br \/>\n<a href=\"https:\/\/pembrokediocese.com\/fr\/paroisses\/our-lady-of-lourdes\/\">Our Lady of Lourdes, Pembroke<\/a><a href=\"https:\/\/pembrokediocese.com\/fr\/paroisses\/st-francis-xavier\/\"><br \/>\n<\/a><a href=\"https:\/\/pembrokediocese.com\/fr\/paroisses\/our-lady-of-mount-carmel\/\">Our Lady of Mount Carmel, LaPasse<\/a><a href=\"https:\/\/pembrokediocese.com\/fr\/paroisses\/st-francis-xavier\/\"><br \/>\n<\/a><a href=\"https:\/\/pembrokediocese.com\/fr\/paroisses\/our-lady-of-grace\/\">Our Lady of Grace (Mission), Westmeath<\/a><\/p>\n<p><strong>Coyne, Rev. Michael F.<br \/>\n<\/strong>Ordonn\u00e9: 08 Septembre 2020<br \/>\n<a href=\"https:\/\/pembrokediocese.com\/parishes\/st-francis-xavier\/\">St. Francis Xavier, Renfrew<\/a><br \/>\n<a href=\"https:\/\/pembrokediocese.com\/parishes\/most-precious-blood-parish\/\">Most Precious Blood, Calabogie<\/a><br \/>\n<a href=\"https:\/\/pembrokediocese.com\/fr\/paroisses\/st-michael\/\">St. Michael, Douglas<\/a><br \/>\n<a href=\"https:\/\/pembrokediocese.com\/fr\/paroisses\/sacred-heart-mission\/\">Sacred Heart (Mission), Cobden<\/a><br \/>\n<a href=\"https:\/\/pembrokediocese.com\/fr\/paroisses\/st-pius-v\/\">St. Pius V, Osceola<\/a><\/p>\n<p><strong>Do, Rev. Peter T.<\/strong><br \/>\nOrdonn\u00e9: 18 juin 2016<br \/>\n<a href=\"https:\/\/pembrokediocese.com\/fr\/most-holy-name-of-jesus\/\">Most Holy Name of Jesus, Pembroke<\/a><br \/>\n<a href=\"https:\/\/pembrokediocese.com\/fr\/paroisses\/st-columbkilles-cathedral\/\">St. Columbkille Cathedral, Pembroke<\/a><\/p>\n<p><strong>Dobec, Rev. Patrick M.<\/strong><br \/>\nOrdonn\u00e9: 14 mai 1977<br \/>\n<a href=\"https:\/\/pembrokediocese.com\/fr\/our-lady-of-sorrows\/\">Our Lady of Sorrows, Petawawa<\/a><\/p>\n<p><strong>Ekezie, Rev. Malachy S.M.M.M<\/strong><br \/>\nOrdonn\u00e9: 28 juillet, 2001<br \/>\n<a href=\"https:\/\/pembrokediocese.com\/fr\/paroisses\/st-ignatius\/\">St. Ignatius Parish, Maynooth<\/a><br \/>\n<a href=\"https:\/\/pembrokediocese.com\/fr\/paroisses\/st-martin-of-tours\/\">St. Martin of Tours Parish, Whitney<\/a><br \/>\n<a href=\"https:\/\/pembrokediocese.com\/fr\/paroisses\/st-matthew\/\">St. Matthew Parish, Madawaska<\/a><\/p>\n<p><strong>Fitzpatrick, Rev. J. Thomas<\/strong><br \/>\nOrdonn\u00e9: 22 decembre 1985<\/p>\n<p><strong>Goring, Rev. Michael<\/strong><br \/>\nOrdonn\u00e9: 05 mai 2010<br \/>\n<a href=\"https:\/\/pembrokediocese.com\/fr\/paroisses\/st-john-the-evangelist\/\">Saint-Jean-l\u2019\u00e9vang\u00e9liste, Campbell\u2019s Bay<\/a><br \/>\n<a href=\"https:\/\/pembrokediocese.com\/fr\/paroisses\/ste-anne-ile-du-grand-calumet\/\">Sainte-Anne, Ile-du-Grand-Calumet<\/a><br \/>\n<a href=\"https:\/\/pembrokediocese.com\/fr\/paroisses\/st-james-the-greater\/\">Saint-James the Greater, Portage-du-Fort<\/a><br \/>\n<a href=\"https:\/\/pembrokediocese.com\/fr\/paroisses\/limmaculee-conception\/\">Immacul\u00e9e-Conception, Bryson<\/a><\/p>\n<p><strong>Helferty, Rev. Stephen<\/strong><br \/>\nOrdonn\u00e9: 24 juin 2017<br \/>\nOttawa<\/p>\n<p><strong>Holly, Rev. Ryan<\/strong><br \/>\nOrdonn\u00e9: 14 mai 2005<br \/>\n<a href=\"https:\/\/pembrokediocese.com\/fr\/chancellerie\/\">Chancelier, Dioc\u00e9se de Pembroke<\/a><a href=\"https:\/\/pembrokediocese.com\/fr\/chancellerie\/\"><br \/>\n<\/a><a href=\"https:\/\/pembrokediocese.com\/fr\/bureau-du-tribunal-ecclesiastique\/\">Vicaire judiciaire, Dioc\u00e9se de Pembroke<\/a><a href=\"https:\/\/pembrokediocese.com\/fr\/chancellerie\/\"><br \/>\n<\/a><a href=\"https:\/\/pembrokediocese.com\/fr\/moderateur-de-la-curie\/\">Mod\u00e9rateur de la Curie, Dioc\u00e9se de Pembroke<\/a><a href=\"https:\/\/pembrokediocese.com\/fr\/chancellerie\/\"><br \/>\n<\/a><a href=\"https:\/\/pembrokediocese.com\/parishes\/our-lady-of-lourdes\/\">Our Lady of Lourdes, Pembroke<\/a><a href=\"https:\/\/pembrokediocese.com\/fr\/chancellerie\/\"><br \/>\n<\/a><a href=\"https:\/\/pembrokediocese.com\/parishes\/our-lady-of-mount-carmel\/\">Our Lady of Mount Carmel, La Passe<\/a><a href=\"https:\/\/pembrokediocese.com\/fr\/chancellerie\/\"><br \/>\n<\/a><a href=\"https:\/\/pembrokediocese.com\/parishes\/our-lady-of-grace\/\">Our Lady of Grace (Mission), Westmeath<\/a><\/p>\n<p><strong>Kenney, Rev. William J.<\/strong><br \/>\nOrdonn\u00e9: 19 mai 1979<br \/>\nRetrait\u00e9<\/p>\n<p><strong>Lacey, Rev. John P.<\/strong><br \/>\nOrdonn\u00e9: 7 juin, 1997<br \/>\n<a href=\"https:\/\/pembrokediocese.com\/fr\/paroisses\/our-lady-of-fatima\/\">Our Lady of Fatima, Renfrew<\/a><br \/>\n<a href=\"https:\/\/pembrokediocese.com\/fr\/paroisses\/mount-st-patrick\/\">St. Patrick, Mt. Saint Patrick<\/a><\/p>\n<p><strong>Lund, Rev. Michael<\/strong><br \/>\nOrdonn\u00e9: 24 juin 2017<br \/>\n<a href=\"https:\/\/pembrokediocese.com\/fr\/paroisses\/st-james-the-less\/\">St. James the Less, Eganville<\/a><br \/>\n<a href=\"https:\/\/pembrokediocese.com\/fr\/paroisses\/nativity-of-our-lady-mission-mission\/\">Nativity of Our Lady (Mission), Golden Lake<\/a><br \/>\n<a href=\"https:\/\/pembrokediocese.com\/fr\/paroisses\/st-ann\/\">St. Ann, Cormac<\/a><\/p>\n<p><strong>Moyle, Rev. Timothy I.<\/strong><br \/>\nOrdonn\u00e9: 13 mai 1989<br \/>\nRetrait\u00e9<\/p>\n<p><strong>Muobike, Rev. Casmir S.M.M.M<\/strong><br \/>\nOrdonn\u00e9: 12 juillet 2003<br \/>\n<a href=\"https:\/\/pembrokediocese.com\/fr\/paroisses\/our-lady-of-mercy-parish\/\">Our Lady of Mercy, Bancroft<\/a><br \/>\n<a href=\"https:\/\/pembrokediocese.com\/fr\/paroisses\/st-anthony-of-padua-mission\/\">St. Anthony (Mission), Haliburton<\/a><\/p>\n<p><strong>Murray, Rev. Scott<\/strong><br \/>\nOrdonn\u00e9: 12 juillet 2014<br \/>\n<a href=\"https:\/\/pembrokediocese.com\/fr\/st-alphonsus\/\">St. Alphonsus, Chapeau<\/a><br \/>\n<a href=\"https:\/\/pembrokediocese.com\/fr\/st-josephs\/\">St. Joseph, St. Joseph<\/a><br \/>\n<a href=\"https:\/\/pembrokediocese.com\/fr\/st-paul-the-hermit\/\">St. Paul the Hermit, Sheenboro<\/a><\/p>\n<p><strong>Nwosu, Rev. Moses S.M.M.M<\/strong><br \/>\nOrdonn\u00e9: 14 juillet 2001<br \/>\n<a href=\"https:\/\/pembrokediocese.com\/parishes\/our-lady-of-good-counsel\/\">Our Lady of Good Counsel, Deep River<\/a><br \/>\n<a href=\"https:\/\/pembrokediocese.com\/fr\/st-anthony\/\">St. Anthony, Chalk River<\/a><\/p>\n<p><strong>Okebanama, Rev. Cyril S.M.M.M<\/strong><br \/>\nOrdonn\u00e9: 9 juillet 2011<br \/>\n<a href=\"https:\/\/pembrokediocese.com\/fr\/ste-anne-mattawa\/\">Ste-Anne, Mattawa<\/a><br \/>\n<a href=\"https:\/\/pembrokediocese.com\/fr\/paroisses\/st-thomas-daquin\/\">St.-Thomas-d\u2019Aquin, Astorville<\/a><br \/>\n<a href=\"https:\/\/pembrokediocese.com\/fr\/paroisses\/paroisse-ste-bernadette\/\">St. Bernadette, Bonfield<\/a><br \/>\n<a href=\"https:\/\/pembrokediocese.com\/fr\/paroisses\/sacre-coeur\/\">Sacred Heart, Corbeil<\/a><\/p>\n<p><strong>Olszewski, Rev. Miroslaw O.M.I.\u00a0<\/strong><br \/>\nOrdonn\u00e9:<br \/>\n<a href=\"https:\/\/pembrokediocese.com\/fr\/paroisses\/st-mary\/\">St. Mary, Wilno<\/a><br \/>\n<a href=\"https:\/\/pembrokediocese.com\/fr\/paroisses\/st-casimir\/\">St. Casimir, Round Lake Centre<\/a><\/p>\n<p><strong>Ouellette, R\u00e9v. R\u00e9al Ouellette<\/strong><br \/>\nOrdonn\u00e9: 4 mai 2002<br \/>\n<a href=\"https:\/\/pembrokediocese.com\/parishes\/paroisse-st-jean-baptiste\/\">St- Jean-Baptiste, Pembroke<\/a><\/p>\n<p><strong>O\u2019Malley, Rev. Joseph F.<\/strong><br \/>\nOrdonn\u00e9: 2mai 1970<br \/>\nRetrait\u00e9<\/p>\n<p><strong>Pajak, R\u00e9v. Michal O.M.I<\/strong><br \/>\n<a href=\"https:\/\/pembrokediocese.com\/parishes\/saint-hedwigs-parish\/\">St. Hedwig, Barry&rsquo;s Bay<\/a><\/p>\n<p><strong>Proulx, R\u00e9v. Peter G.<\/strong><br \/>\nOrdonn\u00e9: 7mai 1976<br \/>\nRetrait\u00e9<\/p>\n<p><strong>Rochefort, Major R\u00e9v. Jean-Paul<\/strong><br \/>\nOrdonn\u00e9: 31 janvier 1986<br \/>\nRetrait\u00e9<\/p>\n<p><strong>Rudakemwa, R\u00e9v. Fortunatus<\/strong><br \/>\nOrdonn\u00e9: 7 ao\u00fbt 1988<br \/>\n<a href=\"https:\/\/pembrokediocese.com\/fr\/paroisses\/ste-therese\/\">St. Theresa, Temiscaming<\/a><br \/>\n<a href=\"https:\/\/pembrokediocese.com\/fr\/paroisses\/our-lady-of-the-lake-mission\/\">Our Lady of the Lake (Mission), Kipawa<\/a><\/p>\n<p><strong>Ryan, R\u00e9v. Robert<br \/>\n<\/strong><a href=\"https:\/\/pembrokediocese.com\/fr\/paroisses\/st-john-chrysostom\/\">St. John Chrysostom, Arnprior<\/a><br \/>\n<a href=\"https:\/\/pembrokediocese.com\/fr\/our-lady-of-perpetual-help\/\">Our Lady of Perpetual Help, Braeside<\/a><\/p>\n<p><strong>Shalla, R\u00e9v. Christopher J.<\/strong><br \/>\nOrdonn\u00e9: 03 mai 1986<\/p>\n<p><strong>Sirosky, R\u00e9v. Terrence A.<\/strong><br \/>\nOrdonn\u00e9: 09 octobre 1982<br \/>\nRetrait\u00e9<\/p>\n<p><strong>Smith, R\u00e9v. Michael A.\u00a0<\/strong><br \/>\nOrdonn\u00e9: 26 mai 1984<br \/>\n<a href=\"vicairegeneral@pembrokediocese.com\">Vicaire General<\/a><br \/>\n<a href=\"https:\/\/pembrokediocese.com\/fr\/st-pierre\/\">Paroisse St-Pierre, Fort-Coulonge<\/a><a href=\"https:\/\/pembrokediocese.com\/fr\/vicaire-general\/\"><br \/>\n<\/a><a href=\"https:\/\/pembrokediocese.com\/fr\/st-charles-borromee\/\">Paroisse St-Charles-Borrom\u00e9e, Otter Lake<\/a><a href=\"https:\/\/pembrokediocese.com\/fr\/vicaire-general\/\"><br \/>\n<\/a><a href=\"https:\/\/pembrokediocese.com\/fr\/st-elizabeth-of-hungary\/\">St. Elizabeth of Hungary Parish, Vinton<\/a><a href=\"https:\/\/pembrokediocese.com\/fr\/vicaire-general\/\"><br \/>\n<\/a><a href=\"https:\/\/pembrokediocese.com\/fr\/our-lady-of-perpetual-help-mission\/\">Our Lady of Perpetual Help Mission, Waltham<\/a><\/p>\n<p><strong>Starks, R\u00e9v. Richard L.<\/strong><br \/>\nOrdonn\u00e9: 17 mai 1969<br \/>\nRetrait\u00e9<\/p>\n<p><strong>Tanguay, R\u00e9v. Basil B.<\/strong><br \/>\nOrdonn\u00e9: 01 juin 1968<br \/>\nRetrait\u00e9<\/p>\n<p><strong>Pr\u00eatres de Madonna House, Combermere<\/strong><\/p>\n<p><em>Directeur g\u00e9n\u00e9ral des pr\u00eatres<\/em><br \/>\nLinder, Rev. David<\/p>\n<p><em>Pr\u00eatres<\/em><br \/>\nBoland, Rev. Francis<br \/>\nBurchat, Rev. Paul<br \/>\nCafeo, Rev. Ronald<br \/>\nChristie, Rev. Brian<br \/>\nJohnson, Rev. Robert<br \/>\nKilcommens, Rev. Kieran<br \/>\nLabrecque, R\u00e9v. Louis<br \/>\nLemieux, Rev. Denis<br \/>\nMay, Rev. David<br \/>\nMcNulty, Rev. Patrick<br \/>\nPelton, Rev. Robert<br \/>\nRomanowsky, Rev. Zach<br \/>\nTalentino, Rev. Thomas<br \/>\nWallner, Rev. Gerhard<br \/>\nWeitl, Rev. Michael<br \/>\nWild, Rev. Robert<br \/>\nZoeller, Rev. Thomas<\/p>\n<hr \/>\n<h2><img loading=\"lazy\" decoding=\"async\" class=\"alignnone wp-image-5504 size-full\" src=\"https:\/\/pembrokediocese.com\/wp-content\/uploads\/Dcns-fr.png\" alt=\"\" width=\"519\" height=\"100\" srcset=\"https:\/\/pembrokediocese.com\/wp-content\/uploads\/Dcns-fr.png 519w, https:\/\/pembrokediocese.com\/wp-content\/uploads\/Dcns-fr-200x39.png 200w\" sizes=\"(max-width: 519px) 100vw, 519px\" \/><\/h2>\n<hr \/>\n<p><strong>Barrett, Deacon Christopher<\/strong><br \/>\nOrdonn\u00e9: July 7, 2018<br \/>\n\u00c9pouse: Anne<br \/>\nHoly Cross, Ottawa<\/p>\n<p><strong>Beno\u00eet, Deacon Albert<\/strong><br \/>\nOrdonn\u00e9: September 11, 1982<br \/>\n\u00c9pouse: Charlotte<br \/>\nRetrait\u00e9<\/p>\n<p><strong>Chaput, Deacon Adrien<br \/>\n<\/strong>Ordonn\u00e9: May 10, 2008<br \/>\n\u00c9pouse: Bernadette<br \/>\n<a href=\"https:\/\/pembrokediocese.com\/fr\/bureau-de-la-formation-de-la-foi\/\">Directeur, Bureau de la formation de la foi, Dioc\u00e8se de Pembroke<\/a><br \/>\n<a href=\"https:\/\/pembrokediocese.com\/fr\/paroisses\/st-columbkilles-cathedral\/\">St. Columbkille Cathedral, Pembroke<\/a><\/p>\n<p><strong>Farmer, Deacon Robert (Bob)<\/strong><br \/>\nOrdonn\u00e9: May 9. 2009<br \/>\n\u00c9pouse: Carmel<br \/>\nRetrait\u00e9<\/p>\n<p><strong>Foster, Deacon Timothy<br \/>\n<\/strong>Ordonn\u00e9: September 6, 2014<br \/>\n\u00c9pouse: Suzanne<br \/>\n<a href=\"https:\/\/pembrokediocese.com\/fr\/paroisses\/st-thomas-daquin\/\">St-Thomas d\u2019Aquin, Astorville<\/a><br \/>\n<a href=\"https:\/\/pembrokediocese.com\/fr\/paroisses\/paroisse-ste-bernadette\/\">Ste-Bernadette, Bonfield<\/a><br \/>\n<a href=\"https:\/\/pembrokediocese.com\/fr\/paroisses\/sacre-coeur\/\">Sacr\u00e9-C\u0153ur, Corbeil<\/a><\/p>\n<p><strong>MacDonald, Deacon Robert<\/strong><br \/>\nOrdonn\u00e9: August 22, 1992<br \/>\n\u00c9pouse: Rita<br \/>\nRetrait\u00e9<\/p>\n<p><strong>Probert, Deacon Bob<\/strong><br \/>\nOrdonn\u00e9: June 15, 1990<br \/>\n\u00c9pouse: Mary Lois<br \/>\n<a href=\"https:\/\/pembrokediocese.com\/fr\/paroisses\/saint-hedwigs-parish\/\">St. Hedwig, Barry\u2019s Bay<\/a><\/p>\n<p><strong>Smith, Deacon Don<\/strong><br \/>\nOrdonn\u00e9: May 22, 2004<br \/>\n\u00c9pouse: Nancy<br \/>\n<a href=\"https:\/\/pembrokediocese.com\/fr\/paroisses\/st-francis-xavier\/\">St. Francis Xavier, Renfrew<\/a><\/p>\n<p><strong>Wilson, Deacon Robert<\/strong><br \/>\nOrdonn\u00e9: May 9, 2009<br \/>\n\u00c9pouse: Margaret<\/p>\n<hr \/>\n<h2><img loading=\"lazy\" decoding=\"async\" class=\"alignnone wp-image-5500 size-full\" src=\"https:\/\/pembrokediocese.com\/wp-content\/uploads\/Sem-fr.png\" alt=\"\" width=\"801\" height=\"100\" srcset=\"https:\/\/pembrokediocese.com\/wp-content\/uploads\/Sem-fr.png 801w, https:\/\/pembrokediocese.com\/wp-content\/uploads\/Sem-fr-200x25.png 200w, https:\/\/pembrokediocese.com\/wp-content\/uploads\/Sem-fr-768x96.png 768w\" sizes=\"(max-width: 801px) 100vw, 801px\" \/><\/h2>\n<hr \/>\n<p><strong>Afelskie, Benjamin<br \/>\n<\/strong>St. Peter&rsquo;s Seminary, London, Ontario<\/p>\n<p><strong>Keuhl, Christopher<\/strong><br \/>\nSt. Peter&rsquo;s Seminary, London, Ontario<\/p>\n<p><strong>Ugochukwu, Felix<br \/>\n<\/strong>St. Peter&rsquo;s Seminary, London, Ontario<\/p>\n<p><strong>Tardiff, Augustine<\/strong> (Madonna House)<br \/>\nKenrick-Glennon Seminary, St. Louis, Missouri<\/p>\n<p><strong>\u00a0<\/strong><\/p>\n<p><strong>\u00a0<\/strong><\/p>\n","protected":false},"excerpt":{"rendered":"<p>Si vous souhaitez contacter un membre du clerg\u00e9 actif, veuillez contacter sa paroisse respective. Pour contacter un eccl\u00e9siastique ou un s\u00e9minariste \u00e0 la retraite, veuillez contacter les bureaux dioc\u00e9sains. Beachey, Rev. Mitchell Ordonn\u00e9: 10 mai, 2003 Most Holy Name of Jesus, Pembroke St. Columbkille Cathedral, Pembroke Bertrand, Rev. Richard P. Ordonn\u00e9: 19 mai, 1984 Beanish, Rev. James Ordonn\u00e9: 14 juin 1997 St. Andrew, Killaloe Our Lady of the Angels, Brudenelle Blake, Rev. Patrick J. Ordonn\u00e9: 26 mai 1962 Retrait\u00e9 Brennan, Rev. Kerry J. Ordonn\u00e9: 13 mai 1978 St. Francis Xavier, Renfrew Most Precious Blood, Calabogie St. Michael, Douglas Sacred Heart (Mission), Cobden St. Pius V, Osceola Bridge, Mgr Douglas N. Ordonn\u00e9: 15 mai 1965 Retrait\u00e9 Burchat, Rev. Anthony Ordonn\u00e9: 24 juin 2017 Chancery Office: 732 7933 Burchat, Rev. John N Ordonn\u00e9: 01 mai 1993 St. Lawrence O&rsquo;Toole, Barry&rsquo;s Bay Holy Canadian Martyrs, Combermere St. Francis de Sales Mission, Latchford Bridge Cain, Rev. Garry P. Ordonn\u00e9: 26 f\u00e9vrier 1966 Retrait\u00e9 \u010casta, Rev. Lukas Ordonn\u00e9: 29 juin, 2024 Our Lady of Lourdes, Pembroke Our Lady of Mount Carmel, LaPasse Our Lady of Grace (Mission), Westmeath Coyne, Rev. Michael F. Ordonn\u00e9: 08 Septembre 2020 St. Francis Xavier, Renfrew Most Precious Blood, Calabogie St. Michael, Douglas Sacred Heart (Mission), Cobden St. Pius V, Osceola Do, Rev. Peter T. Ordonn\u00e9: 18 juin 2016 Most Holy Name of Jesus, Pembroke St. Columbkille Cathedral, Pembroke Dobec, Rev. Patrick M. Ordonn\u00e9: 14 mai 1977 Our Lady of Sorrows, Petawawa Ekezie, Rev. Malachy S.M.M.M Ordonn\u00e9: 28 juillet, 2001 St. Ignatius Parish, Maynooth St. Martin of Tours Parish, Whitney St. Matthew Parish, Madawaska Fitzpatrick, Rev. J. Thomas Ordonn\u00e9: 22 decembre 1985 Goring, Rev. Michael Ordonn\u00e9: 05 mai 2010 Saint-Jean-l\u2019\u00e9vang\u00e9liste, Campbell\u2019s Bay Sainte-Anne, Ile-du-Grand-Calumet Saint-James the Greater, Portage-du-Fort Immacul\u00e9e-Conception, Bryson Helferty, Rev. Stephen Ordonn\u00e9: 24 juin 2017 Ottawa Holly, Rev. Ryan Ordonn\u00e9: 14 mai 2005 Chancelier, Dioc\u00e9se de Pembroke Vicaire judiciaire, Dioc\u00e9se de Pembroke Mod\u00e9rateur de la Curie, Dioc\u00e9se de Pembroke Our Lady of Lourdes, Pembroke Our Lady of Mount Carmel, La Passe Our Lady of Grace (Mission), Westmeath Kenney, Rev. William J. Ordonn\u00e9: 19 mai 1979 Retrait\u00e9 Lacey, Rev. John P. Ordonn\u00e9: 7 juin, 1997 Our Lady of Fatima, Renfrew St. Patrick, Mt. Saint Patrick Lund, Rev. Michael Ordonn\u00e9: 24 juin 2017 St. James the Less, Eganville Nativity of Our Lady (Mission), Golden Lake St. Ann, Cormac Moyle, Rev. Timothy I. Ordonn\u00e9: 13 mai 1989 Retrait\u00e9 Muobike, Rev. Casmir S.M.M.M Ordonn\u00e9: 12 juillet 2003 Our Lady of Mercy, Bancroft St. Anthony (Mission), Haliburton Murray, Rev. Scott Ordonn\u00e9: 12 juillet 2014 St. Alphonsus, Chapeau St. Joseph, St. Joseph St. Paul the Hermit, Sheenboro Nwosu, Rev. Moses S.M.M.M Ordonn\u00e9: 14 juillet 2001 Our Lady of Good Counsel, Deep River St. Anthony, Chalk River Okebanama, Rev. Cyril S.M.M.M Ordonn\u00e9: 9 juillet 2011 Ste-Anne, Mattawa St.-Thomas-d\u2019Aquin, Astorville St. Bernadette, Bonfield Sacred Heart, Corbeil Olszewski, Rev. Miroslaw O.M.I.\u00a0 Ordonn\u00e9: St. Mary, Wilno St. Casimir, Round Lake Centre Ouellette, R\u00e9v. R\u00e9al Ouellette Ordonn\u00e9: 4 mai 2002 St- Jean-Baptiste, Pembroke O\u2019Malley, Rev. Joseph F. Ordonn\u00e9: 2mai 1970 Retrait\u00e9 Pajak, R\u00e9v. Michal O.M.I St. Hedwig, Barry&rsquo;s Bay Proulx, R\u00e9v. Peter G. Ordonn\u00e9: 7mai 1976 Retrait\u00e9 Rochefort, Major R\u00e9v. [&hellip;]<\/p>\n","protected":false},"author":1,"featured_media":0,"parent":0,"menu_order":0,"comment_status":"closed","ping_status":"closed","template":"","meta":{"_monsterinsights_skip_tracking":false,"_monsterinsights_sitenote_active":false,"_monsterinsights_sitenote_note":"","_monsterinsights_sitenote_category":0,"footnotes":"","_links_to":"","_links_to_target":""},"class_list":["post-4301","page","type-page","status-publish","hentry"],"post_mailing_queue_ids":[],"_links":{"self":[{"href":"https:\/\/pembrokediocese.com\/fr\/wp-json\/wp\/v2\/pages\/4301","targetHints":{"allow":["GET"]}}],"collection":[{"href":"https:\/\/pembrokediocese.com\/fr\/wp-json\/wp\/v2\/pages"}],"about":[{"href":"https:\/\/pembrokediocese.com\/fr\/wp-json\/wp\/v2\/types\/page"}],"author":[{"embeddable":true,"href":"https:\/\/pembrokediocese.com\/fr\/wp-json\/wp\/v2\/users\/1"}],"replies":[{"embeddable":true,"href":"https:\/\/pembrokediocese.com\/fr\/wp-json\/wp\/v2\/comments?post=4301"}],"version-history":[{"count":68,"href":"https:\/\/pembrokediocese.com\/fr\/wp-json\/wp\/v2\/pages\/4301\/revisions"}],"predecessor-version":[{"id":18141,"href":"https:\/\/pembrokediocese.com\/fr\/wp-json\/wp\/v2\/pages\/4301\/revisions\/18141"}],"wp:attachment":[{"href":"https:\/\/pembrokediocese.com\/fr\/wp-json\/wp\/v2\/media?parent=4301"}],"curies":[{"name":"wp","href":"https:\/\/api.w.org\/{rel}","templated":true}]}}