{"id":4374,"date":"2020-09-12T20:19:08","date_gmt":"2020-09-13T00:19:08","guid":{"rendered":"https:\/\/pembrokediocese.com\/vicar-general\/"},"modified":"2024-08-31T14:31:00","modified_gmt":"2024-08-31T18:31:00","slug":"vicaire-general","status":"publish","type":"page","link":"https:\/\/pembrokediocese.com\/fr\/vicaire-general\/","title":{"rendered":"Bureau du vicaire g\u00e9n\u00e9ral"},"content":{"rendered":"<div class=\"info\">\n<div class=\"col-md-8 \" >\n<h1>Bureau du vicaire g\u00e9n\u00e9ral<\/h1>\n<p>Le vicaire g\u00e9n\u00e9ral aide l&rsquo;\u00e9v\u00eaque \u00e0 diriger le dioc\u00e8se. Il est \u00e9galement la personne contact en cas d&rsquo;absence ou de maladie de l&rsquo;\u00e9v\u00eaque.<\/p>\n<\/div>\n<div class=\"col-md-4 \" >\n<div><img loading=\"lazy\" decoding=\"async\" class=\"alignnone wp-image-1559\" src=\"https:\/\/pembrokediocese.com\/wp-content\/uploads\/Diocese-Crest-1000-tight-238x300.png\" alt=\"\" width=\"159\" height=\"200\" srcset=\"https:\/\/pembrokediocese.com\/wp-content\/uploads\/Diocese-Crest-1000-tight-238x300.png 238w, https:\/\/pembrokediocese.com\/wp-content\/uploads\/Diocese-Crest-1000-tight-814x1024.png 814w, https:\/\/pembrokediocese.com\/wp-content\/uploads\/Diocese-Crest-1000-tight-768x966.png 768w, https:\/\/pembrokediocese.com\/wp-content\/uploads\/Diocese-Crest-1000-tight-958x1205.png 958w, https:\/\/pembrokediocese.com\/wp-content\/uploads\/Diocese-Crest-1000-tight.png 1000w\" sizes=\"(max-width: 159px) 100vw, 159px\" \/><\/div>\n<div class=\"pic\"><span style=\"font-size: 22px; font-weight: bold;\">Vicaire g\u00e9n\u00e9ral<\/span><\/div>\n<div class=\"info\">\n<p class=\"name\">R\u00e9v. Michael Smith<\/p>\n<\/div>\n<\/div>\n<\/div>\n","protected":false},"excerpt":{"rendered":"","protected":false},"author":1,"featured_media":0,"parent":0,"menu_order":0,"comment_status":"closed","ping_status":"closed","template":"","meta":{"_monsterinsights_skip_tracking":false,"_monsterinsights_sitenote_active":false,"_monsterinsights_sitenote_note":"","_monsterinsights_sitenote_category":0,"footnotes":"","_links_to":"","_links_to_target":""},"class_list":["post-4374","page","type-page","status-publish","hentry"],"post_mailing_queue_ids":[],"_links":{"self":[{"href":"https:\/\/pembrokediocese.com\/fr\/wp-json\/wp\/v2\/pages\/4374","targetHints":{"allow":["GET"]}}],"collection":[{"href":"https:\/\/pembrokediocese.com\/fr\/wp-json\/wp\/v2\/pages"}],"about":[{"href":"https:\/\/pembrokediocese.com\/fr\/wp-json\/wp\/v2\/types\/page"}],"author":[{"embeddable":true,"href":"https:\/\/pembrokediocese.com\/fr\/wp-json\/wp\/v2\/users\/1"}],"replies":[{"embeddable":true,"href":"https:\/\/pembrokediocese.com\/fr\/wp-json\/wp\/v2\/comments?post=4374"}],"version-history":[{"count":4,"href":"https:\/\/pembrokediocese.com\/fr\/wp-json\/wp\/v2\/pages\/4374\/revisions"}],"predecessor-version":[{"id":15186,"href":"https:\/\/pembrokediocese.com\/fr\/wp-json\/wp\/v2\/pages\/4374\/revisions\/15186"}],"wp:attachment":[{"href":"https:\/\/pembrokediocese.com\/fr\/wp-json\/wp\/v2\/media?parent=4374"}],"curies":[{"name":"wp","href":"https:\/\/api.w.org\/{rel}","templated":true}]}}