{"id":4380,"date":"2020-09-12T20:24:08","date_gmt":"2020-09-13T00:24:08","guid":{"rendered":"https:\/\/pembrokediocese.com\/moderator-of-the-curia\/"},"modified":"2022-08-18T19:40:40","modified_gmt":"2022-08-18T23:40:40","slug":"moderateur-de-la-curie","status":"publish","type":"page","link":"https:\/\/pembrokediocese.com\/fr\/moderateur-de-la-curie\/","title":{"rendered":"Bureau du mod\u00e9rateur de la Curie"},"content":{"rendered":"<div class=\"info\">\n<div class=\"col-md-8 \" >\n<h1>Bureau du mod\u00e9rateur de la Curie<\/h1>\n<p>Le r\u00f4le du mod\u00e9rateur de la Curie est de coordonner le travail du personnel de la chancellerie (\u00ab\u00a0Curie\u00a0\u00bb) afin que toutes les activit\u00e9s soient men\u00e9es de mani\u00e8re harmonieuse.<\/p>\n<\/div>\n<div class=\"col-md-4 \" >\n<div><img loading=\"lazy\" decoding=\"async\" class=\"alignnone wp-image-1559\" src=\"https:\/\/pembrokediocese.com\/wp-content\/uploads\/Diocese-Crest-1000-tight-238x300.png\" alt=\"\" width=\"159\" height=\"200\" srcset=\"https:\/\/pembrokediocese.com\/wp-content\/uploads\/Diocese-Crest-1000-tight-238x300.png 238w, https:\/\/pembrokediocese.com\/wp-content\/uploads\/Diocese-Crest-1000-tight-814x1024.png 814w, https:\/\/pembrokediocese.com\/wp-content\/uploads\/Diocese-Crest-1000-tight-768x966.png 768w, https:\/\/pembrokediocese.com\/wp-content\/uploads\/Diocese-Crest-1000-tight-958x1205.png 958w, https:\/\/pembrokediocese.com\/wp-content\/uploads\/Diocese-Crest-1000-tight.png 1000w\" sizes=\"(max-width: 159px) 100vw, 159px\" \/><\/div>\n<div class=\"pic\"><span style=\"font-size: 22px; font-weight: bold;\">Mod\u00e9rateur de la Curie<\/span><\/div>\n<div class=\"info\">\n<p class=\"name\">R\u00e9v. Ryan Holly<\/p>\n<p class=\"name\"><a href=\"tel:1-613-732-7933\"><i class=\"fa fa-phone\"><\/i> (613) 732-7933<\/a><\/p>\n<p><a class=\"login_pop\" href=\"chancellor@pembrokediocese.com\"><i class=\"fa fa-envelope\"><\/i> Envoyer courriel<\/a><\/p>\n<\/div>\n<\/div>\n<\/div>\n","protected":false},"excerpt":{"rendered":"","protected":false},"author":1,"featured_media":0,"parent":0,"menu_order":0,"comment_status":"closed","ping_status":"closed","template":"","meta":{"_monsterinsights_skip_tracking":false,"_monsterinsights_sitenote_active":false,"_monsterinsights_sitenote_note":"","_monsterinsights_sitenote_category":0,"footnotes":"","_links_to":"","_links_to_target":""},"class_list":["post-4380","page","type-page","status-publish","hentry"],"post_mailing_queue_ids":[],"_links":{"self":[{"href":"https:\/\/pembrokediocese.com\/fr\/wp-json\/wp\/v2\/pages\/4380","targetHints":{"allow":["GET"]}}],"collection":[{"href":"https:\/\/pembrokediocese.com\/fr\/wp-json\/wp\/v2\/pages"}],"about":[{"href":"https:\/\/pembrokediocese.com\/fr\/wp-json\/wp\/v2\/types\/page"}],"author":[{"embeddable":true,"href":"https:\/\/pembrokediocese.com\/fr\/wp-json\/wp\/v2\/users\/1"}],"replies":[{"embeddable":true,"href":"https:\/\/pembrokediocese.com\/fr\/wp-json\/wp\/v2\/comments?post=4380"}],"version-history":[{"count":2,"href":"https:\/\/pembrokediocese.com\/fr\/wp-json\/wp\/v2\/pages\/4380\/revisions"}],"predecessor-version":[{"id":10296,"href":"https:\/\/pembrokediocese.com\/fr\/wp-json\/wp\/v2\/pages\/4380\/revisions\/10296"}],"wp:attachment":[{"href":"https:\/\/pembrokediocese.com\/fr\/wp-json\/wp\/v2\/media?parent=4380"}],"curies":[{"name":"wp","href":"https:\/\/api.w.org\/{rel}","templated":true}]}}