{"id":5594,"date":"2020-11-10T07:39:59","date_gmt":"2020-11-10T12:39:59","guid":{"rendered":"https:\/\/pembrokediocese.com\/paroisses\/holy-canadian-martyrs\/"},"modified":"2025-08-14T15:25:32","modified_gmt":"2025-08-14T19:25:32","slug":"holy-canadian-martyrs","status":"publish","type":"page","link":"https:\/\/pembrokediocese.com\/fr\/holy-canadian-martyrs\/","title":{"rendered":"Holy Canadian Martyrs Parish (1931)"},"content":{"rendered":"<div class=\"col-md-6 \" data-appear-animation=\"bounceInRight\">\n<p><img loading=\"lazy\" decoding=\"async\" class=\"alignleft wp-image-17544\" src=\"https:\/\/pembrokediocese.com\/wp-content\/uploads\/Combermere-1024x576.jpg\" alt=\"\" width=\"400\" height=\"225\" srcset=\"https:\/\/pembrokediocese.com\/wp-content\/uploads\/Combermere-1024x576.jpg 1024w, https:\/\/pembrokediocese.com\/wp-content\/uploads\/Combermere-200x113.jpg 200w, https:\/\/pembrokediocese.com\/wp-content\/uploads\/Combermere-768x432.jpg 768w, https:\/\/pembrokediocese.com\/wp-content\/uploads\/Combermere-1536x864.jpg 1536w, https:\/\/pembrokediocese.com\/wp-content\/uploads\/Combermere-958x539.jpg 958w, https:\/\/pembrokediocese.com\/wp-content\/uploads\/Combermere.jpg 1920w\" sizes=\"(max-width: 400px) 100vw, 400px\" \/><\/p>\n<\/div>\n<div class=\"col-md-6 \" data-appear-animation=\"bounceInRight\">\n<h4>Holy Canadian Martyrs Parish (1931)<\/h4>\n<i class=\"fa fa fa-map-marker\"><\/i> <a href=\"https:\/\/goo.gl\/maps\/jwi6LGQyfCnbzumj8\" target=\"_blank\" rel=\"noopener noreferrer\">2797 Dafoe Rd. Combermere, ON<\/a><\/p>\n<i class=\"fa fa fa-envelope\"><\/i> 2797 Dafoe Rd. Combermere, ON, K0J 1L0<\/p>\n<i class=\"fa fa fa-comments\"><\/i> Anglais<\/p>\n<i class=\"fa fa fa-clock-o\"><\/i> Heures de messe : dimanche 09h00.<\/p>\n<p>Chapelle d&rsquo;adoration &#8211; Mardi &#8211; 9 h \u00e0 16 h, Mercredi et Jeudi apr\u00e8s la messe de 9 h jusqu&rsquo;\u00e0 16 h.<\/p>\n<i class=\"fa fa fa-user\"><\/i> Cur\u00e9 : R\u00e9v. John Burchat<\/p>\n<i class=\"fa fa fa-phone\"><\/i> 613-756-3606\u00a0 <i class=\"fa fa fa-paper-plane\"><\/i> <a href=\"mailto:hcmsfds@yahoo.ca\">Courriel<\/a>\u00a0 \u00a0<i class=\"fa fa fa-desktop\"><\/i> Le site Web (aucun)<\/p>\n<i class=\"fa fa fa-info-circle\"><\/i> Mission: <a href=\"https:\/\/pembrokediocese.com\/parishes\/st-francis-de-sales-mission\/\">St. Francis de Sales (Latchford Bridge)<\/a><\/p>\n<\/div>\n<hr \/>\n<a class=\"btn btn-primary  \" href=\"\/parishes\" target=\"_self\" >Retour \u00e0 la carte<\/a>\n","protected":false},"excerpt":{"rendered":"","protected":false},"author":1,"featured_media":0,"parent":0,"menu_order":0,"comment_status":"closed","ping_status":"closed","template":"","meta":{"_monsterinsights_skip_tracking":false,"_monsterinsights_sitenote_active":false,"_monsterinsights_sitenote_note":"","_monsterinsights_sitenote_category":0,"footnotes":"","_links_to":"","_links_to_target":""},"class_list":["post-5594","page","type-page","status-publish","hentry"],"post_mailing_queue_ids":[],"_links":{"self":[{"href":"https:\/\/pembrokediocese.com\/fr\/wp-json\/wp\/v2\/pages\/5594","targetHints":{"allow":["GET"]}}],"collection":[{"href":"https:\/\/pembrokediocese.com\/fr\/wp-json\/wp\/v2\/pages"}],"about":[{"href":"https:\/\/pembrokediocese.com\/fr\/wp-json\/wp\/v2\/types\/page"}],"author":[{"embeddable":true,"href":"https:\/\/pembrokediocese.com\/fr\/wp-json\/wp\/v2\/users\/1"}],"replies":[{"embeddable":true,"href":"https:\/\/pembrokediocese.com\/fr\/wp-json\/wp\/v2\/comments?post=5594"}],"version-history":[{"count":6,"href":"https:\/\/pembrokediocese.com\/fr\/wp-json\/wp\/v2\/pages\/5594\/revisions"}],"predecessor-version":[{"id":17773,"href":"https:\/\/pembrokediocese.com\/fr\/wp-json\/wp\/v2\/pages\/5594\/revisions\/17773"}],"wp:attachment":[{"href":"https:\/\/pembrokediocese.com\/fr\/wp-json\/wp\/v2\/media?parent=5594"}],"curies":[{"name":"wp","href":"https:\/\/api.w.org\/{rel}","templated":true}]}}