{"id":5599,"date":"2020-12-12T18:35:38","date_gmt":"2020-12-12T23:35:38","guid":{"rendered":"https:\/\/pembrokediocese.com\/paroisses\/st-ann\/"},"modified":"2025-08-13T16:22:20","modified_gmt":"2025-08-13T20:22:20","slug":"st-ann","status":"publish","type":"page","link":"https:\/\/pembrokediocese.com\/fr\/st-ann\/","title":{"rendered":"St. Ann Parish (1919)"},"content":{"rendered":"<div class=\"col-md-6 \" >\n<p><img loading=\"lazy\" decoding=\"async\" class=\"alignleft wp-image-17548\" src=\"https:\/\/pembrokediocese.com\/wp-content\/uploads\/Cormac-360_01_02_10_20-1024x576.jpg\" alt=\"\" width=\"400\" height=\"225\" srcset=\"https:\/\/pembrokediocese.com\/wp-content\/uploads\/Cormac-360_01_02_10_20-1024x576.jpg 1024w, https:\/\/pembrokediocese.com\/wp-content\/uploads\/Cormac-360_01_02_10_20-200x113.jpg 200w, https:\/\/pembrokediocese.com\/wp-content\/uploads\/Cormac-360_01_02_10_20-768x432.jpg 768w, https:\/\/pembrokediocese.com\/wp-content\/uploads\/Cormac-360_01_02_10_20-1536x864.jpg 1536w, https:\/\/pembrokediocese.com\/wp-content\/uploads\/Cormac-360_01_02_10_20-958x539.jpg 958w, https:\/\/pembrokediocese.com\/wp-content\/uploads\/Cormac-360_01_02_10_20.jpg 1920w\" sizes=\"(max-width: 400px) 100vw, 400px\" \/><\/p>\n<\/div>\n<div class=\"col-md-6 \" >\n<h4><strong>St. Ann Parish (1919)<\/strong><\/h4>\n<i class=\"fa fa fa-map-marker\"><\/i> <a href=\"https:\/\/goo.gl\/maps\/CW89xuMHtjfkX58x7\" target=\"_blank\" rel=\"noopener\">48 McCauley Mountain Road, Bonnechere Valley, Ontario<\/a><\/p>\n<i class=\"fa fa fa-envelope\"><\/i> 78 Wellington St., P.O. Box 190, Eganville, ON K0J 1T0<\/p>\n<i class=\"fa fa fa-comments\"><\/i> Anglais<\/p>\n<i class=\"fa fa fa-clock-o\"><\/i> Heures de messe : Mardi 18h30<\/p>\n<i class=\"fa fa fa-user\"><\/i> Administrateur: R\u00e9v. Michael Lund<\/p>\n<i class=\"fa fa fa-phone\"><\/i> 613-628-2020 \u00a0 <i class=\"fa fa fa-envelope\"><\/i> <a href=\"mailto:secretarystjames@gmail.com\">Courriel<\/a>\u00a0 \u00a0<i class=\"fa fa fa-desktop\"><\/i> <a href=\"http:\/\/cormacpilgrimage.com\/\" target=\"_blank\" rel=\"noopener noreferrer\">Le site Web<\/a><\/p>\n<i class=\"fa fa fa-bullhorn\"><\/i> Le sanctuaire dioc\u00e9sain de Sainte-Anne. P\u00e8lerinage annuel organis\u00e9 le dernier dimanche de juillet.<\/p>\n<\/div>\n<hr \/>\n<a class=\"btn btn-primary  \" href=\"\/parishes\" target=\"_self\" >Retour \u00e0 la carte<\/a>\n","protected":false},"excerpt":{"rendered":"","protected":false},"author":1,"featured_media":0,"parent":0,"menu_order":0,"comment_status":"closed","ping_status":"closed","template":"","meta":{"_monsterinsights_skip_tracking":false,"_monsterinsights_sitenote_active":false,"_monsterinsights_sitenote_note":"","_monsterinsights_sitenote_category":0,"footnotes":"","_links_to":"","_links_to_target":""},"class_list":["post-5599","page","type-page","status-publish","hentry"],"post_mailing_queue_ids":[],"_links":{"self":[{"href":"https:\/\/pembrokediocese.com\/fr\/wp-json\/wp\/v2\/pages\/5599","targetHints":{"allow":["GET"]}}],"collection":[{"href":"https:\/\/pembrokediocese.com\/fr\/wp-json\/wp\/v2\/pages"}],"about":[{"href":"https:\/\/pembrokediocese.com\/fr\/wp-json\/wp\/v2\/types\/page"}],"author":[{"embeddable":true,"href":"https:\/\/pembrokediocese.com\/fr\/wp-json\/wp\/v2\/users\/1"}],"replies":[{"embeddable":true,"href":"https:\/\/pembrokediocese.com\/fr\/wp-json\/wp\/v2\/comments?post=5599"}],"version-history":[{"count":4,"href":"https:\/\/pembrokediocese.com\/fr\/wp-json\/wp\/v2\/pages\/5599\/revisions"}],"predecessor-version":[{"id":17662,"href":"https:\/\/pembrokediocese.com\/fr\/wp-json\/wp\/v2\/pages\/5599\/revisions\/17662"}],"wp:attachment":[{"href":"https:\/\/pembrokediocese.com\/fr\/wp-json\/wp\/v2\/media?parent=5599"}],"curies":[{"name":"wp","href":"https:\/\/api.w.org\/{rel}","templated":true}]}}