{"id":6150,"date":"2021-01-28T11:19:34","date_gmt":"2021-01-28T16:19:34","guid":{"rendered":"https:\/\/pembrokediocese.com\/archives\/"},"modified":"2021-01-28T11:27:59","modified_gmt":"2021-01-28T16:27:59","slug":"archives","status":"publish","type":"page","link":"https:\/\/pembrokediocese.com\/fr\/archives\/","title":{"rendered":"Les archives"},"content":{"rendered":"<div class=\"info\">\n<div class=\"info\">\n<div class=\"col-md-8 \" >\n<h1>Les archives<\/h1>\n<p>Le but des archives est de centraliser, d&rsquo;organiser, de pr\u00e9server, de prot\u00e9ger et de rendre disponibles les documents et les mat\u00e9riels qui se rapportent \u00e0 l&rsquo;origine, \u00e0 l&rsquo;histoire, \u00e0 l&rsquo;esprit et au d\u00e9veloppement du dioc\u00e8se. Les documents d&rsquo;archives cr\u00e9\u00e9s au sein du dioc\u00e8se de Pembroke permettent de conna\u00eetre le patrimoine de l&rsquo;\u00c9glise et incitent \u00e0 poursuivre le bon travail du peuple de Dieu dans l&rsquo;\u00c9glise locale. Les archives dioc\u00e9saines sont \u00e9galement une continuation de l&rsquo;histoire sociale de la vall\u00e9e de l&rsquo;Outaouais.<\/p>\n<p>Pour toute information concernant les Archives, veuillez contacter la chancellerie au 613 732-7933.<\/p>\n<\/div>\n<div class=\"col-md-4 \" >\n<div><img loading=\"lazy\" decoding=\"async\" class=\"alignnone wp-image-1559\" src=\"https:\/\/pembrokediocese.com\/wp-content\/uploads\/Diocese-Crest-1000-tight-238x300.png\" alt=\"\" width=\"159\" height=\"200\" srcset=\"https:\/\/pembrokediocese.com\/wp-content\/uploads\/Diocese-Crest-1000-tight-238x300.png 238w, https:\/\/pembrokediocese.com\/wp-content\/uploads\/Diocese-Crest-1000-tight-814x1024.png 814w, https:\/\/pembrokediocese.com\/wp-content\/uploads\/Diocese-Crest-1000-tight-768x966.png 768w, https:\/\/pembrokediocese.com\/wp-content\/uploads\/Diocese-Crest-1000-tight-958x1205.png 958w, https:\/\/pembrokediocese.com\/wp-content\/uploads\/Diocese-Crest-1000-tight.png 1000w\" sizes=\"(max-width: 159px) 100vw, 159px\" \/><\/div>\n<div class=\"info\">\n<p class=\"name\"><span style=\"font-size: 22px; font-weight: bold;\">La chancellerie<\/span><\/p>\n<p class=\"name\"><a href=\"tel:1-613-732-7933\"><i class=\"fa fa-phone\"><\/i> (613) 732-7933<\/a><\/p>\n<p><a class=\"login_pop\" href=\"mailto:reception@pembrokediocese.com\"><i class=\"fa fa-envelope\"><\/i> Envoyer courriel<\/a><\/p>\n<\/div>\n<\/div>\n<\/div>\n<\/div>\n","protected":false},"excerpt":{"rendered":"","protected":false},"author":1,"featured_media":0,"parent":0,"menu_order":0,"comment_status":"closed","ping_status":"closed","template":"","meta":{"_monsterinsights_skip_tracking":false,"_monsterinsights_sitenote_active":false,"_monsterinsights_sitenote_note":"","_monsterinsights_sitenote_category":0,"footnotes":"","_links_to":"","_links_to_target":""},"class_list":["post-6150","page","type-page","status-publish","hentry"],"post_mailing_queue_ids":[],"_links":{"self":[{"href":"https:\/\/pembrokediocese.com\/fr\/wp-json\/wp\/v2\/pages\/6150","targetHints":{"allow":["GET"]}}],"collection":[{"href":"https:\/\/pembrokediocese.com\/fr\/wp-json\/wp\/v2\/pages"}],"about":[{"href":"https:\/\/pembrokediocese.com\/fr\/wp-json\/wp\/v2\/types\/page"}],"author":[{"embeddable":true,"href":"https:\/\/pembrokediocese.com\/fr\/wp-json\/wp\/v2\/users\/1"}],"replies":[{"embeddable":true,"href":"https:\/\/pembrokediocese.com\/fr\/wp-json\/wp\/v2\/comments?post=6150"}],"version-history":[{"count":0,"href":"https:\/\/pembrokediocese.com\/fr\/wp-json\/wp\/v2\/pages\/6150\/revisions"}],"wp:attachment":[{"href":"https:\/\/pembrokediocese.com\/fr\/wp-json\/wp\/v2\/media?parent=6150"}],"curies":[{"name":"wp","href":"https:\/\/api.w.org\/{rel}","templated":true}]}}