{"id":6190,"date":"2021-02-12T10:52:24","date_gmt":"2021-02-12T15:52:24","guid":{"rendered":"https:\/\/pembrokediocese.com\/vicaire-general-copy\/"},"modified":"2023-08-08T10:35:54","modified_gmt":"2023-08-08T14:35:54","slug":"vicaires-episcopaux","status":"publish","type":"page","link":"https:\/\/pembrokediocese.com\/fr\/vicaires-episcopaux\/","title":{"rendered":"Vicaires \u00e9piscopaux"},"content":{"rendered":"<div class=\"info\">\n<div class=\"col-md-8 \" >\n<h1>Vicaires \u00e9piscopaux<\/h1>\n<p>Un vicaire \u00e9piscopal aide l\u2019\u00e9v\u00eaque \u00e0 diriger une parite du dioc\u00e8se, soit un territoire, soit un groupe de personnes. Pour ce territoire ou ce groupe, il est \u00e9galement une personne contact en cas d\u2019absence ou de maladie de l\u2019\u00e9v\u00eaque.<\/p>\n<\/div>\n<div class=\"col-md-4 \" >\n<div><img loading=\"lazy\" decoding=\"async\" class=\"alignnone wp-image-1559\" src=\"https:\/\/pembrokediocese.com\/wp-content\/uploads\/Diocese-Crest-1000-tight-238x300.png\" alt=\"\" width=\"159\" height=\"200\" srcset=\"https:\/\/pembrokediocese.com\/wp-content\/uploads\/Diocese-Crest-1000-tight-238x300.png 238w, https:\/\/pembrokediocese.com\/wp-content\/uploads\/Diocese-Crest-1000-tight-814x1024.png 814w, https:\/\/pembrokediocese.com\/wp-content\/uploads\/Diocese-Crest-1000-tight-768x966.png 768w, https:\/\/pembrokediocese.com\/wp-content\/uploads\/Diocese-Crest-1000-tight-958x1205.png 958w, https:\/\/pembrokediocese.com\/wp-content\/uploads\/Diocese-Crest-1000-tight.png 1000w\" sizes=\"(max-width: 159px) 100vw, 159px\" \/><\/div>\n<div class=\"pic\"><span style=\"font-size: 22px; font-weight: bold;\">Vicaires \u00e9piscopaux<\/span><\/div>\n<div class=\"info\">\n<div class=\"info\">\n<p class=\"name\">Vacant (Anglophones)<\/p>\n<p class=\"name\"><a href=\"tel:1-613-732-7933\"><i class=\"fa fa-phone\"><\/i> (613) 732-7933<\/a><\/p>\n<p><a href=\"mailto:jnburchat@yahoo.ca\"><i class=\"fa fa-envelope\"><\/i> Envoyer courriel<\/a><\/p>\n<p>Vacant (Francophones)<\/p>\n<p class=\"name\"><a href=\"tel:1-613-732-7933\"><i class=\"fa fa-phone\"><\/i> (613) 732-7933<\/a><\/p>\n<p><a href=\"mailto:ve@pembrokediocese.com\"><i class=\"fa fa-envelope\"><\/i>\u00a0Envoyer courriel<\/a><\/p>\n<\/div>\n<\/div>\n<\/div>\n<\/div>\n","protected":false},"excerpt":{"rendered":"","protected":false},"author":1,"featured_media":0,"parent":0,"menu_order":0,"comment_status":"closed","ping_status":"closed","template":"","meta":{"_monsterinsights_skip_tracking":false,"_monsterinsights_sitenote_active":false,"_monsterinsights_sitenote_note":"","_monsterinsights_sitenote_category":0,"footnotes":"","_links_to":"","_links_to_target":""},"class_list":["post-6190","page","type-page","status-publish","hentry"],"post_mailing_queue_ids":[],"_links":{"self":[{"href":"https:\/\/pembrokediocese.com\/fr\/wp-json\/wp\/v2\/pages\/6190","targetHints":{"allow":["GET"]}}],"collection":[{"href":"https:\/\/pembrokediocese.com\/fr\/wp-json\/wp\/v2\/pages"}],"about":[{"href":"https:\/\/pembrokediocese.com\/fr\/wp-json\/wp\/v2\/types\/page"}],"author":[{"embeddable":true,"href":"https:\/\/pembrokediocese.com\/fr\/wp-json\/wp\/v2\/users\/1"}],"replies":[{"embeddable":true,"href":"https:\/\/pembrokediocese.com\/fr\/wp-json\/wp\/v2\/comments?post=6190"}],"version-history":[{"count":3,"href":"https:\/\/pembrokediocese.com\/fr\/wp-json\/wp\/v2\/pages\/6190\/revisions"}],"predecessor-version":[{"id":12990,"href":"https:\/\/pembrokediocese.com\/fr\/wp-json\/wp\/v2\/pages\/6190\/revisions\/12990"}],"wp:attachment":[{"href":"https:\/\/pembrokediocese.com\/fr\/wp-json\/wp\/v2\/media?parent=6190"}],"curies":[{"name":"wp","href":"https:\/\/api.w.org\/{rel}","templated":true}]}}