{"id":6466,"date":"2021-02-22T13:36:29","date_gmt":"2021-02-22T18:36:29","guid":{"rendered":"https:\/\/pembrokediocese.com\/communaute-catholique\/hospitals-homes-for-the-aged\/"},"modified":"2021-02-22T17:13:25","modified_gmt":"2021-02-22T22:13:25","slug":"hopitaux-et-foyers-pour-personnes-agees","status":"publish","type":"page","link":"https:\/\/pembrokediocese.com\/fr\/communaute-catholique\/hopitaux-et-foyers-pour-personnes-agees\/","title":{"rendered":"H\u00f4pitaux et foyers pour personnes \u00e2g\u00e9es"},"content":{"rendered":"","protected":false},"excerpt":{"rendered":"","protected":false},"author":1,"featured_media":0,"parent":1188,"menu_order":0,"comment_status":"closed","ping_status":"closed","template":"template-home-second.php","meta":{"_monsterinsights_skip_tracking":false,"_monsterinsights_sitenote_active":false,"_monsterinsights_sitenote_note":"","_monsterinsights_sitenote_category":0,"footnotes":"","_links_to":"","_links_to_target":""},"class_list":["post-6466","page","type-page","status-publish","hentry"],"post_mailing_queue_ids":[],"_links":{"self":[{"href":"https:\/\/pembrokediocese.com\/fr\/wp-json\/wp\/v2\/pages\/6466","targetHints":{"allow":["GET"]}}],"collection":[{"href":"https:\/\/pembrokediocese.com\/fr\/wp-json\/wp\/v2\/pages"}],"about":[{"href":"https:\/\/pembrokediocese.com\/fr\/wp-json\/wp\/v2\/types\/page"}],"author":[{"embeddable":true,"href":"https:\/\/pembrokediocese.com\/fr\/wp-json\/wp\/v2\/users\/1"}],"replies":[{"embeddable":true,"href":"https:\/\/pembrokediocese.com\/fr\/wp-json\/wp\/v2\/comments?post=6466"}],"version-history":[{"count":0,"href":"https:\/\/pembrokediocese.com\/fr\/wp-json\/wp\/v2\/pages\/6466\/revisions"}],"up":[{"embeddable":true,"href":"https:\/\/pembrokediocese.com\/fr\/wp-json\/wp\/v2\/pages\/1188"}],"wp:attachment":[{"href":"https:\/\/pembrokediocese.com\/fr\/wp-json\/wp\/v2\/media?parent=6466"}],"curies":[{"name":"wp","href":"https:\/\/api.w.org\/{rel}","templated":true}]}}