{"id":6954,"date":"2021-05-06T08:30:34","date_gmt":"2021-05-06T12:30:34","guid":{"rendered":"https:\/\/pembrokediocese.com\/safe-environment-policies\/"},"modified":"2021-05-06T09:37:49","modified_gmt":"2021-05-06T13:37:49","slug":"politiques-denvironnement-securitaire","status":"publish","type":"page","link":"https:\/\/pembrokediocese.com\/fr\/politiques-denvironnement-securitaire\/","title":{"rendered":"Politiques d&rsquo;environnement s\u00e9curitaire"},"content":{"rendered":"<div id=\"pl-6954\"  class=\"panel-layout\" ><div id=\"pg-6954-0\"  class=\"panel-grid panel-no-style\" ><div id=\"pgc-6954-0-0\"  class=\"panel-grid-cell\" ><div id=\"panel-6954-0-0-0\" class=\"so-panel widget widget_posts-list-widget panel-first-child panel-last-child\" data-index=\"0\" ><div\n\t\t\t\n\t\t\tclass=\"so-widget-posts-list-widget so-widget-posts-list-widget-base\"\n\t\t\t\n\t\t><ul class=\"blog-classic-listing\">\n\n         <li class=\"post-list-item format-image post-9104 post type-post status-publish format-standard has-post-thumbnail hentry category-politiques-environnement-securitaire\">\n                <div class=\"row\">\n                                            <div class=\"col-md-4\">\n\t\t\t\t\t\t\t\t                       <\/div>\n        \t\t\t             \t\t                    <div class=\"col-md-12\">\n                                    \t\t<a href=\"https:\/\/pembrokediocese.com\/fr\/politiques\/politiques-environnement-securitaire\/pour-signaler-des-abus-sexuels-commis-ou-dissimules-par-un-eveque-catholique\/\"><strong class=\"post-title\">Pour signaler des abus sexuels commis ou dissimul\u00e9s par un \u00e9v\u00eaque catholique<\/strong><\/a>                        <div class=\"meta-data\">\n                    \t<span class=\"meta-data\">  by <a href=\"https:\/\/pembrokediocese.com\/fr\/author\/webmaster1\/\">Pierre-Alain Giffard<\/a> on mai 18, 2022 in <\/span>                    \t<a href=\"https:\/\/pembrokediocese.com\/fr\/category\/politiques\/politiques-environnement-securitaire\/\" >Politiques Environnement s\u00e9curitaire<\/a>                        <\/div>\n                \t\t<p>Si vous connaissez un&nbsp;\u00e9v\u00eaque catholique&nbsp;au Canada qui est vivant et qui a commis des abus sexuels ou des inconduites sexuelles, ou a dissimul\u00e9 des abus sexuels, vous pouvez le signaler aux autorit\u00e9s de l\u2019\u00c9glise par l\u2019entremise de Connexions ClearViewMC, un service de signalement \u00e9thique ind\u00e9pendant et confidentiel parrain\u00e9 et financ\u00e9<\/p>                \t\t<a href=\"https:\/\/pembrokediocese.com\/fr\/politiques\/politiques-environnement-securitaire\/pour-signaler-des-abus-sexuels-commis-ou-dissimules-par-un-eveque-catholique\/\" class=\"basic-link\">Read policy<i class=\"fa fa-angle-right\"><\/i><\/a>                    <\/div>\n                <\/div>\n         <\/li>\n                             \n         <li class=\"post-list-item format-image post-6905 post type-post status-publish format-standard has-post-thumbnail hentry category-politiques category-politiques-environnement-securitaire\">\n                <div class=\"row\">\n                                            <div class=\"col-md-4\">\n\t\t\t\t\t\t\t\t                       <\/div>\n        \t\t\t             \t\t                    <div class=\"col-md-12\">\n                                    \t\t<a href=\"https:\/\/pembrokediocese.com\/fr\/politiques\/politique-et-procedures-pour-la-prevention-et-la-gestion-des-abus-sexuels\/\"><strong class=\"post-title\">Politique et proc\u00e9dures pour la pr\u00e9vention et la gestion des abus sexuels sur les mineurs et les adultes qui, en droit, sont l&rsquo;\u00e9quivalent de mineurs.<\/strong><\/a>                        <div class=\"meta-data\">\n                    \t<span class=\"meta-data\">  by <a href=\"https:\/\/pembrokediocese.com\/fr\/author\/administrateur\/\">Diocese Pembroke<\/a> on mai 6, 2021 in <\/span>                    \t<a href=\"https:\/\/pembrokediocese.com\/fr\/category\/politiques\/\" >Politiques<\/a>, <a href=\"https:\/\/pembrokediocese.com\/fr\/category\/politiques\/politiques-environnement-securitaire\/\" >Politiques Environnement s\u00e9curitaire<\/a>                        <\/div>\n                \t\t<p>Tel que d\u00e9cr\u00e9t\u00e9 par Monseigneur Guy Desrochers, C.Ss.R., en vigueur le 6 mai 2021. Pr\u00e9ambule La Politique et les proc\u00e9dures pour la pr\u00e9vention et la gestion des abus sexuels sur les mineurs et les adultes qui, en droit, sont l\u2019\u00e9quivalent de mineurs (la \u00ab Politique \u00bb) cherchent \u00e0 concilier les<\/p>                \t\t<a href=\"https:\/\/pembrokediocese.com\/fr\/politiques\/politique-et-procedures-pour-la-prevention-et-la-gestion-des-abus-sexuels\/\" class=\"basic-link\">Read policy<i class=\"fa fa-angle-right\"><\/i><\/a>                    <\/div>\n                <\/div>\n         <\/li>\n                             \n         <li class=\"post-list-item format-image post-1022 post type-post status-publish format-standard has-post-thumbnail hentry category-article category-politiques category-politiques-environnement-securitaire\">\n                <div class=\"row\">\n                                            <div class=\"col-md-4\">\n\t\t\t\t\t\t\t\t                       <\/div>\n        \t\t\t             \t\t                    <div class=\"col-md-12\">\n                                    \t\t<a href=\"https:\/\/pembrokediocese.com\/fr\/politiques\/filtrage-dans-la-foi\/\"><strong class=\"post-title\">Code de conduite pastorale<\/strong><\/a>                        <div class=\"meta-data\">\n                    \t<span class=\"meta-data\">  by <a href=\"https:\/\/pembrokediocese.com\/fr\/author\/administrateur\/\">Diocese Pembroke<\/a> on f\u00e9vrier 24, 2018 in <\/span>                    \t<a href=\"https:\/\/pembrokediocese.com\/fr\/category\/article\/\" >Nouvelles<\/a>, <a href=\"https:\/\/pembrokediocese.com\/fr\/category\/politiques\/\" >Politiques<\/a>, <a href=\"https:\/\/pembrokediocese.com\/fr\/category\/politiques\/politiques-environnement-securitaire\/\" >Politiques Environnement s\u00e9curitaire<\/a>                        <\/div>\n                \t\t<p>D\u00e9cret de promulgation et Code r\u00e9vis\u00e9 de conduite pastorale D\u00e9cret par Mgr Michael Brehl, C.Ss.R. pour le Code r\u00e9vis\u00e9 de conduite pastorale &#8211; f\u00e9vrier 2025 Code r\u00e9vis\u00e9 de conduite pastorale<\/p>                \t\t<a href=\"https:\/\/pembrokediocese.com\/fr\/politiques\/filtrage-dans-la-foi\/\" class=\"basic-link\">Read policy<i class=\"fa fa-angle-right\"><\/i><\/a>                    <\/div>\n                <\/div>\n         <\/li>\n                             <\/ul>\n<div class=\"spacer-20\"><\/div>\n<\/div><\/div><\/div><div id=\"pgc-6954-0-1\"  class=\"panel-grid-cell\" ><div id=\"panel-6954-0-1-0\" class=\"so-panel widget widget_text panel-first-child panel-last-child\" data-index=\"1\" >\t\t\t<div class=\"textwidget\"><p><a href=\"https:\/\/bishopreportingsystem.ca\/\" target=\"_blank\" rel=\"noopener\"><img loading=\"lazy\" decoding=\"async\" class=\"alignnone wp-image-6956 size-large\" src=\"https:\/\/pembrokediocese.com\/wp-content\/uploads\/ypRXC1aQ-983x1024.png\" alt=\"\" width=\"680\" height=\"708\" srcset=\"https:\/\/pembrokediocese.com\/wp-content\/uploads\/ypRXC1aQ-983x1024.png 983w, https:\/\/pembrokediocese.com\/wp-content\/uploads\/ypRXC1aQ-200x208.png 200w, https:\/\/pembrokediocese.com\/wp-content\/uploads\/ypRXC1aQ-768x800.png 768w, https:\/\/pembrokediocese.com\/wp-content\/uploads\/ypRXC1aQ-958x998.png 958w, https:\/\/pembrokediocese.com\/wp-content\/uploads\/ypRXC1aQ.png 1152w\" sizes=\"(max-width: 680px) 100vw, 680px\" \/><\/a><\/p>\n<p><a href=\"systemedesignalementepiscopal.ca\" target=\"_blank\" rel=\"noopener\"><img loading=\"lazy\" decoding=\"async\" class=\"alignnone wp-image-6958 size-large\" src=\"https:\/\/pembrokediocese.com\/wp-content\/uploads\/2Bnc37OA-439x1024.png\" alt=\"\" width=\"439\" height=\"1024\" srcset=\"https:\/\/pembrokediocese.com\/wp-content\/uploads\/2Bnc37OA-439x1024.png 439w, https:\/\/pembrokediocese.com\/wp-content\/uploads\/2Bnc37OA-118x275.png 118w, https:\/\/pembrokediocese.com\/wp-content\/uploads\/2Bnc37OA-768x1793.png 768w, https:\/\/pembrokediocese.com\/wp-content\/uploads\/2Bnc37OA-658x1536.png 658w, https:\/\/pembrokediocese.com\/wp-content\/uploads\/2Bnc37OA-877x2048.png 877w, https:\/\/pembrokediocese.com\/wp-content\/uploads\/2Bnc37OA-958x2237.png 958w, https:\/\/pembrokediocese.com\/wp-content\/uploads\/2Bnc37OA.png 1201w\" sizes=\"(max-width: 439px) 100vw, 439px\" \/><\/a><\/p>\n<\/div>\n\t\t<\/div><\/div><\/div><\/div>","protected":false},"excerpt":{"rendered":"<p>Pour signaler des abus sexuels commis ou dissimul\u00e9s par un \u00e9v\u00eaque catholique by Pierre-Alain Giffard on mai 18, 2022 in Politiques Environnement s\u00e9curitaire Si vous connaissez un&nbsp;\u00e9v\u00eaque catholique&nbsp;au Canada qui est vivant et qui a commis des abus sexuels ou des inconduites sexuelles, ou a dissimul\u00e9 des abus sexuels, vous pouvez le signaler aux autorit\u00e9s de l\u2019\u00c9glise par l\u2019entremise de Connexions ClearViewMC, un service de signalement \u00e9thique ind\u00e9pendant et confidentiel parrain\u00e9 et financ\u00e9 Read policy Politique et proc\u00e9dures pour la pr\u00e9vention et la gestion des abus sexuels sur les mineurs et les adultes qui, en droit, sont l&rsquo;\u00e9quivalent de mineurs. by Diocese Pembroke on mai 6, 2021 in Politiques, Politiques Environnement s\u00e9curitaire Tel que d\u00e9cr\u00e9t\u00e9 par Monseigneur Guy Desrochers, C.Ss.R., en vigueur le 6 mai 2021. Pr\u00e9ambule La Politique et les proc\u00e9dures pour la pr\u00e9vention et la gestion des abus sexuels sur les mineurs et les adultes qui, en droit, sont l\u2019\u00e9quivalent de mineurs (la \u00ab Politique \u00bb) cherchent \u00e0 concilier les Read policy Code de conduite pastorale by Diocese Pembroke on f\u00e9vrier 24, 2018 in Nouvelles, Politiques, Politiques Environnement s\u00e9curitaire D\u00e9cret de promulgation et Code r\u00e9vis\u00e9 de conduite pastorale D\u00e9cret par Mgr Michael Brehl, C.Ss.R. pour le Code r\u00e9vis\u00e9 de conduite pastorale &#8211; f\u00e9vrier 2025 Code r\u00e9vis\u00e9 de conduite pastorale Read policy<\/p>\n","protected":false},"author":1,"featured_media":0,"parent":0,"menu_order":0,"comment_status":"closed","ping_status":"closed","template":"","meta":{"_monsterinsights_skip_tracking":false,"_monsterinsights_sitenote_active":false,"_monsterinsights_sitenote_note":"","_monsterinsights_sitenote_category":0,"footnotes":"","_links_to":"","_links_to_target":""},"class_list":["post-6954","page","type-page","status-publish","hentry"],"post_mailing_queue_ids":[],"_links":{"self":[{"href":"https:\/\/pembrokediocese.com\/fr\/wp-json\/wp\/v2\/pages\/6954","targetHints":{"allow":["GET"]}}],"collection":[{"href":"https:\/\/pembrokediocese.com\/fr\/wp-json\/wp\/v2\/pages"}],"about":[{"href":"https:\/\/pembrokediocese.com\/fr\/wp-json\/wp\/v2\/types\/page"}],"author":[{"embeddable":true,"href":"https:\/\/pembrokediocese.com\/fr\/wp-json\/wp\/v2\/users\/1"}],"replies":[{"embeddable":true,"href":"https:\/\/pembrokediocese.com\/fr\/wp-json\/wp\/v2\/comments?post=6954"}],"version-history":[{"count":0,"href":"https:\/\/pembrokediocese.com\/fr\/wp-json\/wp\/v2\/pages\/6954\/revisions"}],"wp:attachment":[{"href":"https:\/\/pembrokediocese.com\/fr\/wp-json\/wp\/v2\/media?parent=6954"}],"curies":[{"name":"wp","href":"https:\/\/api.w.org\/{rel}","templated":true}]}}