{"id":7141,"date":"2021-07-20T12:27:48","date_gmt":"2021-07-20T16:27:48","guid":{"rendered":"https:\/\/pembrokediocese.com\/new-evangelization\/"},"modified":"2025-08-28T11:07:01","modified_gmt":"2025-08-28T15:07:01","slug":"nouvelle-evangelisation","status":"publish","type":"page","link":"https:\/\/pembrokediocese.com\/fr\/nouvelle-evangelisation\/","title":{"rendered":"Bureau de la Nouvelle \u00c9vang\u00e9lisation"},"content":{"rendered":"<div class=\"info\">\n<div class=\"info\">\n<div class=\"info\">\n<div class=\"info\">\n<div class=\"col-md-8 \" >\n<h1>Bureau de la Nouvelle \u00c9vang\u00e9lisation<\/h1>\n<blockquote><p>\u00ab\u00a0C&rsquo;est comme un grain de s\u00e9nev\u00e9 qui, lorsqu&rsquo;on le s\u00e8me sur la terre, est la plus petite de toutes les graines qui sont sur la terre ; mais une fois sem\u00e9, il monte et devient la plus grande de toutes les plantes potag\u00e8res, et il pousse de grandes branches, au point que les oiseaux du ciel peuvent s&rsquo;abriter sous son ombre\u00a0\u00bb. Marc 4: 31-32<\/p><\/blockquote>\n<p>Le bureau de la nouvelle \u00e9vang\u00e9lisation se consacre enti\u00e8rement \u00e0 aider les paroisses, les communaut\u00e9s et les autres groupes catholiques du dioc\u00e8se \u00e0 atteindre ceux et celles qui n&rsquo;ont pas la foi ou qui sont se sont \u00e9loign\u00e9s de l&rsquo;\u00c9glise et de ses sacrements.<\/p>\n<p>La Nouvelle Evang\u00e9lisation appelle les fid\u00e8les et les paroisses \u00e0 aller proclamer l&rsquo;Evangile \u00ab\u00a0\u00e0 ceux en attente de la premi\u00e8re \u00e9vang\u00e9lisation et \u00e0 ceux qui ont connu une grave crise de la foi \u00e0 cause de la s\u00e9cularisation\u00a0\u00bb. (Cf. Pape Beno\u00eet XVI)<\/p>\n<p>Pour soutenir les efforts du Bureau pour la Nouvelle \u00c9vang\u00e9lisation, une \u00e9quipe dynamique a \u00e9t\u00e9 constitu\u00e9e, compos\u00e9e de l&rsquo;\u00e9v\u00eaque, de pr\u00eatres, de diacres et de la\u00efcs d\u00e9vou\u00e9s. Ensemble, ils travaillent \u00e0 la diffusion de la Bonne Nouvelle et \u00e0 la revitalisation de la foi dans le dioc\u00e8se. (<a href=\"https:\/\/pembrokediocese.com\/fr\/nouvelle-evangelisation\/prayer-group\/\">En savoir plus sur les initiatives de l&rsquo;\u00e9quipe dioc\u00e9saine d&rsquo;\u00e9vang\u00e9lisation)<\/a><\/p>\n<div class=\"col-md-4 \">\n<\/div>\n<\/div>\n<div class=\"col-md-4 \" >\n<div><img loading=\"lazy\" decoding=\"async\" class=\"alignnone wp-image-1559\" src=\"https:\/\/pembrokediocese.com\/wp-content\/uploads\/Diocese-Crest-1000-tight-238x300.png\" alt=\"\" width=\"159\" height=\"200\" srcset=\"https:\/\/pembrokediocese.com\/wp-content\/uploads\/Diocese-Crest-1000-tight-238x300.png 238w, https:\/\/pembrokediocese.com\/wp-content\/uploads\/Diocese-Crest-1000-tight-814x1024.png 814w, https:\/\/pembrokediocese.com\/wp-content\/uploads\/Diocese-Crest-1000-tight-768x966.png 768w, https:\/\/pembrokediocese.com\/wp-content\/uploads\/Diocese-Crest-1000-tight-958x1205.png 958w, https:\/\/pembrokediocese.com\/wp-content\/uploads\/Diocese-Crest-1000-tight.png 1000w\" sizes=\"(max-width: 159px) 100vw, 159px\" \/><\/div>\n<div class=\"pic\"><span style=\"font-size: 22px; font-weight: bold;\">.<\/span><\/div>\n<div class=\"info\">\n<p><span style=\"font-weight: 400;\">.<\/span><\/p>\n<p class=\"name\"><i class=\"fa fa-phone\"><\/i>.<\/p>\n<p><i class=\"fa fa-envelope\"><\/i>.<\/p>\n<\/div>\n<\/div>\n<\/div>\n<div class=\"info\">\n<hr \/>\n<\/div>\n<div class=\"col-md-4 \" >\n<p><a href=\"https:\/\/pembrokediocese.com\/fr\/nouvelle-evangelisation\/lectures-recommandees\/\"><img loading=\"lazy\" decoding=\"async\" class=\"aligncenter wp-image-1993 size-full\" src=\"https:\/\/pembrokediocese.com\/wp-content\/uploads\/Bible-studying.png\" alt=\"\" width=\"200\" height=\"200\" srcset=\"https:\/\/pembrokediocese.com\/wp-content\/uploads\/Bible-studying.png 200w, https:\/\/pembrokediocese.com\/wp-content\/uploads\/Bible-studying-150x150.png 150w, https:\/\/pembrokediocese.com\/wp-content\/uploads\/Bible-studying-100x100.png 100w\" sizes=\"(max-width: 200px) 100vw, 200px\" \/><\/a><\/p>\n<h4 style=\"text-align: center;\"><a href=\"https:\/\/pembrokediocese.com\/fr\/nouvelle-evangelisation\/lectures-recommandees\/\">LECTURES RECOMMANDEES<\/a><\/h4>\n<p style=\"text-align: center;\"><a class=\"btn btn-primary  \" href=\"\/fr\/nouvelle-evangelisation\/lectures-recommandees\/\" target=\"_self\" >En savoir plus <\/a>\n<\/div>\n<div class=\"col-md-4 \" >\n<p><a href=\"https:\/\/pembrokediocese.com\/fr\/nouvelle-evangelisation\/prayer-group\/\"><img loading=\"lazy\" decoding=\"async\" class=\"aligncenter wp-image-3620\" src=\"https:\/\/pembrokediocese.com\/wp-content\/uploads\/girl-praying-circle-300x300.png\" alt=\"\" width=\"200\" height=\"200\" srcset=\"https:\/\/pembrokediocese.com\/wp-content\/uploads\/girl-praying-circle-300x300.png 300w, https:\/\/pembrokediocese.com\/wp-content\/uploads\/girl-praying-circle-150x150.png 150w, https:\/\/pembrokediocese.com\/wp-content\/uploads\/girl-praying-circle-100x100.png 100w, https:\/\/pembrokediocese.com\/wp-content\/uploads\/girl-praying-circle-400x400.png 400w, https:\/\/pembrokediocese.com\/wp-content\/uploads\/girl-praying-circle-210x210.png 210w, https:\/\/pembrokediocese.com\/wp-content\/uploads\/girl-praying-circle.png 684w\" sizes=\"(max-width: 200px) 100vw, 200px\" \/><\/a><\/p>\n<h4 style=\"text-align: center;\"><a href=\"https:\/\/pembrokediocese.com\/fr\/nouvelle-evangelisation\/prayer-group\/\">INITIATIVES DE NOUVELLE \u00c9VANG\u00c9LISATION<\/a><\/h4>\n<p style=\"text-align: center;\"><a class=\"btn btn-primary  \" href=\"\/fr\/nouvelle-evangelisation\/prayer-group\/\" target=\"_self\" >En savoir plus<\/a>\n<\/div>\n<div class=\"col-md-4 \" >\n<p><a href=\"https:\/\/pembrokediocese.com\/fr\/don\/\"><img loading=\"lazy\" decoding=\"async\" class=\"wp-image-7117 size-medium aligncenter\" src=\"https:\/\/pembrokediocese.com\/wp-content\/uploads\/donate-concept-200x200.png\" alt=\"\" width=\"200\" height=\"200\" srcset=\"https:\/\/pembrokediocese.com\/wp-content\/uploads\/donate-concept-200x200.png 200w, https:\/\/pembrokediocese.com\/wp-content\/uploads\/donate-concept-150x150.png 150w, https:\/\/pembrokediocese.com\/wp-content\/uploads\/donate-concept-768x768.png 768w, https:\/\/pembrokediocese.com\/wp-content\/uploads\/donate-concept-100x100.png 100w, https:\/\/pembrokediocese.com\/wp-content\/uploads\/donate-concept-400x400.png 400w, https:\/\/pembrokediocese.com\/wp-content\/uploads\/donate-concept-210x210.png 210w, https:\/\/pembrokediocese.com\/wp-content\/uploads\/donate-concept.png 800w\" sizes=\"(max-width: 200px) 100vw, 200px\" \/><\/a><\/p>\n<h4 style=\"text-align: center;\"><a href=\"https:\/\/pembrokediocese.com\/fr\/don\/\">DONNER POUR LE PROJET DIOC\u00c9SAIN DE NOUVELLE \u00c9VANG\u00c9LISATION<\/a><\/h4>\n<p style=\"text-align: center;\"><a class=\"btn btn-primary  \" href=\"https:\/\/pembrokediocese.com\/donate\/\" target=\"_self\" >En savoir plus<\/a>\n<\/div>\n<\/div>\n<\/div>\n<\/div>\n","protected":false},"excerpt":{"rendered":"","protected":false},"author":1,"featured_media":0,"parent":0,"menu_order":0,"comment_status":"closed","ping_status":"closed","template":"","meta":{"_monsterinsights_skip_tracking":false,"_monsterinsights_sitenote_active":false,"_monsterinsights_sitenote_note":"","_monsterinsights_sitenote_category":0,"footnotes":"","_links_to":"","_links_to_target":""},"class_list":["post-7141","page","type-page","status-publish","hentry"],"post_mailing_queue_ids":[],"_links":{"self":[{"href":"https:\/\/pembrokediocese.com\/fr\/wp-json\/wp\/v2\/pages\/7141","targetHints":{"allow":["GET"]}}],"collection":[{"href":"https:\/\/pembrokediocese.com\/fr\/wp-json\/wp\/v2\/pages"}],"about":[{"href":"https:\/\/pembrokediocese.com\/fr\/wp-json\/wp\/v2\/types\/page"}],"author":[{"embeddable":true,"href":"https:\/\/pembrokediocese.com\/fr\/wp-json\/wp\/v2\/users\/1"}],"replies":[{"embeddable":true,"href":"https:\/\/pembrokediocese.com\/fr\/wp-json\/wp\/v2\/comments?post=7141"}],"version-history":[{"count":6,"href":"https:\/\/pembrokediocese.com\/fr\/wp-json\/wp\/v2\/pages\/7141\/revisions"}],"predecessor-version":[{"id":17871,"href":"https:\/\/pembrokediocese.com\/fr\/wp-json\/wp\/v2\/pages\/7141\/revisions\/17871"}],"wp:attachment":[{"href":"https:\/\/pembrokediocese.com\/fr\/wp-json\/wp\/v2\/media?parent=7141"}],"curies":[{"name":"wp","href":"https:\/\/api.w.org\/{rel}","templated":true}]}}