{"id":7751,"date":"2021-10-01T15:17:59","date_gmt":"2021-10-01T19:17:59","guid":{"rendered":"https:\/\/pembrokediocese.com\/nouvelle-evangelisation\/prayer-group\/"},"modified":"2025-08-28T11:15:26","modified_gmt":"2025-08-28T15:15:26","slug":"prayer-group","status":"publish","type":"page","link":"https:\/\/pembrokediocese.com\/fr\/nouvelle-evangelisation\/prayer-group\/","title":{"rendered":"Initiatives de Nouvelle \u00c9vang\u00e9lisation"},"content":{"rendered":"<p>L\u2019\u00e9vang\u00e9lisation, \u00e9crit le Pape Jean-Paul II, \u00ab\u00a0constitue le premier service que l\u2019\u00c9glise peut rendre \u00e0 tout homme et \u00e0 l\u2019humanit\u00e9 enti\u00e8re \u00a0\u00bb (Redemptoris Missio, # 2).<\/p>\n<p><span style=\"font-weight: 400;\">D\u00e8s le d\u00e9but, l&rsquo;\u00e9quipe dioc\u00e9saine d&rsquo;\u00e9vang\u00e9lisation a reconnu que la pri\u00e8re \u00e9tait le fondement de l&rsquo;\u00e9vang\u00e9lisation et de la transformation missionnaire du dioc\u00e8se. C&rsquo;est pourquoi elle a lanc\u00e9 l&rsquo;initiative \u00ab\u00a0<strong><a href=\"https:\/\/pembrokediocese.com\/fr\/?page_id=7854\">Les fleurs \u00e9toil\u00e9es de la bienheureuse Catherine<\/a><\/strong>\u00ab\u00a0, qui compte aujourd&rsquo;hui plus de 300 participants qui interc\u00e8dent pour les efforts missionnaires au sein du dioc\u00e8se. Cette initiative fournit aussi aux paroissiens des ressources telles que des livrets de pri\u00e8res et des litanies des saints patrons des paroisses, favorisant ainsi l&rsquo;unit\u00e9 et la d\u00e9votion parmi les participants. Pour plus d&rsquo;information sur les fleurs \u00e9toil\u00e9es de la bienheureuse Catherine, veuillez contacter <a href=\"mailto:gmdoyle39@gmail.com\">Greg et Mary Doyle<\/a>.<\/span><\/p>\n<p><span style=\"font-weight: 400;\">L&rsquo;\u00e9quipe a \u00e9galement mis en place des rencontres en personne et en ligne, chacune ayant ses propres objectifs sp\u00e9cifiques, cr\u00e9ant ainsi diverses opportunit\u00e9s d&rsquo;\u00e9vang\u00e9lisation et de croissance spirituelle.<\/span><\/p>\n<p><span style=\"font-weight: 400;\"><strong>\u00ab\u00a0Divine Encounters\u00a0\u00bb<\/strong> est un groupe d&rsquo;\u00e9vang\u00e9lisation hebdomadaire en ligne qui pr\u00e9sente J\u00e9sus aux participants et explore la foi catholique. Il encourage\u00a0 les participants \u00e0 inviter des amis et des connaissances qui peuvent \u00eatre \u00e0 la recherche ou en besoin de l&rsquo;amour de Dieu dans leur vie. Que les participants soient des chercheurs curieux ou des croyants de longue date, le groupe offre un espace id\u00e9al pour entendre la Bonne Nouvelle et approfondir sa foi.\u00a0<\/span><\/p>\n<p><span style=\"font-weight: 400;\"><strong>Le cours Alpha<\/strong> est un programme d&rsquo;\u00e9vang\u00e9lisation qui pr\u00e9sente les bases de la foi chr\u00e9tienne \u00e0 travers une s\u00e9rie d&rsquo;expos\u00e9s et de discussions. Alpha offre un espace accueillant pour explorer les grandes questions de la vie. Ce cours est propos\u00e9e aux adultes et aux jeunes dioc\u00e8ses et sera aussi bient\u00f4t offert aux parents qui envoient leurs enfants dans les \u00e9coles catholiques du dioc\u00e8se. L&rsquo;\u00e9quipe l&rsquo;\u00e9vang\u00e9lisation aide \u00e9galement les paroisses qui le veulent \u00e0 mettre en \u0153uvre le programme.\u00a0<\/span><\/p>\n<p><span style=\"font-weight: 400;\"><strong>\u00ab\u00a0Image de Dieu\u00a0\u00bb<\/strong> est une rencontre mensuelle en anglais qui r\u00e9unit des hommes et des femmes de diff\u00e9rentes parties du dioc\u00e8se, favorisant la croissance spirituelle et humaine. Tout au long de la soir\u00e9e, les participants sont confront\u00e9s \u00e0 des d\u00e9fis stimulants qui leur permettent de surmonter des obstacles personnels et d&rsquo;\u00e9merger plus forts dans leur foi. Cette exp\u00e9rience transformatrice permet aux individus d&rsquo;avoir un impact positif sur leur famille et d&rsquo;\u00e9tendre leurs efforts \u00e0 d&rsquo;autres membres de leur communaut\u00e9. Pour plus d&rsquo;information, veuillez contacter <a href=\"mailto:patrick@evango.net\">Patrick Sullivan<\/a>.<\/span><\/p>\n<p><span style=\"font-weight: 400;\"><strong>Les s\u00e9minaires \u00ab\u00a0La vie dans l&rsquo;Esprit\u00a0\u00bb<\/strong> sont des rencontres con\u00e7ues pour les personnes qui cherchent \u00e0 am\u00e9liorer leur vie de pri\u00e8re et \u00e0 cultiver une relation plus \u00e9troite avec J\u00e9sus. Ces sessions sont sp\u00e9cifiquement con\u00e7ues pour mieux comprendre l&rsquo;Esprit Saint et permettre de faire une exp\u00e9rience plus profonde de l&rsquo;amour intime de Dieu dans leur vie quotidienne. En participant \u00e0 ces s\u00e9minaires, les personnes ont la possibilit\u00e9 de grandir spirituellement, d&rsquo;acqu\u00e9rir une meilleure compr\u00e9hension de leur foi et d&rsquo;ouvrir les portes \u00e0 une relation plus profonde avec le divin. Pour plus d&rsquo;information, veuillez contacter <a href=\"mailto:gmdoyle39@gmail.com\">Greg et Mary Doyle<\/a>.<\/span><\/p>\n<p><span style=\"font-weight: 400;\"><strong>Les \u00e9tudes bibliques dioc\u00e9saines (en anglais)<\/strong> offrent un cadre id\u00e9al pour favoriser une meilleure compr\u00e9hension des \u00c9critures. Ces rencontres enrichissantes cr\u00e9ent un espace o\u00f9 les participants peuvent approfondir et clarifier les enseignements de la Bible. Gr\u00e2ce \u00e0 des discussions, les participants sont en mesure de d\u00e9couvrir le sens profond des textes sacr\u00e9s. Pour plus d&rsquo;information, veuillez contacter <a href=\"mailto:patrick@evango.net\">Patrick Sullivan<\/a>.<\/span><\/p>\n<p><span style=\"font-weight: 400;\"><strong>\u00ab\u00a0Theology on Tap\u00a0\u00bb<\/strong> est une s\u00e9rie de discussions pour les jeunes adultes et leurs amis, c\u00e9libataires ou mari\u00e9s, \u00e2g\u00e9s de 20 \u00e0 40 ans. Elle offre une atmosph\u00e8re d\u00e9contract\u00e9e et d\u00e9tendue o\u00f9 les participants se r\u00e9unissent pour explorer un large \u00e9ventail de sujets li\u00e9s \u00e0 la foi, \u00e0 la vie, aux questions d&rsquo;actualit\u00e9 et \u00e0 la moralit\u00e9. Le personnes sont encourag\u00e9s \u00e0 participer activement \u00e0 des conversations stimulantes qui favorisent une meilleure compr\u00e9hension de leur foi et de sa mise en pratique dans le monde aujourd&rsquo;hui. Pour plus d&rsquo;information, veuillez contacter <a href=\"mailto:family@pembrokediocese.com\">Patrick Sullivan.<\/a><\/span><\/p>\n<p><span style=\"font-weight: 400;\">Toutes ces initiatives aident les personnes \u00e0 approfondir leur relation avec Dieu et \u00e0 mieux comprendre leur foi.<\/span><\/p>\n<p><span style=\"font-weight: 400;\">L&rsquo;\u00e9quipe d&rsquo;\u00e9vang\u00e9lisation reconna\u00eet aussi le r\u00f4le central de la gu\u00e9rison et de la d\u00e9livrance dans les efforts d&rsquo;\u00e9vang\u00e9lisation de l&rsquo;\u00c9glise. C&rsquo;est pourquoi elle organise des <strong>services de gu\u00e9rison mensuels<\/strong> accompagn\u00e9s d&rsquo;une adoration eucharistique et promeut le minist\u00e8re de d\u00e9livrance \u00ab\u00a0<strong>Unbound\u00a0\u00bb<\/strong>, qui apporte un r\u00e9elle soutien aux personnes en qu\u00eate de lib\u00e9ration spirituelle. Pour plus d&rsquo;information, sur les services de gu\u00e9rison, veuillez contacter le diacre <a href=\"mailto:dcadrienchaput@pembrokediocese.com\">Adrien Chaput.<\/a> Pour plus d&rsquo;information sur Unbound, veuillez contacter l&rsquo;abb\u00e9 <a href=\"mailto:padrereal2002@yahoo.ca\">R\u00e9al Ouellette.<\/a><\/span><\/p>\n<p><span style=\"font-weight: 400;\">Pour diffuser les connaissances sur l&rsquo;\u00e9vang\u00e9lisation et promouvoir les efforts missionnaires dans le dioc\u00e8se et au-del\u00e0, des <strong><a href=\"https:\/\/pembrokediocese.com\/fr\/nouvelle-evangelisation\/lectures-recommandees\/\">articles hebdomadaires sur l&rsquo;\u00e9vang\u00e9lisation et la revitalisation des paroisses<\/a><\/strong> sont publi\u00e9s sur le site web du dioc\u00e8se. Ces articles constituent des ressources pr\u00e9cieuses pour les paroisses et les groupes qui souhaitent \u00e9vang\u00e9liser et faire des disciples.<\/span><\/p>\n<p><span style=\"font-weight: 400;\">Une autre initiative passionnante \u00e0 l&rsquo;horizon est l&rsquo;\u00e9tablissement de groupes \u00ab\u00a0Divine Encounters\u00a0\u00bb <em>en pr\u00e9sentiel<\/em>. Alors que d&rsquo;autres dioc\u00e8ses et paroisses dans le monde se lance dans la nouvelle \u00e9vang\u00e9lisation, on ne saurait trop insister sur l&rsquo;importance des petits groupes d&rsquo;\u00e9vang\u00e9lisation. Ces groupes servent de catalyseurs pour guider les individus vers le Christ et revitaliser nos communaut\u00e9s de foi. Pour soutenir cet effort, l&rsquo;\u00e9quipe d&rsquo;\u00e9vang\u00e9lisation fournira du support et un livret-guide pour d\u00e9marrer et animer ces groupes d&rsquo;\u00e9vang\u00e9lisation paroissiaux.\u00a0<\/span><\/p>\n<p><span style=\"font-weight: 400;\">Le dioc\u00e8se de Pembroke a pour objectif d&rsquo;inspirer la foi et d&rsquo;inviter tout le monde \u00e0 faire l&rsquo;exp\u00e9rience de l&rsquo;amour et de la mis\u00e9ricorde de Dieu \u00e0 travers diverses initiatives d&rsquo;\u00e9vang\u00e9lisation. L&rsquo;\u00e9quipe d&rsquo;\u00e9vang\u00e9lisation continuera \u00e0 rechercher des moyens innovants et cr\u00e9atifs pour rejoindre plus de gens et \u00e9tablir des liens avec des personnes de tous horizons. La diversit\u00e9 des initiatives garantira que personne ne se sente exclu ou marginalis\u00e9 et que tous et toutes puissent \u00eatre en mesure de connaitre l&rsquo;amour infini de Dieu.<\/span><\/p>\n<p><span style=\"font-weight: 400;\">. <\/span><br \/>\n<span style=\"font-weight: 400;\">.<\/span><br \/>\n.<\/p>\n<div class=\"info\">\n<hr \/>\n<\/div>\n<div class=\"col-md-4 \" >\n<p><a href=\"https:\/\/pembrokediocese.com\/fr\/nouvelle-evangelisation\/lectures-recommandees\/\"><img loading=\"lazy\" decoding=\"async\" class=\"aligncenter wp-image-1993 size-full\" src=\"https:\/\/pembrokediocese.com\/wp-content\/uploads\/Bible-studying.png\" alt=\"\" width=\"200\" height=\"200\" srcset=\"https:\/\/pembrokediocese.com\/wp-content\/uploads\/Bible-studying.png 200w, https:\/\/pembrokediocese.com\/wp-content\/uploads\/Bible-studying-150x150.png 150w, https:\/\/pembrokediocese.com\/wp-content\/uploads\/Bible-studying-100x100.png 100w\" sizes=\"(max-width: 200px) 100vw, 200px\" \/><\/a><\/p>\n<h4 style=\"text-align: center;\"><a href=\"https:\/\/pembrokediocese.com\/fr\/nouvelle-evangelisation\/lectures-recommandees\/\">LECTURES RECOMMANDEES<\/a><\/h4>\n<p style=\"text-align: center;\"><a class=\"btn btn-primary  \" href=\"\/fr\/nouvelle-evangelisation\/lectures-recommandees\/\" target=\"_self\" >En savoir plus <\/a>\n<\/div>\n<div class=\"col-md-4 \" >\n<p><a href=\"https:\/\/pembrokediocese.com\/fr\/nouvelle-evangelisation\/prayer-group\/\"><img loading=\"lazy\" decoding=\"async\" class=\"aligncenter wp-image-3620\" src=\"https:\/\/pembrokediocese.com\/wp-content\/uploads\/girl-praying-circle-300x300.png\" alt=\"\" width=\"200\" height=\"200\" srcset=\"https:\/\/pembrokediocese.com\/wp-content\/uploads\/girl-praying-circle-300x300.png 300w, https:\/\/pembrokediocese.com\/wp-content\/uploads\/girl-praying-circle-150x150.png 150w, https:\/\/pembrokediocese.com\/wp-content\/uploads\/girl-praying-circle-100x100.png 100w, https:\/\/pembrokediocese.com\/wp-content\/uploads\/girl-praying-circle-400x400.png 400w, https:\/\/pembrokediocese.com\/wp-content\/uploads\/girl-praying-circle-210x210.png 210w, https:\/\/pembrokediocese.com\/wp-content\/uploads\/girl-praying-circle.png 684w\" sizes=\"(max-width: 200px) 100vw, 200px\" \/><\/a><\/p>\n<h4 style=\"text-align: center;\"><a href=\"https:\/\/pembrokediocese.com\/fr\/nouvelle-evangelisation\/prayer-group\/\">INITIATIVES DE NOUVELLE \u00c9VANG\u00c9LISATION<\/a><\/h4>\n<p style=\"text-align: center;\"><a class=\"btn btn-primary  \" href=\"\/fr\/nouvelle-evangelisation\/prayer-group\/\" target=\"_self\" >En savoir plus<\/a>\n<\/div>\n<div class=\"col-md-4 \" >\n<p><a href=\"https:\/\/pembrokediocese.com\/fr\/don\/\"><img loading=\"lazy\" decoding=\"async\" class=\"wp-image-7117 size-medium aligncenter\" src=\"https:\/\/pembrokediocese.com\/wp-content\/uploads\/donate-concept-200x200.png\" alt=\"\" width=\"200\" height=\"200\" srcset=\"https:\/\/pembrokediocese.com\/wp-content\/uploads\/donate-concept-200x200.png 200w, https:\/\/pembrokediocese.com\/wp-content\/uploads\/donate-concept-150x150.png 150w, https:\/\/pembrokediocese.com\/wp-content\/uploads\/donate-concept-768x768.png 768w, https:\/\/pembrokediocese.com\/wp-content\/uploads\/donate-concept-100x100.png 100w, https:\/\/pembrokediocese.com\/wp-content\/uploads\/donate-concept-400x400.png 400w, https:\/\/pembrokediocese.com\/wp-content\/uploads\/donate-concept-210x210.png 210w, https:\/\/pembrokediocese.com\/wp-content\/uploads\/donate-concept.png 800w\" sizes=\"(max-width: 200px) 100vw, 200px\" \/><\/a><\/p>\n<h4 style=\"text-align: center;\"><a href=\"https:\/\/pembrokediocese.com\/fr\/don\/\">DONNER POUR LE PROJET DIOC\u00c9SAIN DE NOUVELLE \u00c9VANG\u00c9LISATION<\/a><\/h4>\n<p style=\"text-align: center;\"><a class=\"btn btn-primary  \" href=\"https:\/\/pembrokediocese.com\/donate\/\" target=\"_self\" >En savoir plus<\/a>\n<\/div>\n","protected":false},"excerpt":{"rendered":"<p>L\u2019\u00e9vang\u00e9lisation, \u00e9crit le Pape Jean-Paul II, \u00ab\u00a0constitue le premier service que l\u2019\u00c9glise peut rendre \u00e0 tout homme et \u00e0 l\u2019humanit\u00e9 enti\u00e8re \u00a0\u00bb (Redemptoris Missio, # 2). D\u00e8s le d\u00e9but, l&rsquo;\u00e9quipe dioc\u00e9saine d&rsquo;\u00e9vang\u00e9lisation a reconnu que la pri\u00e8re \u00e9tait le fondement de l&rsquo;\u00e9vang\u00e9lisation et de la transformation missionnaire du dioc\u00e8se. C&rsquo;est pourquoi elle a lanc\u00e9 l&rsquo;initiative \u00ab\u00a0Les fleurs \u00e9toil\u00e9es de la bienheureuse Catherine\u00ab\u00a0, qui compte aujourd&rsquo;hui plus de 300 participants qui interc\u00e8dent pour les efforts missionnaires au sein du dioc\u00e8se. Cette initiative fournit aussi aux paroissiens des ressources telles que des livrets de pri\u00e8res et des litanies des saints patrons des paroisses, favorisant ainsi l&rsquo;unit\u00e9 et la d\u00e9votion parmi les participants. Pour plus d&rsquo;information sur les fleurs \u00e9toil\u00e9es de la bienheureuse Catherine, veuillez contacter Greg et Mary Doyle. L&rsquo;\u00e9quipe a \u00e9galement mis en place des rencontres en personne et en ligne, chacune ayant ses propres objectifs sp\u00e9cifiques, cr\u00e9ant ainsi diverses opportunit\u00e9s d&rsquo;\u00e9vang\u00e9lisation et de croissance spirituelle. \u00ab\u00a0Divine Encounters\u00a0\u00bb est un groupe d&rsquo;\u00e9vang\u00e9lisation hebdomadaire en ligne qui pr\u00e9sente J\u00e9sus aux participants et explore la foi catholique. Il encourage\u00a0 les participants \u00e0 inviter des amis et des connaissances qui peuvent \u00eatre \u00e0 la recherche ou en besoin de l&rsquo;amour de Dieu dans leur vie. Que les participants soient des chercheurs curieux ou des croyants de longue date, le groupe offre un espace id\u00e9al pour entendre la Bonne Nouvelle et approfondir sa foi.\u00a0 Le cours Alpha est un programme d&rsquo;\u00e9vang\u00e9lisation qui pr\u00e9sente les bases de la foi chr\u00e9tienne \u00e0 travers une s\u00e9rie d&rsquo;expos\u00e9s et de discussions. Alpha offre un espace accueillant pour explorer les grandes questions de la vie. Ce cours est propos\u00e9e aux adultes et aux jeunes dioc\u00e8ses et sera aussi bient\u00f4t offert aux parents qui envoient leurs enfants dans les \u00e9coles catholiques du dioc\u00e8se. L&rsquo;\u00e9quipe l&rsquo;\u00e9vang\u00e9lisation aide \u00e9galement les paroisses qui le veulent \u00e0 mettre en \u0153uvre le programme.\u00a0 \u00ab\u00a0Image de Dieu\u00a0\u00bb est une rencontre mensuelle en anglais qui r\u00e9unit des hommes et des femmes de diff\u00e9rentes parties du dioc\u00e8se, favorisant la croissance spirituelle et humaine. Tout au long de la soir\u00e9e, les participants sont confront\u00e9s \u00e0 des d\u00e9fis stimulants qui leur permettent de surmonter des obstacles personnels et d&rsquo;\u00e9merger plus forts dans leur foi. Cette exp\u00e9rience transformatrice permet aux individus d&rsquo;avoir un impact positif sur leur famille et d&rsquo;\u00e9tendre leurs efforts \u00e0 d&rsquo;autres membres de leur communaut\u00e9. Pour plus d&rsquo;information, veuillez contacter Patrick Sullivan. Les s\u00e9minaires \u00ab\u00a0La vie dans l&rsquo;Esprit\u00a0\u00bb sont des rencontres con\u00e7ues pour les personnes qui cherchent \u00e0 am\u00e9liorer leur vie de pri\u00e8re et \u00e0 cultiver une relation plus \u00e9troite avec J\u00e9sus. Ces sessions sont sp\u00e9cifiquement con\u00e7ues pour mieux comprendre l&rsquo;Esprit Saint et permettre de faire une exp\u00e9rience plus profonde de l&rsquo;amour intime de Dieu dans leur vie quotidienne. En participant \u00e0 ces s\u00e9minaires, les personnes ont la possibilit\u00e9 de grandir spirituellement, d&rsquo;acqu\u00e9rir une meilleure compr\u00e9hension de leur foi et d&rsquo;ouvrir les portes \u00e0 une relation plus profonde avec le divin. Pour plus d&rsquo;information, veuillez contacter Greg et Mary Doyle. Les \u00e9tudes bibliques dioc\u00e9saines (en anglais) offrent un cadre id\u00e9al pour favoriser une meilleure compr\u00e9hension des \u00c9critures. Ces rencontres enrichissantes cr\u00e9ent un espace o\u00f9 les participants peuvent approfondir et [&hellip;]<\/p>\n","protected":false},"author":1,"featured_media":0,"parent":7141,"menu_order":0,"comment_status":"closed","ping_status":"closed","template":"","meta":{"_monsterinsights_skip_tracking":false,"_monsterinsights_sitenote_active":false,"_monsterinsights_sitenote_note":"","_monsterinsights_sitenote_category":0,"footnotes":"","_links_to":"","_links_to_target":""},"class_list":["post-7751","page","type-page","status-publish","hentry"],"post_mailing_queue_ids":[],"_links":{"self":[{"href":"https:\/\/pembrokediocese.com\/fr\/wp-json\/wp\/v2\/pages\/7751","targetHints":{"allow":["GET"]}}],"collection":[{"href":"https:\/\/pembrokediocese.com\/fr\/wp-json\/wp\/v2\/pages"}],"about":[{"href":"https:\/\/pembrokediocese.com\/fr\/wp-json\/wp\/v2\/types\/page"}],"author":[{"embeddable":true,"href":"https:\/\/pembrokediocese.com\/fr\/wp-json\/wp\/v2\/users\/1"}],"replies":[{"embeddable":true,"href":"https:\/\/pembrokediocese.com\/fr\/wp-json\/wp\/v2\/comments?post=7751"}],"version-history":[{"count":22,"href":"https:\/\/pembrokediocese.com\/fr\/wp-json\/wp\/v2\/pages\/7751\/revisions"}],"predecessor-version":[{"id":17878,"href":"https:\/\/pembrokediocese.com\/fr\/wp-json\/wp\/v2\/pages\/7751\/revisions\/17878"}],"up":[{"embeddable":true,"href":"https:\/\/pembrokediocese.com\/fr\/wp-json\/wp\/v2\/pages\/7141"}],"wp:attachment":[{"href":"https:\/\/pembrokediocese.com\/fr\/wp-json\/wp\/v2\/media?parent=7751"}],"curies":[{"name":"wp","href":"https:\/\/api.w.org\/{rel}","templated":true}]}}