{"id":9086,"date":"2022-05-15T07:32:27","date_gmt":"2022-05-15T11:32:27","guid":{"rendered":"https:\/\/pembrokediocese.com\/new-media\/"},"modified":"2022-05-15T20:27:28","modified_gmt":"2022-05-16T00:27:28","slug":"nouveaux-medias","status":"publish","type":"page","link":"https:\/\/pembrokediocese.com\/fr\/nouveaux-medias\/","title":{"rendered":"Bureau des Nouveaux m\u00e9dias"},"content":{"rendered":"<div class=\"info\">\n<div class=\"info\">\n<div class=\"info\">\n<div class=\"info\">\n<div class=\"info\">\n<div class=\"info\">\n<div class=\"info\">\n<div class=\"info\">\n<div class=\"col-md-8 \" >\n<h1>Bureau des Nouveaux m\u00e9dias<\/h1>\n<p>Comme vous le savez, la fa\u00e7on dont nous partageons la Bonne Nouvelle de J\u00e9sus-Christ est importante. C&rsquo;est pourquoi le Bureau des nouveaux m\u00e9dias travaille avec d&rsquo;autres bureaux dioc\u00e9sains et des amis comme vous pour communiquer l&rsquo;\u00c9vangile d&rsquo;une mani\u00e8re \u00e0 la fois belle et accessible.<\/p>\n<p>Qu&rsquo;il s&rsquo;agisse d&rsquo;un \u00e9v\u00e9nement passionnant \u00e0 l&rsquo;autre bout du dioc\u00e8se ou simplement d&rsquo;un message important que notre \u00e9v\u00eaque aimerait vous communiquer, nous nous engageons \u00e0 faire en sorte que la distance ne soit pas un obstacle.<\/p>\n<p>Priez pour nous alors que nous mettons la main \u00e0 la charrue!<\/p>\n<p>Apr\u00e8s tout, il y a beaucoup de travail \u00e0 faire.<\/p>\n<\/div>\n<div class=\"col-md-4 \" >\n<div><img loading=\"lazy\" decoding=\"async\" class=\"alignnone wp-image-1559\" src=\"https:\/\/pembrokediocese.com\/wp-content\/uploads\/Diocese-Crest-1000-tight-238x300.png\" alt=\"\" width=\"159\" height=\"200\" srcset=\"https:\/\/pembrokediocese.com\/wp-content\/uploads\/Diocese-Crest-1000-tight-238x300.png 238w, https:\/\/pembrokediocese.com\/wp-content\/uploads\/Diocese-Crest-1000-tight-814x1024.png 814w, https:\/\/pembrokediocese.com\/wp-content\/uploads\/Diocese-Crest-1000-tight-768x966.png 768w, https:\/\/pembrokediocese.com\/wp-content\/uploads\/Diocese-Crest-1000-tight-958x1205.png 958w, https:\/\/pembrokediocese.com\/wp-content\/uploads\/Diocese-Crest-1000-tight.png 1000w\" sizes=\"(max-width: 159px) 100vw, 159px\" \/><\/div>\n<div class=\"pic\"><span style=\"font-size: 22px; font-weight: bold;\">Directeurs<\/span><\/div>\n<div class=\"info\">\n<p>R\u00e9v. R\u00e9al Ouellette<\/p>\n<p>M. Patrick Sullivan<\/p>\n<p><a class=\"login_pop\" href=\"mailto:nouveauxmedias@pembrokediocese.com\"><i class=\"fa fa-envelope\"><\/i> Envoyer courriel<\/a><\/p>\n<\/div>\n<\/div>\n<\/div>\n<div class=\"info\">\n<hr \/>\n<\/div>\n<div class=\"col-md-6 \" >\n<p><a href=\"https:\/\/www.facebook.com\/Diocese-of-Pembroke-Dioc%C3%A8se-de-Pembroke-248376511993409\"><img loading=\"lazy\" decoding=\"async\" class=\"aligncenter wp-image-9076 size-medium\" src=\"https:\/\/pembrokediocese.com\/wp-content\/uploads\/facebook-icon-200x200.png\" alt=\"\" width=\"200\" height=\"200\" srcset=\"https:\/\/pembrokediocese.com\/wp-content\/uploads\/facebook-icon-200x200.png 200w, https:\/\/pembrokediocese.com\/wp-content\/uploads\/facebook-icon-150x150.png 150w, https:\/\/pembrokediocese.com\/wp-content\/uploads\/facebook-icon-100x100.png 100w, https:\/\/pembrokediocese.com\/wp-content\/uploads\/facebook-icon-400x400.png 400w, https:\/\/pembrokediocese.com\/wp-content\/uploads\/facebook-icon-210x210.png 210w, https:\/\/pembrokediocese.com\/wp-content\/uploads\/facebook-icon.png 500w\" sizes=\"(max-width: 200px) 100vw, 200px\" \/><\/a><\/p>\n<p style=\"text-align: center;\"><a class=\"btn btn-primary  \" href=\"\/facebook\" target=\"_self\" >Visitez notre page Facebook<\/a>\n<\/div>\n<div class=\"col-md-6 \" >\n<p><a href=\"https:\/\/www.youtube.com\/channel\/UCYjt1qnUePqzrCSIMVqgEqA\"><img loading=\"lazy\" decoding=\"async\" class=\"aligncenter wp-image-9078 size-medium\" src=\"https:\/\/pembrokediocese.com\/wp-content\/uploads\/youtube-icon-200x200.png\" alt=\"\" width=\"200\" height=\"200\" srcset=\"https:\/\/pembrokediocese.com\/wp-content\/uploads\/youtube-icon-200x200.png 200w, https:\/\/pembrokediocese.com\/wp-content\/uploads\/youtube-icon-150x150.png 150w, https:\/\/pembrokediocese.com\/wp-content\/uploads\/youtube-icon-100x100.png 100w, https:\/\/pembrokediocese.com\/wp-content\/uploads\/youtube-icon-400x400.png 400w, https:\/\/pembrokediocese.com\/wp-content\/uploads\/youtube-icon-210x210.png 210w, https:\/\/pembrokediocese.com\/wp-content\/uploads\/youtube-icon.png 500w\" sizes=\"(max-width: 200px) 100vw, 200px\" \/><\/a><\/p>\n<p style=\"text-align: center;\"><a class=\"btn btn-primary  \" href=\"\/youtube\" target=\"_self\" >Visitez notre cha\u00eene Youtube<\/a>\n<\/div>\n<\/div>\n<\/div>\n<\/div>\n<\/div>\n<\/div>\n<\/div>\n<\/div>\n","protected":false},"excerpt":{"rendered":"","protected":false},"author":1,"featured_media":0,"parent":0,"menu_order":0,"comment_status":"closed","ping_status":"closed","template":"","meta":{"_monsterinsights_skip_tracking":false,"_monsterinsights_sitenote_active":false,"_monsterinsights_sitenote_note":"","_monsterinsights_sitenote_category":0,"footnotes":"","_links_to":"","_links_to_target":""},"class_list":["post-9086","page","type-page","status-publish","hentry"],"post_mailing_queue_ids":[],"_links":{"self":[{"href":"https:\/\/pembrokediocese.com\/fr\/wp-json\/wp\/v2\/pages\/9086","targetHints":{"allow":["GET"]}}],"collection":[{"href":"https:\/\/pembrokediocese.com\/fr\/wp-json\/wp\/v2\/pages"}],"about":[{"href":"https:\/\/pembrokediocese.com\/fr\/wp-json\/wp\/v2\/types\/page"}],"author":[{"embeddable":true,"href":"https:\/\/pembrokediocese.com\/fr\/wp-json\/wp\/v2\/users\/1"}],"replies":[{"embeddable":true,"href":"https:\/\/pembrokediocese.com\/fr\/wp-json\/wp\/v2\/comments?post=9086"}],"version-history":[{"count":3,"href":"https:\/\/pembrokediocese.com\/fr\/wp-json\/wp\/v2\/pages\/9086\/revisions"}],"predecessor-version":[{"id":9098,"href":"https:\/\/pembrokediocese.com\/fr\/wp-json\/wp\/v2\/pages\/9086\/revisions\/9098"}],"wp:attachment":[{"href":"https:\/\/pembrokediocese.com\/fr\/wp-json\/wp\/v2\/media?parent=9086"}],"curies":[{"name":"wp","href":"https:\/\/api.w.org\/{rel}","templated":true}]}}